{"id":3373,"date":"2017-09-14T16:41:49","date_gmt":"2017-09-14T14:41:49","guid":{"rendered":"http:\/\/fuladevelopment.eu\/projekty-rodinnych-domov-bungalov"},"modified":"2017-11-15T17:38:58","modified_gmt":"2017-11-15T16:38:58","slug":"projekty-rodinnych-domov-bungalov","status":"publish","type":"page","link":"https:\/\/fuladevelopment.eu\/en\/bungalow-projects","title":{"rendered":"Bungalow Projects"},"content":{"rendered":"<p>[vc_row][vc_column][vc_raw_html]JTNDaDIlMjBzdHlsZSUzRCUyMmNvbG9yJTNBJTIwJTIzM2E0ZDZhJTNCdGV4dC1hbGlnbiUzQSUyMGNlbnRlciUzQmZvbnQtZmFtaWx5JTNBTW9udHNlcnJhdCUzQmZvbnQtd2VpZ2h0JTNBNzAwJTNCZm9udC1zdHlsZSUzQW5vcm1hbCUyMiUyMGNsYXNzJTNEJTIydmNfY3VzdG9tX2hlYWRpbmclMjB2Y19jdXN0b21fMTUwNTcyMTM0MTQxMCUyMiUzRUJ1bmdhbG93JTIwUHJvamVjdHMlM0MlMkZoMiUzRQ==[\/vc_raw_html][vc_column_text]<\/p>\n<p style=\"text-align: center;\">Bungalow will fill all your dreams of simple, convenient and attractive living in family house. The construction is easy and we can build it at a very reasonable price. Take a look at our projects and choose your new family house!<\/p>\n<p>[\/vc_column_text]<div class=\"slz-shortcode sc_project_list  buildplus_project-141602729969e757fe59f68\" data-item=\"buildplus_project-141602729969e757fe59f68\">\n\t<div class=\"list-block column-1\">\t\t\n\t\t\n\t<div class=\"item project_3913 inline_block\">\n\t\t<div class=\"block-2\">\n\t\t\t<div class=\"block-image\"><img loading=\"lazy\" decoding=\"async\" width=\"1200\" height=\"650\" src=\"https:\/\/fuladevelopment.eu\/wp-content\/uploads\/2017\/10\/bungalov-3-3-1200x650.jpg\" class=\"img-full\" alt=\"Project vizualization of bungalow house type 3\" \/><a href=\"https:\/\/fuladevelopment.eu\/en\/bungalow-3\" class=\"link\"><\/a><\/div>\n\t\t\t<div class=\"block-content\">\n\t\t\t\t\n\t\t\t\t<a href=\"https:\/\/fuladevelopment.eu\/en\/bungalow-3\" class=\"title\">Bungalow 3<\/a>\n\t\t\t\t<div class=\"description\"><div class=\"text\"><b>PROJECT NAME:<\/b> BUNGALOW 3<br \/><br \/>\r\n<b>NET INTERNAL AREA: <\/b>100 m2<br \/><br \/>\r\n<b>GROSS EXTERNAL AREA: <\/b>120 m2<br \/><br \/>\r\n<b>KEY CONSTRUCTION PRICE: <\/b>90 000 \u20ac<br \/><br \/>\r\n<b>PRICE ROUGH CONSTRUCTION: <\/b>55 000 \u20ac<br \/><br \/>\r\n<b>NUMBER OF ROOMS:<\/b>4<\/div><\/div>\n\t\t\t\t<a href=\"https:\/\/fuladevelopment.eu\/en\/bungalow-3\" class=\"readmore-icons\"><i class=\"icons fa fa-plus\"><\/i><\/a>\n\t\t\t<\/div>\n\t\t<\/div>\n\t<\/div>\n\n\t<div class=\"item project_3955 inline_block\">\n\t\t<div class=\"block-2\">\n\t\t\t<div class=\"block-image\"><img loading=\"lazy\" decoding=\"async\" width=\"943\" height=\"589\" src=\"https:\/\/fuladevelopment.eu\/wp-content\/uploads\/2017\/10\/rajkaB-3.jpg\" class=\"img-full\" alt=\"BUNGALOW project vizualization\" srcset=\"https:\/\/fuladevelopment.eu\/wp-content\/uploads\/2017\/10\/rajkaB-3.jpg 943w, https:\/\/fuladevelopment.eu\/wp-content\/uploads\/2017\/10\/rajkaB-3-300x187.jpg 300w, https:\/\/fuladevelopment.eu\/wp-content\/uploads\/2017\/10\/rajkaB-3-768x480.jpg 768w\" sizes=\"auto, (max-width: 943px) 100vw, 943px\" \/><a href=\"https:\/\/fuladevelopment.eu\/en\/bungalow-4\" class=\"link\"><\/a><\/div>\n\t\t\t<div class=\"block-content\">\n\t\t\t\t\n\t\t\t\t<a href=\"https:\/\/fuladevelopment.eu\/en\/bungalow-4\" class=\"title\">BUNGALOW 4<\/a>\n\t\t\t\t<div class=\"description\"><div class=\"text\"><b>PROJECT NAME:<\/b> BUNGALOW 4<br \/><br \/>\r\n<b>NET INTERNAL AREA: <\/b>80 m2<br \/><br \/>\r\n<b>GROSS EXTERNAL AREA: <\/b>104 m2<br \/><br \/>\r\n<b>KEY CONSTRUCTION PRICE: <\/b>73 000 \u20ac<br \/><br \/>\r\n<b>PRICE ROUGH CONSTRUCTION: <\/b>45 000 \u20ac<br \/><br \/>\r\n<b>NUMBER OF ROOMS:<\/b>4<\/div><\/div>\n\t\t\t\t<a href=\"https:\/\/fuladevelopment.eu\/en\/bungalow-4\" class=\"readmore-icons\"><i class=\"icons fa fa-plus\"><\/i><\/a>\n\t\t\t<\/div>\n\t\t<\/div>\n\t<\/div>\n\n\t<div class=\"item project_4010 inline_block\">\n\t\t<div class=\"block-2\">\n\t\t\t<div class=\"block-image\"><img loading=\"lazy\" decoding=\"async\" width=\"1200\" height=\"650\" src=\"https:\/\/fuladevelopment.eu\/wp-content\/uploads\/2017\/10\/rsz_1alfa_115_bledozlta-1200x650.jpg\" class=\"img-full\" alt=\"BUNGALOW HOUSE VIZUALIZATION\" \/><a href=\"https:\/\/fuladevelopment.eu\/en\/bungalow-5\" class=\"link\"><\/a><\/div>\n\t\t\t<div class=\"block-content\">\n\t\t\t\t\n\t\t\t\t<a href=\"https:\/\/fuladevelopment.eu\/en\/bungalow-5\" class=\"title\">Bungalow 5<\/a>\n\t\t\t\t<div class=\"description\"><div class=\"text\"><b>PROJECT NAME:<\/b> BUNGALOW 5<br \/><br \/>\r\n<b>NET INTERNAL AREA: <\/b>90 m2<br \/><br \/>\r\n<b>GROSS EXTERNAL AREA: <\/b>115 m2<br \/><br \/>\r\n<b>KEY CONSTRUCTION PRICE: <\/b>81 000 \u20ac<br \/><br \/>\r\n<b>PRICE ROUGH CONSTRUCTION: <\/b>50 000 \u20ac<br \/><br \/>\r\n<b>NUMBER OF ROOMS:<\/b>4<\/div><\/div>\n\t\t\t\t<a href=\"https:\/\/fuladevelopment.eu\/en\/bungalow-5\" class=\"readmore-icons\"><i class=\"icons fa fa-plus\"><\/i><\/a>\n\t\t\t<\/div>\n\t\t<\/div>\n\t<\/div>\n<div class=\"pagination-wrapper undefined margin-top-50\"><ul class=\"pagination\"><li><a href=\"https:\/\/fuladevelopment.eu\/en\/wp-json\/wp\/v2\/pages\/3373\" class=\"link previous\">previous<\/a><\/li><li><a href=\"https:\/\/fuladevelopment.eu\/en\/wp-json\/wp\/v2\/pages\/3373\/page\/2\" class=\"link next\">next<\/a><\/li><\/ul>\n<\/div>\t<\/div>\n<\/div>[\/vc_column][\/vc_row]<\/p>\n","protected":false},"excerpt":{"rendered":"<p>[vc_row][vc_column][vc_raw_html]JTNDaDIlMjBzdHlsZSUzRCUyMmNvbG9yJTNBJTIwJTIzM2E0ZDZhJTNCdGV4dC1hbGlnbiUzQSUyMGNlbnRlciUzQmZvbnQtZmFtaWx5JTNBTW9udHNlcnJhdCUzQmZvbnQtd2VpZ2h0JTNBNzAwJTNCZm9udC1zdHlsZSUzQW5vcm1hbCUyMiUyMGNsYXNzJTNEJTIydmNfY3VzdG9tX2hlYWRpbmclMjB2Y19jdXN0b21fMTUwNTcyMTM0MTQxMCUyMiUzRUJ1bmdhbG93JTIwUHJvamVjdHMlM0MlMkZoMiUzRQ==[\/vc_raw_html][vc_column_text] Bungalow will fill all your dreams of simple, convenient and attractive living in family house. The construction is easy and we can build it at a very reasonable price. Take a look at our projects and choose your new family house! [\/vc_column_text][\/vc_column][\/vc_row]<\/p>\n","protected":false},"author":1,"featured_media":0,"parent":3429,"menu_order":0,"comment_status":"closed","ping_status":"closed","template":"","meta":{"_monsterinsights_skip_tracking":false,"_monsterinsights_sitenote_active":false,"_monsterinsights_sitenote_note":"","_monsterinsights_sitenote_category":0,"footnotes":""},"class_list":["post-3373","page","type-page","status-publish","hentry"],"yoast_head":"<!-- This site is optimized with the Yoast SEO plugin v26.5 - https:\/\/yoast.com\/wordpress\/plugins\/seo\/ -->\n<title>Bungalow Projects - Fula Development<\/title>\n<meta name=\"description\" content=\"Jednoduch\u00e9 a \u00fa\u010deln\u00e9 projekty rodinn\u00fdch domov bungalov, ktor\u00fdch v\u00fdstavba je nen\u00e1ro\u010dn\u00e1 a dok\u00e1\u017eete ich obstara\u0165 za ve\u013emi rozumn\u00fa cenu.\" \/>\n<meta name=\"robots\" content=\"index, follow, max-snippet:-1, max-image-preview:large, max-video-preview:-1\" \/>\n<link rel=\"canonical\" href=\"https:\/\/fuladevelopment.eu\/en\/bungalow-projects\" \/>\n<meta property=\"og:locale\" content=\"en_US\" \/>\n<meta property=\"og:type\" content=\"article\" \/>\n<meta property=\"og:title\" content=\"Bungalow Projects - Fula Development\" \/>\n<meta property=\"og:description\" content=\"Jednoduch\u00e9 a \u00fa\u010deln\u00e9 projekty rodinn\u00fdch domov bungalov, ktor\u00fdch v\u00fdstavba je nen\u00e1ro\u010dn\u00e1 a dok\u00e1\u017eete ich obstara\u0165 za ve\u013emi rozumn\u00fa cenu.\" \/>\n<meta property=\"og:url\" content=\"https:\/\/fuladevelopment.eu\/en\/bungalow-projects\" \/>\n<meta property=\"og:site_name\" content=\"Fula Development\" \/>\n<meta property=\"article:modified_time\" content=\"2017-11-15T16:38:58+00:00\" \/>\n<meta name=\"twitter:card\" content=\"summary_large_image\" \/>\n<meta name=\"twitter:label1\" content=\"Est. reading time\" \/>\n\t<meta name=\"twitter:data1\" content=\"1 minute\" \/>\n<script type=\"application\/ld+json\" class=\"yoast-schema-graph\">{\"@context\":\"https:\/\/schema.org\",\"@graph\":[{\"@type\":\"WebPage\",\"@id\":\"https:\/\/fuladevelopment.eu\/en\/bungalow-projects\",\"url\":\"https:\/\/fuladevelopment.eu\/en\/bungalow-projects\",\"name\":\"Bungalow Projects - Fula Development\",\"isPartOf\":{\"@id\":\"https:\/\/fuladevelopment.eu\/#website\"},\"datePublished\":\"2017-09-14T14:41:49+00:00\",\"dateModified\":\"2017-11-15T16:38:58+00:00\",\"description\":\"Jednoduch\u00e9 a \u00fa\u010deln\u00e9 projekty rodinn\u00fdch domov bungalov, ktor\u00fdch v\u00fdstavba je nen\u00e1ro\u010dn\u00e1 a dok\u00e1\u017eete ich obstara\u0165 za ve\u013emi rozumn\u00fa cenu.\",\"breadcrumb\":{\"@id\":\"https:\/\/fuladevelopment.eu\/en\/bungalow-projects#breadcrumb\"},\"inLanguage\":\"en-US\",\"potentialAction\":[{\"@type\":\"ReadAction\",\"target\":[\"https:\/\/fuladevelopment.eu\/en\/bungalow-projects\"]}]},{\"@type\":\"BreadcrumbList\",\"@id\":\"https:\/\/fuladevelopment.eu\/en\/bungalow-projects#breadcrumb\",\"itemListElement\":[{\"@type\":\"ListItem\",\"position\":1,\"name\":\"Home\",\"item\":\"https:\/\/fuladevelopment.eu\/en\"},{\"@type\":\"ListItem\",\"position\":2,\"name\":\"Projects of family houses\",\"item\":\"https:\/\/fuladevelopment.eu\/en\/projects-of-family-houses\"},{\"@type\":\"ListItem\",\"position\":3,\"name\":\"Bungalow Projects\"}]},{\"@type\":\"WebSite\",\"@id\":\"https:\/\/fuladevelopment.eu\/#website\",\"url\":\"https:\/\/fuladevelopment.eu\/\",\"name\":\"Fula Development\",\"description\":\"\",\"potentialAction\":[{\"@type\":\"SearchAction\",\"target\":{\"@type\":\"EntryPoint\",\"urlTemplate\":\"https:\/\/fuladevelopment.eu\/?s={search_term_string}\"},\"query-input\":{\"@type\":\"PropertyValueSpecification\",\"valueRequired\":true,\"valueName\":\"search_term_string\"}}],\"inLanguage\":\"en-US\"}]}<\/script>\n<!-- \/ Yoast SEO plugin. -->","yoast_head_json":{"title":"Bungalow Projects - Fula Development","description":"Jednoduch\u00e9 a \u00fa\u010deln\u00e9 projekty rodinn\u00fdch domov bungalov, ktor\u00fdch v\u00fdstavba je nen\u00e1ro\u010dn\u00e1 a dok\u00e1\u017eete ich obstara\u0165 za ve\u013emi rozumn\u00fa cenu.","robots":{"index":"index","follow":"follow","max-snippet":"max-snippet:-1","max-image-preview":"max-image-preview:large","max-video-preview":"max-video-preview:-1"},"canonical":"https:\/\/fuladevelopment.eu\/en\/bungalow-projects","og_locale":"en_US","og_type":"article","og_title":"Bungalow Projects - Fula Development","og_description":"Jednoduch\u00e9 a \u00fa\u010deln\u00e9 projekty rodinn\u00fdch domov bungalov, ktor\u00fdch v\u00fdstavba je nen\u00e1ro\u010dn\u00e1 a dok\u00e1\u017eete ich obstara\u0165 za ve\u013emi rozumn\u00fa cenu.","og_url":"https:\/\/fuladevelopment.eu\/en\/bungalow-projects","og_site_name":"Fula Development","article_modified_time":"2017-11-15T16:38:58+00:00","twitter_card":"summary_large_image","twitter_misc":{"Est. reading time":"1 minute"},"schema":{"@context":"https:\/\/schema.org","@graph":[{"@type":"WebPage","@id":"https:\/\/fuladevelopment.eu\/en\/bungalow-projects","url":"https:\/\/fuladevelopment.eu\/en\/bungalow-projects","name":"Bungalow Projects - Fula Development","isPartOf":{"@id":"https:\/\/fuladevelopment.eu\/#website"},"datePublished":"2017-09-14T14:41:49+00:00","dateModified":"2017-11-15T16:38:58+00:00","description":"Jednoduch\u00e9 a \u00fa\u010deln\u00e9 projekty rodinn\u00fdch domov bungalov, ktor\u00fdch v\u00fdstavba je nen\u00e1ro\u010dn\u00e1 a dok\u00e1\u017eete ich obstara\u0165 za ve\u013emi rozumn\u00fa cenu.","breadcrumb":{"@id":"https:\/\/fuladevelopment.eu\/en\/bungalow-projects#breadcrumb"},"inLanguage":"en-US","potentialAction":[{"@type":"ReadAction","target":["https:\/\/fuladevelopment.eu\/en\/bungalow-projects"]}]},{"@type":"BreadcrumbList","@id":"https:\/\/fuladevelopment.eu\/en\/bungalow-projects#breadcrumb","itemListElement":[{"@type":"ListItem","position":1,"name":"Home","item":"https:\/\/fuladevelopment.eu\/en"},{"@type":"ListItem","position":2,"name":"Projects of family houses","item":"https:\/\/fuladevelopment.eu\/en\/projects-of-family-houses"},{"@type":"ListItem","position":3,"name":"Bungalow Projects"}]},{"@type":"WebSite","@id":"https:\/\/fuladevelopment.eu\/#website","url":"https:\/\/fuladevelopment.eu\/","name":"Fula Development","description":"","potentialAction":[{"@type":"SearchAction","target":{"@type":"EntryPoint","urlTemplate":"https:\/\/fuladevelopment.eu\/?s={search_term_string}"},"query-input":{"@type":"PropertyValueSpecification","valueRequired":true,"valueName":"search_term_string"}}],"inLanguage":"en-US"}]}},"_links":{"self":[{"href":"https:\/\/fuladevelopment.eu\/en\/wp-json\/wp\/v2\/pages\/3373","targetHints":{"allow":["GET"]}}],"collection":[{"href":"https:\/\/fuladevelopment.eu\/en\/wp-json\/wp\/v2\/pages"}],"about":[{"href":"https:\/\/fuladevelopment.eu\/en\/wp-json\/wp\/v2\/types\/page"}],"author":[{"embeddable":true,"href":"https:\/\/fuladevelopment.eu\/en\/wp-json\/wp\/v2\/users\/1"}],"replies":[{"embeddable":true,"href":"https:\/\/fuladevelopment.eu\/en\/wp-json\/wp\/v2\/comments?post=3373"}],"version-history":[{"count":8,"href":"https:\/\/fuladevelopment.eu\/en\/wp-json\/wp\/v2\/pages\/3373\/revisions"}],"predecessor-version":[{"id":3805,"href":"https:\/\/fuladevelopment.eu\/en\/wp-json\/wp\/v2\/pages\/3373\/revisions\/3805"}],"up":[{"embeddable":true,"href":"https:\/\/fuladevelopment.eu\/en\/wp-json\/wp\/v2\/pages\/3429"}],"wp:attachment":[{"href":"https:\/\/fuladevelopment.eu\/en\/wp-json\/wp\/v2\/media?parent=3373"}],"curies":[{"name":"wp","href":"https:\/\/api.w.org\/{rel}","templated":true}]}}