{"id":3421,"date":"2016-09-06T10:18:18","date_gmt":"2016-09-06T10:18:18","guid":{"rendered":"http:\/\/fuladevelopment.eu\/sluzby"},"modified":"2017-11-15T17:25:28","modified_gmt":"2017-11-15T16:25:28","slug":"sluzby","status":"publish","type":"page","link":"https:\/\/fuladevelopment.eu\/en\/services","title":{"rendered":"Services"},"content":{"rendered":"<p>[vc_row full_width=&#8221;stretch_row&#8221; css=&#8221;.vc_custom_1473416453329{padding-top: 65px !important;padding-bottom: 100px !important;background-image: url(http:\/\/fuladevelopment.eu\/wp-content\/uploads\/2016\/09\/city-1.jpg?id=780) !important;}&#8221; el_class=&#8221;bg-position-bottom&#8221;][vc_column]<div class=\"slz-shortcode sc_service_list  buildplus_service-136605810669dbc50e3a4f8\" data-item=\"buildplus_service-136605810669dbc50e3a4f8\">\n\t<div class=\"list-block-services\">\n\t\t<div class=\"list-block column-3\">\n\t\t\t\n\t<div class=\"item item-layout-1 service_3236 inline_block\">\n\t\t<div class=\"block-1\">\n\t\t\t<div class=\"block-image\"><img loading=\"lazy\" decoding=\"async\" width=\"800\" height=\"430\" src=\"https:\/\/fuladevelopment.eu\/wp-content\/uploads\/2016\/09\/131552215469813848-800x430.jpg\" class=\"img-full\" alt=\"\" \/><a href=\"https:\/\/fuladevelopment.eu\/en\/construction-project-management\" class=\"link\"><\/a><\/div>\n\t\t\t<div class=\"block-content\">\n\t\t\t\t<a href=\"https:\/\/fuladevelopment.eu\/en\/construction-project-management\" class=\"title\">Construction Project Management<\/a>\n\t\t\t\t<div class=\"description\">Through consistent project preparation and careful coordination of constructions, we manage to deliver the site always on time, in the...<\/div>\n\t\t\t\t<a href=\"https:\/\/fuladevelopment.eu\/en\/construction-project-management\" class=\"readmore\"><span class=\"text\">\u010c\u00edta\u0165 viac<\/span><i class=\"icons fa fa-angle-double-right\"><\/i><\/a>\n\t\t\t<\/div>\n\t\t<\/div>\n\t<\/div>\n\n\t<div class=\"item item-layout-1 service_3281 inline_block\">\n\t\t<div class=\"block-1\">\n\t\t\t<div class=\"block-image\"><img loading=\"lazy\" decoding=\"async\" width=\"800\" height=\"430\" src=\"https:\/\/fuladevelopment.eu\/wp-content\/uploads\/2016\/09\/131552334694146785-800x430.jpg\" class=\"img-full\" alt=\"\" \/><a href=\"https:\/\/fuladevelopment.eu\/en\/construction-of-family-houses\" class=\"link\"><\/a><\/div>\n\t\t\t<div class=\"block-content\">\n\t\t\t\t<a href=\"https:\/\/fuladevelopment.eu\/en\/construction-of-family-houses\" class=\"title\">Construction of Family Houses<\/a>\n\t\t\t\t<div class=\"description\">We are engaged in the construction of family houses, commercial and industrial facilities as well. We will execute the construction...<\/div>\n\t\t\t\t<a href=\"https:\/\/fuladevelopment.eu\/en\/construction-of-family-houses\" class=\"readmore\"><span class=\"text\">\u010c\u00edta\u0165 viac<\/span><i class=\"icons fa fa-angle-double-right\"><\/i><\/a>\n\t\t\t<\/div>\n\t\t<\/div>\n\t<\/div>\n\n\t<div class=\"item item-layout-1 service_3292 inline_block\">\n\t\t<div class=\"block-1\">\n\t\t\t<div class=\"block-image\"><img loading=\"lazy\" decoding=\"async\" width=\"800\" height=\"430\" src=\"https:\/\/fuladevelopment.eu\/wp-content\/uploads\/2016\/09\/131552329549895766-800x430.jpg\" class=\"img-full\" alt=\"\" \/><a href=\"https:\/\/fuladevelopment.eu\/en\/constructions-and-reconstructions\" class=\"link\"><\/a><\/div>\n\t\t\t<div class=\"block-content\">\n\t\t\t\t<a href=\"https:\/\/fuladevelopment.eu\/en\/constructions-and-reconstructions\" class=\"title\">Constructions and reconstructions<\/a>\n\t\t\t\t<div class=\"description\">We cover all kinds of construction operations that are necessary to build a private, industrial, or public building. A wide...<\/div>\n\t\t\t\t<a href=\"https:\/\/fuladevelopment.eu\/en\/constructions-and-reconstructions\" class=\"readmore\"><span class=\"text\">\u010c\u00edta\u0165 viac<\/span><i class=\"icons fa fa-angle-double-right\"><\/i><\/a>\n\t\t\t<\/div>\n\t\t<\/div>\n\t<\/div>\n\t\t<\/div>\n\t<\/div>\n<\/div>[\/vc_column][\/vc_row][vc_row full_width=&#8221;stretch_row&#8221; el_class=&#8221;.pagetestimonial&#8221;][vc_column css=&#8221;.vc_custom_1473319614953{padding-top: 0px !important;}&#8221;]<div class=\"slz-shortcode sc-testimonial buildplus_testi-30050826769dbc50e3e466 \" data-item=\".buildplus_testi-30050826769dbc50e3e466\" data-list=\"1\" >\n\t<div class=\"testimonial-detail list-testimonial-1\">\n\t<div class=\"item post-3207 buildplus_testi\">\n\t\t\t\t\t\t\t<div class=\"testimonial-1\"><div class=\"testimonial-image\"><\/div>\n\t\t\t\t\t\t\t<div class=\"testimonial-content\">\n\t\t\t\t\t\t\t\t<a class=\"name\" href=\"https:\/\/fuladevelopment.eu\/en\/testimonial\/ing-ludovit-fucsek\">Ing. \u013dudov\u00edt Fucsek<\/a>\n\t\t\t\t\t\t\t\t<div class=\"position\">founder<\/div>\n\t\t\t\t\t\t\t\t<div class=\"testimonial\"><p><em>During our activity, we keep in mind the trends that are based on the principles of a healthy living environment and a quality living space.We take care of economic aspects of our buildings, in particular, their energy consumption and sustainabilty. We respect the environment and strive to build environmentally friendly. Our buildings are not only user-friendly, aesthetically balanced, but also energetically self-sufficient. An important factor for us is the guaranteed building safety and healthy building materials.<\/em><\/p>\n<\/div>\n\t\t\t\t\t\t\t<\/div><\/div>\n\t\t\t\t\t\t<\/div>\t<\/div>\n<\/div>[\/vc_column][\/vc_row][vc_row full_width=&#8221;stretch_row&#8221; css=&#8221;.vc_custom_1473409899178{padding-top: 65px !important;padding-bottom: 100px !important;}&#8221;][vc_column][vc_raw_html]JTNDZGl2JTIwY2xhc3MlM0QlMjJzbHotc2hvcnRjb2RlJTIwc2MtYmxvY2stdGl0bGUlMjBibG9jay10aXRsZS05MDc3Njk1NDM1OWMzZWE3ZDM4ZmY5JTIwJTIyJTNFJTBBJTA5JTA5JTA5JTNDZGl2JTIwY2xhc3MlM0QlMjJtYWluLXRpdGxlJTIyJTNFJTIwJTNDaDUlMjBjbGFzcyUzRCUyMnN1YnRpdGxlJTIyJTNFRnVsYSUyMERldmVsb3BtZW50JTNDJTJGaDUlM0UlMjAlM0NoMiUyMGNsYXNzJTNEJTIydGl0bGUlMjIlM0VIT1clMjBETyUyMFdFJTIwV09SSyUzQyUyRmgyJTNFJTIwJTNDJTJGZGl2JTNFJTA5JTNDJTJGZGl2JTNF[\/vc_raw_html]<div class=\"slz-shortcode sc-icon-box list-block column-4 list-block-icon-2 block-105764005869dbc50e40ea5 \" data-item=\"block-105764005869dbc50e40ea5\" data-col=\"4\">\n\t<div class=\"item\">\n\t\t\t\t\t\t<div class=\"block-icon-2\">\n\t\t\t\t\t\t\t<div class=\"icon-cell\">\n\t\t\t\t\t\t\t\t\t<div class=\"wrapper-icons\"><i class=\"icons fa fa-magic\"><\/i><\/div>\n\t\t\t\t\t\t\t\t<\/div>\n\t\t\t\t\t\t\t<div class=\"icon-cell\">\n\t\t\t\t\t\t\t\t\t<div class=\"wrapper-info\">\n\t\t\t\t\t\t\t\t\t\t<div class=\"title\">Construction from A to Z<\/div><div class=\"text\">We  take care of the complete construction: from the initial design, budgeting, communication with authorities, building supervision and management, engineering, up to the final approval.<\/div>\n\t\t\t\t\t\t\t\t\t<\/div>\n\t\t\t\t\t\t\t\t<\/div>\n\t\t\t\t\t\t<\/div>\n\t\t\t\t\t<\/div><div class=\"item\">\n\t\t\t\t\t\t<div class=\"block-icon-2\">\n\t\t\t\t\t\t\t<div class=\"icon-cell\">\n\t\t\t\t\t\t\t\t\t<div class=\"wrapper-icons\"><i class=\"icons fa fa-pencil\"><\/i><\/div>\n\t\t\t\t\t\t\t\t<\/div>\n\t\t\t\t\t\t\t<div class=\"icon-cell\">\n\t\t\t\t\t\t\t\t\t<div class=\"wrapper-info\">\n\t\t\t\t\t\t\t\t\t\t<div class=\"title\">Professionalism<\/div><div class=\"text\">We work with the best engineers, experts and craftsmen. Precision and safety are fundamental attributes of our work.<\/div>\n\t\t\t\t\t\t\t\t\t<\/div>\n\t\t\t\t\t\t\t\t<\/div>\n\t\t\t\t\t\t<\/div>\n\t\t\t\t\t<\/div><div class=\"item\">\n\t\t\t\t\t\t<div class=\"block-icon-2\">\n\t\t\t\t\t\t\t<div class=\"icon-cell\">\n\t\t\t\t\t\t\t\t\t<div class=\"wrapper-icons\"><i class=\"icons fa fa-hand-o-up\"><\/i><\/div>\n\t\t\t\t\t\t\t\t<\/div>\n\t\t\t\t\t\t\t<div class=\"icon-cell\">\n\t\t\t\t\t\t\t\t\t<div class=\"wrapper-info\">\n\t\t\t\t\t\t\t\t\t\t<div class=\"title\">Effective Communication<\/div><div class=\"text\">Transparent and open communication with our clients is the foundation of every successful project.<\/div>\n\t\t\t\t\t\t\t\t\t<\/div>\n\t\t\t\t\t\t\t\t<\/div>\n\t\t\t\t\t\t<\/div>\n\t\t\t\t\t<\/div><div class=\"item\">\n\t\t\t\t\t\t<div class=\"block-icon-2\">\n\t\t\t\t\t\t\t<div class=\"icon-cell\">\n\t\t\t\t\t\t\t\t\t<div class=\"wrapper-icons\"><i class=\"icons fa fa-check\"><\/i><\/div>\n\t\t\t\t\t\t\t\t<\/div>\n\t\t\t\t\t\t\t<div class=\"icon-cell\">\n\t\t\t\t\t\t\t\t\t<div class=\"wrapper-info\">\n\t\t\t\t\t\t\t\t\t\t<div class=\"title\">Individual Approach<\/div><div class=\"text\">Each project is taken with utmost respect with regard to the investor\u2019s requirements, and we always seek to find the best solution.<\/div>\n\t\t\t\t\t\t\t\t\t<\/div>\n\t\t\t\t\t\t\t\t<\/div>\n\t\t\t\t\t\t<\/div>\n\t\t\t\t\t<\/div><\/div>\n[\/vc_column][\/vc_row][vc_row full_width=&#8221;stretch_row&#8221; css=&#8221;.vc_custom_1476676903379{padding-top: 35px !important;padding-bottom: 100px !important;background-image: url(http:\/\/fuladevelopment.eu\/wp-content\/uploads\/2016\/09\/download.jpg?id=233) !important;}&#8221; el_class=&#8221;slz_bg-parallax&#8221;][vc_column][vc_raw_html]JTNDaDIlMjBzdHlsZSUzRCUyMmZvbnQtc2l6ZSUzQSUyMDUzcHglM0Jjb2xvciUzQSUyMCUyM2ZmZmZmZiUzQnRleHQtYWxpZ24lM0ElMjBjZW50ZXIlM0Jmb250LWZhbWlseSUzQU1vbnRzZXJyYXQlM0Jmb250LXdlaWdodCUzQTcwMCUzQmZvbnQtc3R5bGUlM0Fub3JtYWwlMjIlMjBjbGFzcyUzRCUyMnNsel90aXRsZS1kb3dubG9hZCUyMiUzRUhPVyUyMFRPJTIwQlVJTEQlMjBBJTIwSE9VU0UlM0MlMkZoMiUzRQ==[\/vc_raw_html][vc_raw_html]JTNDaDMlMjBzdHlsZSUzRCUyMmZvbnQtc2l6ZSUzQSUyMDIzcHglM0Jjb2xvciUzQSUyMCUyMzVmYTEzNyUzQnRleHQtYWxpZ24lM0ElMjBjZW50ZXIlM0Jmb250LWZhbWlseSUzQU1vbnRzZXJyYXQlM0Jmb250LXdlaWdodCUzQTQwMCUzQmZvbnQtc3R5bGUlM0Fub3JtYWwlMjIlMjBjbGFzcyUzRCUyMnZjX2N1c3RvbV9oZWFkaW5nJTIwdmNfY3VzdG9tXzE1MDUxMzgxMDA0OTklMjIlM0VFYWNoJTIwY29uc3RydWN0aW9uJTIwaXMlMjB1bmRlciUyMHRoZSUyMHN0cmljdCUyMGNvbnRyb2wlMjBhbmQlMjBzdXBlcnZpc2lvbiUyMG9mJTIwb3VyJTIwYnVpbGRpbmclMjB0ZWNobmljaWFucyUyMGFuZCUyMGVuZ2luZWVycy4lM0MlMkZoMyUzRQ==[\/vc_raw_html][vc_row_inner][vc_column_inner]<div class=\"slz-shortcode sc-button button-196762555469dbc50e4108c \">\n\t\t<a href=\"http:\/\/fuladevelopment.eu\/en\/how-to-build-a-house\" class=\"btn\"  >HOW DO WE BUILD A HOUSE?<\/a><\/div>\n[\/vc_column_inner][\/vc_row_inner][\/vc_column][\/vc_row]<\/p>\n","protected":false},"excerpt":{"rendered":"<p>[vc_row full_width=&#8221;stretch_row&#8221; css=&#8221;.vc_custom_1473416453329{padding-top: 65px !important;padding-bottom: 100px !important;background-image: url(http:\/\/fuladevelopment.eu\/wp-content\/uploads\/2016\/09\/city-1.jpg?id=780) !important;}&#8221; el_class=&#8221;bg-position-bottom&#8221;][vc_column][\/vc_column][\/vc_row][vc_row full_width=&#8221;stretch_row&#8221; el_class=&#8221;.pagetestimonial&#8221;][vc_column css=&#8221;.vc_custom_1473319614953{padding-top: 0px !important;}&#8221;][\/vc_column][\/vc_row][vc_row full_width=&#8221;stretch_row&#8221; css=&#8221;.vc_custom_1473409899178{padding-top: 65px !important;padding-bottom: 100px !important;}&#8221;][vc_column][vc_raw_html]JTNDZGl2JTIwY2xhc3MlM0QlMjJzbHotc2hvcnRjb2RlJTIwc2MtYmxvY2stdGl0bGUlMjBibG9jay10aXRsZS05MDc3Njk1NDM1OWMzZWE3ZDM4ZmY5JTIwJTIyJTNFJTBBJTA5JTA5JTA5JTNDZGl2JTIwY2xhc3MlM0QlMjJtYWluLXRpdGxlJTIyJTNFJTIwJTNDaDUlMjBjbGFzcyUzRCUyMnN1YnRpdGxlJTIyJTNFRnVsYSUyMERldmVsb3BtZW50JTNDJTJGaDUlM0UlMjAlM0NoMiUyMGNsYXNzJTNEJTIydGl0bGUlMjIlM0VIT1clMjBETyUyMFdFJTIwV09SSyUzQyUyRmgyJTNFJTIwJTNDJTJGZGl2JTNFJTA5JTNDJTJGZGl2JTNF[\/vc_raw_html][\/vc_column][\/vc_row][vc_row full_width=&#8221;stretch_row&#8221; css=&#8221;.vc_custom_1476676903379{padding-top: 35px !important;padding-bottom: 100px !important;background-image: url(http:\/\/fuladevelopment.eu\/wp-content\/uploads\/2016\/09\/download.jpg?id=233) !important;}&#8221; el_class=&#8221;slz_bg-parallax&#8221;][vc_column][vc_raw_html]JTNDaDIlMjBzdHlsZSUzRCUyMmZvbnQtc2l6ZSUzQSUyMDUzcHglM0Jjb2xvciUzQSUyMCUyM2ZmZmZmZiUzQnRleHQtYWxpZ24lM0ElMjBjZW50ZXIlM0Jmb250LWZhbWlseSUzQU1vbnRzZXJyYXQlM0Jmb250LXdlaWdodCUzQTcwMCUzQmZvbnQtc3R5bGUlM0Fub3JtYWwlMjIlMjBjbGFzcyUzRCUyMnNsel90aXRsZS1kb3dubG9hZCUyMiUzRUhPVyUyMFRPJTIwQlVJTEQlMjBBJTIwSE9VU0UlM0MlMkZoMiUzRQ==[\/vc_raw_html][vc_raw_html]JTNDaDMlMjBzdHlsZSUzRCUyMmZvbnQtc2l6ZSUzQSUyMDIzcHglM0Jjb2xvciUzQSUyMCUyMzVmYTEzNyUzQnRleHQtYWxpZ24lM0ElMjBjZW50ZXIlM0Jmb250LWZhbWlseSUzQU1vbnRzZXJyYXQlM0Jmb250LXdlaWdodCUzQTQwMCUzQmZvbnQtc3R5bGUlM0Fub3JtYWwlMjIlMjBjbGFzcyUzRCUyMnZjX2N1c3RvbV9oZWFkaW5nJTIwdmNfY3VzdG9tXzE1MDUxMzgxMDA0OTklMjIlM0VFYWNoJTIwY29uc3RydWN0aW9uJTIwaXMlMjB1bmRlciUyMHRoZSUyMHN0cmljdCUyMGNvbnRyb2wlMjBhbmQlMjBzdXBlcnZpc2lvbiUyMG9mJTIwb3VyJTIwYnVpbGRpbmclMjB0ZWNobmljaWFucyUyMGFuZCUyMGVuZ2luZWVycy4lM0MlMkZoMyUzRQ==[\/vc_raw_html][vc_row_inner][vc_column_inner][\/vc_column_inner][\/vc_row_inner][\/vc_column][\/vc_row]<\/p>\n","protected":false},"author":1,"featured_media":0,"parent":0,"menu_order":0,"comment_status":"closed","ping_status":"closed","template":"","meta":{"_monsterinsights_skip_tracking":false,"_monsterinsights_sitenote_active":false,"_monsterinsights_sitenote_note":"","_monsterinsights_sitenote_category":0,"footnotes":""},"class_list":["post-3421","page","type-page","status-publish","hentry"],"yoast_head":"<!-- This site is optimized with the Yoast SEO plugin v26.5 - https:\/\/yoast.com\/wordpress\/plugins\/seo\/ -->\n<title>Construction and project management<\/title>\n<meta name=\"description\" content=\"Venujeme sa v\u00fdstavbe rodinn\u00fdch domov na k\u013e\u00fa\u010d. V\u00e4\u010d\u0161inu na\u0161ich stavieb realizujeme ako gener\u00e1lny dod\u00e1vate\u013e s t\u00edmom sk\u00fasen\u00fdch odborn\u00edkov a in\u017einierov.\" \/>\n<meta name=\"robots\" content=\"index, follow, max-snippet:-1, max-image-preview:large, max-video-preview:-1\" \/>\n<link rel=\"canonical\" href=\"https:\/\/fuladevelopment.eu\/en\/services\" \/>\n<meta property=\"og:locale\" content=\"en_US\" \/>\n<meta property=\"og:type\" content=\"article\" \/>\n<meta property=\"og:title\" content=\"Construction and project management\" \/>\n<meta property=\"og:description\" content=\"Venujeme sa v\u00fdstavbe rodinn\u00fdch domov na k\u013e\u00fa\u010d. V\u00e4\u010d\u0161inu na\u0161ich stavieb realizujeme ako gener\u00e1lny dod\u00e1vate\u013e s t\u00edmom sk\u00fasen\u00fdch odborn\u00edkov a in\u017einierov.\" \/>\n<meta property=\"og:url\" content=\"https:\/\/fuladevelopment.eu\/en\/services\" \/>\n<meta property=\"og:site_name\" content=\"Fula Development\" \/>\n<meta property=\"article:modified_time\" content=\"2017-11-15T16:25:28+00:00\" \/>\n<meta name=\"twitter:card\" content=\"summary_large_image\" \/>\n<meta name=\"twitter:label1\" content=\"Est. reading time\" \/>\n\t<meta name=\"twitter:data1\" content=\"3 minutes\" \/>\n<script type=\"application\/ld+json\" class=\"yoast-schema-graph\">{\"@context\":\"https:\/\/schema.org\",\"@graph\":[{\"@type\":\"WebPage\",\"@id\":\"https:\/\/fuladevelopment.eu\/en\/services\",\"url\":\"https:\/\/fuladevelopment.eu\/en\/services\",\"name\":\"Construction and project management\",\"isPartOf\":{\"@id\":\"https:\/\/fuladevelopment.eu\/#website\"},\"datePublished\":\"2016-09-06T10:18:18+00:00\",\"dateModified\":\"2017-11-15T16:25:28+00:00\",\"description\":\"Venujeme sa v\u00fdstavbe rodinn\u00fdch domov na k\u013e\u00fa\u010d. V\u00e4\u010d\u0161inu na\u0161ich stavieb realizujeme ako gener\u00e1lny dod\u00e1vate\u013e s t\u00edmom sk\u00fasen\u00fdch odborn\u00edkov a in\u017einierov.\",\"breadcrumb\":{\"@id\":\"https:\/\/fuladevelopment.eu\/en\/services#breadcrumb\"},\"inLanguage\":\"en-US\",\"potentialAction\":[{\"@type\":\"ReadAction\",\"target\":[\"https:\/\/fuladevelopment.eu\/en\/services\"]}]},{\"@type\":\"BreadcrumbList\",\"@id\":\"https:\/\/fuladevelopment.eu\/en\/services#breadcrumb\",\"itemListElement\":[{\"@type\":\"ListItem\",\"position\":1,\"name\":\"Home\",\"item\":\"https:\/\/fuladevelopment.eu\/en\"},{\"@type\":\"ListItem\",\"position\":2,\"name\":\"Services\"}]},{\"@type\":\"WebSite\",\"@id\":\"https:\/\/fuladevelopment.eu\/#website\",\"url\":\"https:\/\/fuladevelopment.eu\/\",\"name\":\"Fula Development\",\"description\":\"\",\"potentialAction\":[{\"@type\":\"SearchAction\",\"target\":{\"@type\":\"EntryPoint\",\"urlTemplate\":\"https:\/\/fuladevelopment.eu\/?s={search_term_string}\"},\"query-input\":{\"@type\":\"PropertyValueSpecification\",\"valueRequired\":true,\"valueName\":\"search_term_string\"}}],\"inLanguage\":\"en-US\"}]}<\/script>\n<!-- \/ Yoast SEO plugin. -->","yoast_head_json":{"title":"Construction and project management","description":"Venujeme sa v\u00fdstavbe rodinn\u00fdch domov na k\u013e\u00fa\u010d. V\u00e4\u010d\u0161inu na\u0161ich stavieb realizujeme ako gener\u00e1lny dod\u00e1vate\u013e s t\u00edmom sk\u00fasen\u00fdch odborn\u00edkov a in\u017einierov.","robots":{"index":"index","follow":"follow","max-snippet":"max-snippet:-1","max-image-preview":"max-image-preview:large","max-video-preview":"max-video-preview:-1"},"canonical":"https:\/\/fuladevelopment.eu\/en\/services","og_locale":"en_US","og_type":"article","og_title":"Construction and project management","og_description":"Venujeme sa v\u00fdstavbe rodinn\u00fdch domov na k\u013e\u00fa\u010d. V\u00e4\u010d\u0161inu na\u0161ich stavieb realizujeme ako gener\u00e1lny dod\u00e1vate\u013e s t\u00edmom sk\u00fasen\u00fdch odborn\u00edkov a in\u017einierov.","og_url":"https:\/\/fuladevelopment.eu\/en\/services","og_site_name":"Fula Development","article_modified_time":"2017-11-15T16:25:28+00:00","twitter_card":"summary_large_image","twitter_misc":{"Est. reading time":"3 minutes"},"schema":{"@context":"https:\/\/schema.org","@graph":[{"@type":"WebPage","@id":"https:\/\/fuladevelopment.eu\/en\/services","url":"https:\/\/fuladevelopment.eu\/en\/services","name":"Construction and project management","isPartOf":{"@id":"https:\/\/fuladevelopment.eu\/#website"},"datePublished":"2016-09-06T10:18:18+00:00","dateModified":"2017-11-15T16:25:28+00:00","description":"Venujeme sa v\u00fdstavbe rodinn\u00fdch domov na k\u013e\u00fa\u010d. V\u00e4\u010d\u0161inu na\u0161ich stavieb realizujeme ako gener\u00e1lny dod\u00e1vate\u013e s t\u00edmom sk\u00fasen\u00fdch odborn\u00edkov a in\u017einierov.","breadcrumb":{"@id":"https:\/\/fuladevelopment.eu\/en\/services#breadcrumb"},"inLanguage":"en-US","potentialAction":[{"@type":"ReadAction","target":["https:\/\/fuladevelopment.eu\/en\/services"]}]},{"@type":"BreadcrumbList","@id":"https:\/\/fuladevelopment.eu\/en\/services#breadcrumb","itemListElement":[{"@type":"ListItem","position":1,"name":"Home","item":"https:\/\/fuladevelopment.eu\/en"},{"@type":"ListItem","position":2,"name":"Services"}]},{"@type":"WebSite","@id":"https:\/\/fuladevelopment.eu\/#website","url":"https:\/\/fuladevelopment.eu\/","name":"Fula Development","description":"","potentialAction":[{"@type":"SearchAction","target":{"@type":"EntryPoint","urlTemplate":"https:\/\/fuladevelopment.eu\/?s={search_term_string}"},"query-input":{"@type":"PropertyValueSpecification","valueRequired":true,"valueName":"search_term_string"}}],"inLanguage":"en-US"}]}},"_links":{"self":[{"href":"https:\/\/fuladevelopment.eu\/en\/wp-json\/wp\/v2\/pages\/3421","targetHints":{"allow":["GET"]}}],"collection":[{"href":"https:\/\/fuladevelopment.eu\/en\/wp-json\/wp\/v2\/pages"}],"about":[{"href":"https:\/\/fuladevelopment.eu\/en\/wp-json\/wp\/v2\/types\/page"}],"author":[{"embeddable":true,"href":"https:\/\/fuladevelopment.eu\/en\/wp-json\/wp\/v2\/users\/1"}],"replies":[{"embeddable":true,"href":"https:\/\/fuladevelopment.eu\/en\/wp-json\/wp\/v2\/comments?post=3421"}],"version-history":[{"count":2,"href":"https:\/\/fuladevelopment.eu\/en\/wp-json\/wp\/v2\/pages\/3421\/revisions"}],"predecessor-version":[{"id":3424,"href":"https:\/\/fuladevelopment.eu\/en\/wp-json\/wp\/v2\/pages\/3421\/revisions\/3424"}],"wp:attachment":[{"href":"https:\/\/fuladevelopment.eu\/en\/wp-json\/wp\/v2\/media?parent=3421"}],"curies":[{"name":"wp","href":"https:\/\/api.w.org\/{rel}","templated":true}]}}