{"id":3429,"date":"2017-09-14T18:09:43","date_gmt":"2017-09-14T16:09:43","guid":{"rendered":"http:\/\/fuladevelopment.eu\/projekty-rodinnych-domov"},"modified":"2017-11-15T17:47:33","modified_gmt":"2017-11-15T16:47:33","slug":"projekty-rodinnych-domov","status":"publish","type":"page","link":"https:\/\/fuladevelopment.eu\/en\/projects-of-family-houses","title":{"rendered":"Projects of family houses"},"content":{"rendered":"<p>[vc_row el_id=&#8221;pro&#8221;][vc_column width=&#8221;1\/2&#8243;][vc_raw_html]JTNDaDIlM0UlM0NkaXYlMjBjbGFzcyUzRCUyMnNsei1zaG9ydGNvZGUlMjBzYy1idXR0b24lMjBidXR0b24tMTg4MjAzOTU5MjU5YmY3MGVjZWIzNTclMjAlMjIlM0UlM0NhJTIwaHJlZiUzRCUyMmh0dHAlM0ElMkYlMkZmdWxhZGV2ZWxvcG1lbnQuZXUlMkZlbiUyRmJ1bmdhbG93LXByb2plY3RzJTIyJTIwY2xhc3MlM0QlMjJidG4lMjIlM0VCVU5HQUxPVyUyMFBST0pFQ1RTJTNDJTJGYSUzRSUzQyUyRmRpdiUzRSUzQyUyRmgyJTNF[\/vc_raw_html][vc_raw_html]JTNDaDIlM0UlM0NkaXYlMjBjbGFzcyUzRCUyMnNsei1zaG9ydGNvZGUlMjBzYy1idXR0b24lMjBidXR0b24tMTg4MjAzOTU5MjU5YmY3MGVjZWIzNTclMjAlMjIlM0UlMEElMDklMDklM0NhJTIwaHJlZiUzRCUyMmh0dHAlM0ElMkYlMkZmdWxhZGV2ZWxvcG1lbnQuZXUlMkZlbiUyRnByb2plY3RzLW9mLXNtYWxsLWZhbWlseS1ob3VzZXMlMjIlMjBjbGFzcyUzRCUyMmJ0biUyMiUzRVBST0pFQ1RTJTIwT0YlMjBTTUFMTCUyMEZBTUlMWSUyMEhPVVNFUyUzQyUyRmElM0UlM0MlMkZkaXYlM0UlM0MlMkZoMiUzRQ==[\/vc_raw_html][\/vc_column][vc_column width=&#8221;1\/2&#8243;][vc_raw_html]JTNDaDIlM0UlM0NkaXYlMjBjbGFzcyUzRCUyMnNsei1zaG9ydGNvZGUlMjBzYy1idXR0b24lMjBidXR0b24tOTAxNzE3MTQxNTliZjczZTk0Njg1NCUyMCUyMiUzRSUwQSUwOSUwOSUzQ2ElMjBocmVmJTNEJTIyaHR0cCUzQSUyRiUyRmZ1bGFkZXZlbG9wbWVudC5ldSUyRmVuJTJGcHJvamVjdHMtb2YtbW9kZXJuLWZhbWlseS1ob3VzZXMlMjIlMjBjbGFzcyUzRCUyMmJ0biUyMiUzRVBST0pFQ1RTJTIwT0YlMjBNT0RFUk4lMjBGQU1JTFklMjBIT1VTRVMlM0MlMkZhJTNFJTNDJTJGZGl2JTNFJTNDJTJGaDIlM0U=[\/vc_raw_html][vc_raw_html]JTNDaDIlM0UlM0NkaXYlMjBjbGFzcyUzRCUyMnNsei1zaG9ydGNvZGUlMjBzYy1idXR0b24lMjBidXR0b24tMTE4NjAwNzY5NDU5YmY3M2U5NDg3YjAlMjAlMjIlM0UlMEElMDklMDklM0NhJTIwaHJlZiUzRCUyMmh0dHAlM0ElMkYlMkZmdWxhZGV2ZWxvcG1lbnQuZXUlMkZlbiUyRnByb2plY3RzLW9mLXBhc3NpdmUtaG91c2VzJTIyJTIwY2xhc3MlM0QlMjJidG4lMjIlM0VQUk9KRUNUUyUyME9GJTIwUEFTU0lWRSUyMEhPVVNFUyUzQyUyRmElM0UlM0MlMkZkaXYlM0UlM0MlMkZoMiUzRQ==[\/vc_raw_html][\/vc_column][\/vc_row][vc_row][vc_column][vc_separator color=&#8221;custom&#8221; accent_color=&#8221;#3a4d6a&#8221;][\/vc_column][\/vc_row][vc_row][vc_column][vc_column_text]<\/p>\n<p style=\"text-align: center;\">We design houses that you dream of! Our architects are ready to materialize your perfect new home. We respect your financial capabilities and ideas. We will design your family house &#8211; where you will be happy &#8211; simple as that!<\/p>\n<p>[\/vc_column_text]<div class=\"slz-shortcode sc_project_list  buildplus_project-38390954969d2f38860eea\" data-item=\"buildplus_project-38390954969d2f38860eea\">\n\t<div class=\"list-block column-2\">\t\t\n\t\t\n\t<div class=\"item project_3871 inline_block\">\n\t\t<div class=\"block-2\">\n\t\t\t<div class=\"block-image\"><img loading=\"lazy\" decoding=\"async\" width=\"420\" height=\"390\" src=\"https:\/\/fuladevelopment.eu\/wp-content\/uploads\/2017\/10\/houseboat2-Copy-2-2.png\" class=\"img-full\" alt=\"\" srcset=\"https:\/\/fuladevelopment.eu\/wp-content\/uploads\/2017\/10\/houseboat2-Copy-2-2.png 420w, https:\/\/fuladevelopment.eu\/wp-content\/uploads\/2017\/10\/houseboat2-Copy-2-2-300x279.png 300w\" sizes=\"auto, (max-width: 420px) 100vw, 420px\" \/><a href=\"https:\/\/fuladevelopment.eu\/en\/houseboat\" class=\"link\"><\/a><\/div>\n\t\t\t<div class=\"block-content\">\n\t\t\t\t\n\t\t\t\t<a href=\"https:\/\/fuladevelopment.eu\/en\/houseboat\" class=\"title\">HOUSEBOAT<\/a>\n\t\t\t\t<div class=\"description\"><div class=\"text\"><b>PROJECT NAME:<\/b> HOUSEBOAT<br \/><br \/>\r\n<b>NET INTERNAL AREA: <\/b>90 m2<br \/><br \/>\r\n<b>GROSS EXTERNAL AREA: <\/b>95 m2<br \/><br \/>\r\n<b>KEY CONSTRUCTION PRICE: <\/b>81 000 \u20ac<br \/><br \/>\r\n<b>PRICE ROUGH CONSTRUCTION: <\/b>49 500 \u20ac<br \/><br \/>\r\n<b>NUMBER OF ROOMS: <\/b> 4<\/div><\/div>\n\t\t\t\t<a href=\"https:\/\/fuladevelopment.eu\/en\/houseboat\" class=\"readmore-icons\"><i class=\"icons fa fa-plus\"><\/i><\/a>\n\t\t\t<\/div>\n\t\t<\/div>\n\t<\/div>\n\n\t<div class=\"item project_3859 inline_block\">\n\t\t<div class=\"block-2\">\n\t\t\t<div class=\"block-image\"><img loading=\"lazy\" decoding=\"async\" width=\"762\" height=\"482\" src=\"https:\/\/fuladevelopment.eu\/wp-content\/uploads\/2017\/10\/gamart-1.png\" class=\"img-full\" alt=\"SMALL HOUSE PROJECT VIZUALIZATION\" srcset=\"https:\/\/fuladevelopment.eu\/wp-content\/uploads\/2017\/10\/gamart-1.png 762w, https:\/\/fuladevelopment.eu\/wp-content\/uploads\/2017\/10\/gamart-1-300x190.png 300w\" sizes=\"auto, (max-width: 762px) 100vw, 762px\" \/><a href=\"https:\/\/fuladevelopment.eu\/en\/mini+house+2\" class=\"link\"><\/a><\/div>\n\t\t\t<div class=\"block-content\">\n\t\t\t\t\n\t\t\t\t<a href=\"https:\/\/fuladevelopment.eu\/en\/mini+house+2\" class=\"title\">Mini house 2<\/a>\n\t\t\t\t<div class=\"description\"><div class=\"text\"><b>PROJECT NAME:<\/b> MINI HOUSE 2<br \/><br \/>\r\n<b>NET INTERNAL AREA: <\/b>85 m2<br \/><br \/>\r\n<b>GROSS EXTERNAL AREA: <\/b>95 m2<br \/><br \/>\r\n<b>KEY CONSTRUCTION PRICE: <\/b>76 500 \u20ac<br \/><br \/>\r\n<b>PRICE ROUGH CONSTRUCTION: <\/b>51 000 \u20ac<br \/><br \/>\r\n<b>NUMBER OF ROOMS:<\/b> 4<\/div><\/div>\n\t\t\t\t<a href=\"https:\/\/fuladevelopment.eu\/en\/mini+house+2\" class=\"readmore-icons\"><i class=\"icons fa fa-plus\"><\/i><\/a>\n\t\t\t<\/div>\n\t\t<\/div>\n\t<\/div>\n\n\t<div class=\"item project_3913 inline_block\">\n\t\t<div class=\"block-2\">\n\t\t\t<div class=\"block-image\"><img loading=\"lazy\" decoding=\"async\" width=\"800\" height=\"600\" src=\"https:\/\/fuladevelopment.eu\/wp-content\/uploads\/2017\/10\/bungalov-3-3-800x600.jpg\" class=\"img-full\" alt=\"Project vizualization of bungalow house type 3\" srcset=\"https:\/\/fuladevelopment.eu\/wp-content\/uploads\/2017\/10\/bungalov-3-3-800x600.jpg 800w, https:\/\/fuladevelopment.eu\/wp-content\/uploads\/2017\/10\/bungalov-3-3-400x300.jpg 400w\" sizes=\"auto, (max-width: 800px) 100vw, 800px\" \/><a href=\"https:\/\/fuladevelopment.eu\/en\/bungalow-3\" class=\"link\"><\/a><\/div>\n\t\t\t<div class=\"block-content\">\n\t\t\t\t\n\t\t\t\t<a href=\"https:\/\/fuladevelopment.eu\/en\/bungalow-3\" class=\"title\">Bungalow 3<\/a>\n\t\t\t\t<div class=\"description\"><div class=\"text\"><b>PROJECT NAME:<\/b> BUNGALOW 3<br \/><br \/>\r\n<b>NET INTERNAL AREA: <\/b>100 m2<br \/><br \/>\r\n<b>GROSS EXTERNAL AREA: <\/b>120 m2<br \/><br \/>\r\n<b>KEY CONSTRUCTION PRICE: <\/b>90 000 \u20ac<br \/><br \/>\r\n<b>PRICE ROUGH CONSTRUCTION: <\/b>55 000 \u20ac<br \/><br \/>\r\n<b>NUMBER OF ROOMS:<\/b>4<\/div><\/div>\n\t\t\t\t<a href=\"https:\/\/fuladevelopment.eu\/en\/bungalow-3\" class=\"readmore-icons\"><i class=\"icons fa fa-plus\"><\/i><\/a>\n\t\t\t<\/div>\n\t\t<\/div>\n\t<\/div>\n\n\t<div class=\"item project_3925 inline_block\">\n\t\t<div class=\"block-2\">\n\t\t\t<div class=\"block-image\"><img loading=\"lazy\" decoding=\"async\" width=\"800\" height=\"589\" src=\"https:\/\/fuladevelopment.eu\/wp-content\/uploads\/2017\/10\/rajkaa-2-1-800x589.jpg\" class=\"img-full\" alt=\"BUNGALOW project vizualization\" \/><a href=\"https:\/\/fuladevelopment.eu\/en\/mini-house-3\" class=\"link\"><\/a><\/div>\n\t\t\t<div class=\"block-content\">\n\t\t\t\t\n\t\t\t\t<a href=\"https:\/\/fuladevelopment.eu\/en\/mini-house-3\" class=\"title\">Mini house 3<\/a>\n\t\t\t\t<div class=\"description\"><div class=\"text\"><b>PROJECT NAME:<\/b> MINI HOUSE 3<br \/><br \/>\r\n<b>NET INTERNAL AREA: <\/b>80 m2<br \/><br \/>\r\n<b>GROSS EXTERNAL AREA: <\/b>104 m2<br \/><br \/>\r\n<b>KEY CONSTRUCTION PRICE: <\/b>72 000 \u20ac<br \/><br \/>\r\n<b>PRICE ROUGH CONSTRUCTION: <\/b>44 000 \u20ac<br \/><br \/>\r\n<b>NUMBER OF ROOMS:<\/b>4<\/div><\/div>\n\t\t\t\t<a href=\"https:\/\/fuladevelopment.eu\/en\/mini-house-3\" class=\"readmore-icons\"><i class=\"icons fa fa-plus\"><\/i><\/a>\n\t\t\t<\/div>\n\t\t<\/div>\n\t<\/div>\n\n\t<div class=\"item project_3955 inline_block\">\n\t\t<div class=\"block-2\">\n\t\t\t<div class=\"block-image\"><img loading=\"lazy\" decoding=\"async\" width=\"800\" height=\"589\" src=\"https:\/\/fuladevelopment.eu\/wp-content\/uploads\/2017\/10\/rajkaB-3-800x589.jpg\" class=\"img-full\" alt=\"BUNGALOW project vizualization\" \/><a href=\"https:\/\/fuladevelopment.eu\/en\/bungalow-4\" class=\"link\"><\/a><\/div>\n\t\t\t<div class=\"block-content\">\n\t\t\t\t\n\t\t\t\t<a href=\"https:\/\/fuladevelopment.eu\/en\/bungalow-4\" class=\"title\">BUNGALOW 4<\/a>\n\t\t\t\t<div class=\"description\"><div class=\"text\"><b>PROJECT NAME:<\/b> BUNGALOW 4<br \/><br \/>\r\n<b>NET INTERNAL AREA: <\/b>80 m2<br \/><br \/>\r\n<b>GROSS EXTERNAL AREA: <\/b>104 m2<br \/><br \/>\r\n<b>KEY CONSTRUCTION PRICE: <\/b>73 000 \u20ac<br \/><br \/>\r\n<b>PRICE ROUGH CONSTRUCTION: <\/b>45 000 \u20ac<br \/><br \/>\r\n<b>NUMBER OF ROOMS:<\/b>4<\/div><\/div>\n\t\t\t\t<a href=\"https:\/\/fuladevelopment.eu\/en\/bungalow-4\" class=\"readmore-icons\"><i class=\"icons fa fa-plus\"><\/i><\/a>\n\t\t\t<\/div>\n\t\t<\/div>\n\t<\/div>\n\n\t<div class=\"item project_3961 inline_block\">\n\t\t<div class=\"block-2\">\n\t\t\t<div class=\"block-image\"><img loading=\"lazy\" decoding=\"async\" width=\"800\" height=\"600\" src=\"https:\/\/fuladevelopment.eu\/wp-content\/uploads\/2017\/10\/rsz_fot\u00f3k_3-800x600.jpg\" class=\"img-full\" alt=\"project vizualization twin\" srcset=\"https:\/\/fuladevelopment.eu\/wp-content\/uploads\/2017\/10\/rsz_fot\u00f3k_3-800x600.jpg 800w, https:\/\/fuladevelopment.eu\/wp-content\/uploads\/2017\/10\/rsz_fot\u00f3k_3-300x225.jpg 300w, https:\/\/fuladevelopment.eu\/wp-content\/uploads\/2017\/10\/rsz_fot\u00f3k_3-768x576.jpg 768w, https:\/\/fuladevelopment.eu\/wp-content\/uploads\/2017\/10\/rsz_fot\u00f3k_3.jpg 1024w, https:\/\/fuladevelopment.eu\/wp-content\/uploads\/2017\/10\/rsz_fot\u00f3k_3-400x300.jpg 400w\" sizes=\"auto, (max-width: 800px) 100vw, 800px\" \/><a href=\"https:\/\/fuladevelopment.eu\/en\/twin-1\" class=\"link\"><\/a><\/div>\n\t\t\t<div class=\"block-content\">\n\t\t\t\t\n\t\t\t\t<a href=\"https:\/\/fuladevelopment.eu\/en\/twin-1\" class=\"title\">TWIN 1<\/a>\n\t\t\t\t<div class=\"description\"><div class=\"text\"><b>PROJECT NAME:<\/b> TWIN 1<br \/><br \/>\r\n<b>NET INTERNAL AREA: <\/b>130 m2<br \/><br \/>\r\n<b>GROSS EXTERNAL AREA: <\/b>90 m2<br \/><br \/>\r\n<b>KEY CONSTRUCTION PRICE: <\/b>117 000 \u20ac<br \/><br \/>\r\n<b>PRICE ROUGH CONSTRUCTION: <\/b>71 500 \u20ac<br \/><br \/>\r\n<b>NUMBER OF ROOMS:<\/b>4<\/div><\/div>\n\t\t\t\t<a href=\"https:\/\/fuladevelopment.eu\/en\/twin-1\" class=\"readmore-icons\"><i class=\"icons fa fa-plus\"><\/i><\/a>\n\t\t\t<\/div>\n\t\t<\/div>\n\t<\/div>\n\n\t<div class=\"item project_4010 inline_block\">\n\t\t<div class=\"block-2\">\n\t\t\t<div class=\"block-image\"><img loading=\"lazy\" decoding=\"async\" width=\"800\" height=\"600\" src=\"https:\/\/fuladevelopment.eu\/wp-content\/uploads\/2017\/10\/rsz_1alfa_115_bledozlta-800x600.jpg\" class=\"img-full\" alt=\"BUNGALOW HOUSE VIZUALIZATION\" srcset=\"https:\/\/fuladevelopment.eu\/wp-content\/uploads\/2017\/10\/rsz_1alfa_115_bledozlta-800x600.jpg 800w, https:\/\/fuladevelopment.eu\/wp-content\/uploads\/2017\/10\/rsz_1alfa_115_bledozlta-400x300.jpg 400w\" sizes=\"auto, (max-width: 800px) 100vw, 800px\" \/><a href=\"https:\/\/fuladevelopment.eu\/en\/bungalow-5\" class=\"link\"><\/a><\/div>\n\t\t\t<div class=\"block-content\">\n\t\t\t\t\n\t\t\t\t<a href=\"https:\/\/fuladevelopment.eu\/en\/bungalow-5\" class=\"title\">Bungalow 5<\/a>\n\t\t\t\t<div class=\"description\"><div class=\"text\"><b>PROJECT NAME:<\/b> BUNGALOW 5<br \/><br \/>\r\n<b>NET INTERNAL AREA: <\/b>90 m2<br \/><br \/>\r\n<b>GROSS EXTERNAL AREA: <\/b>115 m2<br \/><br \/>\r\n<b>KEY CONSTRUCTION PRICE: <\/b>81 000 \u20ac<br \/><br \/>\r\n<b>PRICE ROUGH CONSTRUCTION: <\/b>50 000 \u20ac<br \/><br \/>\r\n<b>NUMBER OF ROOMS:<\/b>4<\/div><\/div>\n\t\t\t\t<a href=\"https:\/\/fuladevelopment.eu\/en\/bungalow-5\" class=\"readmore-icons\"><i class=\"icons fa fa-plus\"><\/i><\/a>\n\t\t\t<\/div>\n\t\t<\/div>\n\t<\/div>\n\n\t<div class=\"item project_3549 inline_block\">\n\t\t<div class=\"block-2\">\n\t\t\t<div class=\"block-image\"><img loading=\"lazy\" decoding=\"async\" width=\"800\" height=\"447\" src=\"https:\/\/fuladevelopment.eu\/wp-content\/uploads\/2017\/09\/8-2-800x447.jpg\" class=\"img-full\" alt=\"\" srcset=\"https:\/\/fuladevelopment.eu\/wp-content\/uploads\/2017\/09\/8-2.jpg 800w, https:\/\/fuladevelopment.eu\/wp-content\/uploads\/2017\/09\/8-2-300x168.jpg 300w, https:\/\/fuladevelopment.eu\/wp-content\/uploads\/2017\/09\/8-2-768x429.jpg 768w\" sizes=\"auto, (max-width: 800px) 100vw, 800px\" \/><a href=\"https:\/\/fuladevelopment.eu\/en\/eko-house-1\" class=\"link\"><\/a><\/div>\n\t\t\t<div class=\"block-content\">\n\t\t\t\t\n\t\t\t\t<a href=\"https:\/\/fuladevelopment.eu\/en\/eko-house-1\" class=\"title\">EKO house 1<\/a>\n\t\t\t\t<div class=\"description\"><div class=\"text\"><b>PROJECT NAME:<\/b> EKODOM1<br \/><br \/>\r\n<b>NET INTERNAL AREA: <\/b>120 m2<br \/><br \/>\r\n<b>GROSS EXTERNAL AREA: <\/b>150 m2<br \/><br \/>\r\n<b>KEY CONSTRUCTION PRICE: <\/b>107 000 \u20ac<br \/><br \/>\r\n<b>PRICE ROUGH CONSTRUCTION: <\/b>90 000 \u20ac<br \/><br \/>\r\n<b>NUMBER OF ROOMS:<\/b>4<\/div><\/div>\n\t\t\t\t<a href=\"https:\/\/fuladevelopment.eu\/en\/eko-house-1\" class=\"readmore-icons\"><i class=\"icons fa fa-plus\"><\/i><\/a>\n\t\t\t<\/div>\n\t\t<\/div>\n\t<\/div>\n\n\t<div class=\"item project_3552 inline_block\">\n\t\t<div class=\"block-2\">\n\t\t\t<div class=\"block-image\"><img loading=\"lazy\" decoding=\"async\" width=\"640\" height=\"480\" src=\"https:\/\/fuladevelopment.eu\/wp-content\/uploads\/2017\/09\/7-2-1.jpg\" class=\"img-full\" alt=\"\" srcset=\"https:\/\/fuladevelopment.eu\/wp-content\/uploads\/2017\/09\/7-2-1.jpg 640w, https:\/\/fuladevelopment.eu\/wp-content\/uploads\/2017\/09\/7-2-1-300x225.jpg 300w, https:\/\/fuladevelopment.eu\/wp-content\/uploads\/2017\/09\/7-2-1-400x300.jpg 400w\" sizes=\"auto, (max-width: 640px) 100vw, 640px\" \/><a href=\"https:\/\/fuladevelopment.eu\/en\/mini-house-1\" class=\"link\"><\/a><\/div>\n\t\t\t<div class=\"block-content\">\n\t\t\t\t\n\t\t\t\t<a href=\"https:\/\/fuladevelopment.eu\/en\/mini-house-1\" class=\"title\">Mini house 1<\/a>\n\t\t\t\t<div class=\"description\"><div class=\"text\"><b>PROJECT NAME:<\/b> MINIDOM 1<br \/><br \/>\r\n<b>NET INTERNAL AREA: <\/b>120 m2<br \/><br \/>\r\n<b>GROSS EXTERNAL AREA: <\/b>150 m2<br \/><br \/>\r\n<b>KEY CONSTRUCTION PRICE: <\/b>107 000 \u20ac<br \/><br \/>\r\n<b>PRICE ROUGH CONSTRUCTION: <\/b>90 000 \u20ac<br \/><br \/>\r\n<b>NUMBER OF ROOMS:<\/b>4<\/div><\/div>\n\t\t\t\t<a href=\"https:\/\/fuladevelopment.eu\/en\/mini-house-1\" class=\"readmore-icons\"><i class=\"icons fa fa-plus\"><\/i><\/a>\n\t\t\t<\/div>\n\t\t<\/div>\n\t<\/div>\n<div class=\"pagination-wrapper undefined margin-top-50\"><ul class=\"pagination\"><li><a href=\"https:\/\/fuladevelopment.eu\/en\/wp-json\/wp\/v2\/pages\/3429\" class=\"link previous\">previous<\/a><\/li><li><a href=\"https:\/\/fuladevelopment.eu\/en\/wp-json\/wp\/v2\/pages\/3429\/page\/2\" class=\"link next\">next<\/a><\/li><\/ul>\n<\/div>\t<\/div>\n<\/div>[vc_empty_space][\/vc_column][\/vc_row][vc_row][vc_column][vc_raw_html]JTNDZGl2JTIwY2xhc3MlM0QlMjJzdWJjcmliZS1mb290ZXIlMjIlM0UlMEElMDklMDklMDklMDklMDklMDklMDklMDklMDklMDklM0NkaXYlMjBjbGFzcyUzRCUyMmNvbnRhaW5lciUyMHN1YmNyaWJlLXdyYXBwZXIlMjIlM0UlMEElMDklM0NkaXYlMjBjbGFzcyUzRCUyMmJhbm5lci1ib3R0b20lMjIlM0UlMEElMDklMDklM0NkaXYlMjBjbGFzcyUzRCUyMmJhbm5lci0xJTIyJTNFJTBBJTA5JTA5JTA5JTNDZGl2JTIwY2xhc3MlM0QlMjJiYW5uZXItbGVmdCUyMiUzRSUwQSUwOSUwOSUwOSUwOSUzQ2g1JTIwY2xhc3MlM0QlMjJ0ZXh0JTIyJTNFV2UlMjBUdXJuJTIwWW91ciUyMERyZWFtcyUyMGFib3V0JTIweW91ciUyMG5ldyUyMEZhbWlseSUyMEhvdXNlJTIwaW50byUyMHJlYWxpdHklM0MlMkZoNSUzRSUwOSUwOSUwOSUzQyUyRmRpdiUzRSUwQSUwOSUwOSUwOSUzQ2RpdiUyMGNsYXNzJTNEJTIyYmFubmVyLXJpZ2h0JTIyJTNFJTNDYSUyMGhyZWYlM0QlMjJodHRwJTNBJTJGJTJGZnVsYWRldmVsb3BtZW50LmV1JTJGZW4lMkZjb250YWN0JTIyJTIwY2xhc3MlM0QlMjJidG4lMjB0cmFuc3BhcmVudCUyMHdoaXRlLWNvbG9yJTIyJTNFU3RhcnQlMjBXaXRoJTIwVXMlM0MlMkZhJTNFJTNDJTJGZGl2JTNFJTA5JTA5JTNDJTJGZGl2JTNFJTBBJTA5JTNDJTJGZGl2JTNFJTBBJTNDJTJGZGl2JTNFJTBBJTA5JTA5JTA5JTA5JTA5JTA5JTA5JTA5JTA5JTA5JTNDJTJGZGl2JTNF[\/vc_raw_html][\/vc_column][\/vc_row]<\/p>\n","protected":false},"excerpt":{"rendered":"<p>[vc_row el_id=&#8221;pro&#8221;][vc_column width=&#8221;1\/2&#8243;][vc_raw_html]JTNDaDIlM0UlM0NkaXYlMjBjbGFzcyUzRCUyMnNsei1zaG9ydGNvZGUlMjBzYy1idXR0b24lMjBidXR0b24tMTg4MjAzOTU5MjU5YmY3MGVjZWIzNTclMjAlMjIlM0UlM0NhJTIwaHJlZiUzRCUyMmh0dHAlM0ElMkYlMkZmdWxhZGV2ZWxvcG1lbnQuZXUlMkZlbiUyRmJ1bmdhbG93LXByb2plY3RzJTIyJTIwY2xhc3MlM0QlMjJidG4lMjIlM0VCVU5HQUxPVyUyMFBST0pFQ1RTJTNDJTJGYSUzRSUzQyUyRmRpdiUzRSUzQyUyRmgyJTNF[\/vc_raw_html][vc_raw_html]JTNDaDIlM0UlM0NkaXYlMjBjbGFzcyUzRCUyMnNsei1zaG9ydGNvZGUlMjBzYy1idXR0b24lMjBidXR0b24tMTg4MjAzOTU5MjU5YmY3MGVjZWIzNTclMjAlMjIlM0UlMEElMDklMDklM0NhJTIwaHJlZiUzRCUyMmh0dHAlM0ElMkYlMkZmdWxhZGV2ZWxvcG1lbnQuZXUlMkZlbiUyRnByb2plY3RzLW9mLXNtYWxsLWZhbWlseS1ob3VzZXMlMjIlMjBjbGFzcyUzRCUyMmJ0biUyMiUzRVBST0pFQ1RTJTIwT0YlMjBTTUFMTCUyMEZBTUlMWSUyMEhPVVNFUyUzQyUyRmElM0UlM0MlMkZkaXYlM0UlM0MlMkZoMiUzRQ==[\/vc_raw_html][\/vc_column][vc_column width=&#8221;1\/2&#8243;][vc_raw_html]JTNDaDIlM0UlM0NkaXYlMjBjbGFzcyUzRCUyMnNsei1zaG9ydGNvZGUlMjBzYy1idXR0b24lMjBidXR0b24tOTAxNzE3MTQxNTliZjczZTk0Njg1NCUyMCUyMiUzRSUwQSUwOSUwOSUzQ2ElMjBocmVmJTNEJTIyaHR0cCUzQSUyRiUyRmZ1bGFkZXZlbG9wbWVudC5ldSUyRmVuJTJGcHJvamVjdHMtb2YtbW9kZXJuLWZhbWlseS1ob3VzZXMlMjIlMjBjbGFzcyUzRCUyMmJ0biUyMiUzRVBST0pFQ1RTJTIwT0YlMjBNT0RFUk4lMjBGQU1JTFklMjBIT1VTRVMlM0MlMkZhJTNFJTNDJTJGZGl2JTNFJTNDJTJGaDIlM0U=[\/vc_raw_html][vc_raw_html]JTNDaDIlM0UlM0NkaXYlMjBjbGFzcyUzRCUyMnNsei1zaG9ydGNvZGUlMjBzYy1idXR0b24lMjBidXR0b24tMTE4NjAwNzY5NDU5YmY3M2U5NDg3YjAlMjAlMjIlM0UlMEElMDklMDklM0NhJTIwaHJlZiUzRCUyMmh0dHAlM0ElMkYlMkZmdWxhZGV2ZWxvcG1lbnQuZXUlMkZlbiUyRnByb2plY3RzLW9mLXBhc3NpdmUtaG91c2VzJTIyJTIwY2xhc3MlM0QlMjJidG4lMjIlM0VQUk9KRUNUUyUyME9GJTIwUEFTU0lWRSUyMEhPVVNFUyUzQyUyRmElM0UlM0MlMkZkaXYlM0UlM0MlMkZoMiUzRQ==[\/vc_raw_html][\/vc_column][\/vc_row][vc_row][vc_column][vc_separator color=&#8221;custom&#8221; accent_color=&#8221;#3a4d6a&#8221;][\/vc_column][\/vc_row][vc_row][vc_column][vc_column_text] We design houses that you dream of! Our architects are ready to materialize your perfect new home. We respect your financial capabilities and ideas. We will design your family house &#8211; where you will be happy &#8211; simple as that! [\/vc_column_text][vc_empty_space][\/vc_column][\/vc_row][vc_row][vc_column][vc_raw_html]JTNDZGl2JTIwY2xhc3MlM0QlMjJzdWJjcmliZS1mb290ZXIlMjIlM0UlMEElMDklMDklMDklMDklMDklMDklMDklMDklMDklMDklM0NkaXYlMjBjbGFzcyUzRCUyMmNvbnRhaW5lciUyMHN1YmNyaWJlLXdyYXBwZXIlMjIlM0UlMEElMDklM0NkaXYlMjBjbGFzcyUzRCUyMmJhbm5lci1ib3R0b20lMjIlM0UlMEElMDklMDklM0NkaXYlMjBjbGFzcyUzRCUyMmJhbm5lci0xJTIyJTNFJTBBJTA5JTA5JTA5JTNDZGl2JTIwY2xhc3MlM0QlMjJiYW5uZXItbGVmdCUyMiUzRSUwQSUwOSUwOSUwOSUwOSUzQ2g1JTIwY2xhc3MlM0QlMjJ0ZXh0JTIyJTNFV2UlMjBUdXJuJTIwWW91ciUyMERyZWFtcyUyMGFib3V0JTIweW91ciUyMG5ldyUyMEZhbWlseSUyMEhvdXNlJTIwaW50byUyMHJlYWxpdHklM0MlMkZoNSUzRSUwOSUwOSUwOSUzQyUyRmRpdiUzRSUwQSUwOSUwOSUwOSUzQ2RpdiUyMGNsYXNzJTNEJTIyYmFubmVyLXJpZ2h0JTIyJTNFJTNDYSUyMGhyZWYlM0QlMjJodHRwJTNBJTJGJTJGZnVsYWRldmVsb3BtZW50LmV1JTJGZW4lMkZjb250YWN0JTIyJTIwY2xhc3MlM0QlMjJidG4lMjB0cmFuc3BhcmVudCUyMHdoaXRlLWNvbG9yJTIyJTNFU3RhcnQlMjBXaXRoJTIwVXMlM0MlMkZhJTNFJTNDJTJGZGl2JTNFJTA5JTA5JTNDJTJGZGl2JTNFJTBBJTA5JTNDJTJGZGl2JTNFJTBBJTNDJTJGZGl2JTNFJTBBJTA5JTA5JTA5JTA5JTA5JTA5JTA5JTA5JTA5JTA5JTNDJTJGZGl2JTNF[\/vc_raw_html][\/vc_column][\/vc_row]<\/p>\n","protected":false},"author":1,"featured_media":0,"parent":0,"menu_order":0,"comment_status":"closed","ping_status":"closed","template":"","meta":{"_monsterinsights_skip_tracking":false,"_monsterinsights_sitenote_active":false,"_monsterinsights_sitenote_note":"","_monsterinsights_sitenote_category":0,"footnotes":""},"class_list":["post-3429","page","type-page","status-publish","hentry"],"yoast_head":"<!-- This site is optimized with the Yoast SEO plugin v26.5 - https:\/\/yoast.com\/wordpress\/plugins\/seo\/ -->\n<title>Projects of family houses - Fula Development<\/title>\n<meta name=\"description\" content=\"Projekty rodinn\u00fdch domov, ktor\u00e9 si vysn\u00edvate! Na\u0161i architekti s\u00fa pripraven\u00ed zhmotni\u0165 v\u00e1\u0161 dokonal\u00fd domov s re\u0161pektom na va\u0161e finan\u010dn\u00e9 mo\u017enosti a predstavy.\" \/>\n<meta name=\"robots\" content=\"index, follow, max-snippet:-1, max-image-preview:large, max-video-preview:-1\" \/>\n<link rel=\"canonical\" href=\"https:\/\/fuladevelopment.eu\/en\/projects-of-family-houses\" \/>\n<meta property=\"og:locale\" content=\"en_US\" \/>\n<meta property=\"og:type\" content=\"article\" \/>\n<meta property=\"og:title\" content=\"Projects of family houses - Fula Development\" \/>\n<meta property=\"og:description\" content=\"Projekty rodinn\u00fdch domov, ktor\u00e9 si vysn\u00edvate! Na\u0161i architekti s\u00fa pripraven\u00ed zhmotni\u0165 v\u00e1\u0161 dokonal\u00fd domov s re\u0161pektom na va\u0161e finan\u010dn\u00e9 mo\u017enosti a predstavy.\" \/>\n<meta property=\"og:url\" content=\"https:\/\/fuladevelopment.eu\/en\/projects-of-family-houses\" \/>\n<meta property=\"og:site_name\" content=\"Fula Development\" \/>\n<meta property=\"article:modified_time\" content=\"2017-11-15T16:47:33+00:00\" \/>\n<meta name=\"twitter:card\" content=\"summary_large_image\" \/>\n<meta name=\"twitter:label1\" content=\"Est. reading time\" \/>\n\t<meta name=\"twitter:data1\" content=\"2 minutes\" \/>\n<script type=\"application\/ld+json\" class=\"yoast-schema-graph\">{\"@context\":\"https:\/\/schema.org\",\"@graph\":[{\"@type\":\"WebPage\",\"@id\":\"https:\/\/fuladevelopment.eu\/en\/projects-of-family-houses\",\"url\":\"https:\/\/fuladevelopment.eu\/en\/projects-of-family-houses\",\"name\":\"Projects of family houses - Fula Development\",\"isPartOf\":{\"@id\":\"https:\/\/fuladevelopment.eu\/#website\"},\"datePublished\":\"2017-09-14T16:09:43+00:00\",\"dateModified\":\"2017-11-15T16:47:33+00:00\",\"description\":\"Projekty rodinn\u00fdch domov, ktor\u00e9 si vysn\u00edvate! Na\u0161i architekti s\u00fa pripraven\u00ed zhmotni\u0165 v\u00e1\u0161 dokonal\u00fd domov s re\u0161pektom na va\u0161e finan\u010dn\u00e9 mo\u017enosti a predstavy.\",\"breadcrumb\":{\"@id\":\"https:\/\/fuladevelopment.eu\/en\/projects-of-family-houses#breadcrumb\"},\"inLanguage\":\"en-US\",\"potentialAction\":[{\"@type\":\"ReadAction\",\"target\":[\"https:\/\/fuladevelopment.eu\/en\/projects-of-family-houses\"]}]},{\"@type\":\"BreadcrumbList\",\"@id\":\"https:\/\/fuladevelopment.eu\/en\/projects-of-family-houses#breadcrumb\",\"itemListElement\":[{\"@type\":\"ListItem\",\"position\":1,\"name\":\"Home\",\"item\":\"https:\/\/fuladevelopment.eu\/en\"},{\"@type\":\"ListItem\",\"position\":2,\"name\":\"Projects of family houses\"}]},{\"@type\":\"WebSite\",\"@id\":\"https:\/\/fuladevelopment.eu\/#website\",\"url\":\"https:\/\/fuladevelopment.eu\/\",\"name\":\"Fula Development\",\"description\":\"\",\"potentialAction\":[{\"@type\":\"SearchAction\",\"target\":{\"@type\":\"EntryPoint\",\"urlTemplate\":\"https:\/\/fuladevelopment.eu\/?s={search_term_string}\"},\"query-input\":{\"@type\":\"PropertyValueSpecification\",\"valueRequired\":true,\"valueName\":\"search_term_string\"}}],\"inLanguage\":\"en-US\"}]}<\/script>\n<!-- \/ Yoast SEO plugin. -->","yoast_head_json":{"title":"Projects of family houses - Fula Development","description":"Projekty rodinn\u00fdch domov, ktor\u00e9 si vysn\u00edvate! Na\u0161i architekti s\u00fa pripraven\u00ed zhmotni\u0165 v\u00e1\u0161 dokonal\u00fd domov s re\u0161pektom na va\u0161e finan\u010dn\u00e9 mo\u017enosti a predstavy.","robots":{"index":"index","follow":"follow","max-snippet":"max-snippet:-1","max-image-preview":"max-image-preview:large","max-video-preview":"max-video-preview:-1"},"canonical":"https:\/\/fuladevelopment.eu\/en\/projects-of-family-houses","og_locale":"en_US","og_type":"article","og_title":"Projects of family houses - Fula Development","og_description":"Projekty rodinn\u00fdch domov, ktor\u00e9 si vysn\u00edvate! Na\u0161i architekti s\u00fa pripraven\u00ed zhmotni\u0165 v\u00e1\u0161 dokonal\u00fd domov s re\u0161pektom na va\u0161e finan\u010dn\u00e9 mo\u017enosti a predstavy.","og_url":"https:\/\/fuladevelopment.eu\/en\/projects-of-family-houses","og_site_name":"Fula Development","article_modified_time":"2017-11-15T16:47:33+00:00","twitter_card":"summary_large_image","twitter_misc":{"Est. reading time":"2 minutes"},"schema":{"@context":"https:\/\/schema.org","@graph":[{"@type":"WebPage","@id":"https:\/\/fuladevelopment.eu\/en\/projects-of-family-houses","url":"https:\/\/fuladevelopment.eu\/en\/projects-of-family-houses","name":"Projects of family houses - Fula Development","isPartOf":{"@id":"https:\/\/fuladevelopment.eu\/#website"},"datePublished":"2017-09-14T16:09:43+00:00","dateModified":"2017-11-15T16:47:33+00:00","description":"Projekty rodinn\u00fdch domov, ktor\u00e9 si vysn\u00edvate! Na\u0161i architekti s\u00fa pripraven\u00ed zhmotni\u0165 v\u00e1\u0161 dokonal\u00fd domov s re\u0161pektom na va\u0161e finan\u010dn\u00e9 mo\u017enosti a predstavy.","breadcrumb":{"@id":"https:\/\/fuladevelopment.eu\/en\/projects-of-family-houses#breadcrumb"},"inLanguage":"en-US","potentialAction":[{"@type":"ReadAction","target":["https:\/\/fuladevelopment.eu\/en\/projects-of-family-houses"]}]},{"@type":"BreadcrumbList","@id":"https:\/\/fuladevelopment.eu\/en\/projects-of-family-houses#breadcrumb","itemListElement":[{"@type":"ListItem","position":1,"name":"Home","item":"https:\/\/fuladevelopment.eu\/en"},{"@type":"ListItem","position":2,"name":"Projects of family houses"}]},{"@type":"WebSite","@id":"https:\/\/fuladevelopment.eu\/#website","url":"https:\/\/fuladevelopment.eu\/","name":"Fula Development","description":"","potentialAction":[{"@type":"SearchAction","target":{"@type":"EntryPoint","urlTemplate":"https:\/\/fuladevelopment.eu\/?s={search_term_string}"},"query-input":{"@type":"PropertyValueSpecification","valueRequired":true,"valueName":"search_term_string"}}],"inLanguage":"en-US"}]}},"_links":{"self":[{"href":"https:\/\/fuladevelopment.eu\/en\/wp-json\/wp\/v2\/pages\/3429","targetHints":{"allow":["GET"]}}],"collection":[{"href":"https:\/\/fuladevelopment.eu\/en\/wp-json\/wp\/v2\/pages"}],"about":[{"href":"https:\/\/fuladevelopment.eu\/en\/wp-json\/wp\/v2\/types\/page"}],"author":[{"embeddable":true,"href":"https:\/\/fuladevelopment.eu\/en\/wp-json\/wp\/v2\/users\/1"}],"replies":[{"embeddable":true,"href":"https:\/\/fuladevelopment.eu\/en\/wp-json\/wp\/v2\/comments?post=3429"}],"version-history":[{"count":3,"href":"https:\/\/fuladevelopment.eu\/en\/wp-json\/wp\/v2\/pages\/3429\/revisions"}],"predecessor-version":[{"id":4303,"href":"https:\/\/fuladevelopment.eu\/en\/wp-json\/wp\/v2\/pages\/3429\/revisions\/4303"}],"wp:attachment":[{"href":"https:\/\/fuladevelopment.eu\/en\/wp-json\/wp\/v2\/media?parent=3429"}],"curies":[{"name":"wp","href":"https:\/\/api.w.org\/{rel}","templated":true}]}}