{"id":3443,"date":"2017-09-14T15:42:28","date_gmt":"2017-09-14T13:42:28","guid":{"rendered":"http:\/\/fuladevelopment.eu\/projekty-rodinnych-domov\/projekty-malych-rodinnych-domov"},"modified":"2017-11-15T17:42:05","modified_gmt":"2017-11-15T16:42:05","slug":"projekty-malych-rodinnych-domov","status":"publish","type":"page","link":"https:\/\/fuladevelopment.eu\/en\/projects-of-small-family-houses","title":{"rendered":"Projects of small family houses"},"content":{"rendered":"<p>[vc_row][vc_column][vc_raw_html]JTNDaDIlMjBzdHlsZSUzRCUyMmNvbG9yJTNBJTIwJTIzM2E0ZDZhJTNCdGV4dC1hbGlnbiUzQSUyMGNlbnRlciUzQmZvbnQtZmFtaWx5JTNBTW9udHNlcnJhdCUzQmZvbnQtd2VpZ2h0JTNBNzAwJTNCZm9udC1zdHlsZSUzQW5vcm1hbCUyMiUyMGNsYXNzJTNEJTIydmNfY3VzdG9tX2hlYWRpbmclMjB2Y19jdXN0b21fMTUwNTcyMTM0MTQxMCUyMiUzRVBST0pFQ1RTJTIwT0YlMjBTTUFMTCUyMEZBTUlMWSUyMEhPVVNFUyUyMEZPUiUyMEElMjBNT0RFU1QlMjBQUklDRSUzQyUyRmgyJTNF[\/vc_raw_html][vc_column_text]<\/p>\n<p style=\"text-align: center;\">Small Family Houses are designed for young couples and individuals who would like a family house, but they can not afford to invest large amounts of money in it. Safe and healthy materials and smart construction systems are used for construction that take an extremely short time to build, all to increase your savings. Our Small Family Houses are attractive, safe and will serve you all your life.<\/p>\n<p>[\/vc_column_text]<div class=\"slz-shortcode sc_project_list  buildplus_project-199614811269de743cedf16\" data-item=\"buildplus_project-199614811269de743cedf16\">\n\t<div class=\"list-block column-1\">\t\t\n\t\t\n\t<div class=\"item project_3859 inline_block\">\n\t\t<div class=\"block-2\">\n\t\t\t<div class=\"block-image\"><img loading=\"lazy\" decoding=\"async\" width=\"762\" height=\"482\" src=\"https:\/\/fuladevelopment.eu\/wp-content\/uploads\/2017\/10\/gamart-1.png\" class=\"img-full\" alt=\"SMALL HOUSE PROJECT VIZUALIZATION\" srcset=\"https:\/\/fuladevelopment.eu\/wp-content\/uploads\/2017\/10\/gamart-1.png 762w, https:\/\/fuladevelopment.eu\/wp-content\/uploads\/2017\/10\/gamart-1-300x190.png 300w\" sizes=\"auto, (max-width: 762px) 100vw, 762px\" \/><a href=\"https:\/\/fuladevelopment.eu\/en\/mini+house+2\" class=\"link\"><\/a><\/div>\n\t\t\t<div class=\"block-content\">\n\t\t\t\t\n\t\t\t\t<a href=\"https:\/\/fuladevelopment.eu\/en\/mini+house+2\" class=\"title\">Mini house 2<\/a>\n\t\t\t\t<div class=\"description\"><div class=\"text\"><b>PROJECT NAME:<\/b> MINI HOUSE 2<br \/><br \/>\r\n<b>NET INTERNAL AREA: <\/b>85 m2<br \/><br \/>\r\n<b>GROSS EXTERNAL AREA: <\/b>95 m2<br \/><br \/>\r\n<b>KEY CONSTRUCTION PRICE: <\/b>76 500 \u20ac<br \/><br \/>\r\n<b>PRICE ROUGH CONSTRUCTION: <\/b>51 000 \u20ac<br \/><br \/>\r\n<b>NUMBER OF ROOMS:<\/b> 4<\/div><\/div>\n\t\t\t\t<a href=\"https:\/\/fuladevelopment.eu\/en\/mini+house+2\" class=\"readmore-icons\"><i class=\"icons fa fa-plus\"><\/i><\/a>\n\t\t\t<\/div>\n\t\t<\/div>\n\t<\/div>\n\n\t<div class=\"item project_3925 inline_block\">\n\t\t<div class=\"block-2\">\n\t\t\t<div class=\"block-image\"><img loading=\"lazy\" decoding=\"async\" width=\"943\" height=\"589\" src=\"https:\/\/fuladevelopment.eu\/wp-content\/uploads\/2017\/10\/rajkaa-2-1.jpg\" class=\"img-full\" alt=\"BUNGALOW project vizualization\" srcset=\"https:\/\/fuladevelopment.eu\/wp-content\/uploads\/2017\/10\/rajkaa-2-1.jpg 943w, https:\/\/fuladevelopment.eu\/wp-content\/uploads\/2017\/10\/rajkaa-2-1-300x187.jpg 300w, https:\/\/fuladevelopment.eu\/wp-content\/uploads\/2017\/10\/rajkaa-2-1-768x480.jpg 768w\" sizes=\"auto, (max-width: 943px) 100vw, 943px\" \/><a href=\"https:\/\/fuladevelopment.eu\/en\/mini-house-3\" class=\"link\"><\/a><\/div>\n\t\t\t<div class=\"block-content\">\n\t\t\t\t\n\t\t\t\t<a href=\"https:\/\/fuladevelopment.eu\/en\/mini-house-3\" class=\"title\">Mini house 3<\/a>\n\t\t\t\t<div class=\"description\"><div class=\"text\"><b>PROJECT NAME:<\/b> MINI HOUSE 3<br \/><br \/>\r\n<b>NET INTERNAL AREA: <\/b>80 m2<br \/><br \/>\r\n<b>GROSS EXTERNAL AREA: <\/b>104 m2<br \/><br \/>\r\n<b>KEY CONSTRUCTION PRICE: <\/b>72 000 \u20ac<br \/><br \/>\r\n<b>PRICE ROUGH CONSTRUCTION: <\/b>44 000 \u20ac<br \/><br \/>\r\n<b>NUMBER OF ROOMS:<\/b>4<\/div><\/div>\n\t\t\t\t<a href=\"https:\/\/fuladevelopment.eu\/en\/mini-house-3\" class=\"readmore-icons\"><i class=\"icons fa fa-plus\"><\/i><\/a>\n\t\t\t<\/div>\n\t\t<\/div>\n\t<\/div>\n\n\t<div class=\"item project_3552 inline_block\">\n\t\t<div class=\"block-2\">\n\t\t\t<div class=\"block-image\"><img loading=\"lazy\" decoding=\"async\" width=\"640\" height=\"480\" src=\"https:\/\/fuladevelopment.eu\/wp-content\/uploads\/2017\/09\/7-2-1.jpg\" class=\"img-full\" alt=\"\" srcset=\"https:\/\/fuladevelopment.eu\/wp-content\/uploads\/2017\/09\/7-2-1.jpg 640w, https:\/\/fuladevelopment.eu\/wp-content\/uploads\/2017\/09\/7-2-1-300x225.jpg 300w, https:\/\/fuladevelopment.eu\/wp-content\/uploads\/2017\/09\/7-2-1-400x300.jpg 400w\" sizes=\"auto, (max-width: 640px) 100vw, 640px\" \/><a href=\"https:\/\/fuladevelopment.eu\/en\/mini-house-1\" class=\"link\"><\/a><\/div>\n\t\t\t<div class=\"block-content\">\n\t\t\t\t\n\t\t\t\t<a href=\"https:\/\/fuladevelopment.eu\/en\/mini-house-1\" class=\"title\">Mini house 1<\/a>\n\t\t\t\t<div class=\"description\"><div class=\"text\"><b>PROJECT NAME:<\/b> MINIDOM 1<br \/><br \/>\r\n<b>NET INTERNAL AREA: <\/b>120 m2<br \/><br \/>\r\n<b>GROSS EXTERNAL AREA: <\/b>150 m2<br \/><br \/>\r\n<b>KEY CONSTRUCTION PRICE: <\/b>107 000 \u20ac<br \/><br \/>\r\n<b>PRICE ROUGH CONSTRUCTION: <\/b>90 000 \u20ac<br \/><br \/>\r\n<b>NUMBER OF ROOMS:<\/b>4<\/div><\/div>\n\t\t\t\t<a href=\"https:\/\/fuladevelopment.eu\/en\/mini-house-1\" class=\"readmore-icons\"><i class=\"icons fa fa-plus\"><\/i><\/a>\n\t\t\t<\/div>\n\t\t<\/div>\n\t<\/div>\n<div class=\"pagination-wrapper undefined margin-top-50\"><ul class=\"pagination\"><li><a href=\"https:\/\/fuladevelopment.eu\/en\/wp-json\/wp\/v2\/pages\/3443\" class=\"link previous\">previous<\/a><\/li><li><a href=\"https:\/\/fuladevelopment.eu\/en\/wp-json\/wp\/v2\/pages\/3443\/page\/2\" class=\"link next\">next<\/a><\/li><\/ul>\n<\/div>\t<\/div>\n<\/div>[\/vc_column][\/vc_row]<\/p>\n","protected":false},"excerpt":{"rendered":"<p>[vc_row][vc_column][vc_raw_html]JTNDaDIlMjBzdHlsZSUzRCUyMmNvbG9yJTNBJTIwJTIzM2E0ZDZhJTNCdGV4dC1hbGlnbiUzQSUyMGNlbnRlciUzQmZvbnQtZmFtaWx5JTNBTW9udHNlcnJhdCUzQmZvbnQtd2VpZ2h0JTNBNzAwJTNCZm9udC1zdHlsZSUzQW5vcm1hbCUyMiUyMGNsYXNzJTNEJTIydmNfY3VzdG9tX2hlYWRpbmclMjB2Y19jdXN0b21fMTUwNTcyMTM0MTQxMCUyMiUzRVBST0pFQ1RTJTIwT0YlMjBTTUFMTCUyMEZBTUlMWSUyMEhPVVNFUyUyMEZPUiUyMEElMjBNT0RFU1QlMjBQUklDRSUzQyUyRmgyJTNF[\/vc_raw_html][vc_column_text] Small Family Houses are designed for young couples and individuals who would like a family house, but they can not afford to invest large amounts of money in it. Safe and healthy materials and smart construction systems are used for construction that take an extremely short time to build, all to increase your savings. [&hellip;]<\/p>\n","protected":false},"author":1,"featured_media":0,"parent":3429,"menu_order":0,"comment_status":"closed","ping_status":"closed","template":"","meta":{"_monsterinsights_skip_tracking":false,"_monsterinsights_sitenote_active":false,"_monsterinsights_sitenote_note":"","_monsterinsights_sitenote_category":0,"footnotes":""},"class_list":["post-3443","page","type-page","status-publish","hentry"],"yoast_head":"<!-- This site is optimized with the Yoast SEO plugin v26.5 - https:\/\/yoast.com\/wordpress\/plugins\/seo\/ -->\n<title>Projects of small family houses - Fula Development<\/title>\n<meta name=\"description\" content=\"Projekty mal\u00fdch rodinn\u00fdch domov s\u00fa ur\u010den\u00e9 pre mlad\u00e9 rodiny, ktor\u00e9 by radi postavili rodinn\u00fd dom, no nehodlaj\u00fa do neho investova\u0165 ve\u013ek\u00e9 finan\u010dn\u00e9 prostriedky.\" \/>\n<meta name=\"robots\" content=\"index, follow, max-snippet:-1, max-image-preview:large, max-video-preview:-1\" \/>\n<link rel=\"canonical\" href=\"https:\/\/fuladevelopment.eu\/en\/projects-of-small-family-houses\" \/>\n<meta property=\"og:locale\" content=\"en_US\" \/>\n<meta property=\"og:type\" content=\"article\" \/>\n<meta property=\"og:title\" content=\"Projects of small family houses - Fula Development\" \/>\n<meta property=\"og:description\" content=\"Projekty mal\u00fdch rodinn\u00fdch domov s\u00fa ur\u010den\u00e9 pre mlad\u00e9 rodiny, ktor\u00e9 by radi postavili rodinn\u00fd dom, no nehodlaj\u00fa do neho investova\u0165 ve\u013ek\u00e9 finan\u010dn\u00e9 prostriedky.\" \/>\n<meta property=\"og:url\" content=\"https:\/\/fuladevelopment.eu\/en\/projects-of-small-family-houses\" \/>\n<meta property=\"og:site_name\" content=\"Fula Development\" \/>\n<meta property=\"article:modified_time\" content=\"2017-11-15T16:42:05+00:00\" \/>\n<meta name=\"twitter:card\" content=\"summary_large_image\" \/>\n<meta name=\"twitter:label1\" content=\"Est. reading time\" \/>\n\t<meta name=\"twitter:data1\" content=\"1 minute\" \/>\n<script type=\"application\/ld+json\" class=\"yoast-schema-graph\">{\"@context\":\"https:\/\/schema.org\",\"@graph\":[{\"@type\":\"WebPage\",\"@id\":\"https:\/\/fuladevelopment.eu\/en\/projects-of-small-family-houses\",\"url\":\"https:\/\/fuladevelopment.eu\/en\/projects-of-small-family-houses\",\"name\":\"Projects of small family houses - Fula Development\",\"isPartOf\":{\"@id\":\"https:\/\/fuladevelopment.eu\/#website\"},\"datePublished\":\"2017-09-14T13:42:28+00:00\",\"dateModified\":\"2017-11-15T16:42:05+00:00\",\"description\":\"Projekty mal\u00fdch rodinn\u00fdch domov s\u00fa ur\u010den\u00e9 pre mlad\u00e9 rodiny, ktor\u00e9 by radi postavili rodinn\u00fd dom, no nehodlaj\u00fa do neho investova\u0165 ve\u013ek\u00e9 finan\u010dn\u00e9 prostriedky.\",\"breadcrumb\":{\"@id\":\"https:\/\/fuladevelopment.eu\/en\/projects-of-small-family-houses#breadcrumb\"},\"inLanguage\":\"en-US\",\"potentialAction\":[{\"@type\":\"ReadAction\",\"target\":[\"https:\/\/fuladevelopment.eu\/en\/projects-of-small-family-houses\"]}]},{\"@type\":\"BreadcrumbList\",\"@id\":\"https:\/\/fuladevelopment.eu\/en\/projects-of-small-family-houses#breadcrumb\",\"itemListElement\":[{\"@type\":\"ListItem\",\"position\":1,\"name\":\"Home\",\"item\":\"https:\/\/fuladevelopment.eu\/en\"},{\"@type\":\"ListItem\",\"position\":2,\"name\":\"Projects of family houses\",\"item\":\"https:\/\/fuladevelopment.eu\/en\/projects-of-family-houses\"},{\"@type\":\"ListItem\",\"position\":3,\"name\":\"Projects of small family houses\"}]},{\"@type\":\"WebSite\",\"@id\":\"https:\/\/fuladevelopment.eu\/#website\",\"url\":\"https:\/\/fuladevelopment.eu\/\",\"name\":\"Fula Development\",\"description\":\"\",\"potentialAction\":[{\"@type\":\"SearchAction\",\"target\":{\"@type\":\"EntryPoint\",\"urlTemplate\":\"https:\/\/fuladevelopment.eu\/?s={search_term_string}\"},\"query-input\":{\"@type\":\"PropertyValueSpecification\",\"valueRequired\":true,\"valueName\":\"search_term_string\"}}],\"inLanguage\":\"en-US\"}]}<\/script>\n<!-- \/ Yoast SEO plugin. -->","yoast_head_json":{"title":"Projects of small family houses - Fula Development","description":"Projekty mal\u00fdch rodinn\u00fdch domov s\u00fa ur\u010den\u00e9 pre mlad\u00e9 rodiny, ktor\u00e9 by radi postavili rodinn\u00fd dom, no nehodlaj\u00fa do neho investova\u0165 ve\u013ek\u00e9 finan\u010dn\u00e9 prostriedky.","robots":{"index":"index","follow":"follow","max-snippet":"max-snippet:-1","max-image-preview":"max-image-preview:large","max-video-preview":"max-video-preview:-1"},"canonical":"https:\/\/fuladevelopment.eu\/en\/projects-of-small-family-houses","og_locale":"en_US","og_type":"article","og_title":"Projects of small family houses - Fula Development","og_description":"Projekty mal\u00fdch rodinn\u00fdch domov s\u00fa ur\u010den\u00e9 pre mlad\u00e9 rodiny, ktor\u00e9 by radi postavili rodinn\u00fd dom, no nehodlaj\u00fa do neho investova\u0165 ve\u013ek\u00e9 finan\u010dn\u00e9 prostriedky.","og_url":"https:\/\/fuladevelopment.eu\/en\/projects-of-small-family-houses","og_site_name":"Fula Development","article_modified_time":"2017-11-15T16:42:05+00:00","twitter_card":"summary_large_image","twitter_misc":{"Est. reading time":"1 minute"},"schema":{"@context":"https:\/\/schema.org","@graph":[{"@type":"WebPage","@id":"https:\/\/fuladevelopment.eu\/en\/projects-of-small-family-houses","url":"https:\/\/fuladevelopment.eu\/en\/projects-of-small-family-houses","name":"Projects of small family houses - Fula Development","isPartOf":{"@id":"https:\/\/fuladevelopment.eu\/#website"},"datePublished":"2017-09-14T13:42:28+00:00","dateModified":"2017-11-15T16:42:05+00:00","description":"Projekty mal\u00fdch rodinn\u00fdch domov s\u00fa ur\u010den\u00e9 pre mlad\u00e9 rodiny, ktor\u00e9 by radi postavili rodinn\u00fd dom, no nehodlaj\u00fa do neho investova\u0165 ve\u013ek\u00e9 finan\u010dn\u00e9 prostriedky.","breadcrumb":{"@id":"https:\/\/fuladevelopment.eu\/en\/projects-of-small-family-houses#breadcrumb"},"inLanguage":"en-US","potentialAction":[{"@type":"ReadAction","target":["https:\/\/fuladevelopment.eu\/en\/projects-of-small-family-houses"]}]},{"@type":"BreadcrumbList","@id":"https:\/\/fuladevelopment.eu\/en\/projects-of-small-family-houses#breadcrumb","itemListElement":[{"@type":"ListItem","position":1,"name":"Home","item":"https:\/\/fuladevelopment.eu\/en"},{"@type":"ListItem","position":2,"name":"Projects of family houses","item":"https:\/\/fuladevelopment.eu\/en\/projects-of-family-houses"},{"@type":"ListItem","position":3,"name":"Projects of small family houses"}]},{"@type":"WebSite","@id":"https:\/\/fuladevelopment.eu\/#website","url":"https:\/\/fuladevelopment.eu\/","name":"Fula Development","description":"","potentialAction":[{"@type":"SearchAction","target":{"@type":"EntryPoint","urlTemplate":"https:\/\/fuladevelopment.eu\/?s={search_term_string}"},"query-input":{"@type":"PropertyValueSpecification","valueRequired":true,"valueName":"search_term_string"}}],"inLanguage":"en-US"}]}},"_links":{"self":[{"href":"https:\/\/fuladevelopment.eu\/en\/wp-json\/wp\/v2\/pages\/3443","targetHints":{"allow":["GET"]}}],"collection":[{"href":"https:\/\/fuladevelopment.eu\/en\/wp-json\/wp\/v2\/pages"}],"about":[{"href":"https:\/\/fuladevelopment.eu\/en\/wp-json\/wp\/v2\/types\/page"}],"author":[{"embeddable":true,"href":"https:\/\/fuladevelopment.eu\/en\/wp-json\/wp\/v2\/users\/1"}],"replies":[{"embeddable":true,"href":"https:\/\/fuladevelopment.eu\/en\/wp-json\/wp\/v2\/comments?post=3443"}],"version-history":[{"count":2,"href":"https:\/\/fuladevelopment.eu\/en\/wp-json\/wp\/v2\/pages\/3443\/revisions"}],"predecessor-version":[{"id":3581,"href":"https:\/\/fuladevelopment.eu\/en\/wp-json\/wp\/v2\/pages\/3443\/revisions\/3581"}],"up":[{"embeddable":true,"href":"https:\/\/fuladevelopment.eu\/en\/wp-json\/wp\/v2\/pages\/3429"}],"wp:attachment":[{"href":"https:\/\/fuladevelopment.eu\/en\/wp-json\/wp\/v2\/media?parent=3443"}],"curies":[{"name":"wp","href":"https:\/\/api.w.org\/{rel}","templated":true}]}}