{"id":3447,"date":"2017-09-14T16:52:47","date_gmt":"2017-09-14T14:52:47","guid":{"rendered":"http:\/\/fuladevelopment.eu\/projekty-rodinnych-domov\/projekty-modernych-rodinnych-domov"},"modified":"2017-11-15T17:44:23","modified_gmt":"2017-11-15T16:44:23","slug":"projekty-modernych-rodinnych-domov","status":"publish","type":"page","link":"https:\/\/fuladevelopment.eu\/en\/projects-of-modern-family-houses","title":{"rendered":"Projects of modern family houses"},"content":{"rendered":"<p>[vc_row][vc_column][vc_raw_html]JTNDaDIlMjBzdHlsZSUzRCUyMmNvbG9yJTNBJTIwJTIzM2E0ZDZhJTNCdGV4dC1hbGlnbiUzQSUyMGNlbnRlciUzQmZvbnQtZmFtaWx5JTNBTW9udHNlcnJhdCUzQmZvbnQtd2VpZ2h0JTNBNzAwJTNCZm9udC1zdHlsZSUzQW5vcm1hbCUyMiUyMGNsYXNzJTNEJTIydmNfY3VzdG9tX2hlYWRpbmclMjB2Y19jdXN0b21fMTUwNTcyMTM0MTQxMCUyMiUzRVByb2plY3RzJTIwb2YlMjBTVFlMSVNIJTIwTU9ERVJOJTIwRkFNSUxZJTIwSE9VU0VTJTNDJTJGaDIlM0U=[\/vc_raw_html][vc_column_text]<\/p>\n<p style=\"text-align: center;\">Our Modern Family Houses are designed for demanding clients who are looking for luxurious dwelling. They are characterized by their cubist design and unique layouts. Do not be afraid to engage your creativity and create your dream house with our architects!<\/p>\n<p>[\/vc_column_text]<div class=\"slz-shortcode sc_project_list  buildplus_project-53082712269d31c7115404\" data-item=\"buildplus_project-53082712269d31c7115404\">\n\t<div class=\"list-block column-1\">\t\t\n\t\t\n\t<div class=\"item project_3871 inline_block\">\n\t\t<div class=\"block-2\">\n\t\t\t<div class=\"block-image\"><img loading=\"lazy\" decoding=\"async\" width=\"420\" height=\"390\" src=\"https:\/\/fuladevelopment.eu\/wp-content\/uploads\/2017\/10\/houseboat2-Copy-2-2.png\" class=\"img-full\" alt=\"\" srcset=\"https:\/\/fuladevelopment.eu\/wp-content\/uploads\/2017\/10\/houseboat2-Copy-2-2.png 420w, https:\/\/fuladevelopment.eu\/wp-content\/uploads\/2017\/10\/houseboat2-Copy-2-2-300x279.png 300w\" sizes=\"auto, (max-width: 420px) 100vw, 420px\" \/><a href=\"https:\/\/fuladevelopment.eu\/en\/houseboat\" class=\"link\"><\/a><\/div>\n\t\t\t<div class=\"block-content\">\n\t\t\t\t\n\t\t\t\t<a href=\"https:\/\/fuladevelopment.eu\/en\/houseboat\" class=\"title\">HOUSEBOAT<\/a>\n\t\t\t\t<div class=\"description\"><div class=\"text\"><b>PROJECT NAME:<\/b> HOUSEBOAT<br \/><br \/>\r\n<b>NET INTERNAL AREA: <\/b>90 m2<br \/><br \/>\r\n<b>GROSS EXTERNAL AREA: <\/b>95 m2<br \/><br \/>\r\n<b>KEY CONSTRUCTION PRICE: <\/b>81 000 \u20ac<br \/><br \/>\r\n<b>PRICE ROUGH CONSTRUCTION: <\/b>49 500 \u20ac<br \/><br \/>\r\n<b>NUMBER OF ROOMS: <\/b> 4<\/div><\/div>\n\t\t\t\t<a href=\"https:\/\/fuladevelopment.eu\/en\/houseboat\" class=\"readmore-icons\"><i class=\"icons fa fa-plus\"><\/i><\/a>\n\t\t\t<\/div>\n\t\t<\/div>\n\t<\/div>\n\n\t<div class=\"item project_3549 inline_block\">\n\t\t<div class=\"block-2\">\n\t\t\t<div class=\"block-image\"><img loading=\"lazy\" decoding=\"async\" width=\"800\" height=\"447\" src=\"https:\/\/fuladevelopment.eu\/wp-content\/uploads\/2017\/09\/8-2.jpg\" class=\"img-full\" alt=\"\" srcset=\"https:\/\/fuladevelopment.eu\/wp-content\/uploads\/2017\/09\/8-2.jpg 800w, https:\/\/fuladevelopment.eu\/wp-content\/uploads\/2017\/09\/8-2-300x168.jpg 300w, https:\/\/fuladevelopment.eu\/wp-content\/uploads\/2017\/09\/8-2-768x429.jpg 768w\" sizes=\"auto, (max-width: 800px) 100vw, 800px\" \/><a href=\"https:\/\/fuladevelopment.eu\/en\/eko-house-1\" class=\"link\"><\/a><\/div>\n\t\t\t<div class=\"block-content\">\n\t\t\t\t\n\t\t\t\t<a href=\"https:\/\/fuladevelopment.eu\/en\/eko-house-1\" class=\"title\">EKO house 1<\/a>\n\t\t\t\t<div class=\"description\"><div class=\"text\"><b>PROJECT NAME:<\/b> EKODOM1<br \/><br \/>\r\n<b>NET INTERNAL AREA: <\/b>120 m2<br \/><br \/>\r\n<b>GROSS EXTERNAL AREA: <\/b>150 m2<br \/><br \/>\r\n<b>KEY CONSTRUCTION PRICE: <\/b>107 000 \u20ac<br \/><br \/>\r\n<b>PRICE ROUGH CONSTRUCTION: <\/b>90 000 \u20ac<br \/><br \/>\r\n<b>NUMBER OF ROOMS:<\/b>4<\/div><\/div>\n\t\t\t\t<a href=\"https:\/\/fuladevelopment.eu\/en\/eko-house-1\" class=\"readmore-icons\"><i class=\"icons fa fa-plus\"><\/i><\/a>\n\t\t\t<\/div>\n\t\t<\/div>\n\t<\/div>\n<div class=\"pagination-wrapper undefined margin-top-50\"><ul class=\"pagination\"><li><a href=\"https:\/\/fuladevelopment.eu\/en\/wp-json\/wp\/v2\/pages\/3447\" class=\"link previous\">previous<\/a><\/li><li><a href=\"https:\/\/fuladevelopment.eu\/en\/wp-json\/wp\/v2\/pages\/3447\/page\/2\" class=\"link next\">next<\/a><\/li><\/ul>\n<\/div>\t<\/div>\n<\/div>[\/vc_column][\/vc_row]<\/p>\n","protected":false},"excerpt":{"rendered":"<p>[vc_row][vc_column][vc_raw_html]JTNDaDIlMjBzdHlsZSUzRCUyMmNvbG9yJTNBJTIwJTIzM2E0ZDZhJTNCdGV4dC1hbGlnbiUzQSUyMGNlbnRlciUzQmZvbnQtZmFtaWx5JTNBTW9udHNlcnJhdCUzQmZvbnQtd2VpZ2h0JTNBNzAwJTNCZm9udC1zdHlsZSUzQW5vcm1hbCUyMiUyMGNsYXNzJTNEJTIydmNfY3VzdG9tX2hlYWRpbmclMjB2Y19jdXN0b21fMTUwNTcyMTM0MTQxMCUyMiUzRVByb2plY3RzJTIwb2YlMjBTVFlMSVNIJTIwTU9ERVJOJTIwRkFNSUxZJTIwSE9VU0VTJTNDJTJGaDIlM0U=[\/vc_raw_html][vc_column_text] Our Modern Family Houses are designed for demanding clients who are looking for luxurious dwelling. They are characterized by their cubist design and unique layouts. Do not be afraid to engage your creativity and create your dream house with our architects! [\/vc_column_text][\/vc_column][\/vc_row]<\/p>\n","protected":false},"author":1,"featured_media":0,"parent":3429,"menu_order":0,"comment_status":"closed","ping_status":"closed","template":"","meta":{"_monsterinsights_skip_tracking":false,"_monsterinsights_sitenote_active":false,"_monsterinsights_sitenote_note":"","_monsterinsights_sitenote_category":0,"footnotes":""},"class_list":["post-3447","page","type-page","status-publish","hentry"],"yoast_head":"<!-- This site is optimized with the Yoast SEO plugin v26.5 - https:\/\/yoast.com\/wordpress\/plugins\/seo\/ -->\n<title>Projects of modern family houses - Fula Development<\/title>\n<meta name=\"description\" content=\"Modern\u00e9 rodinn\u00e9 domy s\u00fa ur\u010den\u00e9 pre n\u00e1ro\u010dnej\u0161\u00edch klientov, ktor\u00ed t\u00fa\u017eia po dizajnovom obydl\u00ed. Domy charakterizuj\u00fa hlavne unik\u00e1tne dispozi\u010dn\u00e9 rie\u0161enia.\" \/>\n<meta name=\"robots\" content=\"index, follow, max-snippet:-1, max-image-preview:large, max-video-preview:-1\" \/>\n<link rel=\"canonical\" href=\"https:\/\/fuladevelopment.eu\/en\/projects-of-modern-family-houses\" \/>\n<meta property=\"og:locale\" content=\"en_US\" \/>\n<meta property=\"og:type\" content=\"article\" \/>\n<meta property=\"og:title\" content=\"Projects of modern family houses - Fula Development\" \/>\n<meta property=\"og:description\" content=\"Modern\u00e9 rodinn\u00e9 domy s\u00fa ur\u010den\u00e9 pre n\u00e1ro\u010dnej\u0161\u00edch klientov, ktor\u00ed t\u00fa\u017eia po dizajnovom obydl\u00ed. Domy charakterizuj\u00fa hlavne unik\u00e1tne dispozi\u010dn\u00e9 rie\u0161enia.\" \/>\n<meta property=\"og:url\" content=\"https:\/\/fuladevelopment.eu\/en\/projects-of-modern-family-houses\" \/>\n<meta property=\"og:site_name\" content=\"Fula Development\" \/>\n<meta property=\"article:modified_time\" content=\"2017-11-15T16:44:23+00:00\" \/>\n<meta name=\"twitter:card\" content=\"summary_large_image\" \/>\n<meta name=\"twitter:label1\" content=\"Est. reading time\" \/>\n\t<meta name=\"twitter:data1\" content=\"1 minute\" \/>\n<script type=\"application\/ld+json\" class=\"yoast-schema-graph\">{\"@context\":\"https:\/\/schema.org\",\"@graph\":[{\"@type\":\"WebPage\",\"@id\":\"https:\/\/fuladevelopment.eu\/en\/projects-of-modern-family-houses\",\"url\":\"https:\/\/fuladevelopment.eu\/en\/projects-of-modern-family-houses\",\"name\":\"Projects of modern family houses - Fula Development\",\"isPartOf\":{\"@id\":\"https:\/\/fuladevelopment.eu\/#website\"},\"datePublished\":\"2017-09-14T14:52:47+00:00\",\"dateModified\":\"2017-11-15T16:44:23+00:00\",\"description\":\"Modern\u00e9 rodinn\u00e9 domy s\u00fa ur\u010den\u00e9 pre n\u00e1ro\u010dnej\u0161\u00edch klientov, ktor\u00ed t\u00fa\u017eia po dizajnovom obydl\u00ed. Domy charakterizuj\u00fa hlavne unik\u00e1tne dispozi\u010dn\u00e9 rie\u0161enia.\",\"breadcrumb\":{\"@id\":\"https:\/\/fuladevelopment.eu\/en\/projects-of-modern-family-houses#breadcrumb\"},\"inLanguage\":\"en-US\",\"potentialAction\":[{\"@type\":\"ReadAction\",\"target\":[\"https:\/\/fuladevelopment.eu\/en\/projects-of-modern-family-houses\"]}]},{\"@type\":\"BreadcrumbList\",\"@id\":\"https:\/\/fuladevelopment.eu\/en\/projects-of-modern-family-houses#breadcrumb\",\"itemListElement\":[{\"@type\":\"ListItem\",\"position\":1,\"name\":\"Home\",\"item\":\"https:\/\/fuladevelopment.eu\/en\"},{\"@type\":\"ListItem\",\"position\":2,\"name\":\"Projects of family houses\",\"item\":\"https:\/\/fuladevelopment.eu\/en\/projects-of-family-houses\"},{\"@type\":\"ListItem\",\"position\":3,\"name\":\"Projects of modern family houses\"}]},{\"@type\":\"WebSite\",\"@id\":\"https:\/\/fuladevelopment.eu\/#website\",\"url\":\"https:\/\/fuladevelopment.eu\/\",\"name\":\"Fula Development\",\"description\":\"\",\"potentialAction\":[{\"@type\":\"SearchAction\",\"target\":{\"@type\":\"EntryPoint\",\"urlTemplate\":\"https:\/\/fuladevelopment.eu\/?s={search_term_string}\"},\"query-input\":{\"@type\":\"PropertyValueSpecification\",\"valueRequired\":true,\"valueName\":\"search_term_string\"}}],\"inLanguage\":\"en-US\"}]}<\/script>\n<!-- \/ Yoast SEO plugin. -->","yoast_head_json":{"title":"Projects of modern family houses - Fula Development","description":"Modern\u00e9 rodinn\u00e9 domy s\u00fa ur\u010den\u00e9 pre n\u00e1ro\u010dnej\u0161\u00edch klientov, ktor\u00ed t\u00fa\u017eia po dizajnovom obydl\u00ed. Domy charakterizuj\u00fa hlavne unik\u00e1tne dispozi\u010dn\u00e9 rie\u0161enia.","robots":{"index":"index","follow":"follow","max-snippet":"max-snippet:-1","max-image-preview":"max-image-preview:large","max-video-preview":"max-video-preview:-1"},"canonical":"https:\/\/fuladevelopment.eu\/en\/projects-of-modern-family-houses","og_locale":"en_US","og_type":"article","og_title":"Projects of modern family houses - Fula Development","og_description":"Modern\u00e9 rodinn\u00e9 domy s\u00fa ur\u010den\u00e9 pre n\u00e1ro\u010dnej\u0161\u00edch klientov, ktor\u00ed t\u00fa\u017eia po dizajnovom obydl\u00ed. Domy charakterizuj\u00fa hlavne unik\u00e1tne dispozi\u010dn\u00e9 rie\u0161enia.","og_url":"https:\/\/fuladevelopment.eu\/en\/projects-of-modern-family-houses","og_site_name":"Fula Development","article_modified_time":"2017-11-15T16:44:23+00:00","twitter_card":"summary_large_image","twitter_misc":{"Est. reading time":"1 minute"},"schema":{"@context":"https:\/\/schema.org","@graph":[{"@type":"WebPage","@id":"https:\/\/fuladevelopment.eu\/en\/projects-of-modern-family-houses","url":"https:\/\/fuladevelopment.eu\/en\/projects-of-modern-family-houses","name":"Projects of modern family houses - Fula Development","isPartOf":{"@id":"https:\/\/fuladevelopment.eu\/#website"},"datePublished":"2017-09-14T14:52:47+00:00","dateModified":"2017-11-15T16:44:23+00:00","description":"Modern\u00e9 rodinn\u00e9 domy s\u00fa ur\u010den\u00e9 pre n\u00e1ro\u010dnej\u0161\u00edch klientov, ktor\u00ed t\u00fa\u017eia po dizajnovom obydl\u00ed. Domy charakterizuj\u00fa hlavne unik\u00e1tne dispozi\u010dn\u00e9 rie\u0161enia.","breadcrumb":{"@id":"https:\/\/fuladevelopment.eu\/en\/projects-of-modern-family-houses#breadcrumb"},"inLanguage":"en-US","potentialAction":[{"@type":"ReadAction","target":["https:\/\/fuladevelopment.eu\/en\/projects-of-modern-family-houses"]}]},{"@type":"BreadcrumbList","@id":"https:\/\/fuladevelopment.eu\/en\/projects-of-modern-family-houses#breadcrumb","itemListElement":[{"@type":"ListItem","position":1,"name":"Home","item":"https:\/\/fuladevelopment.eu\/en"},{"@type":"ListItem","position":2,"name":"Projects of family houses","item":"https:\/\/fuladevelopment.eu\/en\/projects-of-family-houses"},{"@type":"ListItem","position":3,"name":"Projects of modern family houses"}]},{"@type":"WebSite","@id":"https:\/\/fuladevelopment.eu\/#website","url":"https:\/\/fuladevelopment.eu\/","name":"Fula Development","description":"","potentialAction":[{"@type":"SearchAction","target":{"@type":"EntryPoint","urlTemplate":"https:\/\/fuladevelopment.eu\/?s={search_term_string}"},"query-input":{"@type":"PropertyValueSpecification","valueRequired":true,"valueName":"search_term_string"}}],"inLanguage":"en-US"}]}},"_links":{"self":[{"href":"https:\/\/fuladevelopment.eu\/en\/wp-json\/wp\/v2\/pages\/3447","targetHints":{"allow":["GET"]}}],"collection":[{"href":"https:\/\/fuladevelopment.eu\/en\/wp-json\/wp\/v2\/pages"}],"about":[{"href":"https:\/\/fuladevelopment.eu\/en\/wp-json\/wp\/v2\/types\/page"}],"author":[{"embeddable":true,"href":"https:\/\/fuladevelopment.eu\/en\/wp-json\/wp\/v2\/users\/1"}],"replies":[{"embeddable":true,"href":"https:\/\/fuladevelopment.eu\/en\/wp-json\/wp\/v2\/comments?post=3447"}],"version-history":[{"count":2,"href":"https:\/\/fuladevelopment.eu\/en\/wp-json\/wp\/v2\/pages\/3447\/revisions"}],"predecessor-version":[{"id":3582,"href":"https:\/\/fuladevelopment.eu\/en\/wp-json\/wp\/v2\/pages\/3447\/revisions\/3582"}],"up":[{"embeddable":true,"href":"https:\/\/fuladevelopment.eu\/en\/wp-json\/wp\/v2\/pages\/3429"}],"wp:attachment":[{"href":"https:\/\/fuladevelopment.eu\/en\/wp-json\/wp\/v2\/media?parent=3447"}],"curies":[{"name":"wp","href":"https:\/\/api.w.org\/{rel}","templated":true}]}}