{"id":3452,"date":"2017-09-14T17:11:32","date_gmt":"2017-09-14T15:11:32","guid":{"rendered":"http:\/\/fuladevelopment.eu\/projekty-rodinnych-domov\/projekty-pasivnych-domov"},"modified":"2017-10-19T11:13:44","modified_gmt":"2017-10-19T09:13:44","slug":"projekty-pasivnych-domov","status":"publish","type":"page","link":"https:\/\/fuladevelopment.eu\/en\/projects-of-passive-houses","title":{"rendered":"Projects of passive houses"},"content":{"rendered":"<p>[vc_row][vc_column][vc_raw_html]JTNDaDIlMjBzdHlsZSUzRCUyMmNvbG9yJTNBJTIwJTIzM2E0ZDZhJTNCdGV4dC1hbGlnbiUzQSUyMGNlbnRlciUzQmZvbnQtZmFtaWx5JTNBTW9udHNlcnJhdCUzQmZvbnQtd2VpZ2h0JTNBNzAwJTNCZm9udC1zdHlsZSUzQW5vcm1hbCUyMiUyMGNsYXNzJTNEJTIydmNfY3VzdG9tX2hlYWRpbmclMjB2Y19jdXN0b21fMTUwNTcyMTM0MTQxMCUyMiUzRVBST0pFQ1RTJTIwT0YlMjBQQVNTSVZFJTIwSE9VU0VTJTIwV0lUSCUyMExPVyUyMEVORVJHWSUyMENPTlNVTVBUSU9OJTNDJTJGaDIlM0U=[\/vc_raw_html][vc_column_text]<\/p>\n<p style=\"text-align: center;\">Passive Houses are environmentally friendly and economical buildings with extremely low energy consumption, necessary for heating. They serve not only as a valuable family house but also contribute to the protection of the environment.<\/p>\n<p>[\/vc_column_text]<div class=\"slz-shortcode sc_project_list  buildplus_project-27952476569e0f78eb886e\" data-item=\"buildplus_project-27952476569e0f78eb886e\">\n\t<div class=\"list-block column-1\">\t\t\n\t\t\n\t<div class=\"item project_3549 inline_block\">\n\t\t<div class=\"block-2\">\n\t\t\t<div class=\"block-image\"><img loading=\"lazy\" decoding=\"async\" width=\"800\" height=\"447\" src=\"https:\/\/fuladevelopment.eu\/wp-content\/uploads\/2017\/09\/8-2.jpg\" class=\"img-full\" alt=\"\" srcset=\"https:\/\/fuladevelopment.eu\/wp-content\/uploads\/2017\/09\/8-2.jpg 800w, https:\/\/fuladevelopment.eu\/wp-content\/uploads\/2017\/09\/8-2-300x168.jpg 300w, https:\/\/fuladevelopment.eu\/wp-content\/uploads\/2017\/09\/8-2-768x429.jpg 768w\" sizes=\"auto, (max-width: 800px) 100vw, 800px\" \/><a href=\"https:\/\/fuladevelopment.eu\/en\/eko-house-1\" class=\"link\"><\/a><\/div>\n\t\t\t<div class=\"block-content\">\n\t\t\t\t\n\t\t\t\t<a href=\"https:\/\/fuladevelopment.eu\/en\/eko-house-1\" class=\"title\">EKO house 1<\/a>\n\t\t\t\t<div class=\"description\"><div class=\"text\"><b>PROJECT NAME:<\/b> EKODOM1<br \/><br \/>\r\n<b>NET INTERNAL AREA: <\/b>120 m2<br \/><br \/>\r\n<b>GROSS EXTERNAL AREA: <\/b>150 m2<br \/><br \/>\r\n<b>KEY CONSTRUCTION PRICE: <\/b>107 000 \u20ac<br \/><br \/>\r\n<b>PRICE ROUGH CONSTRUCTION: <\/b>90 000 \u20ac<br \/><br \/>\r\n<b>NUMBER OF ROOMS:<\/b>4<\/div><\/div>\n\t\t\t\t<a href=\"https:\/\/fuladevelopment.eu\/en\/eko-house-1\" class=\"readmore-icons\"><i class=\"icons fa fa-plus\"><\/i><\/a>\n\t\t\t<\/div>\n\t\t<\/div>\n\t<\/div>\n<div class=\"pagination-wrapper undefined margin-top-50\"><ul class=\"pagination\"><li><a href=\"https:\/\/fuladevelopment.eu\/en\/wp-json\/wp\/v2\/pages\/3452\" class=\"link previous\">previous<\/a><\/li><li><a href=\"https:\/\/fuladevelopment.eu\/en\/wp-json\/wp\/v2\/pages\/3452\/page\/2\" class=\"link next\">next<\/a><\/li><\/ul>\n<\/div>\t<\/div>\n<\/div>[\/vc_column][\/vc_row]<\/p>\n","protected":false},"excerpt":{"rendered":"<p>[vc_row][vc_column][vc_raw_html]JTNDaDIlMjBzdHlsZSUzRCUyMmNvbG9yJTNBJTIwJTIzM2E0ZDZhJTNCdGV4dC1hbGlnbiUzQSUyMGNlbnRlciUzQmZvbnQtZmFtaWx5JTNBTW9udHNlcnJhdCUzQmZvbnQtd2VpZ2h0JTNBNzAwJTNCZm9udC1zdHlsZSUzQW5vcm1hbCUyMiUyMGNsYXNzJTNEJTIydmNfY3VzdG9tX2hlYWRpbmclMjB2Y19jdXN0b21fMTUwNTcyMTM0MTQxMCUyMiUzRVBST0pFQ1RTJTIwT0YlMjBQQVNTSVZFJTIwSE9VU0VTJTIwV0lUSCUyMExPVyUyMEVORVJHWSUyMENPTlNVTVBUSU9OJTNDJTJGaDIlM0U=[\/vc_raw_html][vc_column_text] Passive Houses are environmentally friendly and economical buildings with extremely low energy consumption, necessary for heating. They serve not only as a valuable family house but also contribute to the protection of the environment. [\/vc_column_text][\/vc_column][\/vc_row]<\/p>\n","protected":false},"author":1,"featured_media":0,"parent":3429,"menu_order":0,"comment_status":"closed","ping_status":"closed","template":"","meta":{"_monsterinsights_skip_tracking":false,"_monsterinsights_sitenote_active":false,"_monsterinsights_sitenote_note":"","_monsterinsights_sitenote_category":0,"footnotes":""},"class_list":["post-3452","page","type-page","status-publish","hentry"],"yoast_head":"<!-- This site is optimized with the Yoast SEO plugin v26.5 - https:\/\/yoast.com\/wordpress\/plugins\/seo\/ -->\n<title>Projects of passive houses - Fula Development<\/title>\n<meta name=\"description\" content=\"Projekty pas\u00edvnych domov, ktor\u00e9 v\u00e1m u\u0161etria energiu. S\u00fa prec\u00edzne postaven\u00e9, posl\u00fa\u017eia ako hodnotn\u00fd rodinn\u00fd dom a prispej\u00fa aj k ochrane \u017eivotn\u00e9ho prostredia.\" \/>\n<meta name=\"robots\" content=\"index, follow, max-snippet:-1, max-image-preview:large, max-video-preview:-1\" \/>\n<link rel=\"canonical\" href=\"https:\/\/fuladevelopment.eu\/en\/projects-of-passive-houses\" \/>\n<meta property=\"og:locale\" content=\"en_US\" \/>\n<meta property=\"og:type\" content=\"article\" \/>\n<meta property=\"og:title\" content=\"Projects of passive houses - Fula Development\" \/>\n<meta property=\"og:description\" content=\"Projekty pas\u00edvnych domov, ktor\u00e9 v\u00e1m u\u0161etria energiu. S\u00fa prec\u00edzne postaven\u00e9, posl\u00fa\u017eia ako hodnotn\u00fd rodinn\u00fd dom a prispej\u00fa aj k ochrane \u017eivotn\u00e9ho prostredia.\" \/>\n<meta property=\"og:url\" content=\"https:\/\/fuladevelopment.eu\/en\/projects-of-passive-houses\" \/>\n<meta property=\"og:site_name\" content=\"Fula Development\" \/>\n<meta property=\"article:modified_time\" content=\"2017-10-19T09:13:44+00:00\" \/>\n<meta name=\"twitter:card\" content=\"summary_large_image\" \/>\n<meta name=\"twitter:label1\" content=\"Est. reading time\" \/>\n\t<meta name=\"twitter:data1\" content=\"1 minute\" \/>\n<script type=\"application\/ld+json\" class=\"yoast-schema-graph\">{\"@context\":\"https:\/\/schema.org\",\"@graph\":[{\"@type\":\"WebPage\",\"@id\":\"https:\/\/fuladevelopment.eu\/en\/projects-of-passive-houses\",\"url\":\"https:\/\/fuladevelopment.eu\/en\/projects-of-passive-houses\",\"name\":\"Projects of passive houses - Fula Development\",\"isPartOf\":{\"@id\":\"https:\/\/fuladevelopment.eu\/#website\"},\"datePublished\":\"2017-09-14T15:11:32+00:00\",\"dateModified\":\"2017-10-19T09:13:44+00:00\",\"description\":\"Projekty pas\u00edvnych domov, ktor\u00e9 v\u00e1m u\u0161etria energiu. S\u00fa prec\u00edzne postaven\u00e9, posl\u00fa\u017eia ako hodnotn\u00fd rodinn\u00fd dom a prispej\u00fa aj k ochrane \u017eivotn\u00e9ho prostredia.\",\"breadcrumb\":{\"@id\":\"https:\/\/fuladevelopment.eu\/en\/projects-of-passive-houses#breadcrumb\"},\"inLanguage\":\"en-US\",\"potentialAction\":[{\"@type\":\"ReadAction\",\"target\":[\"https:\/\/fuladevelopment.eu\/en\/projects-of-passive-houses\"]}]},{\"@type\":\"BreadcrumbList\",\"@id\":\"https:\/\/fuladevelopment.eu\/en\/projects-of-passive-houses#breadcrumb\",\"itemListElement\":[{\"@type\":\"ListItem\",\"position\":1,\"name\":\"Home\",\"item\":\"https:\/\/fuladevelopment.eu\/en\"},{\"@type\":\"ListItem\",\"position\":2,\"name\":\"Projects of family houses\",\"item\":\"https:\/\/fuladevelopment.eu\/en\/projects-of-family-houses\"},{\"@type\":\"ListItem\",\"position\":3,\"name\":\"Projects of passive houses\"}]},{\"@type\":\"WebSite\",\"@id\":\"https:\/\/fuladevelopment.eu\/#website\",\"url\":\"https:\/\/fuladevelopment.eu\/\",\"name\":\"Fula Development\",\"description\":\"\",\"potentialAction\":[{\"@type\":\"SearchAction\",\"target\":{\"@type\":\"EntryPoint\",\"urlTemplate\":\"https:\/\/fuladevelopment.eu\/?s={search_term_string}\"},\"query-input\":{\"@type\":\"PropertyValueSpecification\",\"valueRequired\":true,\"valueName\":\"search_term_string\"}}],\"inLanguage\":\"en-US\"}]}<\/script>\n<!-- \/ Yoast SEO plugin. -->","yoast_head_json":{"title":"Projects of passive houses - Fula Development","description":"Projekty pas\u00edvnych domov, ktor\u00e9 v\u00e1m u\u0161etria energiu. S\u00fa prec\u00edzne postaven\u00e9, posl\u00fa\u017eia ako hodnotn\u00fd rodinn\u00fd dom a prispej\u00fa aj k ochrane \u017eivotn\u00e9ho prostredia.","robots":{"index":"index","follow":"follow","max-snippet":"max-snippet:-1","max-image-preview":"max-image-preview:large","max-video-preview":"max-video-preview:-1"},"canonical":"https:\/\/fuladevelopment.eu\/en\/projects-of-passive-houses","og_locale":"en_US","og_type":"article","og_title":"Projects of passive houses - Fula Development","og_description":"Projekty pas\u00edvnych domov, ktor\u00e9 v\u00e1m u\u0161etria energiu. S\u00fa prec\u00edzne postaven\u00e9, posl\u00fa\u017eia ako hodnotn\u00fd rodinn\u00fd dom a prispej\u00fa aj k ochrane \u017eivotn\u00e9ho prostredia.","og_url":"https:\/\/fuladevelopment.eu\/en\/projects-of-passive-houses","og_site_name":"Fula Development","article_modified_time":"2017-10-19T09:13:44+00:00","twitter_card":"summary_large_image","twitter_misc":{"Est. reading time":"1 minute"},"schema":{"@context":"https:\/\/schema.org","@graph":[{"@type":"WebPage","@id":"https:\/\/fuladevelopment.eu\/en\/projects-of-passive-houses","url":"https:\/\/fuladevelopment.eu\/en\/projects-of-passive-houses","name":"Projects of passive houses - Fula Development","isPartOf":{"@id":"https:\/\/fuladevelopment.eu\/#website"},"datePublished":"2017-09-14T15:11:32+00:00","dateModified":"2017-10-19T09:13:44+00:00","description":"Projekty pas\u00edvnych domov, ktor\u00e9 v\u00e1m u\u0161etria energiu. S\u00fa prec\u00edzne postaven\u00e9, posl\u00fa\u017eia ako hodnotn\u00fd rodinn\u00fd dom a prispej\u00fa aj k ochrane \u017eivotn\u00e9ho prostredia.","breadcrumb":{"@id":"https:\/\/fuladevelopment.eu\/en\/projects-of-passive-houses#breadcrumb"},"inLanguage":"en-US","potentialAction":[{"@type":"ReadAction","target":["https:\/\/fuladevelopment.eu\/en\/projects-of-passive-houses"]}]},{"@type":"BreadcrumbList","@id":"https:\/\/fuladevelopment.eu\/en\/projects-of-passive-houses#breadcrumb","itemListElement":[{"@type":"ListItem","position":1,"name":"Home","item":"https:\/\/fuladevelopment.eu\/en"},{"@type":"ListItem","position":2,"name":"Projects of family houses","item":"https:\/\/fuladevelopment.eu\/en\/projects-of-family-houses"},{"@type":"ListItem","position":3,"name":"Projects of passive houses"}]},{"@type":"WebSite","@id":"https:\/\/fuladevelopment.eu\/#website","url":"https:\/\/fuladevelopment.eu\/","name":"Fula Development","description":"","potentialAction":[{"@type":"SearchAction","target":{"@type":"EntryPoint","urlTemplate":"https:\/\/fuladevelopment.eu\/?s={search_term_string}"},"query-input":{"@type":"PropertyValueSpecification","valueRequired":true,"valueName":"search_term_string"}}],"inLanguage":"en-US"}]}},"_links":{"self":[{"href":"https:\/\/fuladevelopment.eu\/en\/wp-json\/wp\/v2\/pages\/3452","targetHints":{"allow":["GET"]}}],"collection":[{"href":"https:\/\/fuladevelopment.eu\/en\/wp-json\/wp\/v2\/pages"}],"about":[{"href":"https:\/\/fuladevelopment.eu\/en\/wp-json\/wp\/v2\/types\/page"}],"author":[{"embeddable":true,"href":"https:\/\/fuladevelopment.eu\/en\/wp-json\/wp\/v2\/users\/1"}],"replies":[{"embeddable":true,"href":"https:\/\/fuladevelopment.eu\/en\/wp-json\/wp\/v2\/comments?post=3452"}],"version-history":[{"count":2,"href":"https:\/\/fuladevelopment.eu\/en\/wp-json\/wp\/v2\/pages\/3452\/revisions"}],"predecessor-version":[{"id":3583,"href":"https:\/\/fuladevelopment.eu\/en\/wp-json\/wp\/v2\/pages\/3452\/revisions\/3583"}],"up":[{"embeddable":true,"href":"https:\/\/fuladevelopment.eu\/en\/wp-json\/wp\/v2\/pages\/3429"}],"wp:attachment":[{"href":"https:\/\/fuladevelopment.eu\/en\/wp-json\/wp\/v2\/media?parent=3452"}],"curies":[{"name":"wp","href":"https:\/\/api.w.org\/{rel}","templated":true}]}}