{"id":3590,"date":"2017-09-19T09:39:46","date_gmt":"2017-09-19T07:39:46","guid":{"rendered":"http:\/\/fuladevelopment.eu\/lacne-rodinne-domy"},"modified":"2017-10-19T11:26:12","modified_gmt":"2017-10-19T09:26:12","slug":"lacne-rodinne-domy","status":"publish","type":"page","link":"https:\/\/fuladevelopment.eu\/en\/small-family-houses","title":{"rendered":"Small family houses"},"content":{"rendered":"<p>[vc_row][vc_column][vc_raw_html]JTNDaDIlMjBzdHlsZSUzRCUyMmNvbG9yJTNBJTIwJTIzM2E0ZDZhJTNCdGV4dC1hbGlnbiUzQSUyMGNlbnRlciUzQmZvbnQtZmFtaWx5JTNBTW9udHNlcnJhdCUzQmZvbnQtd2VpZ2h0JTNBNzAwJTNCZm9udC1zdHlsZSUzQW5vcm1hbCUyMiUyMGNsYXNzJTNEJTIydmNfY3VzdG9tX2hlYWRpbmclMjB2Y19jdXN0b21fMTUwNTcyMTM0MTQxMCUyMiUzRVNNQUxMJTIwRkFNSUxZJTIwSE9VU0VTJTIwRk9SJTIwQSUyME1PREVTVCUyMFBSSUNFJTNDJTJGaDIlM0U=[\/vc_raw_html][vc_column_text]We design a project of a Small Family House that any young couple can afford. We can tailor the project to your financial budget and offer you a Small Family House that will be comfortable and meet your aesthetic requirements. Safe and healthy materials and smart construction systems are used for constructions that take an extremely short time to build, all to increase your savings.<\/p>\n<p>Small Family Houses have high energy efficiency and long service life. We guarantee the quality of the construction based on our long-term experience, proven construction practices, and honest craftsmanship.[\/vc_column_text][vc_separator]<div class=\"slz-shortcode sc_project_list  buildplus_project-12416424269d34eb7ab924\" data-item=\"buildplus_project-12416424269d34eb7ab924\">\n\t<div class=\"list-block column-1\">\t\t\n\t\t\n\t<div class=\"item project_3859 inline_block\">\n\t\t<div class=\"block-2\">\n\t\t\t<div class=\"block-image\"><img loading=\"lazy\" decoding=\"async\" width=\"762\" height=\"482\" src=\"https:\/\/fuladevelopment.eu\/wp-content\/uploads\/2017\/10\/gamart-1.png\" class=\"img-full\" alt=\"SMALL HOUSE PROJECT VIZUALIZATION\" srcset=\"https:\/\/fuladevelopment.eu\/wp-content\/uploads\/2017\/10\/gamart-1.png 762w, https:\/\/fuladevelopment.eu\/wp-content\/uploads\/2017\/10\/gamart-1-300x190.png 300w\" sizes=\"auto, (max-width: 762px) 100vw, 762px\" \/><a href=\"https:\/\/fuladevelopment.eu\/en\/mini+house+2\" class=\"link\"><\/a><\/div>\n\t\t\t<div class=\"block-content\">\n\t\t\t\t\n\t\t\t\t<a href=\"https:\/\/fuladevelopment.eu\/en\/mini+house+2\" class=\"title\">Mini house 2<\/a>\n\t\t\t\t<div class=\"description\"><div class=\"text\"><b>PROJECT NAME:<\/b> MINI HOUSE 2<br \/><br \/>\r\n<b>NET INTERNAL AREA: <\/b>85 m2<br \/><br \/>\r\n<b>GROSS EXTERNAL AREA: <\/b>95 m2<br \/><br \/>\r\n<b>KEY CONSTRUCTION PRICE: <\/b>76 500 \u20ac<br \/><br \/>\r\n<b>PRICE ROUGH CONSTRUCTION: <\/b>51 000 \u20ac<br \/><br \/>\r\n<b>NUMBER OF ROOMS:<\/b> 4<\/div><\/div>\n\t\t\t\t<a href=\"https:\/\/fuladevelopment.eu\/en\/mini+house+2\" class=\"readmore-icons\"><i class=\"icons fa fa-plus\"><\/i><\/a>\n\t\t\t<\/div>\n\t\t<\/div>\n\t<\/div>\n\n\t<div class=\"item project_3925 inline_block\">\n\t\t<div class=\"block-2\">\n\t\t\t<div class=\"block-image\"><img loading=\"lazy\" decoding=\"async\" width=\"943\" height=\"589\" src=\"https:\/\/fuladevelopment.eu\/wp-content\/uploads\/2017\/10\/rajkaa-2-1.jpg\" class=\"img-full\" alt=\"BUNGALOW project vizualization\" srcset=\"https:\/\/fuladevelopment.eu\/wp-content\/uploads\/2017\/10\/rajkaa-2-1.jpg 943w, https:\/\/fuladevelopment.eu\/wp-content\/uploads\/2017\/10\/rajkaa-2-1-300x187.jpg 300w, https:\/\/fuladevelopment.eu\/wp-content\/uploads\/2017\/10\/rajkaa-2-1-768x480.jpg 768w\" sizes=\"auto, (max-width: 943px) 100vw, 943px\" \/><a href=\"https:\/\/fuladevelopment.eu\/en\/mini-house-3\" class=\"link\"><\/a><\/div>\n\t\t\t<div class=\"block-content\">\n\t\t\t\t\n\t\t\t\t<a href=\"https:\/\/fuladevelopment.eu\/en\/mini-house-3\" class=\"title\">Mini house 3<\/a>\n\t\t\t\t<div class=\"description\"><div class=\"text\"><b>PROJECT NAME:<\/b> MINI HOUSE 3<br \/><br \/>\r\n<b>NET INTERNAL AREA: <\/b>80 m2<br \/><br \/>\r\n<b>GROSS EXTERNAL AREA: <\/b>104 m2<br \/><br \/>\r\n<b>KEY CONSTRUCTION PRICE: <\/b>72 000 \u20ac<br \/><br \/>\r\n<b>PRICE ROUGH CONSTRUCTION: <\/b>44 000 \u20ac<br \/><br \/>\r\n<b>NUMBER OF ROOMS:<\/b>4<\/div><\/div>\n\t\t\t\t<a href=\"https:\/\/fuladevelopment.eu\/en\/mini-house-3\" class=\"readmore-icons\"><i class=\"icons fa fa-plus\"><\/i><\/a>\n\t\t\t<\/div>\n\t\t<\/div>\n\t<\/div>\n\n\t<div class=\"item project_3552 inline_block\">\n\t\t<div class=\"block-2\">\n\t\t\t<div class=\"block-image\"><img loading=\"lazy\" decoding=\"async\" width=\"640\" height=\"480\" src=\"https:\/\/fuladevelopment.eu\/wp-content\/uploads\/2017\/09\/7-2-1.jpg\" class=\"img-full\" alt=\"\" srcset=\"https:\/\/fuladevelopment.eu\/wp-content\/uploads\/2017\/09\/7-2-1.jpg 640w, https:\/\/fuladevelopment.eu\/wp-content\/uploads\/2017\/09\/7-2-1-300x225.jpg 300w, https:\/\/fuladevelopment.eu\/wp-content\/uploads\/2017\/09\/7-2-1-400x300.jpg 400w\" sizes=\"auto, (max-width: 640px) 100vw, 640px\" \/><a href=\"https:\/\/fuladevelopment.eu\/en\/mini-house-1\" class=\"link\"><\/a><\/div>\n\t\t\t<div class=\"block-content\">\n\t\t\t\t\n\t\t\t\t<a href=\"https:\/\/fuladevelopment.eu\/en\/mini-house-1\" class=\"title\">Mini house 1<\/a>\n\t\t\t\t<div class=\"description\"><div class=\"text\"><b>PROJECT NAME:<\/b> MINIDOM 1<br \/><br \/>\r\n<b>NET INTERNAL AREA: <\/b>120 m2<br \/><br \/>\r\n<b>GROSS EXTERNAL AREA: <\/b>150 m2<br \/><br \/>\r\n<b>KEY CONSTRUCTION PRICE: <\/b>107 000 \u20ac<br \/><br \/>\r\n<b>PRICE ROUGH CONSTRUCTION: <\/b>90 000 \u20ac<br \/><br \/>\r\n<b>NUMBER OF ROOMS:<\/b>4<\/div><\/div>\n\t\t\t\t<a href=\"https:\/\/fuladevelopment.eu\/en\/mini-house-1\" class=\"readmore-icons\"><i class=\"icons fa fa-plus\"><\/i><\/a>\n\t\t\t<\/div>\n\t\t<\/div>\n\t<\/div>\n<div class=\"pagination-wrapper undefined margin-top-50\"><ul class=\"pagination\"><li><a href=\"https:\/\/fuladevelopment.eu\/en\/wp-json\/wp\/v2\/pages\/3590\" class=\"link previous\">previous<\/a><\/li><li><a href=\"https:\/\/fuladevelopment.eu\/en\/wp-json\/wp\/v2\/pages\/3590\/page\/2\" class=\"link next\">next<\/a><\/li><\/ul>\n<\/div>\t<\/div>\n<\/div>[\/vc_column][\/vc_row]<\/p>\n","protected":false},"excerpt":{"rendered":"<p>[vc_row][vc_column][vc_raw_html]JTNDaDIlMjBzdHlsZSUzRCUyMmNvbG9yJTNBJTIwJTIzM2E0ZDZhJTNCdGV4dC1hbGlnbiUzQSUyMGNlbnRlciUzQmZvbnQtZmFtaWx5JTNBTW9udHNlcnJhdCUzQmZvbnQtd2VpZ2h0JTNBNzAwJTNCZm9udC1zdHlsZSUzQW5vcm1hbCUyMiUyMGNsYXNzJTNEJTIydmNfY3VzdG9tX2hlYWRpbmclMjB2Y19jdXN0b21fMTUwNTcyMTM0MTQxMCUyMiUzRVNNQUxMJTIwRkFNSUxZJTIwSE9VU0VTJTIwRk9SJTIwQSUyME1PREVTVCUyMFBSSUNFJTNDJTJGaDIlM0U=[\/vc_raw_html][vc_column_text]We design a project of a Small Family House that any young couple can afford. We can tailor the project to your financial budget and offer you a Small Family House that will be comfortable and meet your aesthetic requirements. Safe and healthy materials and smart construction systems are used for constructions that take an [&hellip;]<\/p>\n","protected":false},"author":1,"featured_media":0,"parent":0,"menu_order":0,"comment_status":"closed","ping_status":"closed","template":"","meta":{"_monsterinsights_skip_tracking":false,"_monsterinsights_sitenote_active":false,"_monsterinsights_sitenote_note":"","_monsterinsights_sitenote_category":0,"footnotes":""},"class_list":["post-3590","page","type-page","status-publish","hentry"],"yoast_head":"<!-- This site is optimized with the Yoast SEO plugin v26.5 - https:\/\/yoast.com\/wordpress\/plugins\/seo\/ -->\n<title>Small family houses - Fula Development<\/title>\n<meta name=\"description\" content=\"Lacn\u00e9 rodinn\u00e9 domy, ktor\u00e9 si u n\u00e1s m\u00f4\u017ee dovoli\u0165 ka\u017ed\u00e1 mlad\u00e1 rodina. Projekt dok\u00e1\u017eeme prisp\u00f4sobi\u0165 v\u00e1\u0161mu finan\u010dn\u00e9mu rozpo\u010dtu a n\u00e1js\u0165 v\u017edy ide\u00e1lne rie\u0161enie.\" \/>\n<meta name=\"robots\" content=\"index, follow, max-snippet:-1, max-image-preview:large, max-video-preview:-1\" \/>\n<link rel=\"canonical\" href=\"https:\/\/fuladevelopment.eu\/en\/small-family-houses\" \/>\n<meta property=\"og:locale\" content=\"en_US\" \/>\n<meta property=\"og:type\" content=\"article\" \/>\n<meta property=\"og:title\" content=\"Small family houses - Fula Development\" \/>\n<meta property=\"og:description\" content=\"Lacn\u00e9 rodinn\u00e9 domy, ktor\u00e9 si u n\u00e1s m\u00f4\u017ee dovoli\u0165 ka\u017ed\u00e1 mlad\u00e1 rodina. Projekt dok\u00e1\u017eeme prisp\u00f4sobi\u0165 v\u00e1\u0161mu finan\u010dn\u00e9mu rozpo\u010dtu a n\u00e1js\u0165 v\u017edy ide\u00e1lne rie\u0161enie.\" \/>\n<meta property=\"og:url\" content=\"https:\/\/fuladevelopment.eu\/en\/small-family-houses\" \/>\n<meta property=\"og:site_name\" content=\"Fula Development\" \/>\n<meta property=\"article:modified_time\" content=\"2017-10-19T09:26:12+00:00\" \/>\n<meta name=\"twitter:card\" content=\"summary_large_image\" \/>\n<meta name=\"twitter:label1\" content=\"Est. reading time\" \/>\n\t<meta name=\"twitter:data1\" content=\"1 minute\" \/>\n<script type=\"application\/ld+json\" class=\"yoast-schema-graph\">{\"@context\":\"https:\/\/schema.org\",\"@graph\":[{\"@type\":\"WebPage\",\"@id\":\"https:\/\/fuladevelopment.eu\/en\/small-family-houses\",\"url\":\"https:\/\/fuladevelopment.eu\/en\/small-family-houses\",\"name\":\"Small family houses - Fula Development\",\"isPartOf\":{\"@id\":\"https:\/\/fuladevelopment.eu\/#website\"},\"datePublished\":\"2017-09-19T07:39:46+00:00\",\"dateModified\":\"2017-10-19T09:26:12+00:00\",\"description\":\"Lacn\u00e9 rodinn\u00e9 domy, ktor\u00e9 si u n\u00e1s m\u00f4\u017ee dovoli\u0165 ka\u017ed\u00e1 mlad\u00e1 rodina. Projekt dok\u00e1\u017eeme prisp\u00f4sobi\u0165 v\u00e1\u0161mu finan\u010dn\u00e9mu rozpo\u010dtu a n\u00e1js\u0165 v\u017edy ide\u00e1lne rie\u0161enie.\",\"breadcrumb\":{\"@id\":\"https:\/\/fuladevelopment.eu\/en\/small-family-houses#breadcrumb\"},\"inLanguage\":\"en-US\",\"potentialAction\":[{\"@type\":\"ReadAction\",\"target\":[\"https:\/\/fuladevelopment.eu\/en\/small-family-houses\"]}]},{\"@type\":\"BreadcrumbList\",\"@id\":\"https:\/\/fuladevelopment.eu\/en\/small-family-houses#breadcrumb\",\"itemListElement\":[{\"@type\":\"ListItem\",\"position\":1,\"name\":\"Home\",\"item\":\"https:\/\/fuladevelopment.eu\/en\"},{\"@type\":\"ListItem\",\"position\":2,\"name\":\"Small family houses\"}]},{\"@type\":\"WebSite\",\"@id\":\"https:\/\/fuladevelopment.eu\/#website\",\"url\":\"https:\/\/fuladevelopment.eu\/\",\"name\":\"Fula Development\",\"description\":\"\",\"potentialAction\":[{\"@type\":\"SearchAction\",\"target\":{\"@type\":\"EntryPoint\",\"urlTemplate\":\"https:\/\/fuladevelopment.eu\/?s={search_term_string}\"},\"query-input\":{\"@type\":\"PropertyValueSpecification\",\"valueRequired\":true,\"valueName\":\"search_term_string\"}}],\"inLanguage\":\"en-US\"}]}<\/script>\n<!-- \/ Yoast SEO plugin. -->","yoast_head_json":{"title":"Small family houses - Fula Development","description":"Lacn\u00e9 rodinn\u00e9 domy, ktor\u00e9 si u n\u00e1s m\u00f4\u017ee dovoli\u0165 ka\u017ed\u00e1 mlad\u00e1 rodina. Projekt dok\u00e1\u017eeme prisp\u00f4sobi\u0165 v\u00e1\u0161mu finan\u010dn\u00e9mu rozpo\u010dtu a n\u00e1js\u0165 v\u017edy ide\u00e1lne rie\u0161enie.","robots":{"index":"index","follow":"follow","max-snippet":"max-snippet:-1","max-image-preview":"max-image-preview:large","max-video-preview":"max-video-preview:-1"},"canonical":"https:\/\/fuladevelopment.eu\/en\/small-family-houses","og_locale":"en_US","og_type":"article","og_title":"Small family houses - Fula Development","og_description":"Lacn\u00e9 rodinn\u00e9 domy, ktor\u00e9 si u n\u00e1s m\u00f4\u017ee dovoli\u0165 ka\u017ed\u00e1 mlad\u00e1 rodina. Projekt dok\u00e1\u017eeme prisp\u00f4sobi\u0165 v\u00e1\u0161mu finan\u010dn\u00e9mu rozpo\u010dtu a n\u00e1js\u0165 v\u017edy ide\u00e1lne rie\u0161enie.","og_url":"https:\/\/fuladevelopment.eu\/en\/small-family-houses","og_site_name":"Fula Development","article_modified_time":"2017-10-19T09:26:12+00:00","twitter_card":"summary_large_image","twitter_misc":{"Est. reading time":"1 minute"},"schema":{"@context":"https:\/\/schema.org","@graph":[{"@type":"WebPage","@id":"https:\/\/fuladevelopment.eu\/en\/small-family-houses","url":"https:\/\/fuladevelopment.eu\/en\/small-family-houses","name":"Small family houses - Fula Development","isPartOf":{"@id":"https:\/\/fuladevelopment.eu\/#website"},"datePublished":"2017-09-19T07:39:46+00:00","dateModified":"2017-10-19T09:26:12+00:00","description":"Lacn\u00e9 rodinn\u00e9 domy, ktor\u00e9 si u n\u00e1s m\u00f4\u017ee dovoli\u0165 ka\u017ed\u00e1 mlad\u00e1 rodina. Projekt dok\u00e1\u017eeme prisp\u00f4sobi\u0165 v\u00e1\u0161mu finan\u010dn\u00e9mu rozpo\u010dtu a n\u00e1js\u0165 v\u017edy ide\u00e1lne rie\u0161enie.","breadcrumb":{"@id":"https:\/\/fuladevelopment.eu\/en\/small-family-houses#breadcrumb"},"inLanguage":"en-US","potentialAction":[{"@type":"ReadAction","target":["https:\/\/fuladevelopment.eu\/en\/small-family-houses"]}]},{"@type":"BreadcrumbList","@id":"https:\/\/fuladevelopment.eu\/en\/small-family-houses#breadcrumb","itemListElement":[{"@type":"ListItem","position":1,"name":"Home","item":"https:\/\/fuladevelopment.eu\/en"},{"@type":"ListItem","position":2,"name":"Small family houses"}]},{"@type":"WebSite","@id":"https:\/\/fuladevelopment.eu\/#website","url":"https:\/\/fuladevelopment.eu\/","name":"Fula Development","description":"","potentialAction":[{"@type":"SearchAction","target":{"@type":"EntryPoint","urlTemplate":"https:\/\/fuladevelopment.eu\/?s={search_term_string}"},"query-input":{"@type":"PropertyValueSpecification","valueRequired":true,"valueName":"search_term_string"}}],"inLanguage":"en-US"}]}},"_links":{"self":[{"href":"https:\/\/fuladevelopment.eu\/en\/wp-json\/wp\/v2\/pages\/3590","targetHints":{"allow":["GET"]}}],"collection":[{"href":"https:\/\/fuladevelopment.eu\/en\/wp-json\/wp\/v2\/pages"}],"about":[{"href":"https:\/\/fuladevelopment.eu\/en\/wp-json\/wp\/v2\/types\/page"}],"author":[{"embeddable":true,"href":"https:\/\/fuladevelopment.eu\/en\/wp-json\/wp\/v2\/users\/1"}],"replies":[{"embeddable":true,"href":"https:\/\/fuladevelopment.eu\/en\/wp-json\/wp\/v2\/comments?post=3590"}],"version-history":[{"count":2,"href":"https:\/\/fuladevelopment.eu\/en\/wp-json\/wp\/v2\/pages\/3590\/revisions"}],"predecessor-version":[{"id":3591,"href":"https:\/\/fuladevelopment.eu\/en\/wp-json\/wp\/v2\/pages\/3590\/revisions\/3591"}],"wp:attachment":[{"href":"https:\/\/fuladevelopment.eu\/en\/wp-json\/wp\/v2\/media?parent=3590"}],"curies":[{"name":"wp","href":"https:\/\/api.w.org\/{rel}","templated":true}]}}