{"id":3593,"date":"2017-09-19T09:50:41","date_gmt":"2017-09-19T07:50:41","guid":{"rendered":"http:\/\/fuladevelopment.eu\/pasivne-domy"},"modified":"2017-10-19T11:29:48","modified_gmt":"2017-10-19T09:29:48","slug":"pasivne-domy","status":"publish","type":"page","link":"https:\/\/fuladevelopment.eu\/en\/passive-houses","title":{"rendered":"Passive houses"},"content":{"rendered":"<p>[vc_row][vc_column][vc_raw_html]JTNDaDIlMjBzdHlsZSUzRCUyMmNvbG9yJTNBJTIwJTIzM2E0ZDZhJTNCdGV4dC1hbGlnbiUzQSUyMGNlbnRlciUzQmZvbnQtZmFtaWx5JTNBTW9udHNlcnJhdCUzQmZvbnQtd2VpZ2h0JTNBNzAwJTNCZm9udC1zdHlsZSUzQW5vcm1hbCUyMiUyMGNsYXNzJTNEJTIydmNfY3VzdG9tX2hlYWRpbmclMjB2Y19jdXN0b21fMTUwNTcyMTM0MTQxMCUyMiUzRVBBU1NJVkUlMjBIT1VTRVMlMjBUSEFUJTIwU0FWRSUyMEVORVJHWSUzQyUyRmgyJTNF[\/vc_raw_html][vc_column_text]Passive Houses are environmentally friendly and economical buildings that can save up to 7 times more energy costs than a standard family house. Materials, specific construction procedures, and maximum perfection in the assembly provide for no unnecessary heat leakage.<\/p>\n<p>Passive Houses do not require a conventional heating system, they are heated up by indoor and outdoor sources of heat, especially sunlight. A natural part of Passive Houses are solar panels and facades with sufficient thermal insulation. Special three-layer windows are used that prevent the internal heat from escaping.[\/vc_column_text][vc_separator]<div class=\"slz-shortcode sc_project_list  buildplus_project-8272165969e8b741b8b51\" data-item=\"buildplus_project-8272165969e8b741b8b51\">\n\t<div class=\"list-block column-1\">\t\t\n\t\t\n\t<div class=\"item project_3549 inline_block\">\n\t\t<div class=\"block-2\">\n\t\t\t<div class=\"block-image\"><img loading=\"lazy\" decoding=\"async\" width=\"800\" height=\"447\" src=\"https:\/\/fuladevelopment.eu\/wp-content\/uploads\/2017\/09\/8-2.jpg\" class=\"img-full\" alt=\"\" srcset=\"https:\/\/fuladevelopment.eu\/wp-content\/uploads\/2017\/09\/8-2.jpg 800w, https:\/\/fuladevelopment.eu\/wp-content\/uploads\/2017\/09\/8-2-300x168.jpg 300w, https:\/\/fuladevelopment.eu\/wp-content\/uploads\/2017\/09\/8-2-768x429.jpg 768w\" sizes=\"auto, (max-width: 800px) 100vw, 800px\" \/><a href=\"https:\/\/fuladevelopment.eu\/en\/eko-house-1\" class=\"link\"><\/a><\/div>\n\t\t\t<div class=\"block-content\">\n\t\t\t\t\n\t\t\t\t<a href=\"https:\/\/fuladevelopment.eu\/en\/eko-house-1\" class=\"title\">EKO house 1<\/a>\n\t\t\t\t<div class=\"description\"><div class=\"text\"><b>PROJECT NAME:<\/b> EKODOM1<br \/><br \/>\r\n<b>NET INTERNAL AREA: <\/b>120 m2<br \/><br \/>\r\n<b>GROSS EXTERNAL AREA: <\/b>150 m2<br \/><br \/>\r\n<b>KEY CONSTRUCTION PRICE: <\/b>107 000 \u20ac<br \/><br \/>\r\n<b>PRICE ROUGH CONSTRUCTION: <\/b>90 000 \u20ac<br \/><br \/>\r\n<b>NUMBER OF ROOMS:<\/b>4<\/div><\/div>\n\t\t\t\t<a href=\"https:\/\/fuladevelopment.eu\/en\/eko-house-1\" class=\"readmore-icons\"><i class=\"icons fa fa-plus\"><\/i><\/a>\n\t\t\t<\/div>\n\t\t<\/div>\n\t<\/div>\n<div class=\"pagination-wrapper undefined margin-top-50\"><ul class=\"pagination\"><li><a href=\"https:\/\/fuladevelopment.eu\/en\/wp-json\/wp\/v2\/pages\/3593\" class=\"link previous\">previous<\/a><\/li><li><a href=\"https:\/\/fuladevelopment.eu\/en\/wp-json\/wp\/v2\/pages\/3593\/page\/2\" class=\"link next\">next<\/a><\/li><\/ul>\n<\/div>\t<\/div>\n<\/div>[\/vc_column][\/vc_row]<\/p>\n","protected":false},"excerpt":{"rendered":"<p>[vc_row][vc_column][vc_raw_html]JTNDaDIlMjBzdHlsZSUzRCUyMmNvbG9yJTNBJTIwJTIzM2E0ZDZhJTNCdGV4dC1hbGlnbiUzQSUyMGNlbnRlciUzQmZvbnQtZmFtaWx5JTNBTW9udHNlcnJhdCUzQmZvbnQtd2VpZ2h0JTNBNzAwJTNCZm9udC1zdHlsZSUzQW5vcm1hbCUyMiUyMGNsYXNzJTNEJTIydmNfY3VzdG9tX2hlYWRpbmclMjB2Y19jdXN0b21fMTUwNTcyMTM0MTQxMCUyMiUzRVBBU1NJVkUlMjBIT1VTRVMlMjBUSEFUJTIwU0FWRSUyMEVORVJHWSUzQyUyRmgyJTNF[\/vc_raw_html][vc_column_text]Passive Houses are environmentally friendly and economical buildings that can save up to 7 times more energy costs than a standard family house. Materials, specific construction procedures, and maximum perfection in the assembly provide for no unnecessary heat leakage. Passive Houses do not require a conventional heating system, they are heated up by indoor and [&hellip;]<\/p>\n","protected":false},"author":1,"featured_media":0,"parent":0,"menu_order":0,"comment_status":"closed","ping_status":"closed","template":"","meta":{"_monsterinsights_skip_tracking":false,"_monsterinsights_sitenote_active":false,"_monsterinsights_sitenote_note":"","_monsterinsights_sitenote_category":0,"footnotes":""},"class_list":["post-3593","page","type-page","status-publish","hentry"],"yoast_head":"<!-- This site is optimized with the Yoast SEO plugin v26.5 - https:\/\/yoast.com\/wordpress\/plugins\/seo\/ -->\n<title>Passive houses - Fula Development<\/title>\n<meta name=\"description\" content=\"Zelen\u00e9 (pas\u00edvne) domy s\u00fa ekologick\u00e9 a \u00fasporn\u00e9 stavby, ktor\u00e9 dok\u00e1\u017eu u\u0161etri\u0165 a\u017e 7x viac n\u00e1kladov na energie ako \u0161tandardn\u00fd rodinn\u00fd dom.\" \/>\n<meta name=\"robots\" content=\"index, follow, max-snippet:-1, max-image-preview:large, max-video-preview:-1\" \/>\n<link rel=\"canonical\" href=\"https:\/\/fuladevelopment.eu\/en\/passive-houses\" \/>\n<meta property=\"og:locale\" content=\"en_US\" \/>\n<meta property=\"og:type\" content=\"article\" \/>\n<meta property=\"og:title\" content=\"Passive houses - Fula Development\" \/>\n<meta property=\"og:description\" content=\"Zelen\u00e9 (pas\u00edvne) domy s\u00fa ekologick\u00e9 a \u00fasporn\u00e9 stavby, ktor\u00e9 dok\u00e1\u017eu u\u0161etri\u0165 a\u017e 7x viac n\u00e1kladov na energie ako \u0161tandardn\u00fd rodinn\u00fd dom.\" \/>\n<meta property=\"og:url\" content=\"https:\/\/fuladevelopment.eu\/en\/passive-houses\" \/>\n<meta property=\"og:site_name\" content=\"Fula Development\" \/>\n<meta property=\"article:modified_time\" content=\"2017-10-19T09:29:48+00:00\" \/>\n<meta name=\"twitter:card\" content=\"summary_large_image\" \/>\n<meta name=\"twitter:label1\" content=\"Est. reading time\" \/>\n\t<meta name=\"twitter:data1\" content=\"1 minute\" \/>\n<script type=\"application\/ld+json\" class=\"yoast-schema-graph\">{\"@context\":\"https:\/\/schema.org\",\"@graph\":[{\"@type\":\"WebPage\",\"@id\":\"https:\/\/fuladevelopment.eu\/en\/passive-houses\",\"url\":\"https:\/\/fuladevelopment.eu\/en\/passive-houses\",\"name\":\"Passive houses - Fula Development\",\"isPartOf\":{\"@id\":\"https:\/\/fuladevelopment.eu\/#website\"},\"datePublished\":\"2017-09-19T07:50:41+00:00\",\"dateModified\":\"2017-10-19T09:29:48+00:00\",\"description\":\"Zelen\u00e9 (pas\u00edvne) domy s\u00fa ekologick\u00e9 a \u00fasporn\u00e9 stavby, ktor\u00e9 dok\u00e1\u017eu u\u0161etri\u0165 a\u017e 7x viac n\u00e1kladov na energie ako \u0161tandardn\u00fd rodinn\u00fd dom.\",\"breadcrumb\":{\"@id\":\"https:\/\/fuladevelopment.eu\/en\/passive-houses#breadcrumb\"},\"inLanguage\":\"en-US\",\"potentialAction\":[{\"@type\":\"ReadAction\",\"target\":[\"https:\/\/fuladevelopment.eu\/en\/passive-houses\"]}]},{\"@type\":\"BreadcrumbList\",\"@id\":\"https:\/\/fuladevelopment.eu\/en\/passive-houses#breadcrumb\",\"itemListElement\":[{\"@type\":\"ListItem\",\"position\":1,\"name\":\"Home\",\"item\":\"https:\/\/fuladevelopment.eu\/en\"},{\"@type\":\"ListItem\",\"position\":2,\"name\":\"Passive houses\"}]},{\"@type\":\"WebSite\",\"@id\":\"https:\/\/fuladevelopment.eu\/#website\",\"url\":\"https:\/\/fuladevelopment.eu\/\",\"name\":\"Fula Development\",\"description\":\"\",\"potentialAction\":[{\"@type\":\"SearchAction\",\"target\":{\"@type\":\"EntryPoint\",\"urlTemplate\":\"https:\/\/fuladevelopment.eu\/?s={search_term_string}\"},\"query-input\":{\"@type\":\"PropertyValueSpecification\",\"valueRequired\":true,\"valueName\":\"search_term_string\"}}],\"inLanguage\":\"en-US\"}]}<\/script>\n<!-- \/ Yoast SEO plugin. -->","yoast_head_json":{"title":"Passive houses - Fula Development","description":"Zelen\u00e9 (pas\u00edvne) domy s\u00fa ekologick\u00e9 a \u00fasporn\u00e9 stavby, ktor\u00e9 dok\u00e1\u017eu u\u0161etri\u0165 a\u017e 7x viac n\u00e1kladov na energie ako \u0161tandardn\u00fd rodinn\u00fd dom.","robots":{"index":"index","follow":"follow","max-snippet":"max-snippet:-1","max-image-preview":"max-image-preview:large","max-video-preview":"max-video-preview:-1"},"canonical":"https:\/\/fuladevelopment.eu\/en\/passive-houses","og_locale":"en_US","og_type":"article","og_title":"Passive houses - Fula Development","og_description":"Zelen\u00e9 (pas\u00edvne) domy s\u00fa ekologick\u00e9 a \u00fasporn\u00e9 stavby, ktor\u00e9 dok\u00e1\u017eu u\u0161etri\u0165 a\u017e 7x viac n\u00e1kladov na energie ako \u0161tandardn\u00fd rodinn\u00fd dom.","og_url":"https:\/\/fuladevelopment.eu\/en\/passive-houses","og_site_name":"Fula Development","article_modified_time":"2017-10-19T09:29:48+00:00","twitter_card":"summary_large_image","twitter_misc":{"Est. reading time":"1 minute"},"schema":{"@context":"https:\/\/schema.org","@graph":[{"@type":"WebPage","@id":"https:\/\/fuladevelopment.eu\/en\/passive-houses","url":"https:\/\/fuladevelopment.eu\/en\/passive-houses","name":"Passive houses - Fula Development","isPartOf":{"@id":"https:\/\/fuladevelopment.eu\/#website"},"datePublished":"2017-09-19T07:50:41+00:00","dateModified":"2017-10-19T09:29:48+00:00","description":"Zelen\u00e9 (pas\u00edvne) domy s\u00fa ekologick\u00e9 a \u00fasporn\u00e9 stavby, ktor\u00e9 dok\u00e1\u017eu u\u0161etri\u0165 a\u017e 7x viac n\u00e1kladov na energie ako \u0161tandardn\u00fd rodinn\u00fd dom.","breadcrumb":{"@id":"https:\/\/fuladevelopment.eu\/en\/passive-houses#breadcrumb"},"inLanguage":"en-US","potentialAction":[{"@type":"ReadAction","target":["https:\/\/fuladevelopment.eu\/en\/passive-houses"]}]},{"@type":"BreadcrumbList","@id":"https:\/\/fuladevelopment.eu\/en\/passive-houses#breadcrumb","itemListElement":[{"@type":"ListItem","position":1,"name":"Home","item":"https:\/\/fuladevelopment.eu\/en"},{"@type":"ListItem","position":2,"name":"Passive houses"}]},{"@type":"WebSite","@id":"https:\/\/fuladevelopment.eu\/#website","url":"https:\/\/fuladevelopment.eu\/","name":"Fula Development","description":"","potentialAction":[{"@type":"SearchAction","target":{"@type":"EntryPoint","urlTemplate":"https:\/\/fuladevelopment.eu\/?s={search_term_string}"},"query-input":{"@type":"PropertyValueSpecification","valueRequired":true,"valueName":"search_term_string"}}],"inLanguage":"en-US"}]}},"_links":{"self":[{"href":"https:\/\/fuladevelopment.eu\/en\/wp-json\/wp\/v2\/pages\/3593","targetHints":{"allow":["GET"]}}],"collection":[{"href":"https:\/\/fuladevelopment.eu\/en\/wp-json\/wp\/v2\/pages"}],"about":[{"href":"https:\/\/fuladevelopment.eu\/en\/wp-json\/wp\/v2\/types\/page"}],"author":[{"embeddable":true,"href":"https:\/\/fuladevelopment.eu\/en\/wp-json\/wp\/v2\/users\/1"}],"replies":[{"embeddable":true,"href":"https:\/\/fuladevelopment.eu\/en\/wp-json\/wp\/v2\/comments?post=3593"}],"version-history":[{"count":2,"href":"https:\/\/fuladevelopment.eu\/en\/wp-json\/wp\/v2\/pages\/3593\/revisions"}],"predecessor-version":[{"id":3594,"href":"https:\/\/fuladevelopment.eu\/en\/wp-json\/wp\/v2\/pages\/3593\/revisions\/3594"}],"wp:attachment":[{"href":"https:\/\/fuladevelopment.eu\/en\/wp-json\/wp\/v2\/media?parent=3593"}],"curies":[{"name":"wp","href":"https:\/\/api.w.org\/{rel}","templated":true}]}}