{"id":3610,"date":"2017-09-19T09:52:19","date_gmt":"2017-09-19T07:52:19","guid":{"rendered":"http:\/\/fuladevelopment.eu\/moderne-rodinne-domy"},"modified":"2017-10-19T11:32:51","modified_gmt":"2017-10-19T09:32:51","slug":"moderne-rodinne-domy","status":"publish","type":"page","link":"https:\/\/fuladevelopment.eu\/en\/modern-family-houses","title":{"rendered":"Modern family houses"},"content":{"rendered":"<p>[vc_row][vc_column][vc_raw_html]JTNDaDIlMjBzdHlsZSUzRCUyMmNvbG9yJTNBJTIwJTIzM2E0ZDZhJTNCdGV4dC1hbGlnbiUzQSUyMGNlbnRlciUzQmZvbnQtZmFtaWx5JTNBTW9udHNlcnJhdCUzQmZvbnQtd2VpZ2h0JTNBNzAwJTNCZm9udC1zdHlsZSUzQW5vcm1hbCUyMiUyMGNsYXNzJTNEJTIydmNfY3VzdG9tX2hlYWRpbmclMjB2Y19jdXN0b21fMTUwNTcyMTM0MTQxMCUyMiUzRVNUWUxJU0glMjBNT0RFUk4lMjBGQU1JTFklMjBIT1VTRVMlMjAlM0MlMkZoMiUzRQ==[\/vc_raw_html][vc_column_text]We design and build Modern Family Houses for all those who do not like template solutions. They are characterized by their atypical shape and cubist design. The influence of minimalism approach combines with a generous interior. Modern Family Houses can be recognized from a distance due to their self-confident and impressive appearance. Our designers are happy to rewrite your ideas on paper and develop them into an attractive and modern house.[\/vc_column_text][vc_separator]<div class=\"slz-shortcode sc_project_list  buildplus_project-63404036669dabea1025a2\" data-item=\"buildplus_project-63404036669dabea1025a2\">\n\t<div class=\"list-block column-1\">\t\t\n\t\t\n\t<div class=\"item project_3871 inline_block\">\n\t\t<div class=\"block-2\">\n\t\t\t<div class=\"block-image\"><img loading=\"lazy\" decoding=\"async\" width=\"420\" height=\"390\" src=\"https:\/\/fuladevelopment.eu\/wp-content\/uploads\/2017\/10\/houseboat2-Copy-2-2.png\" class=\"img-full\" alt=\"\" srcset=\"https:\/\/fuladevelopment.eu\/wp-content\/uploads\/2017\/10\/houseboat2-Copy-2-2.png 420w, https:\/\/fuladevelopment.eu\/wp-content\/uploads\/2017\/10\/houseboat2-Copy-2-2-300x279.png 300w\" sizes=\"auto, (max-width: 420px) 100vw, 420px\" \/><a href=\"https:\/\/fuladevelopment.eu\/en\/houseboat\" class=\"link\"><\/a><\/div>\n\t\t\t<div class=\"block-content\">\n\t\t\t\t\n\t\t\t\t<a href=\"https:\/\/fuladevelopment.eu\/en\/houseboat\" class=\"title\">HOUSEBOAT<\/a>\n\t\t\t\t<div class=\"description\"><div class=\"text\"><b>PROJECT NAME:<\/b> HOUSEBOAT<br \/><br \/>\r\n<b>NET INTERNAL AREA: <\/b>90 m2<br \/><br \/>\r\n<b>GROSS EXTERNAL AREA: <\/b>95 m2<br \/><br \/>\r\n<b>KEY CONSTRUCTION PRICE: <\/b>81 000 \u20ac<br \/><br \/>\r\n<b>PRICE ROUGH CONSTRUCTION: <\/b>49 500 \u20ac<br \/><br \/>\r\n<b>NUMBER OF ROOMS: <\/b> 4<\/div><\/div>\n\t\t\t\t<a href=\"https:\/\/fuladevelopment.eu\/en\/houseboat\" class=\"readmore-icons\"><i class=\"icons fa fa-plus\"><\/i><\/a>\n\t\t\t<\/div>\n\t\t<\/div>\n\t<\/div>\n\n\t<div class=\"item project_3549 inline_block\">\n\t\t<div class=\"block-2\">\n\t\t\t<div class=\"block-image\"><img loading=\"lazy\" decoding=\"async\" width=\"800\" height=\"447\" src=\"https:\/\/fuladevelopment.eu\/wp-content\/uploads\/2017\/09\/8-2.jpg\" class=\"img-full\" alt=\"\" srcset=\"https:\/\/fuladevelopment.eu\/wp-content\/uploads\/2017\/09\/8-2.jpg 800w, https:\/\/fuladevelopment.eu\/wp-content\/uploads\/2017\/09\/8-2-300x168.jpg 300w, https:\/\/fuladevelopment.eu\/wp-content\/uploads\/2017\/09\/8-2-768x429.jpg 768w\" sizes=\"auto, (max-width: 800px) 100vw, 800px\" \/><a href=\"https:\/\/fuladevelopment.eu\/en\/eko-house-1\" class=\"link\"><\/a><\/div>\n\t\t\t<div class=\"block-content\">\n\t\t\t\t\n\t\t\t\t<a href=\"https:\/\/fuladevelopment.eu\/en\/eko-house-1\" class=\"title\">EKO house 1<\/a>\n\t\t\t\t<div class=\"description\"><div class=\"text\"><b>PROJECT NAME:<\/b> EKODOM1<br \/><br \/>\r\n<b>NET INTERNAL AREA: <\/b>120 m2<br \/><br \/>\r\n<b>GROSS EXTERNAL AREA: <\/b>150 m2<br \/><br \/>\r\n<b>KEY CONSTRUCTION PRICE: <\/b>107 000 \u20ac<br \/><br \/>\r\n<b>PRICE ROUGH CONSTRUCTION: <\/b>90 000 \u20ac<br \/><br \/>\r\n<b>NUMBER OF ROOMS:<\/b>4<\/div><\/div>\n\t\t\t\t<a href=\"https:\/\/fuladevelopment.eu\/en\/eko-house-1\" class=\"readmore-icons\"><i class=\"icons fa fa-plus\"><\/i><\/a>\n\t\t\t<\/div>\n\t\t<\/div>\n\t<\/div>\n<div class=\"pagination-wrapper undefined margin-top-50\"><ul class=\"pagination\"><li><a href=\"https:\/\/fuladevelopment.eu\/en\/wp-json\/wp\/v2\/pages\/3610\" class=\"link previous\">previous<\/a><\/li><li><a href=\"https:\/\/fuladevelopment.eu\/en\/wp-json\/wp\/v2\/pages\/3610\/page\/2\" class=\"link next\">next<\/a><\/li><\/ul>\n<\/div>\t<\/div>\n<\/div>[\/vc_column][\/vc_row]<\/p>\n","protected":false},"excerpt":{"rendered":"<p>[vc_row][vc_column][vc_raw_html]JTNDaDIlMjBzdHlsZSUzRCUyMmNvbG9yJTNBJTIwJTIzM2E0ZDZhJTNCdGV4dC1hbGlnbiUzQSUyMGNlbnRlciUzQmZvbnQtZmFtaWx5JTNBTW9udHNlcnJhdCUzQmZvbnQtd2VpZ2h0JTNBNzAwJTNCZm9udC1zdHlsZSUzQW5vcm1hbCUyMiUyMGNsYXNzJTNEJTIydmNfY3VzdG9tX2hlYWRpbmclMjB2Y19jdXN0b21fMTUwNTcyMTM0MTQxMCUyMiUzRVNUWUxJU0glMjBNT0RFUk4lMjBGQU1JTFklMjBIT1VTRVMlMjAlM0MlMkZoMiUzRQ==[\/vc_raw_html][vc_column_text]We design and build Modern Family Houses for all those who do not like template solutions. They are characterized by their atypical shape and cubist design. The influence of minimalism approach combines with a generous interior. Modern Family Houses can be recognized from a distance due to their self-confident and impressive appearance. Our designers are [&hellip;]<\/p>\n","protected":false},"author":1,"featured_media":0,"parent":0,"menu_order":0,"comment_status":"closed","ping_status":"closed","template":"","meta":{"_monsterinsights_skip_tracking":false,"_monsterinsights_sitenote_active":false,"_monsterinsights_sitenote_note":"","_monsterinsights_sitenote_category":0,"footnotes":""},"class_list":["post-3610","page","type-page","status-publish","hentry"],"yoast_head":"<!-- This site is optimized with the Yoast SEO plugin v26.5 - https:\/\/yoast.com\/wordpress\/plugins\/seo\/ -->\n<title>Modern family houses - Fula Development<\/title>\n<meta name=\"description\" content=\"Pre v\u0161etk\u00fdch, ktor\u00ed nemaj\u00fa radi \u0161abl\u00f3novit\u00e9 rie\u0161enia, staviame na\u0161e modern\u00e9 rodinn\u00e9 domy, ktor\u00e9 s\u00fa rozpoznate\u013en\u00e9 v\u010faka svojmu impozantn\u00e9mu vzh\u013eadu.\" \/>\n<meta name=\"robots\" content=\"index, follow, max-snippet:-1, max-image-preview:large, max-video-preview:-1\" \/>\n<link rel=\"canonical\" href=\"https:\/\/fuladevelopment.eu\/en\/modern-family-houses\" \/>\n<meta property=\"og:locale\" content=\"en_US\" \/>\n<meta property=\"og:type\" content=\"article\" \/>\n<meta property=\"og:title\" content=\"Modern family houses - Fula Development\" \/>\n<meta property=\"og:description\" content=\"Pre v\u0161etk\u00fdch, ktor\u00ed nemaj\u00fa radi \u0161abl\u00f3novit\u00e9 rie\u0161enia, staviame na\u0161e modern\u00e9 rodinn\u00e9 domy, ktor\u00e9 s\u00fa rozpoznate\u013en\u00e9 v\u010faka svojmu impozantn\u00e9mu vzh\u013eadu.\" \/>\n<meta property=\"og:url\" content=\"https:\/\/fuladevelopment.eu\/en\/modern-family-houses\" \/>\n<meta property=\"og:site_name\" content=\"Fula Development\" \/>\n<meta property=\"article:modified_time\" content=\"2017-10-19T09:32:51+00:00\" \/>\n<meta name=\"twitter:card\" content=\"summary_large_image\" \/>\n<meta name=\"twitter:label1\" content=\"Est. reading time\" \/>\n\t<meta name=\"twitter:data1\" content=\"1 minute\" \/>\n<script type=\"application\/ld+json\" class=\"yoast-schema-graph\">{\"@context\":\"https:\/\/schema.org\",\"@graph\":[{\"@type\":\"WebPage\",\"@id\":\"https:\/\/fuladevelopment.eu\/en\/modern-family-houses\",\"url\":\"https:\/\/fuladevelopment.eu\/en\/modern-family-houses\",\"name\":\"Modern family houses - Fula Development\",\"isPartOf\":{\"@id\":\"https:\/\/fuladevelopment.eu\/#website\"},\"datePublished\":\"2017-09-19T07:52:19+00:00\",\"dateModified\":\"2017-10-19T09:32:51+00:00\",\"description\":\"Pre v\u0161etk\u00fdch, ktor\u00ed nemaj\u00fa radi \u0161abl\u00f3novit\u00e9 rie\u0161enia, staviame na\u0161e modern\u00e9 rodinn\u00e9 domy, ktor\u00e9 s\u00fa rozpoznate\u013en\u00e9 v\u010faka svojmu impozantn\u00e9mu vzh\u013eadu.\",\"breadcrumb\":{\"@id\":\"https:\/\/fuladevelopment.eu\/en\/modern-family-houses#breadcrumb\"},\"inLanguage\":\"en-US\",\"potentialAction\":[{\"@type\":\"ReadAction\",\"target\":[\"https:\/\/fuladevelopment.eu\/en\/modern-family-houses\"]}]},{\"@type\":\"BreadcrumbList\",\"@id\":\"https:\/\/fuladevelopment.eu\/en\/modern-family-houses#breadcrumb\",\"itemListElement\":[{\"@type\":\"ListItem\",\"position\":1,\"name\":\"Home\",\"item\":\"https:\/\/fuladevelopment.eu\/en\"},{\"@type\":\"ListItem\",\"position\":2,\"name\":\"Modern family houses\"}]},{\"@type\":\"WebSite\",\"@id\":\"https:\/\/fuladevelopment.eu\/#website\",\"url\":\"https:\/\/fuladevelopment.eu\/\",\"name\":\"Fula Development\",\"description\":\"\",\"potentialAction\":[{\"@type\":\"SearchAction\",\"target\":{\"@type\":\"EntryPoint\",\"urlTemplate\":\"https:\/\/fuladevelopment.eu\/?s={search_term_string}\"},\"query-input\":{\"@type\":\"PropertyValueSpecification\",\"valueRequired\":true,\"valueName\":\"search_term_string\"}}],\"inLanguage\":\"en-US\"}]}<\/script>\n<!-- \/ Yoast SEO plugin. -->","yoast_head_json":{"title":"Modern family houses - Fula Development","description":"Pre v\u0161etk\u00fdch, ktor\u00ed nemaj\u00fa radi \u0161abl\u00f3novit\u00e9 rie\u0161enia, staviame na\u0161e modern\u00e9 rodinn\u00e9 domy, ktor\u00e9 s\u00fa rozpoznate\u013en\u00e9 v\u010faka svojmu impozantn\u00e9mu vzh\u013eadu.","robots":{"index":"index","follow":"follow","max-snippet":"max-snippet:-1","max-image-preview":"max-image-preview:large","max-video-preview":"max-video-preview:-1"},"canonical":"https:\/\/fuladevelopment.eu\/en\/modern-family-houses","og_locale":"en_US","og_type":"article","og_title":"Modern family houses - Fula Development","og_description":"Pre v\u0161etk\u00fdch, ktor\u00ed nemaj\u00fa radi \u0161abl\u00f3novit\u00e9 rie\u0161enia, staviame na\u0161e modern\u00e9 rodinn\u00e9 domy, ktor\u00e9 s\u00fa rozpoznate\u013en\u00e9 v\u010faka svojmu impozantn\u00e9mu vzh\u013eadu.","og_url":"https:\/\/fuladevelopment.eu\/en\/modern-family-houses","og_site_name":"Fula Development","article_modified_time":"2017-10-19T09:32:51+00:00","twitter_card":"summary_large_image","twitter_misc":{"Est. reading time":"1 minute"},"schema":{"@context":"https:\/\/schema.org","@graph":[{"@type":"WebPage","@id":"https:\/\/fuladevelopment.eu\/en\/modern-family-houses","url":"https:\/\/fuladevelopment.eu\/en\/modern-family-houses","name":"Modern family houses - Fula Development","isPartOf":{"@id":"https:\/\/fuladevelopment.eu\/#website"},"datePublished":"2017-09-19T07:52:19+00:00","dateModified":"2017-10-19T09:32:51+00:00","description":"Pre v\u0161etk\u00fdch, ktor\u00ed nemaj\u00fa radi \u0161abl\u00f3novit\u00e9 rie\u0161enia, staviame na\u0161e modern\u00e9 rodinn\u00e9 domy, ktor\u00e9 s\u00fa rozpoznate\u013en\u00e9 v\u010faka svojmu impozantn\u00e9mu vzh\u013eadu.","breadcrumb":{"@id":"https:\/\/fuladevelopment.eu\/en\/modern-family-houses#breadcrumb"},"inLanguage":"en-US","potentialAction":[{"@type":"ReadAction","target":["https:\/\/fuladevelopment.eu\/en\/modern-family-houses"]}]},{"@type":"BreadcrumbList","@id":"https:\/\/fuladevelopment.eu\/en\/modern-family-houses#breadcrumb","itemListElement":[{"@type":"ListItem","position":1,"name":"Home","item":"https:\/\/fuladevelopment.eu\/en"},{"@type":"ListItem","position":2,"name":"Modern family houses"}]},{"@type":"WebSite","@id":"https:\/\/fuladevelopment.eu\/#website","url":"https:\/\/fuladevelopment.eu\/","name":"Fula Development","description":"","potentialAction":[{"@type":"SearchAction","target":{"@type":"EntryPoint","urlTemplate":"https:\/\/fuladevelopment.eu\/?s={search_term_string}"},"query-input":{"@type":"PropertyValueSpecification","valueRequired":true,"valueName":"search_term_string"}}],"inLanguage":"en-US"}]}},"_links":{"self":[{"href":"https:\/\/fuladevelopment.eu\/en\/wp-json\/wp\/v2\/pages\/3610","targetHints":{"allow":["GET"]}}],"collection":[{"href":"https:\/\/fuladevelopment.eu\/en\/wp-json\/wp\/v2\/pages"}],"about":[{"href":"https:\/\/fuladevelopment.eu\/en\/wp-json\/wp\/v2\/types\/page"}],"author":[{"embeddable":true,"href":"https:\/\/fuladevelopment.eu\/en\/wp-json\/wp\/v2\/users\/1"}],"replies":[{"embeddable":true,"href":"https:\/\/fuladevelopment.eu\/en\/wp-json\/wp\/v2\/comments?post=3610"}],"version-history":[{"count":3,"href":"https:\/\/fuladevelopment.eu\/en\/wp-json\/wp\/v2\/pages\/3610\/revisions"}],"predecessor-version":[{"id":3614,"href":"https:\/\/fuladevelopment.eu\/en\/wp-json\/wp\/v2\/pages\/3610\/revisions\/3614"}],"wp:attachment":[{"href":"https:\/\/fuladevelopment.eu\/en\/wp-json\/wp\/v2\/media?parent=3610"}],"curies":[{"name":"wp","href":"https:\/\/api.w.org\/{rel}","templated":true}]}}