{"id":3635,"date":"2016-09-05T10:49:36","date_gmt":"2016-09-05T10:49:36","guid":{"rendered":"http:\/\/fuladevelopment.eu\/blog-2"},"modified":"2017-10-31T14:00:03","modified_gmt":"2017-10-31T13:00:03","slug":"posts","status":"publish","type":"page","link":"https:\/\/fuladevelopment.eu\/en\/posts","title":{"rendered":"Blog"},"content":{"rendered":"<p>[vc_row el_class=&#8221;slz_row-pre-footer&#8221;][vc_column]<div class=\"slz-shortcode blog-content \" >\n\t<div class=\"list-block block-167364323269dbaeb1b212b column-1\" >\n\t\t\n\t\t<div class=\"item post-4686 post type-post status-publish format-standard has-post-thumbnail hentry category-design-style-inspiration category-latest-articles\">\n\t\t\t<div class=\"block-1 \">\n\t\t\t\t\n\t\t\t\t<div class=\"block-image\"><img loading=\"lazy\" decoding=\"async\" width=\"1200\" height=\"650\" src=\"https:\/\/fuladevelopment.eu\/wp-content\/uploads\/2018\/01\/Farebn\u00e9-trendy-5.png\" class=\"img-full\" alt=\"concrete interior\" srcset=\"https:\/\/fuladevelopment.eu\/wp-content\/uploads\/2018\/01\/Farebn\u00e9-trendy-5.png 1200w, https:\/\/fuladevelopment.eu\/wp-content\/uploads\/2018\/01\/Farebn\u00e9-trendy-5-300x163.png 300w, https:\/\/fuladevelopment.eu\/wp-content\/uploads\/2018\/01\/Farebn\u00e9-trendy-5-768x416.png 768w, https:\/\/fuladevelopment.eu\/wp-content\/uploads\/2018\/01\/Farebn\u00e9-trendy-5-1024x555.png 1024w\" sizes=\"auto, (max-width: 1200px) 100vw, 1200px\" \/><a href=\"https:\/\/fuladevelopment.eu\/en\/the-beauty-of-concrete-in-your-interiors\" class=\"link\"><\/a><\/div>\n\t\t\t\t<div class=\"block-info\"><i class=\"icons fa fa-bookmark\"><\/i><div class=\"block\"><a href=\"https:\/\/fuladevelopment.eu\/en\/author\/maria-garai\" class=\"link\">M\u00e1ria<\/a><\/div><div class=\"block\"><span class=\"link\">date:<\/span><a href=\"https:\/\/fuladevelopment.eu\/en\/the-beauty-of-concrete-in-your-interiors\" class=\"link date\">23. January 2018<\/a><\/div><div class=\"block\"><span class=\"link\">841 Views<\/span><\/div><\/div>\n\t\t\t\t<div class=\"block-content\">\n\t\t\t\t\t<a href=\"https:\/\/fuladevelopment.eu\/en\/the-beauty-of-concrete-in-your-interiors\" class=\"title\" >The Beauty of Concrete in your Interiors<\/a>\n\t\t\t\t\t<div class=\"description\">It has not been valid for concrete, that it is boring, cold and gray. On the contrary. You can find it in any part of the your apartment,in many forms and colors as well.<\/div>\n\t\t\t\t\t<a href=\"https:\/\/fuladevelopment.eu\/en\/the-beauty-of-concrete-in-your-interiors\" class=\"readmore-icons\"><i class=\"icons flaticon-bleed\"><\/i><\/a>\n\t\t\t\t<\/div>\n\t\t\t<\/div>\n\t\t<\/div>\n\n\t\t<div class=\"item post-4631 post type-post status-publish format-standard has-post-thumbnail hentry category-design-style-inspiration category-latest-articles\">\n\t\t\t<div class=\"block-1 \">\n\t\t\t\t\n\t\t\t\t<div class=\"block-image\"><img loading=\"lazy\" decoding=\"async\" width=\"1200\" height=\"650\" src=\"https:\/\/fuladevelopment.eu\/wp-content\/uploads\/2018\/01\/Copy-of-Farebn\u00e9-trendy.png\" class=\"img-full\" alt=\"\" srcset=\"https:\/\/fuladevelopment.eu\/wp-content\/uploads\/2018\/01\/Copy-of-Farebn\u00e9-trendy.png 1200w, https:\/\/fuladevelopment.eu\/wp-content\/uploads\/2018\/01\/Copy-of-Farebn\u00e9-trendy-300x163.png 300w, https:\/\/fuladevelopment.eu\/wp-content\/uploads\/2018\/01\/Copy-of-Farebn\u00e9-trendy-768x416.png 768w, https:\/\/fuladevelopment.eu\/wp-content\/uploads\/2018\/01\/Copy-of-Farebn\u00e9-trendy-1024x555.png 1024w\" sizes=\"auto, (max-width: 1200px) 100vw, 1200px\" \/><a href=\"https:\/\/fuladevelopment.eu\/en\/2018-color-trends-in-interior-design\" class=\"link\"><\/a><\/div>\n\t\t\t\t<div class=\"block-info\"><i class=\"icons fa fa-bookmark\"><\/i><div class=\"block\"><a href=\"https:\/\/fuladevelopment.eu\/en\/author\/maria-garai\" class=\"link\">M\u00e1ria<\/a><\/div><div class=\"block\"><span class=\"link\">date:<\/span><a href=\"https:\/\/fuladevelopment.eu\/en\/2018-color-trends-in-interior-design\" class=\"link date\">15. January 2018<\/a><\/div><div class=\"block\"><span class=\"link\">812 Views<\/span><\/div><\/div>\n\t\t\t\t<div class=\"block-content\">\n\t\t\t\t\t<a href=\"https:\/\/fuladevelopment.eu\/en\/2018-color-trends-in-interior-design\" class=\"title\" >2018 Color Trends in Interior Design<\/a>\n\t\t\t\t\t<div class=\"description\">You can choose and combine up to eight color palettes for interior fitting in 2018. Check out the latest Pantone Color Palettes for Home and Interior.\r\n<\/div>\n\t\t\t\t\t<a href=\"https:\/\/fuladevelopment.eu\/en\/2018-color-trends-in-interior-design\" class=\"readmore-icons\"><i class=\"icons flaticon-bleed\"><\/i><\/a>\n\t\t\t\t<\/div>\n\t\t\t<\/div>\n\t\t<\/div>\n\n\t\t<div class=\"item post-4547 post type-post status-publish format-standard has-post-thumbnail hentry category-design-style-inspiration category-latest-articles tag-ekologicke-strechy-en tag-zelene-strechy-en\">\n\t\t\t<div class=\"block-1 \">\n\t\t\t\t\n\t\t\t\t<div class=\"block-image\"><img loading=\"lazy\" decoding=\"async\" width=\"1200\" height=\"628\" src=\"https:\/\/fuladevelopment.eu\/wp-content\/uploads\/2017\/12\/greeen-1200x628.jpg\" class=\"img-full\" alt=\"cover photo green love\" srcset=\"https:\/\/fuladevelopment.eu\/wp-content\/uploads\/2017\/12\/greeen.jpg 1200w, https:\/\/fuladevelopment.eu\/wp-content\/uploads\/2017\/12\/greeen-300x157.jpg 300w, https:\/\/fuladevelopment.eu\/wp-content\/uploads\/2017\/12\/greeen-768x402.jpg 768w, https:\/\/fuladevelopment.eu\/wp-content\/uploads\/2017\/12\/greeen-1024x536.jpg 1024w\" sizes=\"auto, (max-width: 1200px) 100vw, 1200px\" \/><a href=\"https:\/\/fuladevelopment.eu\/en\/family-houses-featuring-green-roofs\" class=\"link\"><\/a><\/div>\n\t\t\t\t<div class=\"block-info\"><i class=\"icons fa fa-bookmark\"><\/i><div class=\"block\"><a href=\"https:\/\/fuladevelopment.eu\/en\/author\/maria-garai\" class=\"link\">M\u00e1ria<\/a><\/div><div class=\"block\"><span class=\"link\">date:<\/span><a href=\"https:\/\/fuladevelopment.eu\/en\/family-houses-featuring-green-roofs\" class=\"link date\">15. December 2017<\/a><\/div><div class=\"block\"><span class=\"link\">897 Views<\/span><\/div><\/div>\n\t\t\t\t<div class=\"block-content\">\n\t\t\t\t\t<a href=\"https:\/\/fuladevelopment.eu\/en\/family-houses-featuring-green-roofs\" class=\"title\" >Family Houses Featuring Green Roofs<\/a>\n\t\t\t\t\t<div class=\"description\">Green, vegetative, lively or ecological roofs - no matter how you name them, they all have a common denominator - greenery.<\/div>\n\t\t\t\t\t<a href=\"https:\/\/fuladevelopment.eu\/en\/family-houses-featuring-green-roofs\" class=\"readmore-icons\"><i class=\"icons flaticon-bleed\"><\/i><\/a>\n\t\t\t\t<\/div>\n\t\t\t<\/div>\n\t\t<\/div>\n\n\t\t<div class=\"item post-4485 post type-post status-publish format-gallery has-post-thumbnail hentry category-design-style-inspiration category-latest-articles post_format-post-format-gallery\">\n\t\t\t<div class=\"block-1 \">\n\t\t\t\t\n\t\t\t\t<div class=\"block-image\"><img loading=\"lazy\" decoding=\"async\" width=\"1200\" height=\"650\" src=\"https:\/\/fuladevelopment.eu\/wp-content\/uploads\/2017\/12\/merry-christmas-2953721_1280-1200x650.jpg\" class=\"img-full\" alt=\"\" \/><a href=\"https:\/\/fuladevelopment.eu\/en\/christmas-gift-ideas-for-architects+\" class=\"link\"><\/a><\/div>\n\t\t\t\t<div class=\"block-info\"><i class=\"icons fa fa-bookmark\"><\/i><div class=\"block\"><a href=\"https:\/\/fuladevelopment.eu\/en\/author\/maria-garai\" class=\"link\">M\u00e1ria<\/a><\/div><div class=\"block\"><span class=\"link\">date:<\/span><a href=\"https:\/\/fuladevelopment.eu\/en\/christmas-gift-ideas-for-architects+\" class=\"link date\">8. December 2017<\/a><\/div><div class=\"block\"><span class=\"link\">689 Views<\/span><\/div><\/div>\n\t\t\t\t<div class=\"block-content\">\n\t\t\t\t\t<a href=\"https:\/\/fuladevelopment.eu\/en\/christmas-gift-ideas-for-architects+\" class=\"title\" >Christmas gift ideas for architects<\/a>\n\t\t\t\t\t<div class=\"description\">This post has only a Slovak version.<\/div>\n\t\t\t\t\t<a href=\"https:\/\/fuladevelopment.eu\/en\/christmas-gift-ideas-for-architects+\" class=\"readmore-icons\"><i class=\"icons flaticon-bleed\"><\/i><\/a>\n\t\t\t\t<\/div>\n\t\t\t<\/div>\n\t\t<\/div>\n\t<\/div>\n<\/div>\n<div class=\"clearfix\"><\/div>\n<div class=\"pagination-wrapper undefined margin-top-50\"><ul class=\"pagination\"><li><a href=\"https:\/\/fuladevelopment.eu\/en\/wp-json\/wp\/v2\/pages\/3635\" class=\"link previous\">previous<\/a><\/li><li><span class=\"link active\">1<\/span><\/li><li><a href=\"https:\/\/fuladevelopment.eu\/en\/wp-json\/wp\/v2\/pages\/3635\/page\/2\" class=\"link\" >2<\/a><\/li><li><a href=\"https:\/\/fuladevelopment.eu\/en\/wp-json\/wp\/v2\/pages\/3635\/page\/2\" class=\"link next\">next<\/a><\/li><\/ul>\n<\/div>[\/vc_column][\/vc_row]<\/p>\n","protected":false},"excerpt":{"rendered":"<p>[vc_row el_class=&#8221;slz_row-pre-footer&#8221;][vc_column][\/vc_column][\/vc_row]<\/p>\n","protected":false},"author":1,"featured_media":0,"parent":0,"menu_order":0,"comment_status":"closed","ping_status":"closed","template":"","meta":{"_monsterinsights_skip_tracking":false,"_monsterinsights_sitenote_active":false,"_monsterinsights_sitenote_note":"","_monsterinsights_sitenote_category":0,"footnotes":""},"class_list":["post-3635","page","type-page","status-publish","hentry"],"yoast_head":"<!-- This site is optimized with the Yoast SEO plugin v26.5 - https:\/\/yoast.com\/wordpress\/plugins\/seo\/ -->\n<title>Latest blog posts - Fula Development<\/title>\n<meta name=\"description\" content=\"Pre\u010d\u00edtajte si na\u0161e najnov\u0161ie \u010dl\u00e1nky o v\u00fdstavbe a realiz\u00e1cii stavieb, realizovan\u00e9 na\u0161ou spolo\u010dnos\u0165ou. V pr\u00edpade potreby n\u00e1s nev\u00e1hajte kontaktova\u0165.\" \/>\n<meta name=\"robots\" content=\"index, follow, max-snippet:-1, max-image-preview:large, max-video-preview:-1\" \/>\n<link rel=\"canonical\" href=\"https:\/\/fuladevelopment.eu\/en\/posts\" \/>\n<meta property=\"og:locale\" content=\"en_US\" \/>\n<meta property=\"og:type\" content=\"article\" \/>\n<meta property=\"og:title\" content=\"Latest blog posts - Fula Development\" \/>\n<meta property=\"og:description\" content=\"Pre\u010d\u00edtajte si na\u0161e najnov\u0161ie \u010dl\u00e1nky o v\u00fdstavbe a realiz\u00e1cii stavieb, realizovan\u00e9 na\u0161ou spolo\u010dnos\u0165ou. V pr\u00edpade potreby n\u00e1s nev\u00e1hajte kontaktova\u0165.\" \/>\n<meta property=\"og:url\" content=\"https:\/\/fuladevelopment.eu\/en\/posts\" \/>\n<meta property=\"og:site_name\" content=\"Fula Development\" \/>\n<meta property=\"article:modified_time\" content=\"2017-10-31T13:00:03+00:00\" \/>\n<meta name=\"twitter:card\" content=\"summary_large_image\" \/>\n<script type=\"application\/ld+json\" class=\"yoast-schema-graph\">{\"@context\":\"https:\/\/schema.org\",\"@graph\":[{\"@type\":\"WebPage\",\"@id\":\"https:\/\/fuladevelopment.eu\/en\/posts\",\"url\":\"https:\/\/fuladevelopment.eu\/en\/posts\",\"name\":\"Latest blog posts - Fula Development\",\"isPartOf\":{\"@id\":\"https:\/\/fuladevelopment.eu\/#website\"},\"datePublished\":\"2016-09-05T10:49:36+00:00\",\"dateModified\":\"2017-10-31T13:00:03+00:00\",\"description\":\"Pre\u010d\u00edtajte si na\u0161e najnov\u0161ie \u010dl\u00e1nky o v\u00fdstavbe a realiz\u00e1cii stavieb, realizovan\u00e9 na\u0161ou spolo\u010dnos\u0165ou. V pr\u00edpade potreby n\u00e1s nev\u00e1hajte kontaktova\u0165.\",\"breadcrumb\":{\"@id\":\"https:\/\/fuladevelopment.eu\/en\/posts#breadcrumb\"},\"inLanguage\":\"en-US\",\"potentialAction\":[{\"@type\":\"ReadAction\",\"target\":[\"https:\/\/fuladevelopment.eu\/en\/posts\"]}]},{\"@type\":\"BreadcrumbList\",\"@id\":\"https:\/\/fuladevelopment.eu\/en\/posts#breadcrumb\",\"itemListElement\":[{\"@type\":\"ListItem\",\"position\":1,\"name\":\"Home\",\"item\":\"https:\/\/fuladevelopment.eu\/en\"},{\"@type\":\"ListItem\",\"position\":2,\"name\":\"Blog\"}]},{\"@type\":\"WebSite\",\"@id\":\"https:\/\/fuladevelopment.eu\/#website\",\"url\":\"https:\/\/fuladevelopment.eu\/\",\"name\":\"Fula Development\",\"description\":\"\",\"potentialAction\":[{\"@type\":\"SearchAction\",\"target\":{\"@type\":\"EntryPoint\",\"urlTemplate\":\"https:\/\/fuladevelopment.eu\/?s={search_term_string}\"},\"query-input\":{\"@type\":\"PropertyValueSpecification\",\"valueRequired\":true,\"valueName\":\"search_term_string\"}}],\"inLanguage\":\"en-US\"}]}<\/script>\n<!-- \/ Yoast SEO plugin. -->","yoast_head_json":{"title":"Latest blog posts - Fula Development","description":"Pre\u010d\u00edtajte si na\u0161e najnov\u0161ie \u010dl\u00e1nky o v\u00fdstavbe a realiz\u00e1cii stavieb, realizovan\u00e9 na\u0161ou spolo\u010dnos\u0165ou. V pr\u00edpade potreby n\u00e1s nev\u00e1hajte kontaktova\u0165.","robots":{"index":"index","follow":"follow","max-snippet":"max-snippet:-1","max-image-preview":"max-image-preview:large","max-video-preview":"max-video-preview:-1"},"canonical":"https:\/\/fuladevelopment.eu\/en\/posts","og_locale":"en_US","og_type":"article","og_title":"Latest blog posts - Fula Development","og_description":"Pre\u010d\u00edtajte si na\u0161e najnov\u0161ie \u010dl\u00e1nky o v\u00fdstavbe a realiz\u00e1cii stavieb, realizovan\u00e9 na\u0161ou spolo\u010dnos\u0165ou. V pr\u00edpade potreby n\u00e1s nev\u00e1hajte kontaktova\u0165.","og_url":"https:\/\/fuladevelopment.eu\/en\/posts","og_site_name":"Fula Development","article_modified_time":"2017-10-31T13:00:03+00:00","twitter_card":"summary_large_image","schema":{"@context":"https:\/\/schema.org","@graph":[{"@type":"WebPage","@id":"https:\/\/fuladevelopment.eu\/en\/posts","url":"https:\/\/fuladevelopment.eu\/en\/posts","name":"Latest blog posts - Fula Development","isPartOf":{"@id":"https:\/\/fuladevelopment.eu\/#website"},"datePublished":"2016-09-05T10:49:36+00:00","dateModified":"2017-10-31T13:00:03+00:00","description":"Pre\u010d\u00edtajte si na\u0161e najnov\u0161ie \u010dl\u00e1nky o v\u00fdstavbe a realiz\u00e1cii stavieb, realizovan\u00e9 na\u0161ou spolo\u010dnos\u0165ou. V pr\u00edpade potreby n\u00e1s nev\u00e1hajte kontaktova\u0165.","breadcrumb":{"@id":"https:\/\/fuladevelopment.eu\/en\/posts#breadcrumb"},"inLanguage":"en-US","potentialAction":[{"@type":"ReadAction","target":["https:\/\/fuladevelopment.eu\/en\/posts"]}]},{"@type":"BreadcrumbList","@id":"https:\/\/fuladevelopment.eu\/en\/posts#breadcrumb","itemListElement":[{"@type":"ListItem","position":1,"name":"Home","item":"https:\/\/fuladevelopment.eu\/en"},{"@type":"ListItem","position":2,"name":"Blog"}]},{"@type":"WebSite","@id":"https:\/\/fuladevelopment.eu\/#website","url":"https:\/\/fuladevelopment.eu\/","name":"Fula Development","description":"","potentialAction":[{"@type":"SearchAction","target":{"@type":"EntryPoint","urlTemplate":"https:\/\/fuladevelopment.eu\/?s={search_term_string}"},"query-input":{"@type":"PropertyValueSpecification","valueRequired":true,"valueName":"search_term_string"}}],"inLanguage":"en-US"}]}},"_links":{"self":[{"href":"https:\/\/fuladevelopment.eu\/en\/wp-json\/wp\/v2\/pages\/3635","targetHints":{"allow":["GET"]}}],"collection":[{"href":"https:\/\/fuladevelopment.eu\/en\/wp-json\/wp\/v2\/pages"}],"about":[{"href":"https:\/\/fuladevelopment.eu\/en\/wp-json\/wp\/v2\/types\/page"}],"author":[{"embeddable":true,"href":"https:\/\/fuladevelopment.eu\/en\/wp-json\/wp\/v2\/users\/1"}],"replies":[{"embeddable":true,"href":"https:\/\/fuladevelopment.eu\/en\/wp-json\/wp\/v2\/comments?post=3635"}],"version-history":[{"count":1,"href":"https:\/\/fuladevelopment.eu\/en\/wp-json\/wp\/v2\/pages\/3635\/revisions"}],"predecessor-version":[{"id":3637,"href":"https:\/\/fuladevelopment.eu\/en\/wp-json\/wp\/v2\/pages\/3635\/revisions\/3637"}],"wp:attachment":[{"href":"https:\/\/fuladevelopment.eu\/en\/wp-json\/wp\/v2\/media?parent=3635"}],"curies":[{"name":"wp","href":"https:\/\/api.w.org\/{rel}","templated":true}]}}