{"id":3722,"date":"2017-10-11T10:46:07","date_gmt":"2017-10-11T08:46:07","guid":{"rendered":"http:\/\/fuladevelopment.eu\/kariera"},"modified":"2017-11-07T15:12:48","modified_gmt":"2017-11-07T14:12:48","slug":"kariera","status":"publish","type":"page","link":"https:\/\/fuladevelopment.eu\/en\/career","title":{"rendered":"CAREER"},"content":{"rendered":"<p>[vc_row full_width=&#8221;stretch_row&#8221; css=&#8221;.vc_custom_1507705237441{padding-top: 0px !important;padding-bottom: 0px !important;background-image: url(http:\/\/fuladevelopment.eu\/wp-content\/uploads\/2016\/09\/testimonial-2.jpg?id=303) !important;background-position: center !important;background-repeat: no-repeat !important;background-size: cover !important;}&#8221; el_class=&#8221;text-center&#8221;][vc_column]\t<div class=\"slz-shortcode sc-banner banner-70213937269dbf2830c743 \">\n\t\t\t<div class=\"banner-3\"> <h5 class=\"subtitle\">Career<\/h5> <h2 class=\"title\">We are looking for reliable and experienced people in our constantly growing company.<\/h2>  <\/div>\t<\/div>\n[vc_empty_space][vc_row_inner][vc_column_inner width=&#8221;1\/2&#8243;][vc_empty_space]<div class=\"slz-shortcode sc-button button-25088108069dbf2830c7e5 \">\n\t\t<a href=\"http:\/\/fuladevelopment.eu\/en\/contact\" class=\"btn\"  >Free positions<\/a><\/div>\n[\/vc_column_inner][vc_column_inner width=&#8221;1\/2&#8243;][vc_empty_space]<div class=\"slz-shortcode sc-button button-74827209769dbf2830c85f \">\n\t\t<a href=\"http:\/\/fuladevelopment.eu\/en\/contact\" class=\"btn\"  >Send us CV<\/a><\/div>\n[\/vc_column_inner][\/vc_row_inner][\/vc_column][\/vc_row][vc_row][vc_column][vc_raw_html]JTNDZGl2JTIwY2xhc3MlM0QlMjJzdWJjcmliZS1mb290ZXIlMjIlM0UlMEElMDklMDklMDklMDklMDklMDklMDklMDklMDklMDklM0NkaXYlMjBjbGFzcyUzRCUyMmNvbnRhaW5lciUyMHN1YmNyaWJlLXdyYXBwZXIlMjIlM0UlMEElMDklM0NkaXYlMjBjbGFzcyUzRCUyMmJhbm5lci1ib3R0b20lMjIlM0UlMEElMDklMDklM0NkaXYlMjBjbGFzcyUzRCUyMmJhbm5lci0xJTIyJTIwc3R5bGUlM0QlMjIlMEElMjAlMjAlMjAlMjBtYXJnaW4tYm90dG9tJTNBJTIwODZweCUzQiUwQSUyMiUzRSUwQSUwOSUwOSUwOSUzQ2RpdiUyMGNsYXNzJTNEJTIyYmFubmVyLWxlZnQlMjIlM0UlMEElMDklMDklMDklMDklM0NoNSUyMGNsYXNzJTNEJTIydGV4dCUyMiUzRUFyZSUyMHlvdSUyMGxvb2tpbmclMjBmb3IlMjB0aGUlMjByaWdodCUyMG1hbmFnZXIlMjBmb3IlMjB5b3VyJTBBbmV4dCUyMHByb2plY3QlM0YlM0MlMkZoNSUzRSUwOSUwOSUwOSUzQyUyRmRpdiUzRSUwQSUwOSUwOSUwOSUzQ2RpdiUyMGNsYXNzJTNEJTIyYmFubmVyLXJpZ2h0JTIyJTNFJTNDYSUyMGhyZWYlM0QlMjJodHRwJTNBJTJGJTJGZnVsYWRldmVsb3BtZW50LmV1JTJGZW4lMkZjb250YWN0JTIyJTIwY2xhc3MlM0QlMjJidG4lMjB0cmFuc3BhcmVudCUyMHdoaXRlLWNvbG9yJTIyJTNFQ09OVEFDVCUyMFVTJTNDJTJGYSUzRSUzQyUyRmRpdiUzRSUwOSUwOSUzQyUyRmRpdiUzRSUwQSUwOSUzQyUyRmRpdiUzRSUwQSUzQyUyRmRpdiUzRSUwQSUwOSUwOSUwOSUwOSUwOSUwOSUwOSUwOSUwOSUwOSUzQyUyRmRpdiUzRQ==[\/vc_raw_html][\/vc_column][\/vc_row]<\/p>\n","protected":false},"excerpt":{"rendered":"<p>[vc_row full_width=&#8221;stretch_row&#8221; css=&#8221;.vc_custom_1507705237441{padding-top: 0px !important;padding-bottom: 0px !important;background-image: url(http:\/\/fuladevelopment.eu\/wp-content\/uploads\/2016\/09\/testimonial-2.jpg?id=303) !important;background-position: center !important;background-repeat: no-repeat !important;background-size: cover !important;}&#8221; el_class=&#8221;text-center&#8221;][vc_column][vc_empty_space][vc_row_inner][vc_column_inner width=&#8221;1\/2&#8243;][vc_empty_space][\/vc_column_inner][vc_column_inner width=&#8221;1\/2&#8243;][vc_empty_space][\/vc_column_inner][\/vc_row_inner][\/vc_column][\/vc_row][vc_row][vc_column][vc_raw_html]JTNDZGl2JTIwY2xhc3MlM0QlMjJzdWJjcmliZS1mb290ZXIlMjIlM0UlMEElMDklMDklMDklMDklMDklMDklMDklMDklMDklMDklM0NkaXYlMjBjbGFzcyUzRCUyMmNvbnRhaW5lciUyMHN1YmNyaWJlLXdyYXBwZXIlMjIlM0UlMEElMDklM0NkaXYlMjBjbGFzcyUzRCUyMmJhbm5lci1ib3R0b20lMjIlM0UlMEElMDklMDklM0NkaXYlMjBjbGFzcyUzRCUyMmJhbm5lci0xJTIyJTIwc3R5bGUlM0QlMjIlMEElMjAlMjAlMjAlMjBtYXJnaW4tYm90dG9tJTNBJTIwODZweCUzQiUwQSUyMiUzRSUwQSUwOSUwOSUwOSUzQ2RpdiUyMGNsYXNzJTNEJTIyYmFubmVyLWxlZnQlMjIlM0UlMEElMDklMDklMDklMDklM0NoNSUyMGNsYXNzJTNEJTIydGV4dCUyMiUzRUFyZSUyMHlvdSUyMGxvb2tpbmclMjBmb3IlMjB0aGUlMjByaWdodCUyMG1hbmFnZXIlMjBmb3IlMjB5b3VyJTBBbmV4dCUyMHByb2plY3QlM0YlM0MlMkZoNSUzRSUwOSUwOSUwOSUzQyUyRmRpdiUzRSUwQSUwOSUwOSUwOSUzQ2RpdiUyMGNsYXNzJTNEJTIyYmFubmVyLXJpZ2h0JTIyJTNFJTNDYSUyMGhyZWYlM0QlMjJodHRwJTNBJTJGJTJGZnVsYWRldmVsb3BtZW50LmV1JTJGZW4lMkZjb250YWN0JTIyJTIwY2xhc3MlM0QlMjJidG4lMjB0cmFuc3BhcmVudCUyMHdoaXRlLWNvbG9yJTIyJTNFQ09OVEFDVCUyMFVTJTNDJTJGYSUzRSUzQyUyRmRpdiUzRSUwOSUwOSUzQyUyRmRpdiUzRSUwQSUwOSUzQyUyRmRpdiUzRSUwQSUzQyUyRmRpdiUzRSUwQSUwOSUwOSUwOSUwOSUwOSUwOSUwOSUwOSUwOSUwOSUzQyUyRmRpdiUzRQ==[\/vc_raw_html][\/vc_column][\/vc_row]<\/p>\n","protected":false},"author":1,"featured_media":0,"parent":0,"menu_order":0,"comment_status":"closed","ping_status":"closed","template":"","meta":{"_monsterinsights_skip_tracking":false,"_monsterinsights_sitenote_active":false,"_monsterinsights_sitenote_note":"","_monsterinsights_sitenote_category":0,"footnotes":""},"class_list":["post-3722","page","type-page","status-publish","hentry"],"yoast_head":"<!-- This site is optimized with the Yoast SEO plugin v26.5 - https:\/\/yoast.com\/wordpress\/plugins\/seo\/ -->\n<title>Construction and project management - Fula Development<\/title>\n<meta name=\"description\" content=\"V\u00fdstavba rodinn\u00fdch domov od prv\u00e9ho n\u00e1vrhu, jednania s \u00faradmi, projektov\u00e9ho mana\u017ementu a\u017e po kolaud\u00e1ciu a fin\u00e1lne odovzdanie stavby.\" \/>\n<meta name=\"robots\" content=\"index, follow, max-snippet:-1, max-image-preview:large, max-video-preview:-1\" \/>\n<link rel=\"canonical\" href=\"https:\/\/fuladevelopment.eu\/en\/career\" \/>\n<meta property=\"og:locale\" content=\"en_US\" \/>\n<meta property=\"og:type\" content=\"article\" \/>\n<meta property=\"og:title\" content=\"Construction and project management - Fula Development\" \/>\n<meta property=\"og:description\" content=\"V\u00fdstavba rodinn\u00fdch domov od prv\u00e9ho n\u00e1vrhu, jednania s \u00faradmi, projektov\u00e9ho mana\u017ementu a\u017e po kolaud\u00e1ciu a fin\u00e1lne odovzdanie stavby.\" \/>\n<meta property=\"og:url\" content=\"https:\/\/fuladevelopment.eu\/en\/career\" \/>\n<meta property=\"og:site_name\" content=\"Fula Development\" \/>\n<meta property=\"article:modified_time\" content=\"2017-11-07T14:12:48+00:00\" \/>\n<meta name=\"twitter:card\" content=\"summary_large_image\" \/>\n<meta name=\"twitter:label1\" content=\"Est. reading time\" \/>\n\t<meta name=\"twitter:data1\" content=\"1 minute\" \/>\n<script type=\"application\/ld+json\" class=\"yoast-schema-graph\">{\"@context\":\"https:\/\/schema.org\",\"@graph\":[{\"@type\":\"WebPage\",\"@id\":\"https:\/\/fuladevelopment.eu\/en\/career\",\"url\":\"https:\/\/fuladevelopment.eu\/en\/career\",\"name\":\"Construction and project management - Fula Development\",\"isPartOf\":{\"@id\":\"https:\/\/fuladevelopment.eu\/#website\"},\"datePublished\":\"2017-10-11T08:46:07+00:00\",\"dateModified\":\"2017-11-07T14:12:48+00:00\",\"description\":\"V\u00fdstavba rodinn\u00fdch domov od prv\u00e9ho n\u00e1vrhu, jednania s \u00faradmi, projektov\u00e9ho mana\u017ementu a\u017e po kolaud\u00e1ciu a fin\u00e1lne odovzdanie stavby.\",\"breadcrumb\":{\"@id\":\"https:\/\/fuladevelopment.eu\/en\/career#breadcrumb\"},\"inLanguage\":\"en-US\",\"potentialAction\":[{\"@type\":\"ReadAction\",\"target\":[\"https:\/\/fuladevelopment.eu\/en\/career\"]}]},{\"@type\":\"BreadcrumbList\",\"@id\":\"https:\/\/fuladevelopment.eu\/en\/career#breadcrumb\",\"itemListElement\":[{\"@type\":\"ListItem\",\"position\":1,\"name\":\"Home\",\"item\":\"https:\/\/fuladevelopment.eu\/en\"},{\"@type\":\"ListItem\",\"position\":2,\"name\":\"CAREER\"}]},{\"@type\":\"WebSite\",\"@id\":\"https:\/\/fuladevelopment.eu\/#website\",\"url\":\"https:\/\/fuladevelopment.eu\/\",\"name\":\"Fula Development\",\"description\":\"\",\"potentialAction\":[{\"@type\":\"SearchAction\",\"target\":{\"@type\":\"EntryPoint\",\"urlTemplate\":\"https:\/\/fuladevelopment.eu\/?s={search_term_string}\"},\"query-input\":{\"@type\":\"PropertyValueSpecification\",\"valueRequired\":true,\"valueName\":\"search_term_string\"}}],\"inLanguage\":\"en-US\"}]}<\/script>\n<!-- \/ Yoast SEO plugin. -->","yoast_head_json":{"title":"Construction and project management - Fula Development","description":"V\u00fdstavba rodinn\u00fdch domov od prv\u00e9ho n\u00e1vrhu, jednania s \u00faradmi, projektov\u00e9ho mana\u017ementu a\u017e po kolaud\u00e1ciu a fin\u00e1lne odovzdanie stavby.","robots":{"index":"index","follow":"follow","max-snippet":"max-snippet:-1","max-image-preview":"max-image-preview:large","max-video-preview":"max-video-preview:-1"},"canonical":"https:\/\/fuladevelopment.eu\/en\/career","og_locale":"en_US","og_type":"article","og_title":"Construction and project management - Fula Development","og_description":"V\u00fdstavba rodinn\u00fdch domov od prv\u00e9ho n\u00e1vrhu, jednania s \u00faradmi, projektov\u00e9ho mana\u017ementu a\u017e po kolaud\u00e1ciu a fin\u00e1lne odovzdanie stavby.","og_url":"https:\/\/fuladevelopment.eu\/en\/career","og_site_name":"Fula Development","article_modified_time":"2017-11-07T14:12:48+00:00","twitter_card":"summary_large_image","twitter_misc":{"Est. reading time":"1 minute"},"schema":{"@context":"https:\/\/schema.org","@graph":[{"@type":"WebPage","@id":"https:\/\/fuladevelopment.eu\/en\/career","url":"https:\/\/fuladevelopment.eu\/en\/career","name":"Construction and project management - Fula Development","isPartOf":{"@id":"https:\/\/fuladevelopment.eu\/#website"},"datePublished":"2017-10-11T08:46:07+00:00","dateModified":"2017-11-07T14:12:48+00:00","description":"V\u00fdstavba rodinn\u00fdch domov od prv\u00e9ho n\u00e1vrhu, jednania s \u00faradmi, projektov\u00e9ho mana\u017ementu a\u017e po kolaud\u00e1ciu a fin\u00e1lne odovzdanie stavby.","breadcrumb":{"@id":"https:\/\/fuladevelopment.eu\/en\/career#breadcrumb"},"inLanguage":"en-US","potentialAction":[{"@type":"ReadAction","target":["https:\/\/fuladevelopment.eu\/en\/career"]}]},{"@type":"BreadcrumbList","@id":"https:\/\/fuladevelopment.eu\/en\/career#breadcrumb","itemListElement":[{"@type":"ListItem","position":1,"name":"Home","item":"https:\/\/fuladevelopment.eu\/en"},{"@type":"ListItem","position":2,"name":"CAREER"}]},{"@type":"WebSite","@id":"https:\/\/fuladevelopment.eu\/#website","url":"https:\/\/fuladevelopment.eu\/","name":"Fula Development","description":"","potentialAction":[{"@type":"SearchAction","target":{"@type":"EntryPoint","urlTemplate":"https:\/\/fuladevelopment.eu\/?s={search_term_string}"},"query-input":{"@type":"PropertyValueSpecification","valueRequired":true,"valueName":"search_term_string"}}],"inLanguage":"en-US"}]}},"_links":{"self":[{"href":"https:\/\/fuladevelopment.eu\/en\/wp-json\/wp\/v2\/pages\/3722","targetHints":{"allow":["GET"]}}],"collection":[{"href":"https:\/\/fuladevelopment.eu\/en\/wp-json\/wp\/v2\/pages"}],"about":[{"href":"https:\/\/fuladevelopment.eu\/en\/wp-json\/wp\/v2\/types\/page"}],"author":[{"embeddable":true,"href":"https:\/\/fuladevelopment.eu\/en\/wp-json\/wp\/v2\/users\/1"}],"replies":[{"embeddable":true,"href":"https:\/\/fuladevelopment.eu\/en\/wp-json\/wp\/v2\/comments?post=3722"}],"version-history":[{"count":3,"href":"https:\/\/fuladevelopment.eu\/en\/wp-json\/wp\/v2\/pages\/3722\/revisions"}],"predecessor-version":[{"id":3729,"href":"https:\/\/fuladevelopment.eu\/en\/wp-json\/wp\/v2\/pages\/3722\/revisions\/3729"}],"wp:attachment":[{"href":"https:\/\/fuladevelopment.eu\/en\/wp-json\/wp\/v2\/media?parent=3722"}],"curies":[{"name":"wp","href":"https:\/\/api.w.org\/{rel}","templated":true}]}}