{"id":4054,"date":"2016-09-06T01:15:18","date_gmt":"2016-09-06T01:15:18","guid":{"rendered":"http:\/\/fuladevelopment.eu\/kontakt"},"modified":"2023-07-03T08:45:02","modified_gmt":"2023-07-03T06:45:02","slug":"kontakt","status":"publish","type":"page","link":"https:\/\/fuladevelopment.eu\/en\/contact","title":{"rendered":"Contact"},"content":{"rendered":"<p>[vc_row full_width=&#8221;stretch_row_content&#8221; content_placement=&#8221;middle&#8221; css=&#8221;.vc_custom_1506501911232{padding-top: 85px !important;padding-bottom: 105px !important;background-image: url(http:\/\/fuladevelopment.eu\/wp-content\/uploads\/2016\/09\/brick-wall.jpg?id=346) !important;}&#8221; el_class=&#8221;slz_bg-center&#8221;][vc_column width=&#8221;1\/6&#8243;][\/vc_column][vc_column width=&#8221;4\/6&#8243;]<div class=\"slz-shortcode  sc-contact-style-2 contact-106044906569d87c52df8d4  list-contact-info sc-contact\">\n\t<h5 class=\"title\">CONTACT US<\/h5>\t<div class=\"item-wrap\">\n\t\t<div class=\"item\">\n\t\t\t        <div class=\"contact-info-box\">\n\t\t\t            <div class=\"contact-info-cell\">\n\t\t\t                <div class=\"wrapper-icons\"><i class=\"icons fa fa fa-map-marker\"><\/i><\/div>\n\t\t\t            <\/div>\n\t\t\t            <div class=\"contact-info-cell\">\n\t\t\t                 <div class=\"wrapper-info\"><div class=\"text\"><b>Headquarters<\/b><br \/>\nVirido Kft.<br \/>\nMosonmagyar\u00f3v\u00e1r<br \/>\n9200, K\u00e1lnoki \u00fat 49<br \/>\n<\/div><\/div>\n\t\t\t            <\/div>\n\t\t\t        <\/div>\n\t\t\t\t <\/div><div class=\"item\">\n\t\t\t        <div class=\"contact-info-box\">\n\t\t\t            <div class=\"contact-info-cell\">\n\t\t\t                <div class=\"wrapper-icons\"><i class=\"icons fa fa fa-map-marker\"><\/i><\/div>\n\t\t\t            <\/div>\n\t\t\t            <div class=\"contact-info-cell\">\n\t\t\t                 <div class=\"wrapper-info\"><div class=\"text\"><b>Office<\/b><br \/>\nR\u00e9vov\u00e1 ulica 5 <br \/>\n81102, Bratislava<br \/>\n <\/div><\/div>\n\t\t\t            <\/div>\n\t\t\t        <\/div>\n\t\t\t\t <\/div><div class=\"item\">\n\t\t\t        <div class=\"contact-info-box\">\n\t\t\t            <div class=\"contact-info-cell\">\n\t\t\t                <div class=\"wrapper-icons\"><i class=\"icons fa fa fa-phone\"><\/i><\/div>\n\t\t\t            <\/div>\n\t\t\t            <div class=\"contact-info-cell\">\n\t\t\t                 <div class=\"wrapper-info\"><div class=\"text\"><b>Phone<\/b><br \/>\nIng.\u013dudov\u00edt Fucsek <br \/>\n<a href=\"tel:+421 919800400\" class=\"text-bold\">+421 919800400<\/a><\/div><\/div>\n\t\t\t            <\/div>\n\t\t\t        <\/div>\n\t\t\t\t <\/div><div class=\"item\">\n\t\t\t        <div class=\"contact-info-box\">\n\t\t\t            <div class=\"contact-info-cell\">\n\t\t\t                <div class=\"wrapper-icons\"><i class=\"icons fa fa fa-envelope\"><\/i><\/div>\n\t\t\t            <\/div>\n\t\t\t            <div class=\"contact-info-cell\">\n\t\t\t                 <div class=\"wrapper-info\"><div class=\"text\"><b>Email:<\/b><br \/>\n<a href=\"mailto:info@buildplus.com\">info@fula.eu<\/a><\/div><\/div>\n\t\t\t            <\/div>\n\t\t\t        <\/div>\n\t\t\t\t <\/div>\t<\/div>\n<\/div>\n[\/vc_column][vc_column width=&#8221;1\/6&#8243;][\/vc_column][\/vc_row][vc_row full_width=&#8221;stretch_row_content_no_spaces&#8221;][vc_column css=&#8221;.vc_custom_1473128334520{padding-top: 0px !important;}&#8221;]<div class=\"slz-shortcode sc-contact-map contact-map contact-5077108569d87c52dfd1e \">\n\t<div id=\"googleMap\" data-mapker=\"https:\/\/fuladevelopment.eu\/wp-content\/uploads\/2016\/09\/icon-map.png\" data-json='[\"R\\u00e9vov\\u00e1 ulica 5, Bratislava\"]' data-zoom=\"11\" data-color=\"\"><\/div>\n  \t<div class=\"container\">\n\t\t\t        <div class=\"row\">\n\t\t\t            <div class=\"col-md-6 pull-right\">\n\t\t\t                <div class=\"contact-form\">\n\t\t\t                   <div class=\"contact-title\">CONTACT FORM<\/div>\n\t\t\t                   \n<div class=\"wpcf7 no-js\" id=\"wpcf7-f3788-o1\" lang=\"sk-SK\" dir=\"ltr\" data-wpcf7-id=\"3788\">\n<div class=\"screen-reader-response\"><p role=\"status\" aria-live=\"polite\" aria-atomic=\"true\"><\/p> <ul><\/ul><\/div>\n<form action=\"\/en\/wp-json\/wp\/v2\/pages\/4054#wpcf7-f3788-o1\" method=\"post\" class=\"wpcf7-form init sc-contact-ctf main-form\" aria-label=\"Kontaktn\u00fd formul\u00e1r\" novalidate=\"novalidate\" data-status=\"init\">\n<fieldset class=\"hidden-fields-container\"><input type=\"hidden\" name=\"_wpcf7\" value=\"3788\" \/><input type=\"hidden\" name=\"_wpcf7_version\" value=\"6.1.4\" \/><input type=\"hidden\" name=\"_wpcf7_locale\" value=\"sk_SK\" \/><input type=\"hidden\" name=\"_wpcf7_unit_tag\" value=\"wpcf7-f3788-o1\" \/><input type=\"hidden\" name=\"_wpcf7_container_post\" value=\"0\" \/><input type=\"hidden\" name=\"_wpcf7_posted_data_hash\" value=\"\" \/>\n<\/fieldset>\n<p><input type=\"text\" name=\"your-name\" class=\"wpcf7-form-control wpcf7-text wpcf7-validates-as-required name form-control\" aria-required=\"true\" aria-invalid=\"false\" placeholder=\"Name*\" \/><br \/>\n<input type=\"text\" name=\"your-email\" class=\"wpcf7-form-control wpcf7-text wpcf7-validates-as-required name form-control\" aria-required=\"true\" aria-invalid=\"false\" placeholder=\"Email*\" \/><br \/>\n<input type=\"text\" name=\"your-tel\" class=\"wpcf7-form-control wpcf7-text wpcf7-validates-as-required name form-control\" aria-required=\"true\" aria-invalid=\"false\" placeholder=\"Phone*\" \/><br \/>\n<textarea name=\"your-message\" cols=\"40\" rows=\"2\" class=\"wpcf7-form-control wpcf7-textarea message form-control\" aria-invalid=\"false\" placeholder=\"Message\"><\/textarea><br \/>\n<span class=\"wpcf7-form-control-wrap\" data-name=\"accept-this-1\"><span class=\"wpcf7-form-control wpcf7-acceptance\"><span class=\"wpcf7-list-item\"><label><input type=\"checkbox\" name=\"accept-this-1\" value=\"1\" aria-invalid=\"false\" \/><span class=\"wpcf7-list-item-label\">I agree to the processing and storage of my personal data. <a href=\"https:\/\/fuladevelopment.eu\/en\/privacy-and-cookie-policy\" target=\"_blank\">Privacy Policy<\/a><\/span><\/label><\/span><\/span><\/span>\n<\/p>\n<p><input type=\"submit\" value=\"Send\" class=\"wpcf7-form-control wpcf7-submit btn white-color\" \/><img decoding=\"async\" class=\"ajax-loader\" src=\"http:\/\/wp.swlabs.co\/buildplus\/wp-content\/plugins\/contact-form-7\/images\/ajax-loader.gif\" alt=\"Sending ...\" style=\"visibility: hidden;\" \/>\n<\/p><div class=\"wpcf7-response-output\" aria-hidden=\"true\"><\/div>\n<\/form>\n<\/div>\n\n\t\t\t                <\/div>\n\t\t\t            <\/div>\n\t\t\t        <\/div>\n\t\t\t\t<\/div><\/div>[\/vc_column][\/vc_row]<\/p>\n","protected":false},"excerpt":{"rendered":"<p>[vc_row full_width=&#8221;stretch_row_content&#8221; content_placement=&#8221;middle&#8221; css=&#8221;.vc_custom_1506501911232{padding-top: 85px !important;padding-bottom: 105px !important;background-image: url(http:\/\/fuladevelopment.eu\/wp-content\/uploads\/2016\/09\/brick-wall.jpg?id=346) !important;}&#8221; el_class=&#8221;slz_bg-center&#8221;][vc_column width=&#8221;1\/6&#8243;][\/vc_column][vc_column width=&#8221;4\/6&#8243;][\/vc_column][vc_column width=&#8221;1\/6&#8243;][\/vc_column][\/vc_row][vc_row full_width=&#8221;stretch_row_content_no_spaces&#8221;][vc_column css=&#8221;.vc_custom_1473128334520{padding-top: 0px !important;}&#8221;][\/vc_column][\/vc_row]<\/p>\n","protected":false},"author":1,"featured_media":0,"parent":0,"menu_order":0,"comment_status":"closed","ping_status":"closed","template":"","meta":{"_monsterinsights_skip_tracking":false,"_monsterinsights_sitenote_active":false,"_monsterinsights_sitenote_note":"","_monsterinsights_sitenote_category":0,"footnotes":""},"class_list":["post-4054","page","type-page","status-publish","hentry"],"yoast_head":"<!-- This site is optimized with the Yoast SEO plugin v26.5 - https:\/\/yoast.com\/wordpress\/plugins\/seo\/ -->\n<title>Contact - Fula Development<\/title>\n<meta name=\"description\" content=\"S\u00eddlo: Z\u00e1hradn\u00e1 ulica 140\/16, Jahodn\u00e1; Pobo\u010dka: R\u00e9vov\u00e1 ulica 5, Bratislava CEO: Ing.\u013dudov\u00edt Fucsek, Tel. \u010d.: 00421 919 800 400, E-mail: info@fula.eu\" \/>\n<meta name=\"robots\" content=\"index, follow, max-snippet:-1, max-image-preview:large, max-video-preview:-1\" \/>\n<link rel=\"canonical\" href=\"https:\/\/fuladevelopment.eu\/en\/contact\" \/>\n<meta property=\"og:locale\" content=\"en_US\" \/>\n<meta property=\"og:type\" content=\"article\" \/>\n<meta property=\"og:title\" content=\"Contact - Fula Development\" \/>\n<meta property=\"og:description\" content=\"S\u00eddlo: Z\u00e1hradn\u00e1 ulica 140\/16, Jahodn\u00e1; Pobo\u010dka: R\u00e9vov\u00e1 ulica 5, Bratislava CEO: Ing.\u013dudov\u00edt Fucsek, Tel. \u010d.: 00421 919 800 400, E-mail: info@fula.eu\" \/>\n<meta property=\"og:url\" content=\"https:\/\/fuladevelopment.eu\/en\/contact\" \/>\n<meta property=\"og:site_name\" content=\"Fula Development\" \/>\n<meta property=\"article:modified_time\" content=\"2023-07-03T06:45:02+00:00\" \/>\n<meta name=\"twitter:card\" content=\"summary_large_image\" \/>\n<meta name=\"twitter:label1\" content=\"Est. reading time\" \/>\n\t<meta name=\"twitter:data1\" content=\"1 minute\" \/>\n<script type=\"application\/ld+json\" class=\"yoast-schema-graph\">{\"@context\":\"https:\/\/schema.org\",\"@graph\":[{\"@type\":\"WebPage\",\"@id\":\"https:\/\/fuladevelopment.eu\/en\/contact\",\"url\":\"https:\/\/fuladevelopment.eu\/en\/contact\",\"name\":\"Contact - Fula Development\",\"isPartOf\":{\"@id\":\"https:\/\/fuladevelopment.eu\/#website\"},\"datePublished\":\"2016-09-06T01:15:18+00:00\",\"dateModified\":\"2023-07-03T06:45:02+00:00\",\"description\":\"S\u00eddlo: Z\u00e1hradn\u00e1 ulica 140\/16, Jahodn\u00e1; Pobo\u010dka: R\u00e9vov\u00e1 ulica 5, Bratislava CEO: Ing.\u013dudov\u00edt Fucsek, Tel. \u010d.: 00421 919 800 400, E-mail: info@fula.eu\",\"breadcrumb\":{\"@id\":\"https:\/\/fuladevelopment.eu\/en\/contact#breadcrumb\"},\"inLanguage\":\"en-US\",\"potentialAction\":[{\"@type\":\"ReadAction\",\"target\":[\"https:\/\/fuladevelopment.eu\/en\/contact\"]}]},{\"@type\":\"BreadcrumbList\",\"@id\":\"https:\/\/fuladevelopment.eu\/en\/contact#breadcrumb\",\"itemListElement\":[{\"@type\":\"ListItem\",\"position\":1,\"name\":\"Home\",\"item\":\"https:\/\/fuladevelopment.eu\/en\"},{\"@type\":\"ListItem\",\"position\":2,\"name\":\"Contact\"}]},{\"@type\":\"WebSite\",\"@id\":\"https:\/\/fuladevelopment.eu\/#website\",\"url\":\"https:\/\/fuladevelopment.eu\/\",\"name\":\"Fula Development\",\"description\":\"\",\"potentialAction\":[{\"@type\":\"SearchAction\",\"target\":{\"@type\":\"EntryPoint\",\"urlTemplate\":\"https:\/\/fuladevelopment.eu\/?s={search_term_string}\"},\"query-input\":{\"@type\":\"PropertyValueSpecification\",\"valueRequired\":true,\"valueName\":\"search_term_string\"}}],\"inLanguage\":\"en-US\"}]}<\/script>\n<!-- \/ Yoast SEO plugin. -->","yoast_head_json":{"title":"Contact - Fula Development","description":"S\u00eddlo: Z\u00e1hradn\u00e1 ulica 140\/16, Jahodn\u00e1; Pobo\u010dka: R\u00e9vov\u00e1 ulica 5, Bratislava CEO: Ing.\u013dudov\u00edt Fucsek, Tel. \u010d.: 00421 919 800 400, E-mail: info@fula.eu","robots":{"index":"index","follow":"follow","max-snippet":"max-snippet:-1","max-image-preview":"max-image-preview:large","max-video-preview":"max-video-preview:-1"},"canonical":"https:\/\/fuladevelopment.eu\/en\/contact","og_locale":"en_US","og_type":"article","og_title":"Contact - Fula Development","og_description":"S\u00eddlo: Z\u00e1hradn\u00e1 ulica 140\/16, Jahodn\u00e1; Pobo\u010dka: R\u00e9vov\u00e1 ulica 5, Bratislava CEO: Ing.\u013dudov\u00edt Fucsek, Tel. \u010d.: 00421 919 800 400, E-mail: info@fula.eu","og_url":"https:\/\/fuladevelopment.eu\/en\/contact","og_site_name":"Fula Development","article_modified_time":"2023-07-03T06:45:02+00:00","twitter_card":"summary_large_image","twitter_misc":{"Est. reading time":"1 minute"},"schema":{"@context":"https:\/\/schema.org","@graph":[{"@type":"WebPage","@id":"https:\/\/fuladevelopment.eu\/en\/contact","url":"https:\/\/fuladevelopment.eu\/en\/contact","name":"Contact - Fula Development","isPartOf":{"@id":"https:\/\/fuladevelopment.eu\/#website"},"datePublished":"2016-09-06T01:15:18+00:00","dateModified":"2023-07-03T06:45:02+00:00","description":"S\u00eddlo: Z\u00e1hradn\u00e1 ulica 140\/16, Jahodn\u00e1; Pobo\u010dka: R\u00e9vov\u00e1 ulica 5, Bratislava CEO: Ing.\u013dudov\u00edt Fucsek, Tel. \u010d.: 00421 919 800 400, E-mail: info@fula.eu","breadcrumb":{"@id":"https:\/\/fuladevelopment.eu\/en\/contact#breadcrumb"},"inLanguage":"en-US","potentialAction":[{"@type":"ReadAction","target":["https:\/\/fuladevelopment.eu\/en\/contact"]}]},{"@type":"BreadcrumbList","@id":"https:\/\/fuladevelopment.eu\/en\/contact#breadcrumb","itemListElement":[{"@type":"ListItem","position":1,"name":"Home","item":"https:\/\/fuladevelopment.eu\/en"},{"@type":"ListItem","position":2,"name":"Contact"}]},{"@type":"WebSite","@id":"https:\/\/fuladevelopment.eu\/#website","url":"https:\/\/fuladevelopment.eu\/","name":"Fula Development","description":"","potentialAction":[{"@type":"SearchAction","target":{"@type":"EntryPoint","urlTemplate":"https:\/\/fuladevelopment.eu\/?s={search_term_string}"},"query-input":{"@type":"PropertyValueSpecification","valueRequired":true,"valueName":"search_term_string"}}],"inLanguage":"en-US"}]}},"_links":{"self":[{"href":"https:\/\/fuladevelopment.eu\/en\/wp-json\/wp\/v2\/pages\/4054","targetHints":{"allow":["GET"]}}],"collection":[{"href":"https:\/\/fuladevelopment.eu\/en\/wp-json\/wp\/v2\/pages"}],"about":[{"href":"https:\/\/fuladevelopment.eu\/en\/wp-json\/wp\/v2\/types\/page"}],"author":[{"embeddable":true,"href":"https:\/\/fuladevelopment.eu\/en\/wp-json\/wp\/v2\/users\/1"}],"replies":[{"embeddable":true,"href":"https:\/\/fuladevelopment.eu\/en\/wp-json\/wp\/v2\/comments?post=4054"}],"version-history":[{"count":4,"href":"https:\/\/fuladevelopment.eu\/en\/wp-json\/wp\/v2\/pages\/4054\/revisions"}],"predecessor-version":[{"id":5259,"href":"https:\/\/fuladevelopment.eu\/en\/wp-json\/wp\/v2\/pages\/4054\/revisions\/5259"}],"wp:attachment":[{"href":"https:\/\/fuladevelopment.eu\/en\/wp-json\/wp\/v2\/media?parent=4054"}],"curies":[{"name":"wp","href":"https:\/\/api.w.org\/{rel}","templated":true}]}}