{"id":3223,"date":"2017-10-18T09:31:52","date_gmt":"2017-10-18T07:31:52","guid":{"rendered":"http:\/\/fuladevelopment.eu?page_id=3223"},"modified":"2017-11-23T19:22:32","modified_gmt":"2017-11-23T18:22:32","slug":"rolunk","status":"publish","type":"page","link":"https:\/\/fuladevelopment.eu\/hu\/rolunk","title":{"rendered":"R\u00f3lunk"},"content":{"rendered":"<p>[vc_row full_width=&#8221;stretch_row&#8221; css=&#8221;.vc_custom_1507642543030{padding-top: 65px !important;padding-bottom: 10px !important;}&#8221;][vc_column width=&#8221;1\/2&#8243;]\t<div class=\"slz-shortcode sc-block-title block-title-92944899169e11e8cafcec \">\n\t\t\t<div class=\"main-title\"> <h5 class=\"subtitle\">R\u00d3LUNK<\/h5> <h2 class=\"title\">C\u00e9g\u00fcnk <\/h2> <\/div>\t<\/div>\n[vc_custom_heading text=&#8221;TERVEZ\u00dcNK \u00c9S MEGVAL\u00d3S\u00cdTUNK&#8221; font_container=&#8221;tag:h4|text_align:left|color:%233a4d6a&#8221; google_fonts=&#8221;font_family:Montserrat%3Aregular%2C700|font_style:700%20bold%20regular%3A700%3Anormal&#8221; css=&#8221;.vc_custom_1508312797214{margin-top: 30px !important;margin-bottom: 20px !important;}&#8221;][vc_column_text css=&#8221;.vc_custom_1508312927567{margin-bottom: 20px !important;}&#8221;]Az \u00d6n profi \u00e9p\u00edt\u0151ipari csapata<\/p>\n<p>Az ingatlanok m\u00e1r r\u00e9g\u00f3ta szenved\u00e9ly\u00fcnk t\u00e1rgy\u00e1t k\u00e9pezik. C\u00e9g\u00fcnk a 2011-es megalap\u00edt\u00e1sa \u00f3ta tart\u00f3s \u00e9rt\u00e9keket hoz l\u00e9tre az \u00e9p\u00edtm\u00e9nyek \u00e9p\u00edt\u00e9se \u00e9s fel\u00faj\u00edt\u00e1sa ter\u00e9n. Tev\u00e9kenys\u00e9gi sk\u00e1l\u00e1nk rendk\u00edv\u00fcl sz\u00e9les: \u00e9p\u00edt\u0151ipari v\u00e1llalat \u00e9s nemzetk\u00f6zi ingatlan\u00fcgyn\u00f6ks\u00e9g is vagyunk. Portf\u00f3li\u00f3nkba a m\u00e9rn\u00f6ki tev\u00e9kenys\u00e9g, az \u00e1tfog\u00f3 m\u0171szaki \u00e9s p\u00e9nz\u00fcgyi menedzsment is beletartozik. Egyedi tapasztalatokkal rendelkez\u00fcnk a m\u0171eml\u00e9ki v\u00e9delem alatt \u00e1ll\u00f3 \u00e9p\u00fcletek fel\u00faj\u00edt\u00e1s\u00e1ban is. Tev\u00e9kenys\u00e9geink k\u00f6z\u00e9 tartozik az \u00e9p\u00edt\u00e9si \u00e9s m\u0171szaki fel\u00fcgyelet is. Megb\u00edz\u00e1saink t\u00f6bbs\u00e9g\u00e9t \u00e9p\u00edt\u0151ipari f\u0151v\u00e1llalkoz\u00f3k\u00e9nt \u00e9s gener\u00e1l-kivitelez\u0151k\u00e9nt teljes\u00edtj\u00fck, melyhez a tapasztalt szakemberekb\u0151l, m\u00e9rn\u00f6k\u00f6kb\u0151l, alv\u00e1llalkoz\u00f3kb\u00f3l \u00e1ll\u00f3 csapat biztos\u00edtja a megb\u00edzhat\u00f3 h\u00e1tteret.[\/vc_column_text]<div class=\"slz-shortcode sc-button button-147000804969e11e8cafe1e \">\n\t\t<a href=\"http:\/\/fuladevelopment.eu\/hu\/kapcsolat\" class=\"btn\"  >Ossza meg vel\u00fcnk elk\u00e9pzel\u00e9s\u00e9t, mi k\u00e9zzelfoghat\u00f3 \u00e9rt\u00e9kk\u00e9 tessz\u00fck!<\/a><\/div>\n[\/vc_column][vc_column width=&#8221;1\/2&#8243;][vc_single_image image=&#8221;31&#8243; img_size=&#8221;large&#8221; alignment=&#8221;center&#8221;][\/vc_column][\/vc_row][vc_row full_width=&#8221;stretch_row&#8221; css=&#8221;.vc_custom_1507642719761{padding-top: 30px !important;padding-bottom: 100px !important;background-image: url(http:\/\/fuladevelopment.eu\/wp-content\/uploads\/2016\/09\/brick-wall-1.jpg?id=131) !important;background-position: center !important;background-repeat: no-repeat !important;background-size: cover !important;}&#8221;][vc_column width=&#8221;1\/2&#8243; css=&#8221;.vc_custom_1473138123298{padding-top: 45px !important;}&#8221;][vc_single_image image=&#8221;33&#8243; img_size=&#8221;large&#8221; alignment=&#8221;center&#8221;][\/vc_column][vc_column width=&#8221;1\/2&#8243;]\t<div class=\"slz-shortcode sc-block-title block-title-185206922769e11e8cafeee \">\n\t\t\t<div class=\"main-title\">  <h2 class=\"title\">A FILOZ\u00d3FI\u00c1NK \u00c9S J\u00d6V\u0150K\u00c9P\u00dcNK <\/h2> <\/div>\t<\/div>\n[vc_empty_space height=&#8221;42px&#8221;]\t<div class=\"block-accordion slz-shortcode accordion-94675673869e11e8caff9b \">\n\t\t<div id=\"accordion-94675673869e11e8caff9b\" role=\"tablist\" aria-multiselectable=\"true\" class=\"panel-group\">\n\t\t\t<div class=\"panel\">\n\t\t\t\t\t\t<div id=\"accordion-94675673869e11e8caff9b-heading-1\" role=\"tab\" class=\"panel-heading\">\n\t\t\t\t\t\t\t\t<a role=\"button\" data-toggle=\"collapse\" href=\"#accordion-94675673869e11e8caff9b-desc-1\" aria-expanded=\"true\" data-parent=\"#accordion-94675673869e11e8caff9b\" class=\"panel-title \">\n\t\t\t\t\t\t\t\t\t<i class=\"icons fa fa-minus\"><\/i>Megb\u00edzhat\u00f3s\u00e1g\n\t\t\t\t\t\t\t\t<\/a>\n\t\t\t\t\t\t\t<\/div>\n\t\t\t\t\t\t<div id=\"accordion-94675673869e11e8caff9b-desc-1\" role=\"tabpanel\" class=\"panel-collapse collapse in\">\n\t\t\t\t\t\t\t\t<div class=\"panel-body\">Egy \u00faj csal\u00e1di h\u00e1z vagy egy kommersz telephely fel\u00e9p\u00edt\u00e9se mindig nagy l\u00e9p\u00e9st jelent. Alapvet\u0151 fontoss\u00e1g\u00fa, hogy egy t\u00f6bb \u00e9ves tapasztalatokkal rendelkez\u0151 megb\u00edzhat\u00f3 partner \u00e1lljon \u00d6n mellett, profi csapattal \u00e9s bev\u00e1lt alv\u00e1llalkoz\u00f3k h\u00e1l\u00f3zat\u00e1val. Filoz\u00f3fi\u00e1nk r\u00e9sz\u00e9t k\u00e9pezi a rugalmas t\u00e1rgyal\u00e1s \u00e9s a teljes \u00e1tl\u00e1that\u00f3s\u00e1g.<\/div>\n\t\t\t\t\t\t\t<\/div>\n\t\t\t\t\t<\/div><div class=\"panel\">\n\t\t\t\t\t\t<div id=\"accordion-94675673869e11e8caff9b-heading-2\" role=\"tab\" class=\"panel-heading\">\n\t\t\t\t\t\t\t\t<a role=\"button\" data-toggle=\"collapse\" href=\"#accordion-94675673869e11e8caff9b-desc-2\" aria-expanded=\"true\" data-parent=\"#accordion-94675673869e11e8caff9b\" class=\"panel-title collapsed\">\n\t\t\t\t\t\t\t\t\t<i class=\"icons fa fa-minus\"><\/i>Innov\u00e1ci\u00f3k \u00e9s \u00faj trendek\n\t\t\t\t\t\t\t\t<\/a>\n\t\t\t\t\t\t\t<\/div>\n\t\t\t\t\t\t<div id=\"accordion-94675673869e11e8caff9b-desc-2\" role=\"tabpanel\" class=\"panel-collapse collapse \">\n\t\t\t\t\t\t\t\t<div class=\"panel-body\">Innovat\u00edv technol\u00f3giai elj\u00e1r\u00e1sok seg\u00edts\u00e9g\u00e9vel \u00e9s a leg\u00fajabb \u00e9p\u00edt\u0151ipari trendek szerint dolgozunk. Az \u00e9p\u00edtkez\u00e9si folyamat valamennyi f\u00e1zis\u00e1ban nagy hangs\u00falyt fektet\u00fcnk a precizit\u00e1sra, hogy \u00d6nnek a legjobb v\u00e9geredm\u00e9nnyel tudjunk szolg\u00e1lni.<\/div>\n\t\t\t\t\t\t\t<\/div>\n\t\t\t\t\t<\/div><div class=\"panel\">\n\t\t\t\t\t\t<div id=\"accordion-94675673869e11e8caff9b-heading-3\" role=\"tab\" class=\"panel-heading\">\n\t\t\t\t\t\t\t\t<a role=\"button\" data-toggle=\"collapse\" href=\"#accordion-94675673869e11e8caff9b-desc-3\" aria-expanded=\"true\" data-parent=\"#accordion-94675673869e11e8caff9b\" class=\"panel-title collapsed\">\n\t\t\t\t\t\t\t\t\t<i class=\"icons fa fa-minus\"><\/i>El\u00e9gedett \u00fcgyf\u00e9l\n\t\t\t\t\t\t\t\t<\/a>\n\t\t\t\t\t\t\t<\/div>\n\t\t\t\t\t\t<div id=\"accordion-94675673869e11e8caff9b-desc-3\" role=\"tabpanel\" class=\"panel-collapse collapse \">\n\t\t\t\t\t\t\t\t<div class=\"panel-body\">\u00dcgyfel\u00fcnk a kivitelez\u00e9si folyamat sor\u00e1n akt\u00edv r\u00e9sz\u00e9t k\u00e9pezi csapatunknak. Az \u00fcgyf\u00e9l v\u00e9lem\u00e9nye priorit\u00e1st \u00e9lvez az \u00e9p\u00edtkez\u00e9s b\u00e1rmely szakasz\u00e1ban. Az \u00e9p\u00edtm\u00e9ny megfelel\u0151 min\u0151s\u00e9g\u0171 kivitelez\u00e9se \u00e9s a teljes \u00f6sszek\u00e9p rendk\u00edv\u00fcl fontos sz\u00e1munkra, hiszen a v\u00e9geredm\u00e9ny minduntalan szem el\u0151tt lesz. Tudjuk, hogy megrendel\u0151ink a projektekbe nem csak a p\u00e9nz\u00fcket helyezik, hanem dr\u00e1ga idej\u00fcket \u00e9s bizalmukat is, \u00edgy nem okozunk csal\u00f3d\u00e1st.<\/div>\n\t\t\t\t\t\t\t<\/div>\n\t\t\t\t\t<\/div>\t\t<\/div>\n\t<\/div>\n[\/vc_column][\/vc_row][vc_row full_width=&#8221;stretch_row&#8221; equal_height=&#8221;yes&#8221; content_placement=&#8221;middle&#8221; el_class=&#8221;blended&#8221; css=&#8221;.vc_custom_1511194614730{padding-top: 0px !important;padding-bottom: 40px !important;background-image: url(http:\/\/fuladevelopment.eu\/wp-content\/uploads\/2016\/09\/slider-banner-3.jpg?id=3489) !important;background-position: center !important;background-repeat: no-repeat !important;background-size: cover !important;}&#8221;][vc_column][vc_empty_space height=&#8221;42px&#8221;]<div class=\"slz-shortcode sc-testimonial buildplus_testi-91403095469e11e8cb0638 \" data-item=\".buildplus_testi-91403095469e11e8cb0638\" data-list=\"2\" >\n\t<div class=\"testimonial-detail list-testimonial-2\">\n\t<div class=\"item post-3210 buildplus_testi\">\n\t\t\t\t\t\t\t<div class=\"testimonial-2\"><div class=\"img-wrapper\"><img decoding=\"async\" src=\"https:\/\/fuladevelopment.eu\/wp-content\/plugins\/slz-core\/assets\/images\/no-image\/thumb-240x350.gif\" alt=\"Fucsek Lajos\" class=\"img-responsive img-full\" \/><\/div>\n\t\t\t\t\t\t\t<div class=\"content-wrapper\">\n\t\t\t\t\t\t\t\t<div class=\"testimonial\"><p>Tev\u00e9kenys\u00e9g\u00fcnk sor\u00e1n szem el\u0151tt tartjuk\u00a0azokat a trendeket, melyek az eg\u00e9szs\u00e9ges lak\u00f3k\u00f6rnyezet \u00e9s a min\u0151s\u00e9gi \u00e9lett\u00e9r elv\u00e9n alapulnak. Fontos sz\u00e1munkra az \u00e9p\u00fcletek fenntarthat\u00f3s\u00e1ga, k\u00fcl\u00f6n\u00f6s tekintettel az energiafelhaszn\u00e1l\u00e1sra. Tiszteletben tartjuk az \u00e9letk\u00f6rnyezetet, \u00e9s igyeksz\u00fcnk \u00fagy \u00e9p\u00edteni, hogy az harm\u00f3ni\u00e1ban legyen a k\u00f6rnyezettel. H\u00edvei vagyunk annak, hogy \u00e9p\u00edtm\u00e9nyeink ne csak a k\u00e9nyelmet szolg\u00e1lj\u00e1k, de eszt\u00e9tikusak \u00e9s energetikailag \u00f6nell\u00e1t\u00f3ak legyenek. Az \u00e9p\u00fcletek garant\u00e1lt biztons\u00e1ga \u00e9s az eg\u00e9szs\u00e9gre \u00e1rtalmatlan \u00e9p\u00edt\u00e9si anyagok haszn\u00e1lata egyar\u00e1nt fontos szempont sz\u00e1munkra.<\/p>\n<\/div>\n\t\t\t\t\t\t\t\t<div class=\"infomation\">\n\t\t\t\t\t\t\t\t\t<div class=\"name\">Fucsek Lajos - <div class=\"position\">alap\u00edt\u00f3<\/div><\/div>\n\t\t\t\t\t\t\t\t<\/div>\n\t\t\t\t\t\t\t<\/div><\/div>\n\t\t\t\t\t\t<\/div>\t<\/div>\n<\/div>[vc_empty_space height=&#8221;42px&#8221;][\/vc_column][\/vc_row]<\/p>\n","protected":false},"excerpt":{"rendered":"<p>[vc_row full_width=&#8221;stretch_row&#8221; css=&#8221;.vc_custom_1507642543030{padding-top: 65px !important;padding-bottom: 10px !important;}&#8221;][vc_column width=&#8221;1\/2&#8243;][vc_custom_heading text=&#8221;TERVEZ\u00dcNK \u00c9S MEGVAL\u00d3S\u00cdTUNK&#8221; font_container=&#8221;tag:h4|text_align:left|color:%233a4d6a&#8221; google_fonts=&#8221;font_family:Montserrat%3Aregular%2C700|font_style:700%20bold%20regular%3A700%3Anormal&#8221; css=&#8221;.vc_custom_1508312797214{margin-top: 30px !important;margin-bottom: 20px !important;}&#8221;][vc_column_text css=&#8221;.vc_custom_1508312927567{margin-bottom: 20px !important;}&#8221;]Az \u00d6n profi \u00e9p\u00edt\u0151ipari csapata Az ingatlanok m\u00e1r r\u00e9g\u00f3ta szenved\u00e9ly\u00fcnk t\u00e1rgy\u00e1t k\u00e9pezik. C\u00e9g\u00fcnk a 2011-es megalap\u00edt\u00e1sa \u00f3ta tart\u00f3s \u00e9rt\u00e9keket hoz l\u00e9tre az \u00e9p\u00edtm\u00e9nyek \u00e9p\u00edt\u00e9se \u00e9s fel\u00faj\u00edt\u00e1sa ter\u00e9n. Tev\u00e9kenys\u00e9gi sk\u00e1l\u00e1nk rendk\u00edv\u00fcl sz\u00e9les: \u00e9p\u00edt\u0151ipari v\u00e1llalat \u00e9s nemzetk\u00f6zi [&hellip;]<\/p>\n","protected":false},"author":1,"featured_media":0,"parent":0,"menu_order":0,"comment_status":"closed","ping_status":"closed","template":"","meta":{"_monsterinsights_skip_tracking":false,"_monsterinsights_sitenote_active":false,"_monsterinsights_sitenote_note":"","_monsterinsights_sitenote_category":0,"footnotes":""},"class_list":["post-3223","page","type-page","status-publish","hentry"],"yoast_head":"<!-- This site is optimized with the Yoast SEO plugin v26.5 - https:\/\/yoast.com\/wordpress\/plugins\/seo\/ -->\n<title>R\u00f3lunk - Fula Development<\/title>\n<meta name=\"description\" content=\"\u00c9p\u00edt\u0151ipari v\u00e1llalat \u00e9s nemzetk\u00f6zi ingatlan\u00fcgyn\u00f6ks\u00e9g is vagyunk. Tev\u00e9kenys\u00e9geink k\u00f6z\u00e9 tartozik a m\u00e9rn\u00f6ki tev\u00e9kenys\u00e9g \u00e9s az \u00e1tfog\u00f3 projektmenedzsment is.\" \/>\n<meta name=\"robots\" content=\"index, follow, max-snippet:-1, max-image-preview:large, max-video-preview:-1\" \/>\n<link rel=\"canonical\" href=\"https:\/\/fuladevelopment.eu\/hu\/rolunk\" \/>\n<meta property=\"og:locale\" content=\"hu_HU\" \/>\n<meta property=\"og:type\" content=\"article\" \/>\n<meta property=\"og:title\" content=\"R\u00f3lunk - Fula Development\" \/>\n<meta property=\"og:description\" content=\"\u00c9p\u00edt\u0151ipari v\u00e1llalat \u00e9s nemzetk\u00f6zi ingatlan\u00fcgyn\u00f6ks\u00e9g is vagyunk. Tev\u00e9kenys\u00e9geink k\u00f6z\u00e9 tartozik a m\u00e9rn\u00f6ki tev\u00e9kenys\u00e9g \u00e9s az \u00e1tfog\u00f3 projektmenedzsment is.\" \/>\n<meta property=\"og:url\" content=\"https:\/\/fuladevelopment.eu\/hu\/rolunk\" \/>\n<meta property=\"og:site_name\" content=\"Fula Development\" \/>\n<meta property=\"article:modified_time\" content=\"2017-11-23T18:22:32+00:00\" \/>\n<meta name=\"twitter:card\" content=\"summary_large_image\" \/>\n<meta name=\"twitter:label1\" content=\"Becs\u00fclt olvas\u00e1si id\u0151\" \/>\n\t<meta name=\"twitter:data1\" content=\"5 perc\" \/>\n<script type=\"application\/ld+json\" class=\"yoast-schema-graph\">{\"@context\":\"https:\/\/schema.org\",\"@graph\":[{\"@type\":\"WebPage\",\"@id\":\"https:\/\/fuladevelopment.eu\/hu\/rolunk\",\"url\":\"https:\/\/fuladevelopment.eu\/hu\/rolunk\",\"name\":\"R\u00f3lunk - Fula Development\",\"isPartOf\":{\"@id\":\"https:\/\/fuladevelopment.eu\/#website\"},\"datePublished\":\"2017-10-18T07:31:52+00:00\",\"dateModified\":\"2017-11-23T18:22:32+00:00\",\"description\":\"\u00c9p\u00edt\u0151ipari v\u00e1llalat \u00e9s nemzetk\u00f6zi ingatlan\u00fcgyn\u00f6ks\u00e9g is vagyunk. Tev\u00e9kenys\u00e9geink k\u00f6z\u00e9 tartozik a m\u00e9rn\u00f6ki tev\u00e9kenys\u00e9g \u00e9s az \u00e1tfog\u00f3 projektmenedzsment is.\",\"breadcrumb\":{\"@id\":\"https:\/\/fuladevelopment.eu\/hu\/rolunk#breadcrumb\"},\"inLanguage\":\"hu\",\"potentialAction\":[{\"@type\":\"ReadAction\",\"target\":[\"https:\/\/fuladevelopment.eu\/hu\/rolunk\"]}]},{\"@type\":\"BreadcrumbList\",\"@id\":\"https:\/\/fuladevelopment.eu\/hu\/rolunk#breadcrumb\",\"itemListElement\":[{\"@type\":\"ListItem\",\"position\":1,\"name\":\"Home\",\"item\":\"https:\/\/fuladevelopment.eu\/hu\"},{\"@type\":\"ListItem\",\"position\":2,\"name\":\"R\u00f3lunk\"}]},{\"@type\":\"WebSite\",\"@id\":\"https:\/\/fuladevelopment.eu\/#website\",\"url\":\"https:\/\/fuladevelopment.eu\/\",\"name\":\"Fula Development\",\"description\":\"\",\"potentialAction\":[{\"@type\":\"SearchAction\",\"target\":{\"@type\":\"EntryPoint\",\"urlTemplate\":\"https:\/\/fuladevelopment.eu\/?s={search_term_string}\"},\"query-input\":{\"@type\":\"PropertyValueSpecification\",\"valueRequired\":true,\"valueName\":\"search_term_string\"}}],\"inLanguage\":\"hu\"}]}<\/script>\n<!-- \/ Yoast SEO plugin. -->","yoast_head_json":{"title":"R\u00f3lunk - Fula Development","description":"\u00c9p\u00edt\u0151ipari v\u00e1llalat \u00e9s nemzetk\u00f6zi ingatlan\u00fcgyn\u00f6ks\u00e9g is vagyunk. Tev\u00e9kenys\u00e9geink k\u00f6z\u00e9 tartozik a m\u00e9rn\u00f6ki tev\u00e9kenys\u00e9g \u00e9s az \u00e1tfog\u00f3 projektmenedzsment is.","robots":{"index":"index","follow":"follow","max-snippet":"max-snippet:-1","max-image-preview":"max-image-preview:large","max-video-preview":"max-video-preview:-1"},"canonical":"https:\/\/fuladevelopment.eu\/hu\/rolunk","og_locale":"hu_HU","og_type":"article","og_title":"R\u00f3lunk - Fula Development","og_description":"\u00c9p\u00edt\u0151ipari v\u00e1llalat \u00e9s nemzetk\u00f6zi ingatlan\u00fcgyn\u00f6ks\u00e9g is vagyunk. Tev\u00e9kenys\u00e9geink k\u00f6z\u00e9 tartozik a m\u00e9rn\u00f6ki tev\u00e9kenys\u00e9g \u00e9s az \u00e1tfog\u00f3 projektmenedzsment is.","og_url":"https:\/\/fuladevelopment.eu\/hu\/rolunk","og_site_name":"Fula Development","article_modified_time":"2017-11-23T18:22:32+00:00","twitter_card":"summary_large_image","twitter_misc":{"Becs\u00fclt olvas\u00e1si id\u0151":"5 perc"},"schema":{"@context":"https:\/\/schema.org","@graph":[{"@type":"WebPage","@id":"https:\/\/fuladevelopment.eu\/hu\/rolunk","url":"https:\/\/fuladevelopment.eu\/hu\/rolunk","name":"R\u00f3lunk - Fula Development","isPartOf":{"@id":"https:\/\/fuladevelopment.eu\/#website"},"datePublished":"2017-10-18T07:31:52+00:00","dateModified":"2017-11-23T18:22:32+00:00","description":"\u00c9p\u00edt\u0151ipari v\u00e1llalat \u00e9s nemzetk\u00f6zi ingatlan\u00fcgyn\u00f6ks\u00e9g is vagyunk. Tev\u00e9kenys\u00e9geink k\u00f6z\u00e9 tartozik a m\u00e9rn\u00f6ki tev\u00e9kenys\u00e9g \u00e9s az \u00e1tfog\u00f3 projektmenedzsment is.","breadcrumb":{"@id":"https:\/\/fuladevelopment.eu\/hu\/rolunk#breadcrumb"},"inLanguage":"hu","potentialAction":[{"@type":"ReadAction","target":["https:\/\/fuladevelopment.eu\/hu\/rolunk"]}]},{"@type":"BreadcrumbList","@id":"https:\/\/fuladevelopment.eu\/hu\/rolunk#breadcrumb","itemListElement":[{"@type":"ListItem","position":1,"name":"Home","item":"https:\/\/fuladevelopment.eu\/hu"},{"@type":"ListItem","position":2,"name":"R\u00f3lunk"}]},{"@type":"WebSite","@id":"https:\/\/fuladevelopment.eu\/#website","url":"https:\/\/fuladevelopment.eu\/","name":"Fula Development","description":"","potentialAction":[{"@type":"SearchAction","target":{"@type":"EntryPoint","urlTemplate":"https:\/\/fuladevelopment.eu\/?s={search_term_string}"},"query-input":{"@type":"PropertyValueSpecification","valueRequired":true,"valueName":"search_term_string"}}],"inLanguage":"hu"}]}},"_links":{"self":[{"href":"https:\/\/fuladevelopment.eu\/hu\/wp-json\/wp\/v2\/pages\/3223","targetHints":{"allow":["GET"]}}],"collection":[{"href":"https:\/\/fuladevelopment.eu\/hu\/wp-json\/wp\/v2\/pages"}],"about":[{"href":"https:\/\/fuladevelopment.eu\/hu\/wp-json\/wp\/v2\/types\/page"}],"author":[{"embeddable":true,"href":"https:\/\/fuladevelopment.eu\/hu\/wp-json\/wp\/v2\/users\/1"}],"replies":[{"embeddable":true,"href":"https:\/\/fuladevelopment.eu\/hu\/wp-json\/wp\/v2\/comments?post=3223"}],"version-history":[{"count":7,"href":"https:\/\/fuladevelopment.eu\/hu\/wp-json\/wp\/v2\/pages\/3223\/revisions"}],"predecessor-version":[{"id":4396,"href":"https:\/\/fuladevelopment.eu\/hu\/wp-json\/wp\/v2\/pages\/3223\/revisions\/4396"}],"wp:attachment":[{"href":"https:\/\/fuladevelopment.eu\/hu\/wp-json\/wp\/v2\/media?parent=3223"}],"curies":[{"name":"wp","href":"https:\/\/api.w.org\/{rel}","templated":true}]}}