{"id":3457,"date":"2017-10-11T10:46:07","date_gmt":"2017-10-11T08:46:07","guid":{"rendered":"http:\/\/fuladevelopment.eu\/kariera"},"modified":"2017-11-20T11:51:17","modified_gmt":"2017-11-20T10:51:17","slug":"kariera","status":"publish","type":"page","link":"https:\/\/fuladevelopment.eu\/hu\/karrier+","title":{"rendered":"Karrier"},"content":{"rendered":"<p>[vc_row full_width=&#8221;stretch_row&#8221; css=&#8221;.vc_custom_1507705237441{padding-top: 0px !important;padding-bottom: 0px !important;background-image: url(http:\/\/fuladevelopment.eu\/wp-content\/uploads\/2016\/09\/testimonial-2.jpg?id=303) !important;background-position: center !important;background-repeat: no-repeat !important;background-size: cover !important;}&#8221; el_class=&#8221;text-center&#8221;][vc_column]\t<div class=\"slz-shortcode sc-banner banner-202884852669db96689e838 \">\n\t\t\t<div class=\"banner-3\"> <h5 class=\"subtitle\">Karrier<\/h5> <h2 class=\"title\">Megb\u00edzhat\u00f3 \u00e9s tapasztalattal rendelkez\u0151 embereket keres\u00fcnk folyamatosan n\u00f6vekv\u0151 c\u00e9g\u00fcnkbe.<\/h2>  <\/div>\t<\/div>\n[vc_empty_space][vc_row_inner][vc_column_inner width=&#8221;1\/2&#8243;][vc_empty_space]<div class=\"slz-shortcode sc-button button-209864125069db96689e8dc \">\n\t\t<a href=\"http:\/\/fuladevelopment.eu\/hu\/kapcsolat\" class=\"btn\"  >Szabad poz\u00edci\u00f3k<\/a><\/div>\n[\/vc_column_inner][vc_column_inner width=&#8221;1\/2&#8243;][vc_empty_space]<div class=\"slz-shortcode sc-button button-26538527369db96689e948 \">\n\t\t<a href=\"http:\/\/fuladevelopment.eu\/hu\/kapcsolat\" class=\"btn\"  >K\u00fcldje el nek\u00fcnk \u00e9letrajz\u00e1t<\/a><\/div>\n[\/vc_column_inner][\/vc_row_inner][\/vc_column][\/vc_row][vc_row][vc_column][vc_raw_html]JTNDZGl2JTIwY2xhc3MlM0QlMjJzdWJjcmliZS1mb290ZXIlMjIlM0UlMEElMDklMDklMDklMDklMDklMDklMDklMDklMDklMDklM0NkaXYlMjBjbGFzcyUzRCUyMmNvbnRhaW5lciUyMHN1YmNyaWJlLXdyYXBwZXIlMjIlM0UlMEElMDklM0NkaXYlMjBjbGFzcyUzRCUyMmJhbm5lci1ib3R0b20lMjIlM0UlMEElMDklMDklM0NkaXYlMjBjbGFzcyUzRCUyMmJhbm5lci0xJTIyJTIwc3R5bGUlM0QlMjIlMEElMjAlMjAlMjAlMjBtYXJnaW4tYm90dG9tJTNBJTIwODZweCUzQiUwQSUyMiUzRSUwQSUwOSUwOSUwOSUzQ2RpdiUyMGNsYXNzJTNEJTIyYmFubmVyLWxlZnQlMjIlM0UlMEElMDklMDklMDklMDklM0NoNSUyMGNsYXNzJTNEJTIydGV4dCUyMiUzRUElMjBtZWdmZWxlbCVDNSU5MSUyMG1lbmVkenNlcnQlMjBrZXJlc2klMjBwcm9qZWt0aiVDMyVBOWhleiUzRiUzQyUyRmg1JTNFJTA5JTA5JTA5JTNDJTJGZGl2JTNFJTBBJTA5JTA5JTA5JTNDZGl2JTIwY2xhc3MlM0QlMjJiYW5uZXItcmlnaHQlMjIlM0UlM0NhJTIwaHJlZiUzRCUyMmh0dHAlM0ElMkYlMkZmdWxhZGV2ZWxvcG1lbnQuZXUlMkZodSUyRmthcGNzb2xhdCUyMiUyMGNsYXNzJTNEJTIyYnRuJTIwdHJhbnNwYXJlbnQlMjB3aGl0ZS1jb2xvciUyMiUzRSVDMyU4RFJKT04lMjBORUslQzMlOUNOSyUzQyUyRmElM0UlM0MlMkZkaXYlM0UlMDklMDklM0MlMkZkaXYlM0UlMEElMDklM0MlMkZkaXYlM0UlMEElM0MlMkZkaXYlM0UlMEElMDklMDklMDklMDklMDklMDklMDklMDklMDklMDklM0MlMkZkaXYlM0U=[\/vc_raw_html][\/vc_column][\/vc_row]<\/p>\n","protected":false},"excerpt":{"rendered":"<p>[vc_row full_width=&#8221;stretch_row&#8221; css=&#8221;.vc_custom_1507705237441{padding-top: 0px !important;padding-bottom: 0px !important;background-image: url(http:\/\/fuladevelopment.eu\/wp-content\/uploads\/2016\/09\/testimonial-2.jpg?id=303) !important;background-position: center !important;background-repeat: no-repeat !important;background-size: cover !important;}&#8221; el_class=&#8221;text-center&#8221;][vc_column][vc_empty_space][vc_row_inner][vc_column_inner width=&#8221;1\/2&#8243;][vc_empty_space][\/vc_column_inner][vc_column_inner width=&#8221;1\/2&#8243;][vc_empty_space][\/vc_column_inner][\/vc_row_inner][\/vc_column][\/vc_row][vc_row][vc_column][vc_raw_html]JTNDZGl2JTIwY2xhc3MlM0QlMjJzdWJjcmliZS1mb290ZXIlMjIlM0UlMEElMDklMDklMDklMDklMDklMDklMDklMDklMDklMDklM0NkaXYlMjBjbGFzcyUzRCUyMmNvbnRhaW5lciUyMHN1YmNyaWJlLXdyYXBwZXIlMjIlM0UlMEElMDklM0NkaXYlMjBjbGFzcyUzRCUyMmJhbm5lci1ib3R0b20lMjIlM0UlMEElMDklMDklM0NkaXYlMjBjbGFzcyUzRCUyMmJhbm5lci0xJTIyJTIwc3R5bGUlM0QlMjIlMEElMjAlMjAlMjAlMjBtYXJnaW4tYm90dG9tJTNBJTIwODZweCUzQiUwQSUyMiUzRSUwQSUwOSUwOSUwOSUzQ2RpdiUyMGNsYXNzJTNEJTIyYmFubmVyLWxlZnQlMjIlM0UlMEElMDklMDklMDklMDklM0NoNSUyMGNsYXNzJTNEJTIydGV4dCUyMiUzRUElMjBtZWdmZWxlbCVDNSU5MSUyMG1lbmVkenNlcnQlMjBrZXJlc2klMjBwcm9qZWt0aiVDMyVBOWhleiUzRiUzQyUyRmg1JTNFJTA5JTA5JTA5JTNDJTJGZGl2JTNFJTBBJTA5JTA5JTA5JTNDZGl2JTIwY2xhc3MlM0QlMjJiYW5uZXItcmlnaHQlMjIlM0UlM0NhJTIwaHJlZiUzRCUyMmh0dHAlM0ElMkYlMkZmdWxhZGV2ZWxvcG1lbnQuZXUlMkZodSUyRmthcGNzb2xhdCUyMiUyMGNsYXNzJTNEJTIyYnRuJTIwdHJhbnNwYXJlbnQlMjB3aGl0ZS1jb2xvciUyMiUzRSVDMyU4RFJKT04lMjBORUslQzMlOUNOSyUzQyUyRmElM0UlM0MlMkZkaXYlM0UlMDklMDklM0MlMkZkaXYlM0UlMEElMDklM0MlMkZkaXYlM0UlMEElM0MlMkZkaXYlM0UlMEElMDklMDklMDklMDklMDklMDklMDklMDklMDklMDklM0MlMkZkaXYlM0U=[\/vc_raw_html][\/vc_column][\/vc_row]<\/p>\n","protected":false},"author":1,"featured_media":0,"parent":0,"menu_order":0,"comment_status":"closed","ping_status":"closed","template":"","meta":{"_monsterinsights_skip_tracking":false,"_monsterinsights_sitenote_active":false,"_monsterinsights_sitenote_note":"","_monsterinsights_sitenote_category":0,"footnotes":""},"class_list":["post-3457","page","type-page","status-publish","hentry"],"yoast_head":"<!-- This site is optimized with the Yoast SEO plugin v26.5 - https:\/\/yoast.com\/wordpress\/plugins\/seo\/ -->\n<title>Legyen tagja csapatunknak alv\u00e1llalkoz\u00f3k\u00e9nt- Fula Development<\/title>\n<meta name=\"description\" content=\"MEGB\u00cdZHAT\u00d3 \u00c9S TAPASZTALATTAL RENDELKEZ\u0150 EMBEREKET KERES\u00dcNK FOLYAMATOSAN N\u00d6VEKV\u0150 C\u00c9G\u00dcNKBE. TEKINTSE MEG A SZABAD POZ\u00cdCI\u00d3KAT\" \/>\n<meta name=\"robots\" content=\"index, follow, max-snippet:-1, max-image-preview:large, max-video-preview:-1\" \/>\n<link rel=\"canonical\" href=\"https:\/\/fuladevelopment.eu\/hu\/karrier%20\" \/>\n<meta property=\"og:locale\" content=\"hu_HU\" \/>\n<meta property=\"og:type\" content=\"article\" \/>\n<meta property=\"og:title\" content=\"Legyen tagja csapatunknak alv\u00e1llalkoz\u00f3k\u00e9nt- Fula Development\" \/>\n<meta property=\"og:description\" content=\"MEGB\u00cdZHAT\u00d3 \u00c9S TAPASZTALATTAL RENDELKEZ\u0150 EMBEREKET KERES\u00dcNK FOLYAMATOSAN N\u00d6VEKV\u0150 C\u00c9G\u00dcNKBE. TEKINTSE MEG A SZABAD POZ\u00cdCI\u00d3KAT\" \/>\n<meta property=\"og:url\" content=\"https:\/\/fuladevelopment.eu\/hu\/karrier \" \/>\n<meta property=\"og:site_name\" content=\"Fula Development\" \/>\n<meta property=\"article:modified_time\" content=\"2017-11-20T10:51:17+00:00\" \/>\n<meta name=\"twitter:card\" content=\"summary_large_image\" \/>\n<meta name=\"twitter:label1\" content=\"Becs\u00fclt olvas\u00e1si id\u0151\" \/>\n\t<meta name=\"twitter:data1\" content=\"1 perc\" \/>\n<script type=\"application\/ld+json\" class=\"yoast-schema-graph\">{\"@context\":\"https:\/\/schema.org\",\"@graph\":[{\"@type\":\"WebPage\",\"@id\":\"https:\/\/fuladevelopment.eu\/hu\/karrier+\",\"url\":\"https:\/\/fuladevelopment.eu\/hu\/karrier+\",\"name\":\"Legyen tagja csapatunknak alv\u00e1llalkoz\u00f3k\u00e9nt- Fula Development\",\"isPartOf\":{\"@id\":\"https:\/\/fuladevelopment.eu\/#website\"},\"datePublished\":\"2017-10-11T08:46:07+00:00\",\"dateModified\":\"2017-11-20T10:51:17+00:00\",\"description\":\"MEGB\u00cdZHAT\u00d3 \u00c9S TAPASZTALATTAL RENDELKEZ\u0150 EMBEREKET KERES\u00dcNK FOLYAMATOSAN N\u00d6VEKV\u0150 C\u00c9G\u00dcNKBE. TEKINTSE MEG A SZABAD POZ\u00cdCI\u00d3KAT\",\"breadcrumb\":{\"@id\":\"https:\/\/fuladevelopment.eu\/hu\/karrier+#breadcrumb\"},\"inLanguage\":\"hu\",\"potentialAction\":[{\"@type\":\"ReadAction\",\"target\":[\"https:\/\/fuladevelopment.eu\/hu\/karrier+\"]}]},{\"@type\":\"BreadcrumbList\",\"@id\":\"https:\/\/fuladevelopment.eu\/hu\/karrier+#breadcrumb\",\"itemListElement\":[{\"@type\":\"ListItem\",\"position\":1,\"name\":\"Home\",\"item\":\"https:\/\/fuladevelopment.eu\/hu\"},{\"@type\":\"ListItem\",\"position\":2,\"name\":\"Karrier\"}]},{\"@type\":\"WebSite\",\"@id\":\"https:\/\/fuladevelopment.eu\/#website\",\"url\":\"https:\/\/fuladevelopment.eu\/\",\"name\":\"Fula Development\",\"description\":\"\",\"potentialAction\":[{\"@type\":\"SearchAction\",\"target\":{\"@type\":\"EntryPoint\",\"urlTemplate\":\"https:\/\/fuladevelopment.eu\/?s={search_term_string}\"},\"query-input\":{\"@type\":\"PropertyValueSpecification\",\"valueRequired\":true,\"valueName\":\"search_term_string\"}}],\"inLanguage\":\"hu\"}]}<\/script>\n<!-- \/ Yoast SEO plugin. -->","yoast_head_json":{"title":"Legyen tagja csapatunknak alv\u00e1llalkoz\u00f3k\u00e9nt- Fula Development","description":"MEGB\u00cdZHAT\u00d3 \u00c9S TAPASZTALATTAL RENDELKEZ\u0150 EMBEREKET KERES\u00dcNK FOLYAMATOSAN N\u00d6VEKV\u0150 C\u00c9G\u00dcNKBE. TEKINTSE MEG A SZABAD POZ\u00cdCI\u00d3KAT","robots":{"index":"index","follow":"follow","max-snippet":"max-snippet:-1","max-image-preview":"max-image-preview:large","max-video-preview":"max-video-preview:-1"},"canonical":"https:\/\/fuladevelopment.eu\/hu\/karrier ","og_locale":"hu_HU","og_type":"article","og_title":"Legyen tagja csapatunknak alv\u00e1llalkoz\u00f3k\u00e9nt- Fula Development","og_description":"MEGB\u00cdZHAT\u00d3 \u00c9S TAPASZTALATTAL RENDELKEZ\u0150 EMBEREKET KERES\u00dcNK FOLYAMATOSAN N\u00d6VEKV\u0150 C\u00c9G\u00dcNKBE. TEKINTSE MEG A SZABAD POZ\u00cdCI\u00d3KAT","og_url":"https:\/\/fuladevelopment.eu\/hu\/karrier ","og_site_name":"Fula Development","article_modified_time":"2017-11-20T10:51:17+00:00","twitter_card":"summary_large_image","twitter_misc":{"Becs\u00fclt olvas\u00e1si id\u0151":"1 perc"},"schema":{"@context":"https:\/\/schema.org","@graph":[{"@type":"WebPage","@id":"https:\/\/fuladevelopment.eu\/hu\/karrier+","url":"https:\/\/fuladevelopment.eu\/hu\/karrier+","name":"Legyen tagja csapatunknak alv\u00e1llalkoz\u00f3k\u00e9nt- Fula Development","isPartOf":{"@id":"https:\/\/fuladevelopment.eu\/#website"},"datePublished":"2017-10-11T08:46:07+00:00","dateModified":"2017-11-20T10:51:17+00:00","description":"MEGB\u00cdZHAT\u00d3 \u00c9S TAPASZTALATTAL RENDELKEZ\u0150 EMBEREKET KERES\u00dcNK FOLYAMATOSAN N\u00d6VEKV\u0150 C\u00c9G\u00dcNKBE. TEKINTSE MEG A SZABAD POZ\u00cdCI\u00d3KAT","breadcrumb":{"@id":"https:\/\/fuladevelopment.eu\/hu\/karrier+#breadcrumb"},"inLanguage":"hu","potentialAction":[{"@type":"ReadAction","target":["https:\/\/fuladevelopment.eu\/hu\/karrier+"]}]},{"@type":"BreadcrumbList","@id":"https:\/\/fuladevelopment.eu\/hu\/karrier+#breadcrumb","itemListElement":[{"@type":"ListItem","position":1,"name":"Home","item":"https:\/\/fuladevelopment.eu\/hu"},{"@type":"ListItem","position":2,"name":"Karrier"}]},{"@type":"WebSite","@id":"https:\/\/fuladevelopment.eu\/#website","url":"https:\/\/fuladevelopment.eu\/","name":"Fula Development","description":"","potentialAction":[{"@type":"SearchAction","target":{"@type":"EntryPoint","urlTemplate":"https:\/\/fuladevelopment.eu\/?s={search_term_string}"},"query-input":{"@type":"PropertyValueSpecification","valueRequired":true,"valueName":"search_term_string"}}],"inLanguage":"hu"}]}},"_links":{"self":[{"href":"https:\/\/fuladevelopment.eu\/hu\/wp-json\/wp\/v2\/pages\/3457","targetHints":{"allow":["GET"]}}],"collection":[{"href":"https:\/\/fuladevelopment.eu\/hu\/wp-json\/wp\/v2\/pages"}],"about":[{"href":"https:\/\/fuladevelopment.eu\/hu\/wp-json\/wp\/v2\/types\/page"}],"author":[{"embeddable":true,"href":"https:\/\/fuladevelopment.eu\/hu\/wp-json\/wp\/v2\/users\/1"}],"replies":[{"embeddable":true,"href":"https:\/\/fuladevelopment.eu\/hu\/wp-json\/wp\/v2\/comments?post=3457"}],"version-history":[{"count":3,"href":"https:\/\/fuladevelopment.eu\/hu\/wp-json\/wp\/v2\/pages\/3457\/revisions"}],"predecessor-version":[{"id":3735,"href":"https:\/\/fuladevelopment.eu\/hu\/wp-json\/wp\/v2\/pages\/3457\/revisions\/3735"}],"wp:attachment":[{"href":"https:\/\/fuladevelopment.eu\/hu\/wp-json\/wp\/v2\/media?parent=3457"}],"curies":[{"name":"wp","href":"https:\/\/api.w.org\/{rel}","templated":true}]}}