{"id":3460,"date":"2017-09-19T09:50:41","date_gmt":"2017-09-19T07:50:41","guid":{"rendered":"http:\/\/fuladevelopment.eu\/vystavba-rodinnych-domov-2\/pasivne-domy"},"modified":"2017-10-20T23:09:53","modified_gmt":"2017-10-20T21:09:53","slug":"pasivne-domy","status":"publish","type":"page","link":"https:\/\/fuladevelopment.eu\/hu\/passzivhazak","title":{"rendered":"Passz\u00edvh\u00e1zak"},"content":{"rendered":"<p>[vc_row][vc_column][vc_raw_html]JTNDaDIlMjBzdHlsZSUzRCUyMmNvbG9yJTNBJTIwJTIzM2E0ZDZhJTNCdGV4dC1hbGlnbiUzQSUyMGNlbnRlciUzQmZvbnQtZmFtaWx5JTNBTW9udHNlcnJhdCUzQmZvbnQtd2VpZ2h0JTNBNzAwJTNCZm9udC1zdHlsZSUzQW5vcm1hbCUyMiUyMGNsYXNzJTNEJTIydmNfY3VzdG9tX2hlYWRpbmclMjB2Y19jdXN0b21fMTUwNTcyMTM0MTQxMCUyMiUzRVBBU1NaJUMzJThEVkglQzMlODFaJTJDJTIwQU1FTFklMjBFTkVSR0klQzMlODFUJTIwVEFLQVIlQzMlOERUJTIwTUVHJTNDJTJGaDIlM0U=[\/vc_raw_html][vc_column_text]A passz\u00edvh\u00e1zak k\u00f6rnyezetbar\u00e1t \u00e9s energiahat\u00e9kony \u00e9p\u00fcletek, melyek ak\u00e1r 7x t\u00f6bb energiak\u00f6lts\u00e9g megtakar\u00edt\u00e1s\u00e1ra k\u00e9pesek, mint egy standard csal\u00e1di h\u00e1z. Az anyagok, az egyedi \u00e9p\u00edt\u00e9si elj\u00e1r\u00e1s \u00e9s a maxim\u00e1lis perfekcionalizmus az \u00f6sszeszerel\u00e9s sor\u00e1n biztos\u00edtja, hogy ne l\u00e9pjen fel nem k\u00edv\u00e1natos h\u0151vesztes\u00e9g.<\/p>\n<p>A passz\u00edv h\u00e1zaknak nincs sz\u00fcks\u00e9g\u00fck szokv\u00e1nyos f\u0171t\u00e9si m\u00f3dokra, ugyanis a bels\u0151 \u00e9s k\u00fcls\u0151 h\u0151forr\u00e1sokb\u00f3l mer\u00edtenek, k\u00fcl\u00f6n\u00f6sen a napsug\u00e1rz\u00e1sb\u00f3l. A passz\u00edvh\u00e1zak term\u00e9szetes r\u00e9sz\u00e9t k\u00e9pezik a napelemek \u00e9s a megfelel\u0151 h\u0151szigetel\u00e9ssel rendelkez\u0151 homlokzatok. Speci\u00e1lis h\u00e1romr\u00e9teg\u0171 ablakokat is alkalmazunk, amelyek megakad\u00e1lyozz\u00e1k a bels\u0151 h\u0151 kisz\u00f6k\u00e9s\u00e9t.[\/vc_column_text][vc_separator]<div class=\"slz-shortcode sc_project_list  buildplus_project-129495452569e468655a5f3\" data-item=\"buildplus_project-129495452569e468655a5f3\">\n\t<div class=\"list-block column-1\">\t\t\n\t\t\t<\/div>\n<\/div>[\/vc_column][\/vc_row]<\/p>\n","protected":false},"excerpt":{"rendered":"<p>[vc_row][vc_column][vc_raw_html]JTNDaDIlMjBzdHlsZSUzRCUyMmNvbG9yJTNBJTIwJTIzM2E0ZDZhJTNCdGV4dC1hbGlnbiUzQSUyMGNlbnRlciUzQmZvbnQtZmFtaWx5JTNBTW9udHNlcnJhdCUzQmZvbnQtd2VpZ2h0JTNBNzAwJTNCZm9udC1zdHlsZSUzQW5vcm1hbCUyMiUyMGNsYXNzJTNEJTIydmNfY3VzdG9tX2hlYWRpbmclMjB2Y19jdXN0b21fMTUwNTcyMTM0MTQxMCUyMiUzRVBBU1NaJUMzJThEVkglQzMlODFaJTJDJTIwQU1FTFklMjBFTkVSR0klQzMlODFUJTIwVEFLQVIlQzMlOERUJTIwTUVHJTNDJTJGaDIlM0U=[\/vc_raw_html][vc_column_text]A passz\u00edvh\u00e1zak k\u00f6rnyezetbar\u00e1t \u00e9s energiahat\u00e9kony \u00e9p\u00fcletek, melyek ak\u00e1r 7x t\u00f6bb energiak\u00f6lts\u00e9g megtakar\u00edt\u00e1s\u00e1ra k\u00e9pesek, mint egy standard csal\u00e1di h\u00e1z. Az anyagok, az egyedi \u00e9p\u00edt\u00e9si elj\u00e1r\u00e1s \u00e9s a maxim\u00e1lis perfekcionalizmus az \u00f6sszeszerel\u00e9s sor\u00e1n biztos\u00edtja, hogy ne l\u00e9pjen fel nem k\u00edv\u00e1natos h\u0151vesztes\u00e9g. A passz\u00edv h\u00e1zaknak nincs sz\u00fcks\u00e9g\u00fck szokv\u00e1nyos f\u0171t\u00e9si m\u00f3dokra, ugyanis a bels\u0151 \u00e9s k\u00fcls\u0151 h\u0151forr\u00e1sokb\u00f3l mer\u00edtenek, k\u00fcl\u00f6n\u00f6sen [&hellip;]<\/p>\n","protected":false},"author":1,"featured_media":0,"parent":3458,"menu_order":0,"comment_status":"closed","ping_status":"closed","template":"","meta":{"_monsterinsights_skip_tracking":false,"_monsterinsights_sitenote_active":false,"_monsterinsights_sitenote_note":"","_monsterinsights_sitenote_category":0,"footnotes":""},"class_list":["post-3460","page","type-page","status-publish","hentry"],"yoast_head":"<!-- This site is optimized with the Yoast SEO plugin v26.5 - https:\/\/yoast.com\/wordpress\/plugins\/seo\/ -->\n<title>Passz\u00edvh\u00e1zak - Fula Development<\/title>\n<meta name=\"description\" content=\"Zelen\u00e9 (pas\u00edvne) domy s\u00fa ekologick\u00e9 a \u00fasporn\u00e9 stavby, ktor\u00e9 dok\u00e1\u017eu u\u0161etri\u0165 a\u017e 7x viac n\u00e1kladov na energie ako \u0161tandardn\u00fd rodinn\u00fd dom.\" \/>\n<meta name=\"robots\" content=\"index, follow, max-snippet:-1, max-image-preview:large, max-video-preview:-1\" \/>\n<link rel=\"canonical\" href=\"https:\/\/fuladevelopment.eu\/hu\/passzivhazak\" \/>\n<meta property=\"og:locale\" content=\"hu_HU\" \/>\n<meta property=\"og:type\" content=\"article\" \/>\n<meta property=\"og:title\" content=\"Passz\u00edvh\u00e1zak - Fula Development\" \/>\n<meta property=\"og:description\" content=\"Zelen\u00e9 (pas\u00edvne) domy s\u00fa ekologick\u00e9 a \u00fasporn\u00e9 stavby, ktor\u00e9 dok\u00e1\u017eu u\u0161etri\u0165 a\u017e 7x viac n\u00e1kladov na energie ako \u0161tandardn\u00fd rodinn\u00fd dom.\" \/>\n<meta property=\"og:url\" content=\"https:\/\/fuladevelopment.eu\/hu\/passzivhazak\" \/>\n<meta property=\"og:site_name\" content=\"Fula Development\" \/>\n<meta property=\"article:modified_time\" content=\"2017-10-20T21:09:53+00:00\" \/>\n<meta name=\"twitter:card\" content=\"summary_large_image\" \/>\n<meta name=\"twitter:label1\" content=\"Becs\u00fclt olvas\u00e1si id\u0151\" \/>\n\t<meta name=\"twitter:data1\" content=\"1 perc\" \/>\n<script type=\"application\/ld+json\" class=\"yoast-schema-graph\">{\"@context\":\"https:\/\/schema.org\",\"@graph\":[{\"@type\":\"WebPage\",\"@id\":\"https:\/\/fuladevelopment.eu\/hu\/passzivhazak\",\"url\":\"https:\/\/fuladevelopment.eu\/hu\/passzivhazak\",\"name\":\"Passz\u00edvh\u00e1zak - Fula Development\",\"isPartOf\":{\"@id\":\"https:\/\/fuladevelopment.eu\/#website\"},\"datePublished\":\"2017-09-19T07:50:41+00:00\",\"dateModified\":\"2017-10-20T21:09:53+00:00\",\"description\":\"Zelen\u00e9 (pas\u00edvne) domy s\u00fa ekologick\u00e9 a \u00fasporn\u00e9 stavby, ktor\u00e9 dok\u00e1\u017eu u\u0161etri\u0165 a\u017e 7x viac n\u00e1kladov na energie ako \u0161tandardn\u00fd rodinn\u00fd dom.\",\"breadcrumb\":{\"@id\":\"https:\/\/fuladevelopment.eu\/hu\/passzivhazak#breadcrumb\"},\"inLanguage\":\"hu\",\"potentialAction\":[{\"@type\":\"ReadAction\",\"target\":[\"https:\/\/fuladevelopment.eu\/hu\/passzivhazak\"]}]},{\"@type\":\"BreadcrumbList\",\"@id\":\"https:\/\/fuladevelopment.eu\/hu\/passzivhazak#breadcrumb\",\"itemListElement\":[{\"@type\":\"ListItem\",\"position\":1,\"name\":\"Home\",\"item\":\"https:\/\/fuladevelopment.eu\/hu\"},{\"@type\":\"ListItem\",\"position\":2,\"name\":\"Csal\u00e1di h\u00e1zak \u00e9p\u00edt\u00e9se\",\"item\":\"https:\/\/fuladevelopment.eu\/hu\/vystavba-rodinnych-domov-2\"},{\"@type\":\"ListItem\",\"position\":3,\"name\":\"Passz\u00edvh\u00e1zak\"}]},{\"@type\":\"WebSite\",\"@id\":\"https:\/\/fuladevelopment.eu\/#website\",\"url\":\"https:\/\/fuladevelopment.eu\/\",\"name\":\"Fula Development\",\"description\":\"\",\"potentialAction\":[{\"@type\":\"SearchAction\",\"target\":{\"@type\":\"EntryPoint\",\"urlTemplate\":\"https:\/\/fuladevelopment.eu\/?s={search_term_string}\"},\"query-input\":{\"@type\":\"PropertyValueSpecification\",\"valueRequired\":true,\"valueName\":\"search_term_string\"}}],\"inLanguage\":\"hu\"}]}<\/script>\n<!-- \/ Yoast SEO plugin. -->","yoast_head_json":{"title":"Passz\u00edvh\u00e1zak - Fula Development","description":"Zelen\u00e9 (pas\u00edvne) domy s\u00fa ekologick\u00e9 a \u00fasporn\u00e9 stavby, ktor\u00e9 dok\u00e1\u017eu u\u0161etri\u0165 a\u017e 7x viac n\u00e1kladov na energie ako \u0161tandardn\u00fd rodinn\u00fd dom.","robots":{"index":"index","follow":"follow","max-snippet":"max-snippet:-1","max-image-preview":"max-image-preview:large","max-video-preview":"max-video-preview:-1"},"canonical":"https:\/\/fuladevelopment.eu\/hu\/passzivhazak","og_locale":"hu_HU","og_type":"article","og_title":"Passz\u00edvh\u00e1zak - Fula Development","og_description":"Zelen\u00e9 (pas\u00edvne) domy s\u00fa ekologick\u00e9 a \u00fasporn\u00e9 stavby, ktor\u00e9 dok\u00e1\u017eu u\u0161etri\u0165 a\u017e 7x viac n\u00e1kladov na energie ako \u0161tandardn\u00fd rodinn\u00fd dom.","og_url":"https:\/\/fuladevelopment.eu\/hu\/passzivhazak","og_site_name":"Fula Development","article_modified_time":"2017-10-20T21:09:53+00:00","twitter_card":"summary_large_image","twitter_misc":{"Becs\u00fclt olvas\u00e1si id\u0151":"1 perc"},"schema":{"@context":"https:\/\/schema.org","@graph":[{"@type":"WebPage","@id":"https:\/\/fuladevelopment.eu\/hu\/passzivhazak","url":"https:\/\/fuladevelopment.eu\/hu\/passzivhazak","name":"Passz\u00edvh\u00e1zak - Fula Development","isPartOf":{"@id":"https:\/\/fuladevelopment.eu\/#website"},"datePublished":"2017-09-19T07:50:41+00:00","dateModified":"2017-10-20T21:09:53+00:00","description":"Zelen\u00e9 (pas\u00edvne) domy s\u00fa ekologick\u00e9 a \u00fasporn\u00e9 stavby, ktor\u00e9 dok\u00e1\u017eu u\u0161etri\u0165 a\u017e 7x viac n\u00e1kladov na energie ako \u0161tandardn\u00fd rodinn\u00fd dom.","breadcrumb":{"@id":"https:\/\/fuladevelopment.eu\/hu\/passzivhazak#breadcrumb"},"inLanguage":"hu","potentialAction":[{"@type":"ReadAction","target":["https:\/\/fuladevelopment.eu\/hu\/passzivhazak"]}]},{"@type":"BreadcrumbList","@id":"https:\/\/fuladevelopment.eu\/hu\/passzivhazak#breadcrumb","itemListElement":[{"@type":"ListItem","position":1,"name":"Home","item":"https:\/\/fuladevelopment.eu\/hu"},{"@type":"ListItem","position":2,"name":"Csal\u00e1di h\u00e1zak \u00e9p\u00edt\u00e9se","item":"https:\/\/fuladevelopment.eu\/hu\/vystavba-rodinnych-domov-2"},{"@type":"ListItem","position":3,"name":"Passz\u00edvh\u00e1zak"}]},{"@type":"WebSite","@id":"https:\/\/fuladevelopment.eu\/#website","url":"https:\/\/fuladevelopment.eu\/","name":"Fula Development","description":"","potentialAction":[{"@type":"SearchAction","target":{"@type":"EntryPoint","urlTemplate":"https:\/\/fuladevelopment.eu\/?s={search_term_string}"},"query-input":{"@type":"PropertyValueSpecification","valueRequired":true,"valueName":"search_term_string"}}],"inLanguage":"hu"}]}},"_links":{"self":[{"href":"https:\/\/fuladevelopment.eu\/hu\/wp-json\/wp\/v2\/pages\/3460","targetHints":{"allow":["GET"]}}],"collection":[{"href":"https:\/\/fuladevelopment.eu\/hu\/wp-json\/wp\/v2\/pages"}],"about":[{"href":"https:\/\/fuladevelopment.eu\/hu\/wp-json\/wp\/v2\/types\/page"}],"author":[{"embeddable":true,"href":"https:\/\/fuladevelopment.eu\/hu\/wp-json\/wp\/v2\/users\/1"}],"replies":[{"embeddable":true,"href":"https:\/\/fuladevelopment.eu\/hu\/wp-json\/wp\/v2\/comments?post=3460"}],"version-history":[{"count":5,"href":"https:\/\/fuladevelopment.eu\/hu\/wp-json\/wp\/v2\/pages\/3460\/revisions"}],"predecessor-version":[{"id":3763,"href":"https:\/\/fuladevelopment.eu\/hu\/wp-json\/wp\/v2\/pages\/3460\/revisions\/3763"}],"up":[{"embeddable":true,"href":"https:\/\/fuladevelopment.eu\/hu\/wp-json\/wp\/v2\/pages\/3458"}],"wp:attachment":[{"href":"https:\/\/fuladevelopment.eu\/hu\/wp-json\/wp\/v2\/media?parent=3460"}],"curies":[{"name":"wp","href":"https:\/\/api.w.org\/{rel}","templated":true}]}}