{"id":3461,"date":"2017-09-19T09:39:46","date_gmt":"2017-09-19T07:39:46","guid":{"rendered":"http:\/\/fuladevelopment.eu\/vystavba-rodinnych-domov-2\/lacne-rodinne-domy"},"modified":"2017-10-20T23:08:19","modified_gmt":"2017-10-20T21:08:19","slug":"lacne-rodinne-domy","status":"publish","type":"page","link":"https:\/\/fuladevelopment.eu\/hu\/olcso-csaladi-hazak","title":{"rendered":"Olcs\u00f3 csal\u00e1di h\u00e1zak"},"content":{"rendered":"<p>[vc_row][vc_column][vc_raw_html]JTNDaDIlMjBzdHlsZSUzRCUyMmNvbG9yJTNBJTIwJTIzM2E0ZDZhJTNCdGV4dC1hbGlnbiUzQSUyMGNlbnRlciUzQmZvbnQtZmFtaWx5JTNBTW9udHNlcnJhdCUzQmZvbnQtd2VpZ2h0JTNBNzAwJTNCZm9udC1zdHlsZSUzQW5vcm1hbCUyMiUyMGNsYXNzJTNEJTIydmNfY3VzdG9tX2hlYWRpbmclMjB2Y19jdXN0b21fMTUwNTcyMTM0MTQxMCUyMiUzRUtJUyUyMENTQUwlQzMlODFESSUyMEglQzMlODFaJTJDJTIwQU1FTFklMjBORU0lMjBLRVIlQzMlOUNMJTIwU09LQkElM0MlMkZoMiUzRQ==[\/vc_raw_html][vc_column_text]Olyan olcs\u00f3 csal\u00e1di h\u00e1z terv\u00e9t dolgozzuk ki \u00d6nnek, amelyet egy fiatal csal\u00e1d is megengedhet mag\u00e1nak. A tervet a p\u00e9nz\u00fcgyi k\u00f6lts\u00e9gvet\u00e9s\u00e9hez igaz\u00edtjuk, \u00e9s egy\u00fattal olyan csal\u00e1di h\u00e1zat tervez\u00fcnk, amely nem csup\u00e1n komfortos lesz, hanem az eszt\u00e9tikai k\u00f6vetelm\u00e9nyeiket is maxim\u00e1lisan kiel\u00e9g\u00edti. Az \u00e9p\u00edtkez\u00e9s sor\u00e1n, mely l\u00e9nyegesen kevesebb id\u0151t vesz ig\u00e9nybe, szerkezetileg j\u00f3l \u00e1tgondolt rendszereket alkalmazunk, p\u00e9nzt takar\u00edtva meg ezzel.<\/p>\n<p>Az ilyen csal\u00e1di h\u00e1zak magas energetikai hat\u00e1sfokkal \u00e9s hossz\u00fa \u00e9lettartammal rendelkeznek. A kivitelez\u00e9s min\u0151s\u00e9g\u00e9t hossz\u00fa t\u00e1v\u00fa tapasztalattal, bev\u00e1lt \u00e9p\u00edt\u00e9si elj\u00e1r\u00e1sokkal \u00e9s becs\u00fcletes szakmunk\u00e1val garant\u00e1ljuk.[\/vc_column_text][vc_separator]<div class=\"slz-shortcode sc_project_list  buildplus_project-44648084169d363e50965d\" data-item=\"buildplus_project-44648084169d363e50965d\">\n\t<div class=\"list-block column-1\">\t\t\n\t\t\n\t<div class=\"item project_3926 inline_block\">\n\t\t<div class=\"block-2\">\n\t\t\t<div class=\"block-image\"><img loading=\"lazy\" decoding=\"async\" width=\"943\" height=\"589\" src=\"https:\/\/fuladevelopment.eu\/wp-content\/uploads\/2017\/10\/rajkaa-2-1.jpg\" class=\"img-full\" alt=\"projekt vizualiz\u00e1ci\u00f3- kis bungal\u00f3 h\u00e1z\" srcset=\"https:\/\/fuladevelopment.eu\/wp-content\/uploads\/2017\/10\/rajkaa-2-1.jpg 943w, https:\/\/fuladevelopment.eu\/wp-content\/uploads\/2017\/10\/rajkaa-2-1-300x187.jpg 300w, https:\/\/fuladevelopment.eu\/wp-content\/uploads\/2017\/10\/rajkaa-2-1-768x480.jpg 768w\" sizes=\"auto, (max-width: 943px) 100vw, 943px\" \/><a href=\"https:\/\/fuladevelopment.eu\/hu\/minihaz-3\" class=\"link\"><\/a><\/div>\n\t\t\t<div class=\"block-content\">\n\t\t\t\t\n\t\t\t\t<a href=\"https:\/\/fuladevelopment.eu\/hu\/minihaz-3\" class=\"title\">Minih\u00e1z 3<\/a>\n\t\t\t\t<div class=\"description\"><div class=\"text\"><b>MEGNEVEZ\u00c9S:<\/b> MINIH\u00c1Z 3<br \/><br \/>\r\n<b>HASZNOS ALAPTER\u00dcLET: <\/b>80 m2<br \/><br \/>\r\n<b>BE\u00c9P\u00cdTETT TER\u00dcLET: <\/b>104 m2<br \/><br \/>\r\n<b>KULCSRAK\u00c9SZ \u00c1R: <\/b>72 000 \u20ac<br \/><br \/>\r\n<b>SZERKEZETK\u00c9SZ \u00c1R: <\/b>44 000 \u20ac<br \/><br \/>\r\n<b>SZOB\u00c1K SZ\u00c1MA:<\/b>4<\/div><\/div>\n\t\t\t\t<a href=\"https:\/\/fuladevelopment.eu\/hu\/minihaz-3\" class=\"readmore-icons\"><i class=\"icons fa fa-plus\"><\/i><\/a>\n\t\t\t<\/div>\n\t\t<\/div>\n\t<\/div>\n\n\t<div class=\"item project_3962 inline_block\">\n\t\t<div class=\"block-2\">\n\t\t\t<div class=\"block-image\"><img loading=\"lazy\" decoding=\"async\" width=\"1024\" height=\"650\" src=\"https:\/\/fuladevelopment.eu\/wp-content\/uploads\/2017\/10\/rsz_fot\u00f3k_3-1024x650.jpg\" class=\"img-full\" alt=\"projekt vizualiz\u00e1ci\u00f3 TWIN\" \/><a href=\"https:\/\/fuladevelopment.eu\/hu\/hu\/twin-1\" class=\"link\"><\/a><\/div>\n\t\t\t<div class=\"block-content\">\n\t\t\t\t\n\t\t\t\t<a href=\"https:\/\/fuladevelopment.eu\/hu\/hu\/twin-1\" class=\"title\">TWIN 1<\/a>\n\t\t\t\t<div class=\"description\"><div class=\"text\"><b>MEGNEVEZ\u00c9S:<\/b> TWIN 1<br \/><br \/>\r\n<b>HASZNOS ALAPTER\u00dcLET: <\/b>130 m2<br \/><br \/>\r\n<b>BE\u00c9P\u00cdTETT TER\u00dcLET: <\/b>90 m2<br \/><br \/>\r\n<b>KULCSRAK\u00c9SZ \u00c1R: <\/b>117 000 \u20ac<br \/><br \/>\r\n<b>SZERKEZETK\u00c9SZ \u00c1R: <\/b>71 500 \u20ac<br \/><br \/>\r\n<b>SZOB\u00c1K SZ\u00c1MA:<\/b>4<\/div><\/div>\n\t\t\t\t<a href=\"https:\/\/fuladevelopment.eu\/hu\/hu\/twin-1\" class=\"readmore-icons\"><i class=\"icons fa fa-plus\"><\/i><\/a>\n\t\t\t<\/div>\n\t\t<\/div>\n\t<\/div>\n<div class=\"pagination-wrapper undefined margin-top-50\"><ul class=\"pagination\"><li><a href=\"https:\/\/fuladevelopment.eu\/hu\/wp-json\/wp\/v2\/pages\/3461\" class=\"link previous\">previous<\/a><\/li><li><a href=\"https:\/\/fuladevelopment.eu\/hu\/wp-json\/wp\/v2\/pages\/3461\/page\/2\" class=\"link next\">next<\/a><\/li><\/ul>\n<\/div>\t<\/div>\n<\/div>[\/vc_column][\/vc_row]<\/p>\n","protected":false},"excerpt":{"rendered":"<p>[vc_row][vc_column][vc_raw_html]JTNDaDIlMjBzdHlsZSUzRCUyMmNvbG9yJTNBJTIwJTIzM2E0ZDZhJTNCdGV4dC1hbGlnbiUzQSUyMGNlbnRlciUzQmZvbnQtZmFtaWx5JTNBTW9udHNlcnJhdCUzQmZvbnQtd2VpZ2h0JTNBNzAwJTNCZm9udC1zdHlsZSUzQW5vcm1hbCUyMiUyMGNsYXNzJTNEJTIydmNfY3VzdG9tX2hlYWRpbmclMjB2Y19jdXN0b21fMTUwNTcyMTM0MTQxMCUyMiUzRUtJUyUyMENTQUwlQzMlODFESSUyMEglQzMlODFaJTJDJTIwQU1FTFklMjBORU0lMjBLRVIlQzMlOUNMJTIwU09LQkElM0MlMkZoMiUzRQ==[\/vc_raw_html][vc_column_text]Olyan olcs\u00f3 csal\u00e1di h\u00e1z terv\u00e9t dolgozzuk ki \u00d6nnek, amelyet egy fiatal csal\u00e1d is megengedhet mag\u00e1nak. A tervet a p\u00e9nz\u00fcgyi k\u00f6lts\u00e9gvet\u00e9s\u00e9hez igaz\u00edtjuk, \u00e9s egy\u00fattal olyan csal\u00e1di h\u00e1zat tervez\u00fcnk, amely nem csup\u00e1n komfortos lesz, hanem az eszt\u00e9tikai k\u00f6vetelm\u00e9nyeiket is maxim\u00e1lisan kiel\u00e9g\u00edti. Az \u00e9p\u00edtkez\u00e9s sor\u00e1n, mely l\u00e9nyegesen kevesebb id\u0151t vesz ig\u00e9nybe, szerkezetileg j\u00f3l \u00e1tgondolt rendszereket alkalmazunk, p\u00e9nzt takar\u00edtva [&hellip;]<\/p>\n","protected":false},"author":1,"featured_media":0,"parent":3458,"menu_order":0,"comment_status":"closed","ping_status":"closed","template":"","meta":{"_monsterinsights_skip_tracking":false,"_monsterinsights_sitenote_active":false,"_monsterinsights_sitenote_note":"","_monsterinsights_sitenote_category":0,"footnotes":""},"class_list":["post-3461","page","type-page","status-publish","hentry"],"yoast_head":"<!-- This site is optimized with the Yoast SEO plugin v26.5 - https:\/\/yoast.com\/wordpress\/plugins\/seo\/ -->\n<title>Olcs\u00f3 csal\u00e1di h\u00e1zak - Fula Development<\/title>\n<meta name=\"description\" content=\"Lacn\u00e9 rodinn\u00e9 domy, ktor\u00e9 si u n\u00e1s m\u00f4\u017ee dovoli\u0165 ka\u017ed\u00e1 mlad\u00e1 rodina. Projekt dok\u00e1\u017eeme prisp\u00f4sobi\u0165 v\u00e1\u0161mu finan\u010dn\u00e9mu rozpo\u010dtu a n\u00e1js\u0165 v\u017edy ide\u00e1lne rie\u0161enie.\" \/>\n<meta name=\"robots\" content=\"index, follow, max-snippet:-1, max-image-preview:large, max-video-preview:-1\" \/>\n<link rel=\"canonical\" href=\"https:\/\/fuladevelopment.eu\/hu\/olcso-csaladi-hazak\" \/>\n<meta property=\"og:locale\" content=\"hu_HU\" \/>\n<meta property=\"og:type\" content=\"article\" \/>\n<meta property=\"og:title\" content=\"Olcs\u00f3 csal\u00e1di h\u00e1zak - Fula Development\" \/>\n<meta property=\"og:description\" content=\"Lacn\u00e9 rodinn\u00e9 domy, ktor\u00e9 si u n\u00e1s m\u00f4\u017ee dovoli\u0165 ka\u017ed\u00e1 mlad\u00e1 rodina. Projekt dok\u00e1\u017eeme prisp\u00f4sobi\u0165 v\u00e1\u0161mu finan\u010dn\u00e9mu rozpo\u010dtu a n\u00e1js\u0165 v\u017edy ide\u00e1lne rie\u0161enie.\" \/>\n<meta property=\"og:url\" content=\"https:\/\/fuladevelopment.eu\/hu\/olcso-csaladi-hazak\" \/>\n<meta property=\"og:site_name\" content=\"Fula Development\" \/>\n<meta property=\"article:modified_time\" content=\"2017-10-20T21:08:19+00:00\" \/>\n<meta name=\"twitter:card\" content=\"summary_large_image\" \/>\n<meta name=\"twitter:label1\" content=\"Becs\u00fclt olvas\u00e1si id\u0151\" \/>\n\t<meta name=\"twitter:data1\" content=\"1 perc\" \/>\n<script type=\"application\/ld+json\" class=\"yoast-schema-graph\">{\"@context\":\"https:\/\/schema.org\",\"@graph\":[{\"@type\":\"WebPage\",\"@id\":\"https:\/\/fuladevelopment.eu\/hu\/olcso-csaladi-hazak\",\"url\":\"https:\/\/fuladevelopment.eu\/hu\/olcso-csaladi-hazak\",\"name\":\"Olcs\u00f3 csal\u00e1di h\u00e1zak - Fula Development\",\"isPartOf\":{\"@id\":\"https:\/\/fuladevelopment.eu\/#website\"},\"datePublished\":\"2017-09-19T07:39:46+00:00\",\"dateModified\":\"2017-10-20T21:08:19+00:00\",\"description\":\"Lacn\u00e9 rodinn\u00e9 domy, ktor\u00e9 si u n\u00e1s m\u00f4\u017ee dovoli\u0165 ka\u017ed\u00e1 mlad\u00e1 rodina. Projekt dok\u00e1\u017eeme prisp\u00f4sobi\u0165 v\u00e1\u0161mu finan\u010dn\u00e9mu rozpo\u010dtu a n\u00e1js\u0165 v\u017edy ide\u00e1lne rie\u0161enie.\",\"breadcrumb\":{\"@id\":\"https:\/\/fuladevelopment.eu\/hu\/olcso-csaladi-hazak#breadcrumb\"},\"inLanguage\":\"hu\",\"potentialAction\":[{\"@type\":\"ReadAction\",\"target\":[\"https:\/\/fuladevelopment.eu\/hu\/olcso-csaladi-hazak\"]}]},{\"@type\":\"BreadcrumbList\",\"@id\":\"https:\/\/fuladevelopment.eu\/hu\/olcso-csaladi-hazak#breadcrumb\",\"itemListElement\":[{\"@type\":\"ListItem\",\"position\":1,\"name\":\"Home\",\"item\":\"https:\/\/fuladevelopment.eu\/hu\"},{\"@type\":\"ListItem\",\"position\":2,\"name\":\"Csal\u00e1di h\u00e1zak \u00e9p\u00edt\u00e9se\",\"item\":\"https:\/\/fuladevelopment.eu\/hu\/vystavba-rodinnych-domov-2\"},{\"@type\":\"ListItem\",\"position\":3,\"name\":\"Olcs\u00f3 csal\u00e1di h\u00e1zak\"}]},{\"@type\":\"WebSite\",\"@id\":\"https:\/\/fuladevelopment.eu\/#website\",\"url\":\"https:\/\/fuladevelopment.eu\/\",\"name\":\"Fula Development\",\"description\":\"\",\"potentialAction\":[{\"@type\":\"SearchAction\",\"target\":{\"@type\":\"EntryPoint\",\"urlTemplate\":\"https:\/\/fuladevelopment.eu\/?s={search_term_string}\"},\"query-input\":{\"@type\":\"PropertyValueSpecification\",\"valueRequired\":true,\"valueName\":\"search_term_string\"}}],\"inLanguage\":\"hu\"}]}<\/script>\n<!-- \/ Yoast SEO plugin. -->","yoast_head_json":{"title":"Olcs\u00f3 csal\u00e1di h\u00e1zak - Fula Development","description":"Lacn\u00e9 rodinn\u00e9 domy, ktor\u00e9 si u n\u00e1s m\u00f4\u017ee dovoli\u0165 ka\u017ed\u00e1 mlad\u00e1 rodina. Projekt dok\u00e1\u017eeme prisp\u00f4sobi\u0165 v\u00e1\u0161mu finan\u010dn\u00e9mu rozpo\u010dtu a n\u00e1js\u0165 v\u017edy ide\u00e1lne rie\u0161enie.","robots":{"index":"index","follow":"follow","max-snippet":"max-snippet:-1","max-image-preview":"max-image-preview:large","max-video-preview":"max-video-preview:-1"},"canonical":"https:\/\/fuladevelopment.eu\/hu\/olcso-csaladi-hazak","og_locale":"hu_HU","og_type":"article","og_title":"Olcs\u00f3 csal\u00e1di h\u00e1zak - Fula Development","og_description":"Lacn\u00e9 rodinn\u00e9 domy, ktor\u00e9 si u n\u00e1s m\u00f4\u017ee dovoli\u0165 ka\u017ed\u00e1 mlad\u00e1 rodina. Projekt dok\u00e1\u017eeme prisp\u00f4sobi\u0165 v\u00e1\u0161mu finan\u010dn\u00e9mu rozpo\u010dtu a n\u00e1js\u0165 v\u017edy ide\u00e1lne rie\u0161enie.","og_url":"https:\/\/fuladevelopment.eu\/hu\/olcso-csaladi-hazak","og_site_name":"Fula Development","article_modified_time":"2017-10-20T21:08:19+00:00","twitter_card":"summary_large_image","twitter_misc":{"Becs\u00fclt olvas\u00e1si id\u0151":"1 perc"},"schema":{"@context":"https:\/\/schema.org","@graph":[{"@type":"WebPage","@id":"https:\/\/fuladevelopment.eu\/hu\/olcso-csaladi-hazak","url":"https:\/\/fuladevelopment.eu\/hu\/olcso-csaladi-hazak","name":"Olcs\u00f3 csal\u00e1di h\u00e1zak - Fula Development","isPartOf":{"@id":"https:\/\/fuladevelopment.eu\/#website"},"datePublished":"2017-09-19T07:39:46+00:00","dateModified":"2017-10-20T21:08:19+00:00","description":"Lacn\u00e9 rodinn\u00e9 domy, ktor\u00e9 si u n\u00e1s m\u00f4\u017ee dovoli\u0165 ka\u017ed\u00e1 mlad\u00e1 rodina. Projekt dok\u00e1\u017eeme prisp\u00f4sobi\u0165 v\u00e1\u0161mu finan\u010dn\u00e9mu rozpo\u010dtu a n\u00e1js\u0165 v\u017edy ide\u00e1lne rie\u0161enie.","breadcrumb":{"@id":"https:\/\/fuladevelopment.eu\/hu\/olcso-csaladi-hazak#breadcrumb"},"inLanguage":"hu","potentialAction":[{"@type":"ReadAction","target":["https:\/\/fuladevelopment.eu\/hu\/olcso-csaladi-hazak"]}]},{"@type":"BreadcrumbList","@id":"https:\/\/fuladevelopment.eu\/hu\/olcso-csaladi-hazak#breadcrumb","itemListElement":[{"@type":"ListItem","position":1,"name":"Home","item":"https:\/\/fuladevelopment.eu\/hu"},{"@type":"ListItem","position":2,"name":"Csal\u00e1di h\u00e1zak \u00e9p\u00edt\u00e9se","item":"https:\/\/fuladevelopment.eu\/hu\/vystavba-rodinnych-domov-2"},{"@type":"ListItem","position":3,"name":"Olcs\u00f3 csal\u00e1di h\u00e1zak"}]},{"@type":"WebSite","@id":"https:\/\/fuladevelopment.eu\/#website","url":"https:\/\/fuladevelopment.eu\/","name":"Fula Development","description":"","potentialAction":[{"@type":"SearchAction","target":{"@type":"EntryPoint","urlTemplate":"https:\/\/fuladevelopment.eu\/?s={search_term_string}"},"query-input":{"@type":"PropertyValueSpecification","valueRequired":true,"valueName":"search_term_string"}}],"inLanguage":"hu"}]}},"_links":{"self":[{"href":"https:\/\/fuladevelopment.eu\/hu\/wp-json\/wp\/v2\/pages\/3461","targetHints":{"allow":["GET"]}}],"collection":[{"href":"https:\/\/fuladevelopment.eu\/hu\/wp-json\/wp\/v2\/pages"}],"about":[{"href":"https:\/\/fuladevelopment.eu\/hu\/wp-json\/wp\/v2\/types\/page"}],"author":[{"embeddable":true,"href":"https:\/\/fuladevelopment.eu\/hu\/wp-json\/wp\/v2\/users\/1"}],"replies":[{"embeddable":true,"href":"https:\/\/fuladevelopment.eu\/hu\/wp-json\/wp\/v2\/comments?post=3461"}],"version-history":[{"count":4,"href":"https:\/\/fuladevelopment.eu\/hu\/wp-json\/wp\/v2\/pages\/3461\/revisions"}],"predecessor-version":[{"id":3761,"href":"https:\/\/fuladevelopment.eu\/hu\/wp-json\/wp\/v2\/pages\/3461\/revisions\/3761"}],"up":[{"embeddable":true,"href":"https:\/\/fuladevelopment.eu\/hu\/wp-json\/wp\/v2\/pages\/3458"}],"wp:attachment":[{"href":"https:\/\/fuladevelopment.eu\/hu\/wp-json\/wp\/v2\/media?parent=3461"}],"curies":[{"name":"wp","href":"https:\/\/api.w.org\/{rel}","templated":true}]}}