{"id":3462,"date":"2017-09-19T09:20:15","date_gmt":"2017-09-19T07:20:15","guid":{"rendered":"http:\/\/fuladevelopment.eu\/vystavba-rodinnych-domov-2\/bungalovy"},"modified":"2017-10-20T23:06:51","modified_gmt":"2017-10-20T21:06:51","slug":"bungalovy","status":"publish","type":"page","link":"https:\/\/fuladevelopment.eu\/hu\/bungalok","title":{"rendered":"Bungal\u00f3k"},"content":{"rendered":"<p>[vc_row][vc_column][vc_raw_html]JTNDaDIlMjBzdHlsZSUzRCUyMmNvbG9yJTNBJTIwJTIzM2E0ZDZhJTNCdGV4dC1hbGlnbiUzQSUyMGNlbnRlciUzQmZvbnQtZmFtaWx5JTNBTW9udHNlcnJhdCUzQmZvbnQtd2VpZ2h0JTNBNzAwJTNCZm9udC1zdHlsZSUzQW5vcm1hbCUyMiUyMGNsYXNzJTNEJTIydmNfY3VzdG9tX2hlYWRpbmclMjB2Y19jdXN0b21fMTUwNTcyMTM0MTQxMCUyMiUzRUVHWVNaRVIlQzUlQjAlMjAlQzMlODlTJTIwUFJBS1RJS1VTJTIwQlVOR0FMJUMzJTkzJTIwQiVDMyU4MVJLSSUyMFNaJUMzJTgxTSVDMyU4MVJBJTNDJTJGaDIlM0U=[\/vc_raw_html][vc_column_text]A modern bungal\u00f3 alatt egy praktikus csal\u00e1di h\u00e1zat kell elk\u00e9pzelni, mely minimalista diz\u00e1jnnal \u00e9s letisztult vonalakkal testes\u00edti meg az egyszer\u0171, de nagyszer\u0171 elvet. A k\u00f6zvetlen kil\u00e9p\u00e9s a teraszra exkluz\u00edv k\u00fcls\u0151t k\u00f6lcs\u00f6n\u00f6z a\u00a0h\u00e1znak, a helyis\u00e9gek \u00e1tl\u00e1that\u00f3 tagol\u00e1sa a bels\u0151 t\u00e9r k\u00e9nyelmes haszn\u00e1lat\u00e1t teszi lehet\u0151v\u00e9. \u00c1tgondolt t\u00e9rbeli feloszt\u00e1ssal \u00e9s k\u00f6nny\u0171 karbantart\u00e1ssal egy n\u00e9pszer\u0171 v\u00e1laszt\u00e1s. Sz\u00e1mos el\u0151nnyel rendelkezik az emeletes h\u00e1zzal szemben.<\/p>\n<p>A\u00a0bungal\u00f3 t\u00edpus\u00fa h\u00e1z alaprajza a vari\u00e1nsok \u00e9s t\u00e9rbeli megold\u00e1sok v\u00e9gtelen sor\u00e1t k\u00edn\u00e1lja. Ez a\u00a0t\u00edpus\u00fa h\u00e1z kiv\u00e1l\u00f3an alkalmas kisgyermekes csal\u00e1dok \u00e9s az id\u0151sebbek r\u00e9sz\u00e9re is, mivel nem kell l\u00e9pcs\u0151zni\u00fck, \u00e9s a h\u00e1z gyakorlatilag akad\u00e1lymentes. A bungal\u00f3 az alacsony energiafogyaszt\u00e1s\u00fa h\u00e1zak k\u00f6z\u00e9 sorolhat\u00f3, amelyet nagyon bar\u00e1ts\u00e1gos \u00e1ron tudunk fel\u00e9p\u00edteni. A bungal\u00f3hoz egyenesebb felsz\u00edn\u0171 telket aj\u00e1nlunk.[\/vc_column_text][vc_separator]<div class=\"slz-shortcode sc_project_list  buildplus_project-46720731369e409a43884f\" data-item=\"buildplus_project-46720731369e409a43884f\">\n\t<div class=\"list-block column-1\">\t\t\n\t\t\n\t<div class=\"item project_3914 inline_block\">\n\t\t<div class=\"block-2\">\n\t\t\t<div class=\"block-image\"><img loading=\"lazy\" decoding=\"async\" width=\"1200\" height=\"650\" src=\"https:\/\/fuladevelopment.eu\/wp-content\/uploads\/2017\/10\/bungalov-3-3-1200x650.jpg\" class=\"img-full\" alt=\"f\u00f6ldszintes h\u00e1z projekt vizualiz\u00e1ci\u00f3\" \/><a href=\"https:\/\/fuladevelopment.eu\/hu\/bungalo-3\" class=\"link\"><\/a><\/div>\n\t\t\t<div class=\"block-content\">\n\t\t\t\t\n\t\t\t\t<a href=\"https:\/\/fuladevelopment.eu\/hu\/bungalo-3\" class=\"title\">Bungal\u00f3 3<\/a>\n\t\t\t\t<div class=\"description\"><div class=\"text\"><b>MEGNEVEZ\u00c9S:<\/b> BUNGAL\u00d3 3<br \/><br \/>\r\n<b>HASZNOS ALAPTER\u00dcLET: <\/b>100 m2<br \/><br \/>\r\n<b>BE\u00c9P\u00cdTETT TER\u00dcLET: <\/b>120 m2<br \/><br \/>\r\n<b>KULCSRAK\u00c9SZ \u00c1R: <\/b>90 000 \u20ac<br \/><br \/>\r\n<b>SZERKEZETK\u00c9SZ \u00c1R: <\/b>55 000 \u20ac<br \/><br \/>\r\n<b>SZOB\u00c1K SZ\u00c1MA:<\/b>4<\/div><\/div>\n\t\t\t\t<a href=\"https:\/\/fuladevelopment.eu\/hu\/bungalo-3\" class=\"readmore-icons\"><i class=\"icons fa fa-plus\"><\/i><\/a>\n\t\t\t<\/div>\n\t\t<\/div>\n\t<\/div>\n\n\t<div class=\"item project_3956 inline_block\">\n\t\t<div class=\"block-2\">\n\t\t\t<div class=\"block-image\"><img loading=\"lazy\" decoding=\"async\" width=\"943\" height=\"589\" src=\"https:\/\/fuladevelopment.eu\/wp-content\/uploads\/2017\/10\/rajkaB-3.jpg\" class=\"img-full\" alt=\"projekt vizualiz\u00e1ci\u00f3- kis bungal\u00f3 h\u00e1z\" srcset=\"https:\/\/fuladevelopment.eu\/wp-content\/uploads\/2017\/10\/rajkaB-3.jpg 943w, https:\/\/fuladevelopment.eu\/wp-content\/uploads\/2017\/10\/rajkaB-3-300x187.jpg 300w, https:\/\/fuladevelopment.eu\/wp-content\/uploads\/2017\/10\/rajkaB-3-768x480.jpg 768w\" sizes=\"auto, (max-width: 943px) 100vw, 943px\" \/><a href=\"https:\/\/fuladevelopment.eu\/hu\/bungalo-4\" class=\"link\"><\/a><\/div>\n\t\t\t<div class=\"block-content\">\n\t\t\t\t\n\t\t\t\t<a href=\"https:\/\/fuladevelopment.eu\/hu\/bungalo-4\" class=\"title\">Bungal\u00f3 4<\/a>\n\t\t\t\t<div class=\"description\"><div class=\"text\"><b>MEGNEVEZ\u00c9S:<\/b> BUNGAL\u00d3 4<br \/><br \/>\r\n<b>HASZNOS ALAPTER\u00dcLET: <\/b>80 m2<br \/><br \/>\r\n<b>BE\u00c9P\u00cdTETT TER\u00dcLET: <\/b>111 m2<br \/><br \/>\r\n<b>KULCSRAK\u00c9SZ \u00c1R: <\/b>73 000 \u20ac<br \/><br \/>\r\n<b>SZERKEZETK\u00c9SZ \u00c1R: <\/b>45 000 \u20ac<br \/><br \/>\r\n<b>SZOB\u00c1K SZ\u00c1MA:<\/b>4<\/div><\/div>\n\t\t\t\t<a href=\"https:\/\/fuladevelopment.eu\/hu\/bungalo-4\" class=\"readmore-icons\"><i class=\"icons fa fa-plus\"><\/i><\/a>\n\t\t\t<\/div>\n\t\t<\/div>\n\t<\/div>\n\n\t<div class=\"item project_4011 inline_block\">\n\t\t<div class=\"block-2\">\n\t\t\t<div class=\"block-image\"><img loading=\"lazy\" decoding=\"async\" width=\"1200\" height=\"650\" src=\"https:\/\/fuladevelopment.eu\/wp-content\/uploads\/2017\/10\/rsz_1alfa_115_bledozlta-1200x650.jpg\" class=\"img-full\" alt=\"projekt vizualiz\u00e1ci\u00f3, bungal\u00f3 h\u00e1z\" \/><a href=\"https:\/\/fuladevelopment.eu\/hu\/bungalo-5\" class=\"link\"><\/a><\/div>\n\t\t\t<div class=\"block-content\">\n\t\t\t\t\n\t\t\t\t<a href=\"https:\/\/fuladevelopment.eu\/hu\/bungalo-5\" class=\"title\">Bungal\u00f3 5<\/a>\n\t\t\t\t<div class=\"description\"><div class=\"text\"><b>MEGNEVEZ\u00c9S:<\/b> BUNGAL\u00d3 5<br \/><br \/>\r\n<b>HASZNOS ALAPTER\u00dcLET: <\/b>90 m2<br \/><br \/>\r\n<b>BE\u00c9P\u00cdTETT TER\u00dcLET: <\/b>115 m2<br \/><br \/>\r\n<b>KULCSRAK\u00c9SZ \u00c1R: <\/b>81 000 \u20ac<br \/><br \/>\r\n<b>SZERKEZETK\u00c9SZ \u00c1R: <\/b>50 000 \u20ac<br \/><br \/>\r\n<b>SZOB\u00c1K SZ\u00c1MA:<\/b>4<\/div><\/div>\n\t\t\t\t<a href=\"https:\/\/fuladevelopment.eu\/hu\/bungalo-5\" class=\"readmore-icons\"><i class=\"icons fa fa-plus\"><\/i><\/a>\n\t\t\t<\/div>\n\t\t<\/div>\n\t<\/div>\n<div class=\"pagination-wrapper undefined margin-top-50\"><ul class=\"pagination\"><li><a href=\"https:\/\/fuladevelopment.eu\/hu\/wp-json\/wp\/v2\/pages\/3462\" class=\"link previous\">previous<\/a><\/li><li><a href=\"https:\/\/fuladevelopment.eu\/hu\/wp-json\/wp\/v2\/pages\/3462\/page\/2\" class=\"link next\">next<\/a><\/li><\/ul>\n<\/div>\t<\/div>\n<\/div>[\/vc_column][\/vc_row]<\/p>\n","protected":false},"excerpt":{"rendered":"<p>[vc_row][vc_column][vc_raw_html]JTNDaDIlMjBzdHlsZSUzRCUyMmNvbG9yJTNBJTIwJTIzM2E0ZDZhJTNCdGV4dC1hbGlnbiUzQSUyMGNlbnRlciUzQmZvbnQtZmFtaWx5JTNBTW9udHNlcnJhdCUzQmZvbnQtd2VpZ2h0JTNBNzAwJTNCZm9udC1zdHlsZSUzQW5vcm1hbCUyMiUyMGNsYXNzJTNEJTIydmNfY3VzdG9tX2hlYWRpbmclMjB2Y19jdXN0b21fMTUwNTcyMTM0MTQxMCUyMiUzRUVHWVNaRVIlQzUlQjAlMjAlQzMlODlTJTIwUFJBS1RJS1VTJTIwQlVOR0FMJUMzJTkzJTIwQiVDMyU4MVJLSSUyMFNaJUMzJTgxTSVDMyU4MVJBJTNDJTJGaDIlM0U=[\/vc_raw_html][vc_column_text]A modern bungal\u00f3 alatt egy praktikus csal\u00e1di h\u00e1zat kell elk\u00e9pzelni, mely minimalista diz\u00e1jnnal \u00e9s letisztult vonalakkal testes\u00edti meg az egyszer\u0171, de nagyszer\u0171 elvet. A k\u00f6zvetlen kil\u00e9p\u00e9s a teraszra exkluz\u00edv k\u00fcls\u0151t k\u00f6lcs\u00f6n\u00f6z a\u00a0h\u00e1znak, a helyis\u00e9gek \u00e1tl\u00e1that\u00f3 tagol\u00e1sa a bels\u0151 t\u00e9r k\u00e9nyelmes haszn\u00e1lat\u00e1t teszi lehet\u0151v\u00e9. \u00c1tgondolt t\u00e9rbeli feloszt\u00e1ssal \u00e9s k\u00f6nny\u0171 karbantart\u00e1ssal egy n\u00e9pszer\u0171 v\u00e1laszt\u00e1s. Sz\u00e1mos el\u0151nnyel rendelkezik [&hellip;]<\/p>\n","protected":false},"author":1,"featured_media":0,"parent":3458,"menu_order":0,"comment_status":"closed","ping_status":"closed","template":"","meta":{"_monsterinsights_skip_tracking":false,"_monsterinsights_sitenote_active":false,"_monsterinsights_sitenote_note":"","_monsterinsights_sitenote_category":0,"footnotes":""},"class_list":["post-3462","page","type-page","status-publish","hentry"],"yoast_head":"<!-- This site is optimized with the Yoast SEO plugin v26.5 - https:\/\/yoast.com\/wordpress\/plugins\/seo\/ -->\n<title>Bungal\u00f3k - Fula Development<\/title>\n<meta name=\"description\" content=\"Bungalov je rodinn\u00fd dom s minimalistick\u00fdm dizajnom a \u010dist\u00fdmi l\u00edniami. Priamy vstup na verandu mu dod\u00e1va exkluz\u00edvny vzh\u013ead a umo\u017e\u0148uje komfortn\u00e9 b\u00fdvanie.\" \/>\n<meta name=\"robots\" content=\"index, follow, max-snippet:-1, max-image-preview:large, max-video-preview:-1\" \/>\n<link rel=\"canonical\" href=\"https:\/\/fuladevelopment.eu\/hu\/bungalok\" \/>\n<meta property=\"og:locale\" content=\"hu_HU\" \/>\n<meta property=\"og:type\" content=\"article\" \/>\n<meta property=\"og:title\" content=\"Bungal\u00f3k - Fula Development\" \/>\n<meta property=\"og:description\" content=\"Bungalov je rodinn\u00fd dom s minimalistick\u00fdm dizajnom a \u010dist\u00fdmi l\u00edniami. Priamy vstup na verandu mu dod\u00e1va exkluz\u00edvny vzh\u013ead a umo\u017e\u0148uje komfortn\u00e9 b\u00fdvanie.\" \/>\n<meta property=\"og:url\" content=\"https:\/\/fuladevelopment.eu\/hu\/bungalok\" \/>\n<meta property=\"og:site_name\" content=\"Fula Development\" \/>\n<meta property=\"article:modified_time\" content=\"2017-10-20T21:06:51+00:00\" \/>\n<meta name=\"twitter:card\" content=\"summary_large_image\" \/>\n<meta name=\"twitter:label1\" content=\"Becs\u00fclt olvas\u00e1si id\u0151\" \/>\n\t<meta name=\"twitter:data1\" content=\"1 perc\" \/>\n<script type=\"application\/ld+json\" class=\"yoast-schema-graph\">{\"@context\":\"https:\/\/schema.org\",\"@graph\":[{\"@type\":\"WebPage\",\"@id\":\"https:\/\/fuladevelopment.eu\/hu\/bungalok\",\"url\":\"https:\/\/fuladevelopment.eu\/hu\/bungalok\",\"name\":\"Bungal\u00f3k - Fula Development\",\"isPartOf\":{\"@id\":\"https:\/\/fuladevelopment.eu\/#website\"},\"datePublished\":\"2017-09-19T07:20:15+00:00\",\"dateModified\":\"2017-10-20T21:06:51+00:00\",\"description\":\"Bungalov je rodinn\u00fd dom s minimalistick\u00fdm dizajnom a \u010dist\u00fdmi l\u00edniami. Priamy vstup na verandu mu dod\u00e1va exkluz\u00edvny vzh\u013ead a umo\u017e\u0148uje komfortn\u00e9 b\u00fdvanie.\",\"breadcrumb\":{\"@id\":\"https:\/\/fuladevelopment.eu\/hu\/bungalok#breadcrumb\"},\"inLanguage\":\"hu\",\"potentialAction\":[{\"@type\":\"ReadAction\",\"target\":[\"https:\/\/fuladevelopment.eu\/hu\/bungalok\"]}]},{\"@type\":\"BreadcrumbList\",\"@id\":\"https:\/\/fuladevelopment.eu\/hu\/bungalok#breadcrumb\",\"itemListElement\":[{\"@type\":\"ListItem\",\"position\":1,\"name\":\"Home\",\"item\":\"https:\/\/fuladevelopment.eu\/hu\"},{\"@type\":\"ListItem\",\"position\":2,\"name\":\"Csal\u00e1di h\u00e1zak \u00e9p\u00edt\u00e9se\",\"item\":\"https:\/\/fuladevelopment.eu\/hu\/vystavba-rodinnych-domov-2\"},{\"@type\":\"ListItem\",\"position\":3,\"name\":\"Bungal\u00f3k\"}]},{\"@type\":\"WebSite\",\"@id\":\"https:\/\/fuladevelopment.eu\/#website\",\"url\":\"https:\/\/fuladevelopment.eu\/\",\"name\":\"Fula Development\",\"description\":\"\",\"potentialAction\":[{\"@type\":\"SearchAction\",\"target\":{\"@type\":\"EntryPoint\",\"urlTemplate\":\"https:\/\/fuladevelopment.eu\/?s={search_term_string}\"},\"query-input\":{\"@type\":\"PropertyValueSpecification\",\"valueRequired\":true,\"valueName\":\"search_term_string\"}}],\"inLanguage\":\"hu\"}]}<\/script>\n<!-- \/ Yoast SEO plugin. -->","yoast_head_json":{"title":"Bungal\u00f3k - Fula Development","description":"Bungalov je rodinn\u00fd dom s minimalistick\u00fdm dizajnom a \u010dist\u00fdmi l\u00edniami. Priamy vstup na verandu mu dod\u00e1va exkluz\u00edvny vzh\u013ead a umo\u017e\u0148uje komfortn\u00e9 b\u00fdvanie.","robots":{"index":"index","follow":"follow","max-snippet":"max-snippet:-1","max-image-preview":"max-image-preview:large","max-video-preview":"max-video-preview:-1"},"canonical":"https:\/\/fuladevelopment.eu\/hu\/bungalok","og_locale":"hu_HU","og_type":"article","og_title":"Bungal\u00f3k - Fula Development","og_description":"Bungalov je rodinn\u00fd dom s minimalistick\u00fdm dizajnom a \u010dist\u00fdmi l\u00edniami. Priamy vstup na verandu mu dod\u00e1va exkluz\u00edvny vzh\u013ead a umo\u017e\u0148uje komfortn\u00e9 b\u00fdvanie.","og_url":"https:\/\/fuladevelopment.eu\/hu\/bungalok","og_site_name":"Fula Development","article_modified_time":"2017-10-20T21:06:51+00:00","twitter_card":"summary_large_image","twitter_misc":{"Becs\u00fclt olvas\u00e1si id\u0151":"1 perc"},"schema":{"@context":"https:\/\/schema.org","@graph":[{"@type":"WebPage","@id":"https:\/\/fuladevelopment.eu\/hu\/bungalok","url":"https:\/\/fuladevelopment.eu\/hu\/bungalok","name":"Bungal\u00f3k - Fula Development","isPartOf":{"@id":"https:\/\/fuladevelopment.eu\/#website"},"datePublished":"2017-09-19T07:20:15+00:00","dateModified":"2017-10-20T21:06:51+00:00","description":"Bungalov je rodinn\u00fd dom s minimalistick\u00fdm dizajnom a \u010dist\u00fdmi l\u00edniami. Priamy vstup na verandu mu dod\u00e1va exkluz\u00edvny vzh\u013ead a umo\u017e\u0148uje komfortn\u00e9 b\u00fdvanie.","breadcrumb":{"@id":"https:\/\/fuladevelopment.eu\/hu\/bungalok#breadcrumb"},"inLanguage":"hu","potentialAction":[{"@type":"ReadAction","target":["https:\/\/fuladevelopment.eu\/hu\/bungalok"]}]},{"@type":"BreadcrumbList","@id":"https:\/\/fuladevelopment.eu\/hu\/bungalok#breadcrumb","itemListElement":[{"@type":"ListItem","position":1,"name":"Home","item":"https:\/\/fuladevelopment.eu\/hu"},{"@type":"ListItem","position":2,"name":"Csal\u00e1di h\u00e1zak \u00e9p\u00edt\u00e9se","item":"https:\/\/fuladevelopment.eu\/hu\/vystavba-rodinnych-domov-2"},{"@type":"ListItem","position":3,"name":"Bungal\u00f3k"}]},{"@type":"WebSite","@id":"https:\/\/fuladevelopment.eu\/#website","url":"https:\/\/fuladevelopment.eu\/","name":"Fula Development","description":"","potentialAction":[{"@type":"SearchAction","target":{"@type":"EntryPoint","urlTemplate":"https:\/\/fuladevelopment.eu\/?s={search_term_string}"},"query-input":{"@type":"PropertyValueSpecification","valueRequired":true,"valueName":"search_term_string"}}],"inLanguage":"hu"}]}},"_links":{"self":[{"href":"https:\/\/fuladevelopment.eu\/hu\/wp-json\/wp\/v2\/pages\/3462","targetHints":{"allow":["GET"]}}],"collection":[{"href":"https:\/\/fuladevelopment.eu\/hu\/wp-json\/wp\/v2\/pages"}],"about":[{"href":"https:\/\/fuladevelopment.eu\/hu\/wp-json\/wp\/v2\/types\/page"}],"author":[{"embeddable":true,"href":"https:\/\/fuladevelopment.eu\/hu\/wp-json\/wp\/v2\/users\/1"}],"replies":[{"embeddable":true,"href":"https:\/\/fuladevelopment.eu\/hu\/wp-json\/wp\/v2\/comments?post=3462"}],"version-history":[{"count":3,"href":"https:\/\/fuladevelopment.eu\/hu\/wp-json\/wp\/v2\/pages\/3462\/revisions"}],"predecessor-version":[{"id":3760,"href":"https:\/\/fuladevelopment.eu\/hu\/wp-json\/wp\/v2\/pages\/3462\/revisions\/3760"}],"up":[{"embeddable":true,"href":"https:\/\/fuladevelopment.eu\/hu\/wp-json\/wp\/v2\/pages\/3458"}],"wp:attachment":[{"href":"https:\/\/fuladevelopment.eu\/hu\/wp-json\/wp\/v2\/media?parent=3462"}],"curies":[{"name":"wp","href":"https:\/\/api.w.org\/{rel}","templated":true}]}}