{"id":3463,"date":"2017-09-14T18:09:43","date_gmt":"2017-09-14T16:09:43","guid":{"rendered":"http:\/\/fuladevelopment.eu\/projekty-rodinnych-domov"},"modified":"2017-11-15T17:47:02","modified_gmt":"2017-11-15T16:47:02","slug":"projekty-rodinnych-domov","status":"publish","type":"page","link":"https:\/\/fuladevelopment.eu\/hu\/csaladi-haz-tervek","title":{"rendered":"Csal\u00e1di h\u00e1z tervek"},"content":{"rendered":"<p>[vc_row el_id=&#8221;pro&#8221;][vc_column width=&#8221;1\/2&#8243;][vc_raw_html]JTNDaDIlM0UlM0NkaXYlMjBjbGFzcyUzRCUyMnNsei1zaG9ydGNvZGUlMjBzYy1idXR0b24lMjBidXR0b24tMTg4MjAzOTU5MjU5YmY3MGVjZWIzNTclMjAlMjIlM0UlM0NhJTIwaHJlZiUzRCUyMmh0dHAlM0ElMkYlMkZmdWxhZGV2ZWxvcG1lbnQuZXUlMkZodSUyRmJ1bmdhbG8taGF6LXRlcnZlayUyMiUyMGNsYXNzJTNEJTIyYnRuJTIyJTNFQnVuZ2FsJUMzJUIzJTIwdCVDMyVBRHB1cyVDMyVCQSUyMGNzYWwlQzMlQTFkaSUyMGglQzMlQTF6YWslMjB0ZXJ2ZWklM0MlMkZhJTNFJTNDJTJGZGl2JTNFJTNDJTJGaDIlM0U=[\/vc_raw_html][vc_raw_html]JTNDaDIlM0UlM0NkaXYlMjBjbGFzcyUzRCUyMnNsei1zaG9ydGNvZGUlMjBzYy1idXR0b24lMjBidXR0b24tMTg4MjAzOTU5MjU5YmY3MGVjZWIzNTclMjAlMjIlM0UlMEElMDklMDklM0NhJTIwaHJlZiUzRCUyMmh0dHAlM0ElMkYlMkZmdWxhZGV2ZWxvcG1lbnQuZXUlMkZodSUyRmtpcy1jc2FsYWRpLWhhei10ZXJ2ZWslMjIlMjBjbGFzcyUzRCUyMmJ0biUyMiUzRUtpcyUyMGNzYWwlQzMlQTFkaSUyMGglQzMlQTF6YWslMjB0ZXJ2ZWklM0MlMkZhJTNFJTNDJTJGZGl2JTNFJTNDJTJGaDIlM0U=[\/vc_raw_html][\/vc_column][vc_column width=&#8221;1\/2&#8243;][vc_raw_html]JTNDaDIlM0UlM0NkaXYlMjBjbGFzcyUzRCUyMnNsei1zaG9ydGNvZGUlMjBzYy1idXR0b24lMjBidXR0b24tOTAxNzE3MTQxNTliZjczZTk0Njg1NCUyMCUyMiUzRSUwQSUwOSUwOSUzQ2ElMjBocmVmJTNEJTIyaHR0cCUzQSUyRiUyRmZ1bGFkZXZlbG9wbWVudC5ldSUyRmh1JTJGbW9kZXJuLWNzYWxhZGktaGF6LXRlcnZlayUyMiUyMGNsYXNzJTNEJTIyYnRuJTIyJTNFTW9kZXJuJTIwY3NhbCVDMyVBMWRpJTIwaCVDMyVBMXphayUyMHRlcnZlaSUzQyUyRmElM0UlM0MlMkZkaXYlM0UlM0MlMkZoMiUzRQ==[\/vc_raw_html][vc_raw_html]JTNDaDIlM0UlM0NkaXYlMjBjbGFzcyUzRCUyMnNsei1zaG9ydGNvZGUlMjBzYy1idXR0b24lMjBidXR0b24tMTE4NjAwNzY5NDU5YmY3M2U5NDg3YjAlMjAlMjIlM0UlMEElMDklMDklM0NhJTIwaHJlZiUzRCUyMmh0dHAlM0ElMkYlMkZmdWxhZGV2ZWxvcG1lbnQuZXUlMkZodSUyRmVuZXJnaWF0YWthcmVrb3MtcGFzc3ppdmhhei1wcm9qZWt0ZWslMjIlMjBjbGFzcyUzRCUyMmJ0biUyMiUzRVBhc3N6JUMzJUFEdmglQzMlQTF6YWslMjB0ZXJ2ZWklM0MlMkZhJTNFJTNDJTJGZGl2JTNFJTNDJTJGaDIlM0U=[\/vc_raw_html][\/vc_column][\/vc_row][vc_row][vc_column][vc_separator color=&#8221;custom&#8221; accent_color=&#8221;#3a4d6a&#8221;][\/vc_column][\/vc_row][vc_row][vc_column][vc_column_text]<\/p>\n<p style=\"text-align: center;\">Tervez\u0151ink k\u00e9szen \u00e1llnak a\u00a0nagy feladatra, hogy a\u00a0t\u00f6k\u00e9letes \u00faj otthon\u00e1r\u00f3l sz\u00f3l\u00f3 elk\u00e9pzel\u00e9seit k\u00e9zzelfoghat\u00f3 projektbe \u00f6lts\u00e9k! Olyan h\u00e1zakat tervez\u00fcnk, melyek biztons\u00e1gosak, \u00f6sszhangban vannak a\u00a0k\u00f6rnyezettel, t\u00fckr\u00f6zik az \u00d6n ig\u00e9nyeit. P\u00e9nz\u00fcgyi lehet\u0151s\u00e9geit m\u00e1r a\u00a0tervez\u00e9s f\u00e1zis\u00e1ban szem el\u0151tt tartjuk. Ennek megfelel\u0151en a\u00a0lehet\u0151 legjobb megold\u00e1sokkal szolg\u00e1lunk, hogy az \u00e9p\u00edt\u00e9s sor\u00e1n ne kelljen megalkudnia.<\/p>\n<p>[\/vc_column_text]<div class=\"slz-shortcode sc_project_list  buildplus_project-173634940469e630214d117\" data-item=\"buildplus_project-173634940469e630214d117\">\n\t<div class=\"list-block column-2\">\t\t\n\t\t\n\t<div class=\"item project_3872 inline_block\">\n\t\t<div class=\"block-2\">\n\t\t\t<div class=\"block-image\"><img loading=\"lazy\" decoding=\"async\" width=\"420\" height=\"390\" src=\"https:\/\/fuladevelopment.eu\/wp-content\/uploads\/2017\/10\/houseboat2-Copy-2-2.png\" class=\"img-full\" alt=\"\" srcset=\"https:\/\/fuladevelopment.eu\/wp-content\/uploads\/2017\/10\/houseboat2-Copy-2-2.png 420w, https:\/\/fuladevelopment.eu\/wp-content\/uploads\/2017\/10\/houseboat2-Copy-2-2-300x279.png 300w\" sizes=\"auto, (max-width: 420px) 100vw, 420px\" \/><a href=\"https:\/\/fuladevelopment.eu\/hu\/%C3%BAsz%C3%B3h%C3%A1z\" class=\"link\"><\/a><\/div>\n\t\t\t<div class=\"block-content\">\n\t\t\t\t\n\t\t\t\t<a href=\"https:\/\/fuladevelopment.eu\/hu\/%C3%BAsz%C3%B3h%C3%A1z\" class=\"title\">Houseboat<\/a>\n\t\t\t\t<div class=\"description\"><div class=\"text\"><b>MEGNEVEZ\u00c9S:<\/b> HOUSEBOAT<br \/><br \/>\r\n<b>HASZNOS ALAPTER\u00dcLET: <\/b>90 m2<br \/><br \/>\r\n<b>BE\u00c9P\u00cdTETT TER\u00dcLET: <\/b>95 m2<br \/><br \/>\r\n<b>KULCSRAK\u00c9SZ \u00c1R: <\/b>81 000 \u20ac<br \/><br \/>\r\n<b>SZERKEZETK\u00c9SZ \u00c1R: <\/b>49 500 \u20ac<br \/><br \/>\r\n<b>SZOB\u00c1K SZ\u00c1MA: <\/b> 4<\/div><\/div>\n\t\t\t\t<a href=\"https:\/\/fuladevelopment.eu\/hu\/%C3%BAsz%C3%B3h%C3%A1z\" class=\"readmore-icons\"><i class=\"icons fa fa-plus\"><\/i><\/a>\n\t\t\t<\/div>\n\t\t<\/div>\n\t<\/div>\n\n\t<div class=\"item project_3914 inline_block\">\n\t\t<div class=\"block-2\">\n\t\t\t<div class=\"block-image\"><img loading=\"lazy\" decoding=\"async\" width=\"800\" height=\"600\" src=\"https:\/\/fuladevelopment.eu\/wp-content\/uploads\/2017\/10\/bungalov-3-3-800x600.jpg\" class=\"img-full\" alt=\"f\u00f6ldszintes h\u00e1z projekt vizualiz\u00e1ci\u00f3\" srcset=\"https:\/\/fuladevelopment.eu\/wp-content\/uploads\/2017\/10\/bungalov-3-3-800x600.jpg 800w, https:\/\/fuladevelopment.eu\/wp-content\/uploads\/2017\/10\/bungalov-3-3-400x300.jpg 400w\" sizes=\"auto, (max-width: 800px) 100vw, 800px\" \/><a href=\"https:\/\/fuladevelopment.eu\/hu\/bungalo-3\" class=\"link\"><\/a><\/div>\n\t\t\t<div class=\"block-content\">\n\t\t\t\t\n\t\t\t\t<a href=\"https:\/\/fuladevelopment.eu\/hu\/bungalo-3\" class=\"title\">Bungal\u00f3 3<\/a>\n\t\t\t\t<div class=\"description\"><div class=\"text\"><b>MEGNEVEZ\u00c9S:<\/b> BUNGAL\u00d3 3<br \/><br \/>\r\n<b>HASZNOS ALAPTER\u00dcLET: <\/b>100 m2<br \/><br \/>\r\n<b>BE\u00c9P\u00cdTETT TER\u00dcLET: <\/b>120 m2<br \/><br \/>\r\n<b>KULCSRAK\u00c9SZ \u00c1R: <\/b>90 000 \u20ac<br \/><br \/>\r\n<b>SZERKEZETK\u00c9SZ \u00c1R: <\/b>55 000 \u20ac<br \/><br \/>\r\n<b>SZOB\u00c1K SZ\u00c1MA:<\/b>4<\/div><\/div>\n\t\t\t\t<a href=\"https:\/\/fuladevelopment.eu\/hu\/bungalo-3\" class=\"readmore-icons\"><i class=\"icons fa fa-plus\"><\/i><\/a>\n\t\t\t<\/div>\n\t\t<\/div>\n\t<\/div>\n\n\t<div class=\"item project_3926 inline_block\">\n\t\t<div class=\"block-2\">\n\t\t\t<div class=\"block-image\"><img loading=\"lazy\" decoding=\"async\" width=\"800\" height=\"589\" src=\"https:\/\/fuladevelopment.eu\/wp-content\/uploads\/2017\/10\/rajkaa-2-1-800x589.jpg\" class=\"img-full\" alt=\"projekt vizualiz\u00e1ci\u00f3- kis bungal\u00f3 h\u00e1z\" \/><a href=\"https:\/\/fuladevelopment.eu\/hu\/minihaz-3\" class=\"link\"><\/a><\/div>\n\t\t\t<div class=\"block-content\">\n\t\t\t\t\n\t\t\t\t<a href=\"https:\/\/fuladevelopment.eu\/hu\/minihaz-3\" class=\"title\">Minih\u00e1z 3<\/a>\n\t\t\t\t<div class=\"description\"><div class=\"text\"><b>MEGNEVEZ\u00c9S:<\/b> MINIH\u00c1Z 3<br \/><br \/>\r\n<b>HASZNOS ALAPTER\u00dcLET: <\/b>80 m2<br \/><br \/>\r\n<b>BE\u00c9P\u00cdTETT TER\u00dcLET: <\/b>104 m2<br \/><br \/>\r\n<b>KULCSRAK\u00c9SZ \u00c1R: <\/b>72 000 \u20ac<br \/><br \/>\r\n<b>SZERKEZETK\u00c9SZ \u00c1R: <\/b>44 000 \u20ac<br \/><br \/>\r\n<b>SZOB\u00c1K SZ\u00c1MA:<\/b>4<\/div><\/div>\n\t\t\t\t<a href=\"https:\/\/fuladevelopment.eu\/hu\/minihaz-3\" class=\"readmore-icons\"><i class=\"icons fa fa-plus\"><\/i><\/a>\n\t\t\t<\/div>\n\t\t<\/div>\n\t<\/div>\n\n\t<div class=\"item project_3956 inline_block\">\n\t\t<div class=\"block-2\">\n\t\t\t<div class=\"block-image\"><img loading=\"lazy\" decoding=\"async\" width=\"800\" height=\"589\" src=\"https:\/\/fuladevelopment.eu\/wp-content\/uploads\/2017\/10\/rajkaB-3-800x589.jpg\" class=\"img-full\" alt=\"projekt vizualiz\u00e1ci\u00f3- kis bungal\u00f3 h\u00e1z\" \/><a href=\"https:\/\/fuladevelopment.eu\/hu\/bungalo-4\" class=\"link\"><\/a><\/div>\n\t\t\t<div class=\"block-content\">\n\t\t\t\t\n\t\t\t\t<a href=\"https:\/\/fuladevelopment.eu\/hu\/bungalo-4\" class=\"title\">Bungal\u00f3 4<\/a>\n\t\t\t\t<div class=\"description\"><div class=\"text\"><b>MEGNEVEZ\u00c9S:<\/b> BUNGAL\u00d3 4<br \/><br \/>\r\n<b>HASZNOS ALAPTER\u00dcLET: <\/b>80 m2<br \/><br \/>\r\n<b>BE\u00c9P\u00cdTETT TER\u00dcLET: <\/b>111 m2<br \/><br \/>\r\n<b>KULCSRAK\u00c9SZ \u00c1R: <\/b>73 000 \u20ac<br \/><br \/>\r\n<b>SZERKEZETK\u00c9SZ \u00c1R: <\/b>45 000 \u20ac<br \/><br \/>\r\n<b>SZOB\u00c1K SZ\u00c1MA:<\/b>4<\/div><\/div>\n\t\t\t\t<a href=\"https:\/\/fuladevelopment.eu\/hu\/bungalo-4\" class=\"readmore-icons\"><i class=\"icons fa fa-plus\"><\/i><\/a>\n\t\t\t<\/div>\n\t\t<\/div>\n\t<\/div>\n\n\t<div class=\"item project_4011 inline_block\">\n\t\t<div class=\"block-2\">\n\t\t\t<div class=\"block-image\"><img loading=\"lazy\" decoding=\"async\" width=\"800\" height=\"600\" src=\"https:\/\/fuladevelopment.eu\/wp-content\/uploads\/2017\/10\/rsz_1alfa_115_bledozlta-800x600.jpg\" class=\"img-full\" alt=\"projekt vizualiz\u00e1ci\u00f3, bungal\u00f3 h\u00e1z\" srcset=\"https:\/\/fuladevelopment.eu\/wp-content\/uploads\/2017\/10\/rsz_1alfa_115_bledozlta-800x600.jpg 800w, https:\/\/fuladevelopment.eu\/wp-content\/uploads\/2017\/10\/rsz_1alfa_115_bledozlta-400x300.jpg 400w\" sizes=\"auto, (max-width: 800px) 100vw, 800px\" \/><a href=\"https:\/\/fuladevelopment.eu\/hu\/bungalo-5\" class=\"link\"><\/a><\/div>\n\t\t\t<div class=\"block-content\">\n\t\t\t\t\n\t\t\t\t<a href=\"https:\/\/fuladevelopment.eu\/hu\/bungalo-5\" class=\"title\">Bungal\u00f3 5<\/a>\n\t\t\t\t<div class=\"description\"><div class=\"text\"><b>MEGNEVEZ\u00c9S:<\/b> BUNGAL\u00d3 5<br \/><br \/>\r\n<b>HASZNOS ALAPTER\u00dcLET: <\/b>90 m2<br \/><br \/>\r\n<b>BE\u00c9P\u00cdTETT TER\u00dcLET: <\/b>115 m2<br \/><br \/>\r\n<b>KULCSRAK\u00c9SZ \u00c1R: <\/b>81 000 \u20ac<br \/><br \/>\r\n<b>SZERKEZETK\u00c9SZ \u00c1R: <\/b>50 000 \u20ac<br \/><br \/>\r\n<b>SZOB\u00c1K SZ\u00c1MA:<\/b>4<\/div><\/div>\n\t\t\t\t<a href=\"https:\/\/fuladevelopment.eu\/hu\/bungalo-5\" class=\"readmore-icons\"><i class=\"icons fa fa-plus\"><\/i><\/a>\n\t\t\t<\/div>\n\t\t<\/div>\n\t<\/div>\n\n\t<div class=\"item project_3962 inline_block\">\n\t\t<div class=\"block-2\">\n\t\t\t<div class=\"block-image\"><img loading=\"lazy\" decoding=\"async\" width=\"800\" height=\"600\" src=\"https:\/\/fuladevelopment.eu\/wp-content\/uploads\/2017\/10\/rsz_fot\u00f3k_3-800x600.jpg\" class=\"img-full\" alt=\"projekt vizualiz\u00e1ci\u00f3 TWIN\" srcset=\"https:\/\/fuladevelopment.eu\/wp-content\/uploads\/2017\/10\/rsz_fot\u00f3k_3-800x600.jpg 800w, https:\/\/fuladevelopment.eu\/wp-content\/uploads\/2017\/10\/rsz_fot\u00f3k_3-300x225.jpg 300w, https:\/\/fuladevelopment.eu\/wp-content\/uploads\/2017\/10\/rsz_fot\u00f3k_3-768x576.jpg 768w, https:\/\/fuladevelopment.eu\/wp-content\/uploads\/2017\/10\/rsz_fot\u00f3k_3.jpg 1024w, https:\/\/fuladevelopment.eu\/wp-content\/uploads\/2017\/10\/rsz_fot\u00f3k_3-400x300.jpg 400w\" sizes=\"auto, (max-width: 800px) 100vw, 800px\" \/><a href=\"https:\/\/fuladevelopment.eu\/hu\/hu\/twin-1\" class=\"link\"><\/a><\/div>\n\t\t\t<div class=\"block-content\">\n\t\t\t\t\n\t\t\t\t<a href=\"https:\/\/fuladevelopment.eu\/hu\/hu\/twin-1\" class=\"title\">TWIN 1<\/a>\n\t\t\t\t<div class=\"description\"><div class=\"text\"><b>MEGNEVEZ\u00c9S:<\/b> TWIN 1<br \/><br \/>\r\n<b>HASZNOS ALAPTER\u00dcLET: <\/b>130 m2<br \/><br \/>\r\n<b>BE\u00c9P\u00cdTETT TER\u00dcLET: <\/b>90 m2<br \/><br \/>\r\n<b>KULCSRAK\u00c9SZ \u00c1R: <\/b>117 000 \u20ac<br \/><br \/>\r\n<b>SZERKEZETK\u00c9SZ \u00c1R: <\/b>71 500 \u20ac<br \/><br \/>\r\n<b>SZOB\u00c1K SZ\u00c1MA:<\/b>4<\/div><\/div>\n\t\t\t\t<a href=\"https:\/\/fuladevelopment.eu\/hu\/hu\/twin-1\" class=\"readmore-icons\"><i class=\"icons fa fa-plus\"><\/i><\/a>\n\t\t\t<\/div>\n\t\t<\/div>\n\t<\/div>\n<div class=\"pagination-wrapper undefined margin-top-50\"><ul class=\"pagination\"><li><a href=\"https:\/\/fuladevelopment.eu\/hu\/wp-json\/wp\/v2\/pages\/3463\" class=\"link previous\">previous<\/a><\/li><li><a href=\"https:\/\/fuladevelopment.eu\/hu\/wp-json\/wp\/v2\/pages\/3463\/page\/2\" class=\"link next\">next<\/a><\/li><\/ul>\n<\/div>\t<\/div>\n<\/div>[vc_empty_space][\/vc_column][\/vc_row][vc_row][vc_column][vc_raw_html]JTNDZGl2JTIwY2xhc3MlM0QlMjJzdWJjcmliZS1mb290ZXIlMjIlM0UlMEElMDklMDklMDklMDklMDklMDklMDklMDklMDklMDklM0NkaXYlMjBjbGFzcyUzRCUyMmNvbnRhaW5lciUyMHN1YmNyaWJlLXdyYXBwZXIlMjIlM0UlMEElMDklM0NkaXYlMjBjbGFzcyUzRCUyMmJhbm5lci1ib3R0b20lMjIlM0UlMEElMDklMDklM0NkaXYlMjBjbGFzcyUzRCUyMmJhbm5lci0xJTIyJTNFJTBBJTA5JTA5JTA5JTNDZGl2JTIwY2xhc3MlM0QlMjJiYW5uZXItbGVmdCUyMiUzRSUwQSUwOSUwOSUwOSUwOSUzQ2g1JTIwY2xhc3MlM0QlMjJ0ZXh0JTIyJTNFTWVndmFsJUMzJUIzcyVDMyVBRHRqdWslMjBhJUMyJUEwdCVDMyVCNmslQzMlQTlsZXRlcyUyMGNzYWwlQzMlQTFkaSUyMGglQzMlQTF6ciVDMyVCM2wlMEFzeiVDMyVCM2wlQzMlQjMlMjAlQzMlQTFsbWFpdCUyMSUzQyUyRmg1JTNFJTA5JTA5JTA5JTNDJTJGZGl2JTNFJTBBJTA5JTA5JTA5JTNDZGl2JTIwY2xhc3MlM0QlMjJiYW5uZXItcmlnaHQlMjIlM0UlM0NhJTIwaHJlZiUzRCUyMmh0dHAlM0ElMkYlMkZmdWxhZGV2ZWxvcG1lbnQuZXUlMkZodSUyRmthcGNzb2xhdCUyMiUyMGNsYXNzJTNEJTIyYnRuJTIwdHJhbnNwYXJlbnQlMjB3aGl0ZS1jb2xvciUyMiUzRVYlQzMlQTFnam9uJTIwYmVsZSUyMHZlbCVDMyVCQ25rJTNDJTJGYSUzRSUzQyUyRmRpdiUzRSUwOSUwOSUzQyUyRmRpdiUzRSUwQSUwOSUzQyUyRmRpdiUzRSUwQSUzQyUyRmRpdiUzRSUwQSUwOSUwOSUwOSUwOSUwOSUwOSUwOSUwOSUwOSUwOSUzQyUyRmRpdiUzRQ==[\/vc_raw_html][\/vc_column][\/vc_row]<\/p>\n","protected":false},"excerpt":{"rendered":"<p>[vc_row el_id=&#8221;pro&#8221;][vc_column width=&#8221;1\/2&#8243;][vc_raw_html]JTNDaDIlM0UlM0NkaXYlMjBjbGFzcyUzRCUyMnNsei1zaG9ydGNvZGUlMjBzYy1idXR0b24lMjBidXR0b24tMTg4MjAzOTU5MjU5YmY3MGVjZWIzNTclMjAlMjIlM0UlM0NhJTIwaHJlZiUzRCUyMmh0dHAlM0ElMkYlMkZmdWxhZGV2ZWxvcG1lbnQuZXUlMkZodSUyRmJ1bmdhbG8taGF6LXRlcnZlayUyMiUyMGNsYXNzJTNEJTIyYnRuJTIyJTNFQnVuZ2FsJUMzJUIzJTIwdCVDMyVBRHB1cyVDMyVCQSUyMGNzYWwlQzMlQTFkaSUyMGglQzMlQTF6YWslMjB0ZXJ2ZWklM0MlMkZhJTNFJTNDJTJGZGl2JTNFJTNDJTJGaDIlM0U=[\/vc_raw_html][vc_raw_html]JTNDaDIlM0UlM0NkaXYlMjBjbGFzcyUzRCUyMnNsei1zaG9ydGNvZGUlMjBzYy1idXR0b24lMjBidXR0b24tMTg4MjAzOTU5MjU5YmY3MGVjZWIzNTclMjAlMjIlM0UlMEElMDklMDklM0NhJTIwaHJlZiUzRCUyMmh0dHAlM0ElMkYlMkZmdWxhZGV2ZWxvcG1lbnQuZXUlMkZodSUyRmtpcy1jc2FsYWRpLWhhei10ZXJ2ZWslMjIlMjBjbGFzcyUzRCUyMmJ0biUyMiUzRUtpcyUyMGNzYWwlQzMlQTFkaSUyMGglQzMlQTF6YWslMjB0ZXJ2ZWklM0MlMkZhJTNFJTNDJTJGZGl2JTNFJTNDJTJGaDIlM0U=[\/vc_raw_html][\/vc_column][vc_column width=&#8221;1\/2&#8243;][vc_raw_html]JTNDaDIlM0UlM0NkaXYlMjBjbGFzcyUzRCUyMnNsei1zaG9ydGNvZGUlMjBzYy1idXR0b24lMjBidXR0b24tOTAxNzE3MTQxNTliZjczZTk0Njg1NCUyMCUyMiUzRSUwQSUwOSUwOSUzQ2ElMjBocmVmJTNEJTIyaHR0cCUzQSUyRiUyRmZ1bGFkZXZlbG9wbWVudC5ldSUyRmh1JTJGbW9kZXJuLWNzYWxhZGktaGF6LXRlcnZlayUyMiUyMGNsYXNzJTNEJTIyYnRuJTIyJTNFTW9kZXJuJTIwY3NhbCVDMyVBMWRpJTIwaCVDMyVBMXphayUyMHRlcnZlaSUzQyUyRmElM0UlM0MlMkZkaXYlM0UlM0MlMkZoMiUzRQ==[\/vc_raw_html][vc_raw_html]JTNDaDIlM0UlM0NkaXYlMjBjbGFzcyUzRCUyMnNsei1zaG9ydGNvZGUlMjBzYy1idXR0b24lMjBidXR0b24tMTE4NjAwNzY5NDU5YmY3M2U5NDg3YjAlMjAlMjIlM0UlMEElMDklMDklM0NhJTIwaHJlZiUzRCUyMmh0dHAlM0ElMkYlMkZmdWxhZGV2ZWxvcG1lbnQuZXUlMkZodSUyRmVuZXJnaWF0YWthcmVrb3MtcGFzc3ppdmhhei1wcm9qZWt0ZWslMjIlMjBjbGFzcyUzRCUyMmJ0biUyMiUzRVBhc3N6JUMzJUFEdmglQzMlQTF6YWslMjB0ZXJ2ZWklM0MlMkZhJTNFJTNDJTJGZGl2JTNFJTNDJTJGaDIlM0U=[\/vc_raw_html][\/vc_column][\/vc_row][vc_row][vc_column][vc_separator color=&#8221;custom&#8221; accent_color=&#8221;#3a4d6a&#8221;][\/vc_column][\/vc_row][vc_row][vc_column][vc_column_text] Tervez\u0151ink k\u00e9szen \u00e1llnak a\u00a0nagy feladatra, hogy a\u00a0t\u00f6k\u00e9letes \u00faj otthon\u00e1r\u00f3l sz\u00f3l\u00f3 elk\u00e9pzel\u00e9seit k\u00e9zzelfoghat\u00f3 projektbe \u00f6lts\u00e9k! Olyan h\u00e1zakat tervez\u00fcnk, melyek biztons\u00e1gosak, \u00f6sszhangban vannak a\u00a0k\u00f6rnyezettel, t\u00fckr\u00f6zik az \u00d6n ig\u00e9nyeit. P\u00e9nz\u00fcgyi lehet\u0151s\u00e9geit m\u00e1r a\u00a0tervez\u00e9s f\u00e1zis\u00e1ban szem el\u0151tt tartjuk. Ennek megfelel\u0151en a\u00a0lehet\u0151 legjobb megold\u00e1sokkal szolg\u00e1lunk, hogy az \u00e9p\u00edt\u00e9s sor\u00e1n ne kelljen megalkudnia. [\/vc_column_text][vc_empty_space][\/vc_column][\/vc_row][vc_row][vc_column][vc_raw_html]JTNDZGl2JTIwY2xhc3MlM0QlMjJzdWJjcmliZS1mb290ZXIlMjIlM0UlMEElMDklMDklMDklMDklMDklMDklMDklMDklMDklMDklM0NkaXYlMjBjbGFzcyUzRCUyMmNvbnRhaW5lciUyMHN1YmNyaWJlLXdyYXBwZXIlMjIlM0UlMEElMDklM0NkaXYlMjBjbGFzcyUzRCUyMmJhbm5lci1ib3R0b20lMjIlM0UlMEElMDklMDklM0NkaXYlMjBjbGFzcyUzRCUyMmJhbm5lci0xJTIyJTNFJTBBJTA5JTA5JTA5JTNDZGl2JTIwY2xhc3MlM0QlMjJiYW5uZXItbGVmdCUyMiUzRSUwQSUwOSUwOSUwOSUwOSUzQ2g1JTIwY2xhc3MlM0QlMjJ0ZXh0JTIyJTNFTWVndmFsJUMzJUIzcyVDMyVBRHRqdWslMjBhJUMyJUEwdCVDMyVCNmslQzMlQTlsZXRlcyUyMGNzYWwlQzMlQTFkaSUyMGglQzMlQTF6ciVDMyVCM2wlMEFzeiVDMyVCM2wlQzMlQjMlMjAlQzMlQTFsbWFpdCUyMSUzQyUyRmg1JTNFJTA5JTA5JTA5JTNDJTJGZGl2JTNFJTBBJTA5JTA5JTA5JTNDZGl2JTIwY2xhc3MlM0QlMjJiYW5uZXItcmlnaHQlMjIlM0UlM0NhJTIwaHJlZiUzRCUyMmh0dHAlM0ElMkYlMkZmdWxhZGV2ZWxvcG1lbnQuZXUlMkZodSUyRmthcGNzb2xhdCUyMiUyMGNsYXNzJTNEJTIyYnRuJTIwdHJhbnNwYXJlbnQlMjB3aGl0ZS1jb2xvciUyMiUzRVYlQzMlQTFnam9uJTIwYmVsZSUyMHZlbCVDMyVCQ25rJTNDJTJGYSUzRSUzQyUyRmRpdiUzRSUwOSUwOSUzQyUyRmRpdiUzRSUwQSUwOSUzQyUyRmRpdiUzRSUwQSUzQyUyRmRpdiUzRSUwQSUwOSUwOSUwOSUwOSUwOSUwOSUwOSUwOSUwOSUwOSUzQyUyRmRpdiUzRQ==[\/vc_raw_html][\/vc_column][\/vc_row]<\/p>\n","protected":false},"author":1,"featured_media":0,"parent":0,"menu_order":0,"comment_status":"closed","ping_status":"closed","template":"","meta":{"_monsterinsights_skip_tracking":false,"_monsterinsights_sitenote_active":false,"_monsterinsights_sitenote_note":"","_monsterinsights_sitenote_category":0,"footnotes":""},"class_list":["post-3463","page","type-page","status-publish","hentry"],"yoast_head":"<!-- This site is optimized with the Yoast SEO plugin v26.5 - https:\/\/yoast.com\/wordpress\/plugins\/seo\/ -->\n<title>Csal\u00e1di h\u00e1z tervek - Fula Development<\/title>\n<meta name=\"description\" content=\"Projekty rodinn\u00fdch domov, ktor\u00e9 si vysn\u00edvate! Na\u0161i architekti s\u00fa pripraven\u00ed zhmotni\u0165 v\u00e1\u0161 dokonal\u00fd domov s re\u0161pektom na va\u0161e finan\u010dn\u00e9 mo\u017enosti a predstavy.\" \/>\n<meta name=\"robots\" content=\"index, follow, max-snippet:-1, max-image-preview:large, max-video-preview:-1\" \/>\n<link rel=\"canonical\" href=\"https:\/\/fuladevelopment.eu\/hu\/csaladi-haz-tervek\" \/>\n<meta property=\"og:locale\" content=\"hu_HU\" \/>\n<meta property=\"og:type\" content=\"article\" \/>\n<meta property=\"og:title\" content=\"Csal\u00e1di h\u00e1z tervek - Fula Development\" \/>\n<meta property=\"og:description\" content=\"Projekty rodinn\u00fdch domov, ktor\u00e9 si vysn\u00edvate! Na\u0161i architekti s\u00fa pripraven\u00ed zhmotni\u0165 v\u00e1\u0161 dokonal\u00fd domov s re\u0161pektom na va\u0161e finan\u010dn\u00e9 mo\u017enosti a predstavy.\" \/>\n<meta property=\"og:url\" content=\"https:\/\/fuladevelopment.eu\/hu\/csaladi-haz-tervek\" \/>\n<meta property=\"og:site_name\" content=\"Fula Development\" \/>\n<meta property=\"article:modified_time\" content=\"2017-11-15T16:47:02+00:00\" \/>\n<meta name=\"twitter:card\" content=\"summary_large_image\" \/>\n<meta name=\"twitter:label1\" content=\"Becs\u00fclt olvas\u00e1si id\u0151\" \/>\n\t<meta name=\"twitter:data1\" content=\"2 perc\" \/>\n<script type=\"application\/ld+json\" class=\"yoast-schema-graph\">{\"@context\":\"https:\/\/schema.org\",\"@graph\":[{\"@type\":\"WebPage\",\"@id\":\"https:\/\/fuladevelopment.eu\/hu\/csaladi-haz-tervek\",\"url\":\"https:\/\/fuladevelopment.eu\/hu\/csaladi-haz-tervek\",\"name\":\"Csal\u00e1di h\u00e1z tervek - Fula Development\",\"isPartOf\":{\"@id\":\"https:\/\/fuladevelopment.eu\/#website\"},\"datePublished\":\"2017-09-14T16:09:43+00:00\",\"dateModified\":\"2017-11-15T16:47:02+00:00\",\"description\":\"Projekty rodinn\u00fdch domov, ktor\u00e9 si vysn\u00edvate! Na\u0161i architekti s\u00fa pripraven\u00ed zhmotni\u0165 v\u00e1\u0161 dokonal\u00fd domov s re\u0161pektom na va\u0161e finan\u010dn\u00e9 mo\u017enosti a predstavy.\",\"breadcrumb\":{\"@id\":\"https:\/\/fuladevelopment.eu\/hu\/csaladi-haz-tervek#breadcrumb\"},\"inLanguage\":\"hu\",\"potentialAction\":[{\"@type\":\"ReadAction\",\"target\":[\"https:\/\/fuladevelopment.eu\/hu\/csaladi-haz-tervek\"]}]},{\"@type\":\"BreadcrumbList\",\"@id\":\"https:\/\/fuladevelopment.eu\/hu\/csaladi-haz-tervek#breadcrumb\",\"itemListElement\":[{\"@type\":\"ListItem\",\"position\":1,\"name\":\"Home\",\"item\":\"https:\/\/fuladevelopment.eu\/hu\"},{\"@type\":\"ListItem\",\"position\":2,\"name\":\"Csal\u00e1di h\u00e1z tervek\"}]},{\"@type\":\"WebSite\",\"@id\":\"https:\/\/fuladevelopment.eu\/#website\",\"url\":\"https:\/\/fuladevelopment.eu\/\",\"name\":\"Fula Development\",\"description\":\"\",\"potentialAction\":[{\"@type\":\"SearchAction\",\"target\":{\"@type\":\"EntryPoint\",\"urlTemplate\":\"https:\/\/fuladevelopment.eu\/?s={search_term_string}\"},\"query-input\":{\"@type\":\"PropertyValueSpecification\",\"valueRequired\":true,\"valueName\":\"search_term_string\"}}],\"inLanguage\":\"hu\"}]}<\/script>\n<!-- \/ Yoast SEO plugin. -->","yoast_head_json":{"title":"Csal\u00e1di h\u00e1z tervek - Fula Development","description":"Projekty rodinn\u00fdch domov, ktor\u00e9 si vysn\u00edvate! Na\u0161i architekti s\u00fa pripraven\u00ed zhmotni\u0165 v\u00e1\u0161 dokonal\u00fd domov s re\u0161pektom na va\u0161e finan\u010dn\u00e9 mo\u017enosti a predstavy.","robots":{"index":"index","follow":"follow","max-snippet":"max-snippet:-1","max-image-preview":"max-image-preview:large","max-video-preview":"max-video-preview:-1"},"canonical":"https:\/\/fuladevelopment.eu\/hu\/csaladi-haz-tervek","og_locale":"hu_HU","og_type":"article","og_title":"Csal\u00e1di h\u00e1z tervek - Fula Development","og_description":"Projekty rodinn\u00fdch domov, ktor\u00e9 si vysn\u00edvate! Na\u0161i architekti s\u00fa pripraven\u00ed zhmotni\u0165 v\u00e1\u0161 dokonal\u00fd domov s re\u0161pektom na va\u0161e finan\u010dn\u00e9 mo\u017enosti a predstavy.","og_url":"https:\/\/fuladevelopment.eu\/hu\/csaladi-haz-tervek","og_site_name":"Fula Development","article_modified_time":"2017-11-15T16:47:02+00:00","twitter_card":"summary_large_image","twitter_misc":{"Becs\u00fclt olvas\u00e1si id\u0151":"2 perc"},"schema":{"@context":"https:\/\/schema.org","@graph":[{"@type":"WebPage","@id":"https:\/\/fuladevelopment.eu\/hu\/csaladi-haz-tervek","url":"https:\/\/fuladevelopment.eu\/hu\/csaladi-haz-tervek","name":"Csal\u00e1di h\u00e1z tervek - Fula Development","isPartOf":{"@id":"https:\/\/fuladevelopment.eu\/#website"},"datePublished":"2017-09-14T16:09:43+00:00","dateModified":"2017-11-15T16:47:02+00:00","description":"Projekty rodinn\u00fdch domov, ktor\u00e9 si vysn\u00edvate! Na\u0161i architekti s\u00fa pripraven\u00ed zhmotni\u0165 v\u00e1\u0161 dokonal\u00fd domov s re\u0161pektom na va\u0161e finan\u010dn\u00e9 mo\u017enosti a predstavy.","breadcrumb":{"@id":"https:\/\/fuladevelopment.eu\/hu\/csaladi-haz-tervek#breadcrumb"},"inLanguage":"hu","potentialAction":[{"@type":"ReadAction","target":["https:\/\/fuladevelopment.eu\/hu\/csaladi-haz-tervek"]}]},{"@type":"BreadcrumbList","@id":"https:\/\/fuladevelopment.eu\/hu\/csaladi-haz-tervek#breadcrumb","itemListElement":[{"@type":"ListItem","position":1,"name":"Home","item":"https:\/\/fuladevelopment.eu\/hu"},{"@type":"ListItem","position":2,"name":"Csal\u00e1di h\u00e1z tervek"}]},{"@type":"WebSite","@id":"https:\/\/fuladevelopment.eu\/#website","url":"https:\/\/fuladevelopment.eu\/","name":"Fula Development","description":"","potentialAction":[{"@type":"SearchAction","target":{"@type":"EntryPoint","urlTemplate":"https:\/\/fuladevelopment.eu\/?s={search_term_string}"},"query-input":{"@type":"PropertyValueSpecification","valueRequired":true,"valueName":"search_term_string"}}],"inLanguage":"hu"}]}},"_links":{"self":[{"href":"https:\/\/fuladevelopment.eu\/hu\/wp-json\/wp\/v2\/pages\/3463","targetHints":{"allow":["GET"]}}],"collection":[{"href":"https:\/\/fuladevelopment.eu\/hu\/wp-json\/wp\/v2\/pages"}],"about":[{"href":"https:\/\/fuladevelopment.eu\/hu\/wp-json\/wp\/v2\/types\/page"}],"author":[{"embeddable":true,"href":"https:\/\/fuladevelopment.eu\/hu\/wp-json\/wp\/v2\/users\/1"}],"replies":[{"embeddable":true,"href":"https:\/\/fuladevelopment.eu\/hu\/wp-json\/wp\/v2\/comments?post=3463"}],"version-history":[{"count":9,"href":"https:\/\/fuladevelopment.eu\/hu\/wp-json\/wp\/v2\/pages\/3463\/revisions"}],"predecessor-version":[{"id":3765,"href":"https:\/\/fuladevelopment.eu\/hu\/wp-json\/wp\/v2\/pages\/3463\/revisions\/3765"}],"wp:attachment":[{"href":"https:\/\/fuladevelopment.eu\/hu\/wp-json\/wp\/v2\/media?parent=3463"}],"curies":[{"name":"wp","href":"https:\/\/api.w.org\/{rel}","templated":true}]}}