{"id":3464,"date":"2017-09-14T17:11:32","date_gmt":"2017-09-14T15:11:32","guid":{"rendered":"http:\/\/fuladevelopment.eu\/projekty-rodinnych-domov\/projekty-pasivnych-domov"},"modified":"2017-10-20T23:30:07","modified_gmt":"2017-10-20T21:30:07","slug":"projekty-pasivnych-domov","status":"publish","type":"page","link":"https:\/\/fuladevelopment.eu\/hu\/energiatakarekos-passzivhaz-projektek","title":{"rendered":"Energiatakar\u00e9kos passz\u00edvh\u00e1z projektek"},"content":{"rendered":"<p>[vc_row][vc_column][vc_raw_html]JTNDaDIlMjBzdHlsZSUzRCUyMmNvbG9yJTNBJTIwJTIzM2E0ZDZhJTNCdGV4dC1hbGlnbiUzQSUyMGNlbnRlciUzQmZvbnQtZmFtaWx5JTNBTW9udHNlcnJhdCUzQmZvbnQtd2VpZ2h0JTNBNzAwJTNCZm9udC1zdHlsZSUzQW5vcm1hbCUyMiUyMGNsYXNzJTNEJTIydmNfY3VzdG9tX2hlYWRpbmclMjB2Y19jdXN0b21fMTUwNTcyMTM0MTQxMCUyMiUzRUVORVJHSUFUQUtBUiVDMyU4OUtPUyUyMFBBU1NaJUMzJThEVkglQzMlODFaJTIwUFJPSkVLVEVLJTNDJTJGaDIlM0U=[\/vc_raw_html][vc_column_text]<\/p>\n<p style=\"text-align: center;\">A passz\u00edvh\u00e1zak k\u00f6rnyezetbar\u00e1t \u00e9p\u00fcletek rendk\u00edv\u00fcl alacsony energiafogyaszt\u00e1ssal. Ha prec\u00edzen \u00e9s megfelel\u0151 min\u0151s\u00e9gben vannak fel\u00e9p\u00edtve, nemcsak egy \u00e9rt\u00e9kes h\u00e1zk\u00e9nt szolg\u00e1lnak, de hozz\u00e1j\u00e1rulnak a k\u00f6rnyezet meg\u00f3v\u00e1s\u00e1hoz is.<\/p>\n<p>[\/vc_column_text]<div class=\"slz-shortcode sc_project_list  buildplus_project-212847586069de582890869\" data-item=\"buildplus_project-212847586069de582890869\">\n\t<div class=\"list-block column-1\">\t\t\n\t\t\t<\/div>\n<\/div>[\/vc_column][\/vc_row]<\/p>\n","protected":false},"excerpt":{"rendered":"<p>[vc_row][vc_column][vc_raw_html]JTNDaDIlMjBzdHlsZSUzRCUyMmNvbG9yJTNBJTIwJTIzM2E0ZDZhJTNCdGV4dC1hbGlnbiUzQSUyMGNlbnRlciUzQmZvbnQtZmFtaWx5JTNBTW9udHNlcnJhdCUzQmZvbnQtd2VpZ2h0JTNBNzAwJTNCZm9udC1zdHlsZSUzQW5vcm1hbCUyMiUyMGNsYXNzJTNEJTIydmNfY3VzdG9tX2hlYWRpbmclMjB2Y19jdXN0b21fMTUwNTcyMTM0MTQxMCUyMiUzRUVORVJHSUFUQUtBUiVDMyU4OUtPUyUyMFBBU1NaJUMzJThEVkglQzMlODFaJTIwUFJPSkVLVEVLJTNDJTJGaDIlM0U=[\/vc_raw_html][vc_column_text] A passz\u00edvh\u00e1zak k\u00f6rnyezetbar\u00e1t \u00e9p\u00fcletek rendk\u00edv\u00fcl alacsony energiafogyaszt\u00e1ssal. Ha prec\u00edzen \u00e9s megfelel\u0151 min\u0151s\u00e9gben vannak fel\u00e9p\u00edtve, nemcsak egy \u00e9rt\u00e9kes h\u00e1zk\u00e9nt szolg\u00e1lnak, de hozz\u00e1j\u00e1rulnak a k\u00f6rnyezet meg\u00f3v\u00e1s\u00e1hoz is. [\/vc_column_text][\/vc_column][\/vc_row]<\/p>\n","protected":false},"author":1,"featured_media":0,"parent":3463,"menu_order":0,"comment_status":"closed","ping_status":"closed","template":"","meta":{"_monsterinsights_skip_tracking":false,"_monsterinsights_sitenote_active":false,"_monsterinsights_sitenote_note":"","_monsterinsights_sitenote_category":0,"footnotes":""},"class_list":["post-3464","page","type-page","status-publish","hentry"],"yoast_head":"<!-- This site is optimized with the Yoast SEO plugin v26.5 - https:\/\/yoast.com\/wordpress\/plugins\/seo\/ -->\n<title>Energiatakar\u00e9kos passz\u00edvh\u00e1z projektek - Fula Development<\/title>\n<meta name=\"description\" content=\"Projekty pas\u00edvnych domov, ktor\u00e9 v\u00e1m u\u0161etria energiu. S\u00fa prec\u00edzne postaven\u00e9, posl\u00fa\u017eia ako hodnotn\u00fd rodinn\u00fd dom a prispej\u00fa aj k ochrane \u017eivotn\u00e9ho prostredia.\" \/>\n<meta name=\"robots\" content=\"index, follow, max-snippet:-1, max-image-preview:large, max-video-preview:-1\" \/>\n<link rel=\"canonical\" href=\"https:\/\/fuladevelopment.eu\/hu\/energiatakarekos-passzivhaz-projektek\" \/>\n<meta property=\"og:locale\" content=\"hu_HU\" \/>\n<meta property=\"og:type\" content=\"article\" \/>\n<meta property=\"og:title\" content=\"Energiatakar\u00e9kos passz\u00edvh\u00e1z projektek - Fula Development\" \/>\n<meta property=\"og:description\" content=\"Projekty pas\u00edvnych domov, ktor\u00e9 v\u00e1m u\u0161etria energiu. S\u00fa prec\u00edzne postaven\u00e9, posl\u00fa\u017eia ako hodnotn\u00fd rodinn\u00fd dom a prispej\u00fa aj k ochrane \u017eivotn\u00e9ho prostredia.\" \/>\n<meta property=\"og:url\" content=\"https:\/\/fuladevelopment.eu\/hu\/energiatakarekos-passzivhaz-projektek\" \/>\n<meta property=\"og:site_name\" content=\"Fula Development\" \/>\n<meta property=\"article:modified_time\" content=\"2017-10-20T21:30:07+00:00\" \/>\n<meta name=\"twitter:card\" content=\"summary_large_image\" \/>\n<meta name=\"twitter:label1\" content=\"Becs\u00fclt olvas\u00e1si id\u0151\" \/>\n\t<meta name=\"twitter:data1\" content=\"1 perc\" \/>\n<script type=\"application\/ld+json\" class=\"yoast-schema-graph\">{\"@context\":\"https:\/\/schema.org\",\"@graph\":[{\"@type\":\"WebPage\",\"@id\":\"https:\/\/fuladevelopment.eu\/hu\/energiatakarekos-passzivhaz-projektek\",\"url\":\"https:\/\/fuladevelopment.eu\/hu\/energiatakarekos-passzivhaz-projektek\",\"name\":\"Energiatakar\u00e9kos passz\u00edvh\u00e1z projektek - Fula Development\",\"isPartOf\":{\"@id\":\"https:\/\/fuladevelopment.eu\/#website\"},\"datePublished\":\"2017-09-14T15:11:32+00:00\",\"dateModified\":\"2017-10-20T21:30:07+00:00\",\"description\":\"Projekty pas\u00edvnych domov, ktor\u00e9 v\u00e1m u\u0161etria energiu. S\u00fa prec\u00edzne postaven\u00e9, posl\u00fa\u017eia ako hodnotn\u00fd rodinn\u00fd dom a prispej\u00fa aj k ochrane \u017eivotn\u00e9ho prostredia.\",\"breadcrumb\":{\"@id\":\"https:\/\/fuladevelopment.eu\/hu\/energiatakarekos-passzivhaz-projektek#breadcrumb\"},\"inLanguage\":\"hu\",\"potentialAction\":[{\"@type\":\"ReadAction\",\"target\":[\"https:\/\/fuladevelopment.eu\/hu\/energiatakarekos-passzivhaz-projektek\"]}]},{\"@type\":\"BreadcrumbList\",\"@id\":\"https:\/\/fuladevelopment.eu\/hu\/energiatakarekos-passzivhaz-projektek#breadcrumb\",\"itemListElement\":[{\"@type\":\"ListItem\",\"position\":1,\"name\":\"Home\",\"item\":\"https:\/\/fuladevelopment.eu\/hu\"},{\"@type\":\"ListItem\",\"position\":2,\"name\":\"Csal\u00e1di h\u00e1z tervek\",\"item\":\"https:\/\/fuladevelopment.eu\/hu\/csaladi-haz-tervek\"},{\"@type\":\"ListItem\",\"position\":3,\"name\":\"Energiatakar\u00e9kos passz\u00edvh\u00e1z projektek\"}]},{\"@type\":\"WebSite\",\"@id\":\"https:\/\/fuladevelopment.eu\/#website\",\"url\":\"https:\/\/fuladevelopment.eu\/\",\"name\":\"Fula Development\",\"description\":\"\",\"potentialAction\":[{\"@type\":\"SearchAction\",\"target\":{\"@type\":\"EntryPoint\",\"urlTemplate\":\"https:\/\/fuladevelopment.eu\/?s={search_term_string}\"},\"query-input\":{\"@type\":\"PropertyValueSpecification\",\"valueRequired\":true,\"valueName\":\"search_term_string\"}}],\"inLanguage\":\"hu\"}]}<\/script>\n<!-- \/ Yoast SEO plugin. -->","yoast_head_json":{"title":"Energiatakar\u00e9kos passz\u00edvh\u00e1z projektek - Fula Development","description":"Projekty pas\u00edvnych domov, ktor\u00e9 v\u00e1m u\u0161etria energiu. S\u00fa prec\u00edzne postaven\u00e9, posl\u00fa\u017eia ako hodnotn\u00fd rodinn\u00fd dom a prispej\u00fa aj k ochrane \u017eivotn\u00e9ho prostredia.","robots":{"index":"index","follow":"follow","max-snippet":"max-snippet:-1","max-image-preview":"max-image-preview:large","max-video-preview":"max-video-preview:-1"},"canonical":"https:\/\/fuladevelopment.eu\/hu\/energiatakarekos-passzivhaz-projektek","og_locale":"hu_HU","og_type":"article","og_title":"Energiatakar\u00e9kos passz\u00edvh\u00e1z projektek - Fula Development","og_description":"Projekty pas\u00edvnych domov, ktor\u00e9 v\u00e1m u\u0161etria energiu. S\u00fa prec\u00edzne postaven\u00e9, posl\u00fa\u017eia ako hodnotn\u00fd rodinn\u00fd dom a prispej\u00fa aj k ochrane \u017eivotn\u00e9ho prostredia.","og_url":"https:\/\/fuladevelopment.eu\/hu\/energiatakarekos-passzivhaz-projektek","og_site_name":"Fula Development","article_modified_time":"2017-10-20T21:30:07+00:00","twitter_card":"summary_large_image","twitter_misc":{"Becs\u00fclt olvas\u00e1si id\u0151":"1 perc"},"schema":{"@context":"https:\/\/schema.org","@graph":[{"@type":"WebPage","@id":"https:\/\/fuladevelopment.eu\/hu\/energiatakarekos-passzivhaz-projektek","url":"https:\/\/fuladevelopment.eu\/hu\/energiatakarekos-passzivhaz-projektek","name":"Energiatakar\u00e9kos passz\u00edvh\u00e1z projektek - Fula Development","isPartOf":{"@id":"https:\/\/fuladevelopment.eu\/#website"},"datePublished":"2017-09-14T15:11:32+00:00","dateModified":"2017-10-20T21:30:07+00:00","description":"Projekty pas\u00edvnych domov, ktor\u00e9 v\u00e1m u\u0161etria energiu. S\u00fa prec\u00edzne postaven\u00e9, posl\u00fa\u017eia ako hodnotn\u00fd rodinn\u00fd dom a prispej\u00fa aj k ochrane \u017eivotn\u00e9ho prostredia.","breadcrumb":{"@id":"https:\/\/fuladevelopment.eu\/hu\/energiatakarekos-passzivhaz-projektek#breadcrumb"},"inLanguage":"hu","potentialAction":[{"@type":"ReadAction","target":["https:\/\/fuladevelopment.eu\/hu\/energiatakarekos-passzivhaz-projektek"]}]},{"@type":"BreadcrumbList","@id":"https:\/\/fuladevelopment.eu\/hu\/energiatakarekos-passzivhaz-projektek#breadcrumb","itemListElement":[{"@type":"ListItem","position":1,"name":"Home","item":"https:\/\/fuladevelopment.eu\/hu"},{"@type":"ListItem","position":2,"name":"Csal\u00e1di h\u00e1z tervek","item":"https:\/\/fuladevelopment.eu\/hu\/csaladi-haz-tervek"},{"@type":"ListItem","position":3,"name":"Energiatakar\u00e9kos passz\u00edvh\u00e1z projektek"}]},{"@type":"WebSite","@id":"https:\/\/fuladevelopment.eu\/#website","url":"https:\/\/fuladevelopment.eu\/","name":"Fula Development","description":"","potentialAction":[{"@type":"SearchAction","target":{"@type":"EntryPoint","urlTemplate":"https:\/\/fuladevelopment.eu\/?s={search_term_string}"},"query-input":{"@type":"PropertyValueSpecification","valueRequired":true,"valueName":"search_term_string"}}],"inLanguage":"hu"}]}},"_links":{"self":[{"href":"https:\/\/fuladevelopment.eu\/hu\/wp-json\/wp\/v2\/pages\/3464","targetHints":{"allow":["GET"]}}],"collection":[{"href":"https:\/\/fuladevelopment.eu\/hu\/wp-json\/wp\/v2\/pages"}],"about":[{"href":"https:\/\/fuladevelopment.eu\/hu\/wp-json\/wp\/v2\/types\/page"}],"author":[{"embeddable":true,"href":"https:\/\/fuladevelopment.eu\/hu\/wp-json\/wp\/v2\/users\/1"}],"replies":[{"embeddable":true,"href":"https:\/\/fuladevelopment.eu\/hu\/wp-json\/wp\/v2\/comments?post=3464"}],"version-history":[{"count":4,"href":"https:\/\/fuladevelopment.eu\/hu\/wp-json\/wp\/v2\/pages\/3464\/revisions"}],"predecessor-version":[{"id":3772,"href":"https:\/\/fuladevelopment.eu\/hu\/wp-json\/wp\/v2\/pages\/3464\/revisions\/3772"}],"up":[{"embeddable":true,"href":"https:\/\/fuladevelopment.eu\/hu\/wp-json\/wp\/v2\/pages\/3463"}],"wp:attachment":[{"href":"https:\/\/fuladevelopment.eu\/hu\/wp-json\/wp\/v2\/media?parent=3464"}],"curies":[{"name":"wp","href":"https:\/\/api.w.org\/{rel}","templated":true}]}}