{"id":3465,"date":"2017-09-14T16:52:47","date_gmt":"2017-09-14T14:52:47","guid":{"rendered":"http:\/\/fuladevelopment.eu\/projekty-rodinnych-domov\/projekty-modernych-rodinnych-domov"},"modified":"2017-11-15T17:44:47","modified_gmt":"2017-11-15T16:44:47","slug":"projekty-modernych-rodinnych-domov","status":"publish","type":"page","link":"https:\/\/fuladevelopment.eu\/hu\/modern-csaladi-haz-tervek","title":{"rendered":"Modern csal\u00e1di h\u00e1z tervek"},"content":{"rendered":"<p>[vc_row][vc_column][vc_raw_html]JTNDaDIlMjBzdHlsZSUzRCUyMmNvbG9yJTNBJTIwJTIzM2E0ZDZhJTNCdGV4dC1hbGlnbiUzQSUyMGNlbnRlciUzQmZvbnQtZmFtaWx5JTNBTW9udHNlcnJhdCUzQmZvbnQtd2VpZ2h0JTNBNzAwJTNCZm9udC1zdHlsZSUzQW5vcm1hbCUyMiUyMGNsYXNzJTNEJTIydmNfY3VzdG9tX2hlYWRpbmclMjB2Y19jdXN0b21fMTUwNTcyMTM0MTQxMCUyMiUzRVNUJUMzJThETFVTT1MlMjBNT0RFUk4lMjBDU0FMJUMzJTgxREklMjBIJUMzJTgxWiUyMElHJUMzJTg5TllFU0VCQkVLJTIwUiVDMyU4OVNaJUMzJTg5UkUlM0MlMkZoMiUzRQ==[\/vc_raw_html][vc_column_text]<\/p>\n<p style=\"text-align: center;\">Mindazoknak, akik nem szeretik a sablonos megold\u00e1sokat, modern csal\u00e1di h\u00e1zakat tervez\u00fcnk, \u00e9s \u00e9p\u00edt\u00fcnk. Atipikus form\u00e1k \u00e9s kubista diz\u00e1jn elemei is felfedezhet\u0151ek benn\u00fck.<\/p>\n<p>[\/vc_column_text]<div class=\"slz-shortcode sc_project_list  buildplus_project-200135895369d5f51f49754\" data-item=\"buildplus_project-200135895369d5f51f49754\">\n\t<div class=\"list-block column-1\">\t\t\n\t\t\n\t<div class=\"item project_3872 inline_block\">\n\t\t<div class=\"block-2\">\n\t\t\t<div class=\"block-image\"><img loading=\"lazy\" decoding=\"async\" width=\"420\" height=\"390\" src=\"https:\/\/fuladevelopment.eu\/wp-content\/uploads\/2017\/10\/houseboat2-Copy-2-2.png\" class=\"img-full\" alt=\"\" srcset=\"https:\/\/fuladevelopment.eu\/wp-content\/uploads\/2017\/10\/houseboat2-Copy-2-2.png 420w, https:\/\/fuladevelopment.eu\/wp-content\/uploads\/2017\/10\/houseboat2-Copy-2-2-300x279.png 300w\" sizes=\"auto, (max-width: 420px) 100vw, 420px\" \/><a href=\"https:\/\/fuladevelopment.eu\/hu\/%C3%BAsz%C3%B3h%C3%A1z\" class=\"link\"><\/a><\/div>\n\t\t\t<div class=\"block-content\">\n\t\t\t\t\n\t\t\t\t<a href=\"https:\/\/fuladevelopment.eu\/hu\/%C3%BAsz%C3%B3h%C3%A1z\" class=\"title\">Houseboat<\/a>\n\t\t\t\t<div class=\"description\"><div class=\"text\"><b>MEGNEVEZ\u00c9S:<\/b> HOUSEBOAT<br \/><br \/>\r\n<b>HASZNOS ALAPTER\u00dcLET: <\/b>90 m2<br \/><br \/>\r\n<b>BE\u00c9P\u00cdTETT TER\u00dcLET: <\/b>95 m2<br \/><br \/>\r\n<b>KULCSRAK\u00c9SZ \u00c1R: <\/b>81 000 \u20ac<br \/><br \/>\r\n<b>SZERKEZETK\u00c9SZ \u00c1R: <\/b>49 500 \u20ac<br \/><br \/>\r\n<b>SZOB\u00c1K SZ\u00c1MA: <\/b> 4<\/div><\/div>\n\t\t\t\t<a href=\"https:\/\/fuladevelopment.eu\/hu\/%C3%BAsz%C3%B3h%C3%A1z\" class=\"readmore-icons\"><i class=\"icons fa fa-plus\"><\/i><\/a>\n\t\t\t<\/div>\n\t\t<\/div>\n\t<\/div>\n<div class=\"pagination-wrapper undefined margin-top-50\"><ul class=\"pagination\"><li><a href=\"https:\/\/fuladevelopment.eu\/hu\/wp-json\/wp\/v2\/pages\/3465\" class=\"link previous\">previous<\/a><\/li><li><a href=\"https:\/\/fuladevelopment.eu\/hu\/wp-json\/wp\/v2\/pages\/3465\/page\/2\" class=\"link next\">next<\/a><\/li><\/ul>\n<\/div>\t<\/div>\n<\/div>[\/vc_column][\/vc_row]<\/p>\n","protected":false},"excerpt":{"rendered":"<p>[vc_row][vc_column][vc_raw_html]JTNDaDIlMjBzdHlsZSUzRCUyMmNvbG9yJTNBJTIwJTIzM2E0ZDZhJTNCdGV4dC1hbGlnbiUzQSUyMGNlbnRlciUzQmZvbnQtZmFtaWx5JTNBTW9udHNlcnJhdCUzQmZvbnQtd2VpZ2h0JTNBNzAwJTNCZm9udC1zdHlsZSUzQW5vcm1hbCUyMiUyMGNsYXNzJTNEJTIydmNfY3VzdG9tX2hlYWRpbmclMjB2Y19jdXN0b21fMTUwNTcyMTM0MTQxMCUyMiUzRVNUJUMzJThETFVTT1MlMjBNT0RFUk4lMjBDU0FMJUMzJTgxREklMjBIJUMzJTgxWiUyMElHJUMzJTg5TllFU0VCQkVLJTIwUiVDMyU4OVNaJUMzJTg5UkUlM0MlMkZoMiUzRQ==[\/vc_raw_html][vc_column_text] Mindazoknak, akik nem szeretik a sablonos megold\u00e1sokat, modern csal\u00e1di h\u00e1zakat tervez\u00fcnk, \u00e9s \u00e9p\u00edt\u00fcnk. Atipikus form\u00e1k \u00e9s kubista diz\u00e1jn elemei is felfedezhet\u0151ek benn\u00fck. [\/vc_column_text][\/vc_column][\/vc_row]<\/p>\n","protected":false},"author":1,"featured_media":0,"parent":3463,"menu_order":0,"comment_status":"closed","ping_status":"closed","template":"","meta":{"_monsterinsights_skip_tracking":false,"_monsterinsights_sitenote_active":false,"_monsterinsights_sitenote_note":"","_monsterinsights_sitenote_category":0,"footnotes":""},"class_list":["post-3465","page","type-page","status-publish","hentry"],"yoast_head":"<!-- This site is optimized with the Yoast SEO plugin v26.5 - https:\/\/yoast.com\/wordpress\/plugins\/seo\/ -->\n<title>Modern csal\u00e1di h\u00e1z tervek - Fula Development<\/title>\n<meta name=\"description\" content=\"Modern\u00e9 rodinn\u00e9 domy s\u00fa ur\u010den\u00e9 pre n\u00e1ro\u010dnej\u0161\u00edch klientov, ktor\u00ed t\u00fa\u017eia po dizajnovom obydl\u00ed. Domy charakterizuj\u00fa hlavne unik\u00e1tne dispozi\u010dn\u00e9 rie\u0161enia.\" \/>\n<meta name=\"robots\" content=\"index, follow, max-snippet:-1, max-image-preview:large, max-video-preview:-1\" \/>\n<link rel=\"canonical\" href=\"https:\/\/fuladevelopment.eu\/hu\/modern-csaladi-haz-tervek\" \/>\n<meta property=\"og:locale\" content=\"hu_HU\" \/>\n<meta property=\"og:type\" content=\"article\" \/>\n<meta property=\"og:title\" content=\"Modern csal\u00e1di h\u00e1z tervek - Fula Development\" \/>\n<meta property=\"og:description\" content=\"Modern\u00e9 rodinn\u00e9 domy s\u00fa ur\u010den\u00e9 pre n\u00e1ro\u010dnej\u0161\u00edch klientov, ktor\u00ed t\u00fa\u017eia po dizajnovom obydl\u00ed. Domy charakterizuj\u00fa hlavne unik\u00e1tne dispozi\u010dn\u00e9 rie\u0161enia.\" \/>\n<meta property=\"og:url\" content=\"https:\/\/fuladevelopment.eu\/hu\/modern-csaladi-haz-tervek\" \/>\n<meta property=\"og:site_name\" content=\"Fula Development\" \/>\n<meta property=\"article:modified_time\" content=\"2017-11-15T16:44:47+00:00\" \/>\n<meta name=\"twitter:card\" content=\"summary_large_image\" \/>\n<meta name=\"twitter:label1\" content=\"Becs\u00fclt olvas\u00e1si id\u0151\" \/>\n\t<meta name=\"twitter:data1\" content=\"1 perc\" \/>\n<script type=\"application\/ld+json\" class=\"yoast-schema-graph\">{\"@context\":\"https:\/\/schema.org\",\"@graph\":[{\"@type\":\"WebPage\",\"@id\":\"https:\/\/fuladevelopment.eu\/hu\/modern-csaladi-haz-tervek\",\"url\":\"https:\/\/fuladevelopment.eu\/hu\/modern-csaladi-haz-tervek\",\"name\":\"Modern csal\u00e1di h\u00e1z tervek - Fula Development\",\"isPartOf\":{\"@id\":\"https:\/\/fuladevelopment.eu\/#website\"},\"datePublished\":\"2017-09-14T14:52:47+00:00\",\"dateModified\":\"2017-11-15T16:44:47+00:00\",\"description\":\"Modern\u00e9 rodinn\u00e9 domy s\u00fa ur\u010den\u00e9 pre n\u00e1ro\u010dnej\u0161\u00edch klientov, ktor\u00ed t\u00fa\u017eia po dizajnovom obydl\u00ed. Domy charakterizuj\u00fa hlavne unik\u00e1tne dispozi\u010dn\u00e9 rie\u0161enia.\",\"breadcrumb\":{\"@id\":\"https:\/\/fuladevelopment.eu\/hu\/modern-csaladi-haz-tervek#breadcrumb\"},\"inLanguage\":\"hu\",\"potentialAction\":[{\"@type\":\"ReadAction\",\"target\":[\"https:\/\/fuladevelopment.eu\/hu\/modern-csaladi-haz-tervek\"]}]},{\"@type\":\"BreadcrumbList\",\"@id\":\"https:\/\/fuladevelopment.eu\/hu\/modern-csaladi-haz-tervek#breadcrumb\",\"itemListElement\":[{\"@type\":\"ListItem\",\"position\":1,\"name\":\"Home\",\"item\":\"https:\/\/fuladevelopment.eu\/hu\"},{\"@type\":\"ListItem\",\"position\":2,\"name\":\"Csal\u00e1di h\u00e1z tervek\",\"item\":\"https:\/\/fuladevelopment.eu\/hu\/csaladi-haz-tervek\"},{\"@type\":\"ListItem\",\"position\":3,\"name\":\"Modern csal\u00e1di h\u00e1z tervek\"}]},{\"@type\":\"WebSite\",\"@id\":\"https:\/\/fuladevelopment.eu\/#website\",\"url\":\"https:\/\/fuladevelopment.eu\/\",\"name\":\"Fula Development\",\"description\":\"\",\"potentialAction\":[{\"@type\":\"SearchAction\",\"target\":{\"@type\":\"EntryPoint\",\"urlTemplate\":\"https:\/\/fuladevelopment.eu\/?s={search_term_string}\"},\"query-input\":{\"@type\":\"PropertyValueSpecification\",\"valueRequired\":true,\"valueName\":\"search_term_string\"}}],\"inLanguage\":\"hu\"}]}<\/script>\n<!-- \/ Yoast SEO plugin. -->","yoast_head_json":{"title":"Modern csal\u00e1di h\u00e1z tervek - Fula Development","description":"Modern\u00e9 rodinn\u00e9 domy s\u00fa ur\u010den\u00e9 pre n\u00e1ro\u010dnej\u0161\u00edch klientov, ktor\u00ed t\u00fa\u017eia po dizajnovom obydl\u00ed. Domy charakterizuj\u00fa hlavne unik\u00e1tne dispozi\u010dn\u00e9 rie\u0161enia.","robots":{"index":"index","follow":"follow","max-snippet":"max-snippet:-1","max-image-preview":"max-image-preview:large","max-video-preview":"max-video-preview:-1"},"canonical":"https:\/\/fuladevelopment.eu\/hu\/modern-csaladi-haz-tervek","og_locale":"hu_HU","og_type":"article","og_title":"Modern csal\u00e1di h\u00e1z tervek - Fula Development","og_description":"Modern\u00e9 rodinn\u00e9 domy s\u00fa ur\u010den\u00e9 pre n\u00e1ro\u010dnej\u0161\u00edch klientov, ktor\u00ed t\u00fa\u017eia po dizajnovom obydl\u00ed. Domy charakterizuj\u00fa hlavne unik\u00e1tne dispozi\u010dn\u00e9 rie\u0161enia.","og_url":"https:\/\/fuladevelopment.eu\/hu\/modern-csaladi-haz-tervek","og_site_name":"Fula Development","article_modified_time":"2017-11-15T16:44:47+00:00","twitter_card":"summary_large_image","twitter_misc":{"Becs\u00fclt olvas\u00e1si id\u0151":"1 perc"},"schema":{"@context":"https:\/\/schema.org","@graph":[{"@type":"WebPage","@id":"https:\/\/fuladevelopment.eu\/hu\/modern-csaladi-haz-tervek","url":"https:\/\/fuladevelopment.eu\/hu\/modern-csaladi-haz-tervek","name":"Modern csal\u00e1di h\u00e1z tervek - Fula Development","isPartOf":{"@id":"https:\/\/fuladevelopment.eu\/#website"},"datePublished":"2017-09-14T14:52:47+00:00","dateModified":"2017-11-15T16:44:47+00:00","description":"Modern\u00e9 rodinn\u00e9 domy s\u00fa ur\u010den\u00e9 pre n\u00e1ro\u010dnej\u0161\u00edch klientov, ktor\u00ed t\u00fa\u017eia po dizajnovom obydl\u00ed. Domy charakterizuj\u00fa hlavne unik\u00e1tne dispozi\u010dn\u00e9 rie\u0161enia.","breadcrumb":{"@id":"https:\/\/fuladevelopment.eu\/hu\/modern-csaladi-haz-tervek#breadcrumb"},"inLanguage":"hu","potentialAction":[{"@type":"ReadAction","target":["https:\/\/fuladevelopment.eu\/hu\/modern-csaladi-haz-tervek"]}]},{"@type":"BreadcrumbList","@id":"https:\/\/fuladevelopment.eu\/hu\/modern-csaladi-haz-tervek#breadcrumb","itemListElement":[{"@type":"ListItem","position":1,"name":"Home","item":"https:\/\/fuladevelopment.eu\/hu"},{"@type":"ListItem","position":2,"name":"Csal\u00e1di h\u00e1z tervek","item":"https:\/\/fuladevelopment.eu\/hu\/csaladi-haz-tervek"},{"@type":"ListItem","position":3,"name":"Modern csal\u00e1di h\u00e1z tervek"}]},{"@type":"WebSite","@id":"https:\/\/fuladevelopment.eu\/#website","url":"https:\/\/fuladevelopment.eu\/","name":"Fula Development","description":"","potentialAction":[{"@type":"SearchAction","target":{"@type":"EntryPoint","urlTemplate":"https:\/\/fuladevelopment.eu\/?s={search_term_string}"},"query-input":{"@type":"PropertyValueSpecification","valueRequired":true,"valueName":"search_term_string"}}],"inLanguage":"hu"}]}},"_links":{"self":[{"href":"https:\/\/fuladevelopment.eu\/hu\/wp-json\/wp\/v2\/pages\/3465","targetHints":{"allow":["GET"]}}],"collection":[{"href":"https:\/\/fuladevelopment.eu\/hu\/wp-json\/wp\/v2\/pages"}],"about":[{"href":"https:\/\/fuladevelopment.eu\/hu\/wp-json\/wp\/v2\/types\/page"}],"author":[{"embeddable":true,"href":"https:\/\/fuladevelopment.eu\/hu\/wp-json\/wp\/v2\/users\/1"}],"replies":[{"embeddable":true,"href":"https:\/\/fuladevelopment.eu\/hu\/wp-json\/wp\/v2\/comments?post=3465"}],"version-history":[{"count":3,"href":"https:\/\/fuladevelopment.eu\/hu\/wp-json\/wp\/v2\/pages\/3465\/revisions"}],"predecessor-version":[{"id":3770,"href":"https:\/\/fuladevelopment.eu\/hu\/wp-json\/wp\/v2\/pages\/3465\/revisions\/3770"}],"up":[{"embeddable":true,"href":"https:\/\/fuladevelopment.eu\/hu\/wp-json\/wp\/v2\/pages\/3463"}],"wp:attachment":[{"href":"https:\/\/fuladevelopment.eu\/hu\/wp-json\/wp\/v2\/media?parent=3465"}],"curies":[{"name":"wp","href":"https:\/\/api.w.org\/{rel}","templated":true}]}}