{"id":3466,"date":"2017-09-14T16:41:49","date_gmt":"2017-09-14T14:41:49","guid":{"rendered":"http:\/\/fuladevelopment.eu\/projekty-rodinnych-domov\/projekty-rodinnych-domov-bungalov"},"modified":"2017-11-15T17:39:35","modified_gmt":"2017-11-15T16:39:35","slug":"projekty-rodinnych-domov-bungalov","status":"publish","type":"page","link":"https:\/\/fuladevelopment.eu\/hu\/bungalo-haz-tervek","title":{"rendered":"Bungal\u00f3 h\u00e1z tervek"},"content":{"rendered":"<p>[vc_row][vc_column][vc_raw_html]JTNDaDIlMjBzdHlsZSUzRCUyMmNvbG9yJTNBJTIwJTIzM2E0ZDZhJTNCdGV4dC1hbGlnbiUzQSUyMGNlbnRlciUzQmZvbnQtZmFtaWx5JTNBTW9udHNlcnJhdCUzQmZvbnQtd2VpZ2h0JTNBNzAwJTNCZm9udC1zdHlsZSUzQW5vcm1hbCUyMiUyMGNsYXNzJTNEJTIydmNfY3VzdG9tX2hlYWRpbmclMjB2Y19jdXN0b21fMTUwNTcyMTM0MTQxMCUyMiUzRUJ1bmdhbCVDMyVCMyUyMGglQzMlQTF6JTIwdGVydmVrJTIwYXolMjBlZ3lzemVyJUM1JUIxcyVDMyVBOWclMjAlQzMlQTlzJTIwcHJha3Rpa3VzcyVDMyVBMWclMjBqZWd5JUMzJUE5YmVuJTNDJTJGaDIlM0U=[\/vc_raw_html][vc_column_text]<\/p>\n<p style=\"text-align: center;\">Bungal\u00f3 t\u00edpus\u00fa h\u00e1zaink a k\u00e9nyelmes \u00e9s praktikus, m\u00e9gis szemreval\u00f3 csal\u00e1di h\u00e1zak k\u00f6z\u00e9 sorolhat\u00f3ak. Gyorsan \u00e9s nagyon kedvez\u0151 \u00e1ron \u00e9p\u00edtj\u00fck meg, az \u00d6n ig\u00e9nyeinek megfelel\u0151en! Tekintse meg k\u00edn\u00e1latunkat, \u00e9s v\u00e1lassza ki \u00faj otthon\u00e1t!<\/p>\n<p>[\/vc_column_text]<div class=\"slz-shortcode sc_project_list  buildplus_project-160498249869d4df23b4c12\" data-item=\"buildplus_project-160498249869d4df23b4c12\">\n\t<div class=\"list-block column-1\">\t\t\n\t\t\n\t<div class=\"item project_3914 inline_block\">\n\t\t<div class=\"block-2\">\n\t\t\t<div class=\"block-image\"><img loading=\"lazy\" decoding=\"async\" width=\"1200\" height=\"650\" src=\"https:\/\/fuladevelopment.eu\/wp-content\/uploads\/2017\/10\/bungalov-3-3-1200x650.jpg\" class=\"img-full\" alt=\"f\u00f6ldszintes h\u00e1z projekt vizualiz\u00e1ci\u00f3\" \/><a href=\"https:\/\/fuladevelopment.eu\/hu\/bungalo-3\" class=\"link\"><\/a><\/div>\n\t\t\t<div class=\"block-content\">\n\t\t\t\t\n\t\t\t\t<a href=\"https:\/\/fuladevelopment.eu\/hu\/bungalo-3\" class=\"title\">Bungal\u00f3 3<\/a>\n\t\t\t\t<div class=\"description\"><div class=\"text\"><b>MEGNEVEZ\u00c9S:<\/b> BUNGAL\u00d3 3<br \/><br \/>\r\n<b>HASZNOS ALAPTER\u00dcLET: <\/b>100 m2<br \/><br \/>\r\n<b>BE\u00c9P\u00cdTETT TER\u00dcLET: <\/b>120 m2<br \/><br \/>\r\n<b>KULCSRAK\u00c9SZ \u00c1R: <\/b>90 000 \u20ac<br \/><br \/>\r\n<b>SZERKEZETK\u00c9SZ \u00c1R: <\/b>55 000 \u20ac<br \/><br \/>\r\n<b>SZOB\u00c1K SZ\u00c1MA:<\/b>4<\/div><\/div>\n\t\t\t\t<a href=\"https:\/\/fuladevelopment.eu\/hu\/bungalo-3\" class=\"readmore-icons\"><i class=\"icons fa fa-plus\"><\/i><\/a>\n\t\t\t<\/div>\n\t\t<\/div>\n\t<\/div>\n\n\t<div class=\"item project_3956 inline_block\">\n\t\t<div class=\"block-2\">\n\t\t\t<div class=\"block-image\"><img loading=\"lazy\" decoding=\"async\" width=\"943\" height=\"589\" src=\"https:\/\/fuladevelopment.eu\/wp-content\/uploads\/2017\/10\/rajkaB-3.jpg\" class=\"img-full\" alt=\"projekt vizualiz\u00e1ci\u00f3- kis bungal\u00f3 h\u00e1z\" srcset=\"https:\/\/fuladevelopment.eu\/wp-content\/uploads\/2017\/10\/rajkaB-3.jpg 943w, https:\/\/fuladevelopment.eu\/wp-content\/uploads\/2017\/10\/rajkaB-3-300x187.jpg 300w, https:\/\/fuladevelopment.eu\/wp-content\/uploads\/2017\/10\/rajkaB-3-768x480.jpg 768w\" sizes=\"auto, (max-width: 943px) 100vw, 943px\" \/><a href=\"https:\/\/fuladevelopment.eu\/hu\/bungalo-4\" class=\"link\"><\/a><\/div>\n\t\t\t<div class=\"block-content\">\n\t\t\t\t\n\t\t\t\t<a href=\"https:\/\/fuladevelopment.eu\/hu\/bungalo-4\" class=\"title\">Bungal\u00f3 4<\/a>\n\t\t\t\t<div class=\"description\"><div class=\"text\"><b>MEGNEVEZ\u00c9S:<\/b> BUNGAL\u00d3 4<br \/><br \/>\r\n<b>HASZNOS ALAPTER\u00dcLET: <\/b>80 m2<br \/><br \/>\r\n<b>BE\u00c9P\u00cdTETT TER\u00dcLET: <\/b>111 m2<br \/><br \/>\r\n<b>KULCSRAK\u00c9SZ \u00c1R: <\/b>73 000 \u20ac<br \/><br \/>\r\n<b>SZERKEZETK\u00c9SZ \u00c1R: <\/b>45 000 \u20ac<br \/><br \/>\r\n<b>SZOB\u00c1K SZ\u00c1MA:<\/b>4<\/div><\/div>\n\t\t\t\t<a href=\"https:\/\/fuladevelopment.eu\/hu\/bungalo-4\" class=\"readmore-icons\"><i class=\"icons fa fa-plus\"><\/i><\/a>\n\t\t\t<\/div>\n\t\t<\/div>\n\t<\/div>\n\n\t<div class=\"item project_4011 inline_block\">\n\t\t<div class=\"block-2\">\n\t\t\t<div class=\"block-image\"><img loading=\"lazy\" decoding=\"async\" width=\"1200\" height=\"650\" src=\"https:\/\/fuladevelopment.eu\/wp-content\/uploads\/2017\/10\/rsz_1alfa_115_bledozlta-1200x650.jpg\" class=\"img-full\" alt=\"projekt vizualiz\u00e1ci\u00f3, bungal\u00f3 h\u00e1z\" \/><a href=\"https:\/\/fuladevelopment.eu\/hu\/bungalo-5\" class=\"link\"><\/a><\/div>\n\t\t\t<div class=\"block-content\">\n\t\t\t\t\n\t\t\t\t<a href=\"https:\/\/fuladevelopment.eu\/hu\/bungalo-5\" class=\"title\">Bungal\u00f3 5<\/a>\n\t\t\t\t<div class=\"description\"><div class=\"text\"><b>MEGNEVEZ\u00c9S:<\/b> BUNGAL\u00d3 5<br \/><br \/>\r\n<b>HASZNOS ALAPTER\u00dcLET: <\/b>90 m2<br \/><br \/>\r\n<b>BE\u00c9P\u00cdTETT TER\u00dcLET: <\/b>115 m2<br \/><br \/>\r\n<b>KULCSRAK\u00c9SZ \u00c1R: <\/b>81 000 \u20ac<br \/><br \/>\r\n<b>SZERKEZETK\u00c9SZ \u00c1R: <\/b>50 000 \u20ac<br \/><br \/>\r\n<b>SZOB\u00c1K SZ\u00c1MA:<\/b>4<\/div><\/div>\n\t\t\t\t<a href=\"https:\/\/fuladevelopment.eu\/hu\/bungalo-5\" class=\"readmore-icons\"><i class=\"icons fa fa-plus\"><\/i><\/a>\n\t\t\t<\/div>\n\t\t<\/div>\n\t<\/div>\n<div class=\"pagination-wrapper undefined margin-top-50\"><ul class=\"pagination\"><li><a href=\"https:\/\/fuladevelopment.eu\/hu\/wp-json\/wp\/v2\/pages\/3466\" class=\"link previous\">previous<\/a><\/li><li><a href=\"https:\/\/fuladevelopment.eu\/hu\/wp-json\/wp\/v2\/pages\/3466\/page\/2\" class=\"link next\">next<\/a><\/li><\/ul>\n<\/div>\t<\/div>\n<\/div>[\/vc_column][\/vc_row]<\/p>\n","protected":false},"excerpt":{"rendered":"<p>[vc_row][vc_column][vc_raw_html]JTNDaDIlMjBzdHlsZSUzRCUyMmNvbG9yJTNBJTIwJTIzM2E0ZDZhJTNCdGV4dC1hbGlnbiUzQSUyMGNlbnRlciUzQmZvbnQtZmFtaWx5JTNBTW9udHNlcnJhdCUzQmZvbnQtd2VpZ2h0JTNBNzAwJTNCZm9udC1zdHlsZSUzQW5vcm1hbCUyMiUyMGNsYXNzJTNEJTIydmNfY3VzdG9tX2hlYWRpbmclMjB2Y19jdXN0b21fMTUwNTcyMTM0MTQxMCUyMiUzRUJ1bmdhbCVDMyVCMyUyMGglQzMlQTF6JTIwdGVydmVrJTIwYXolMjBlZ3lzemVyJUM1JUIxcyVDMyVBOWclMjAlQzMlQTlzJTIwcHJha3Rpa3VzcyVDMyVBMWclMjBqZWd5JUMzJUE5YmVuJTNDJTJGaDIlM0U=[\/vc_raw_html][vc_column_text] Bungal\u00f3 t\u00edpus\u00fa h\u00e1zaink a k\u00e9nyelmes \u00e9s praktikus, m\u00e9gis szemreval\u00f3 csal\u00e1di h\u00e1zak k\u00f6z\u00e9 sorolhat\u00f3ak. Gyorsan \u00e9s nagyon kedvez\u0151 \u00e1ron \u00e9p\u00edtj\u00fck meg, az \u00d6n ig\u00e9nyeinek megfelel\u0151en! Tekintse meg k\u00edn\u00e1latunkat, \u00e9s v\u00e1lassza ki \u00faj otthon\u00e1t! [\/vc_column_text][\/vc_column][\/vc_row]<\/p>\n","protected":false},"author":1,"featured_media":0,"parent":3463,"menu_order":0,"comment_status":"closed","ping_status":"closed","template":"","meta":{"_monsterinsights_skip_tracking":false,"_monsterinsights_sitenote_active":false,"_monsterinsights_sitenote_note":"","_monsterinsights_sitenote_category":0,"footnotes":""},"class_list":["post-3466","page","type-page","status-publish","hentry"],"yoast_head":"<!-- This site is optimized with the Yoast SEO plugin v26.5 - https:\/\/yoast.com\/wordpress\/plugins\/seo\/ -->\n<title>Bungal\u00f3 h\u00e1z tervek - Fula Development<\/title>\n<meta name=\"description\" content=\"Jednoduch\u00e9 a \u00fa\u010deln\u00e9 projekty rodinn\u00fdch domov bungalov, ktor\u00fdch v\u00fdstavba je nen\u00e1ro\u010dn\u00e1 a dok\u00e1\u017eete ich obstara\u0165 za ve\u013emi rozumn\u00fa cenu.\" \/>\n<meta name=\"robots\" content=\"index, follow, max-snippet:-1, max-image-preview:large, max-video-preview:-1\" \/>\n<link rel=\"canonical\" href=\"https:\/\/fuladevelopment.eu\/hu\/bungalo-haz-tervek\" \/>\n<meta property=\"og:locale\" content=\"hu_HU\" \/>\n<meta property=\"og:type\" content=\"article\" \/>\n<meta property=\"og:title\" content=\"Bungal\u00f3 h\u00e1z tervek - Fula Development\" \/>\n<meta property=\"og:description\" content=\"Jednoduch\u00e9 a \u00fa\u010deln\u00e9 projekty rodinn\u00fdch domov bungalov, ktor\u00fdch v\u00fdstavba je nen\u00e1ro\u010dn\u00e1 a dok\u00e1\u017eete ich obstara\u0165 za ve\u013emi rozumn\u00fa cenu.\" \/>\n<meta property=\"og:url\" content=\"https:\/\/fuladevelopment.eu\/hu\/bungalo-haz-tervek\" \/>\n<meta property=\"og:site_name\" content=\"Fula Development\" \/>\n<meta property=\"article:modified_time\" content=\"2017-11-15T16:39:35+00:00\" \/>\n<meta name=\"twitter:card\" content=\"summary_large_image\" \/>\n<meta name=\"twitter:label1\" content=\"Becs\u00fclt olvas\u00e1si id\u0151\" \/>\n\t<meta name=\"twitter:data1\" content=\"1 perc\" \/>\n<script type=\"application\/ld+json\" class=\"yoast-schema-graph\">{\"@context\":\"https:\/\/schema.org\",\"@graph\":[{\"@type\":\"WebPage\",\"@id\":\"https:\/\/fuladevelopment.eu\/hu\/bungalo-haz-tervek\",\"url\":\"https:\/\/fuladevelopment.eu\/hu\/bungalo-haz-tervek\",\"name\":\"Bungal\u00f3 h\u00e1z tervek - Fula Development\",\"isPartOf\":{\"@id\":\"https:\/\/fuladevelopment.eu\/#website\"},\"datePublished\":\"2017-09-14T14:41:49+00:00\",\"dateModified\":\"2017-11-15T16:39:35+00:00\",\"description\":\"Jednoduch\u00e9 a \u00fa\u010deln\u00e9 projekty rodinn\u00fdch domov bungalov, ktor\u00fdch v\u00fdstavba je nen\u00e1ro\u010dn\u00e1 a dok\u00e1\u017eete ich obstara\u0165 za ve\u013emi rozumn\u00fa cenu.\",\"breadcrumb\":{\"@id\":\"https:\/\/fuladevelopment.eu\/hu\/bungalo-haz-tervek#breadcrumb\"},\"inLanguage\":\"hu\",\"potentialAction\":[{\"@type\":\"ReadAction\",\"target\":[\"https:\/\/fuladevelopment.eu\/hu\/bungalo-haz-tervek\"]}]},{\"@type\":\"BreadcrumbList\",\"@id\":\"https:\/\/fuladevelopment.eu\/hu\/bungalo-haz-tervek#breadcrumb\",\"itemListElement\":[{\"@type\":\"ListItem\",\"position\":1,\"name\":\"Home\",\"item\":\"https:\/\/fuladevelopment.eu\/hu\"},{\"@type\":\"ListItem\",\"position\":2,\"name\":\"Csal\u00e1di h\u00e1z tervek\",\"item\":\"https:\/\/fuladevelopment.eu\/hu\/csaladi-haz-tervek\"},{\"@type\":\"ListItem\",\"position\":3,\"name\":\"Bungal\u00f3 h\u00e1z tervek\"}]},{\"@type\":\"WebSite\",\"@id\":\"https:\/\/fuladevelopment.eu\/#website\",\"url\":\"https:\/\/fuladevelopment.eu\/\",\"name\":\"Fula Development\",\"description\":\"\",\"potentialAction\":[{\"@type\":\"SearchAction\",\"target\":{\"@type\":\"EntryPoint\",\"urlTemplate\":\"https:\/\/fuladevelopment.eu\/?s={search_term_string}\"},\"query-input\":{\"@type\":\"PropertyValueSpecification\",\"valueRequired\":true,\"valueName\":\"search_term_string\"}}],\"inLanguage\":\"hu\"}]}<\/script>\n<!-- \/ Yoast SEO plugin. -->","yoast_head_json":{"title":"Bungal\u00f3 h\u00e1z tervek - Fula Development","description":"Jednoduch\u00e9 a \u00fa\u010deln\u00e9 projekty rodinn\u00fdch domov bungalov, ktor\u00fdch v\u00fdstavba je nen\u00e1ro\u010dn\u00e1 a dok\u00e1\u017eete ich obstara\u0165 za ve\u013emi rozumn\u00fa cenu.","robots":{"index":"index","follow":"follow","max-snippet":"max-snippet:-1","max-image-preview":"max-image-preview:large","max-video-preview":"max-video-preview:-1"},"canonical":"https:\/\/fuladevelopment.eu\/hu\/bungalo-haz-tervek","og_locale":"hu_HU","og_type":"article","og_title":"Bungal\u00f3 h\u00e1z tervek - Fula Development","og_description":"Jednoduch\u00e9 a \u00fa\u010deln\u00e9 projekty rodinn\u00fdch domov bungalov, ktor\u00fdch v\u00fdstavba je nen\u00e1ro\u010dn\u00e1 a dok\u00e1\u017eete ich obstara\u0165 za ve\u013emi rozumn\u00fa cenu.","og_url":"https:\/\/fuladevelopment.eu\/hu\/bungalo-haz-tervek","og_site_name":"Fula Development","article_modified_time":"2017-11-15T16:39:35+00:00","twitter_card":"summary_large_image","twitter_misc":{"Becs\u00fclt olvas\u00e1si id\u0151":"1 perc"},"schema":{"@context":"https:\/\/schema.org","@graph":[{"@type":"WebPage","@id":"https:\/\/fuladevelopment.eu\/hu\/bungalo-haz-tervek","url":"https:\/\/fuladevelopment.eu\/hu\/bungalo-haz-tervek","name":"Bungal\u00f3 h\u00e1z tervek - Fula Development","isPartOf":{"@id":"https:\/\/fuladevelopment.eu\/#website"},"datePublished":"2017-09-14T14:41:49+00:00","dateModified":"2017-11-15T16:39:35+00:00","description":"Jednoduch\u00e9 a \u00fa\u010deln\u00e9 projekty rodinn\u00fdch domov bungalov, ktor\u00fdch v\u00fdstavba je nen\u00e1ro\u010dn\u00e1 a dok\u00e1\u017eete ich obstara\u0165 za ve\u013emi rozumn\u00fa cenu.","breadcrumb":{"@id":"https:\/\/fuladevelopment.eu\/hu\/bungalo-haz-tervek#breadcrumb"},"inLanguage":"hu","potentialAction":[{"@type":"ReadAction","target":["https:\/\/fuladevelopment.eu\/hu\/bungalo-haz-tervek"]}]},{"@type":"BreadcrumbList","@id":"https:\/\/fuladevelopment.eu\/hu\/bungalo-haz-tervek#breadcrumb","itemListElement":[{"@type":"ListItem","position":1,"name":"Home","item":"https:\/\/fuladevelopment.eu\/hu"},{"@type":"ListItem","position":2,"name":"Csal\u00e1di h\u00e1z tervek","item":"https:\/\/fuladevelopment.eu\/hu\/csaladi-haz-tervek"},{"@type":"ListItem","position":3,"name":"Bungal\u00f3 h\u00e1z tervek"}]},{"@type":"WebSite","@id":"https:\/\/fuladevelopment.eu\/#website","url":"https:\/\/fuladevelopment.eu\/","name":"Fula Development","description":"","potentialAction":[{"@type":"SearchAction","target":{"@type":"EntryPoint","urlTemplate":"https:\/\/fuladevelopment.eu\/?s={search_term_string}"},"query-input":{"@type":"PropertyValueSpecification","valueRequired":true,"valueName":"search_term_string"}}],"inLanguage":"hu"}]}},"_links":{"self":[{"href":"https:\/\/fuladevelopment.eu\/hu\/wp-json\/wp\/v2\/pages\/3466","targetHints":{"allow":["GET"]}}],"collection":[{"href":"https:\/\/fuladevelopment.eu\/hu\/wp-json\/wp\/v2\/pages"}],"about":[{"href":"https:\/\/fuladevelopment.eu\/hu\/wp-json\/wp\/v2\/types\/page"}],"author":[{"embeddable":true,"href":"https:\/\/fuladevelopment.eu\/hu\/wp-json\/wp\/v2\/users\/1"}],"replies":[{"embeddable":true,"href":"https:\/\/fuladevelopment.eu\/hu\/wp-json\/wp\/v2\/comments?post=3466"}],"version-history":[{"count":3,"href":"https:\/\/fuladevelopment.eu\/hu\/wp-json\/wp\/v2\/pages\/3466\/revisions"}],"predecessor-version":[{"id":3766,"href":"https:\/\/fuladevelopment.eu\/hu\/wp-json\/wp\/v2\/pages\/3466\/revisions\/3766"}],"up":[{"embeddable":true,"href":"https:\/\/fuladevelopment.eu\/hu\/wp-json\/wp\/v2\/pages\/3463"}],"wp:attachment":[{"href":"https:\/\/fuladevelopment.eu\/hu\/wp-json\/wp\/v2\/media?parent=3466"}],"curies":[{"name":"wp","href":"https:\/\/api.w.org\/{rel}","templated":true}]}}