{"id":3467,"date":"2017-09-14T15:42:28","date_gmt":"2017-09-14T13:42:28","guid":{"rendered":"http:\/\/fuladevelopment.eu\/projekty-rodinnych-domov\/projekty-malych-rodinnych-domov"},"modified":"2017-11-15T17:41:36","modified_gmt":"2017-11-15T16:41:36","slug":"projekty-malych-rodinnych-domov","status":"publish","type":"page","link":"https:\/\/fuladevelopment.eu\/hu\/kis-csaladi-haz-tervek","title":{"rendered":"Kis csal\u00e1di h\u00e1z tervek"},"content":{"rendered":"<p>[vc_row][vc_column][vc_raw_html]JTNDaDIlMjBzdHlsZSUzRCUyMmNvbG9yJTNBJTIwJTIzM2E0ZDZhJTNCdGV4dC1hbGlnbiUzQSUyMGNlbnRlciUzQmZvbnQtZmFtaWx5JTNBTW9udHNlcnJhdCUzQmZvbnQtd2VpZ2h0JTNBNzAwJTNCZm9udC1zdHlsZSUzQW5vcm1hbCUyMiUyMGNsYXNzJTNEJTIydmNfY3VzdG9tX2hlYWRpbmclMjB2Y19jdXN0b21fMTUwNTcyMTM0MTQxMCUyMiUzRUtJUyUyMENTQUwlQzMlODFESSUyMEglQzMlODFaJTIwVEVSVkVLJTJDJTIwQU1FTFklMjBORU0lMjBLRVIlQzMlOUNMJTIwU09LQkElM0MlMkZoMiUzRQ==[\/vc_raw_html][vc_column_text]<\/p>\n<p style=\"text-align: center;\">Kis csal\u00e1di h\u00e1zak olyan fiatal p\u00e1rok \u00e9s egy\u00e9nek sz\u00e1m\u00e1ra ide\u00e1lisak, akik b\u00e1r saj\u00e1t h\u00e1zra v\u00e1gynak, m\u00e9gsem sz\u00e1nd\u00e9koznak sok p\u00e9nzt \u00e1ldozni az \u00e9p\u00edtkez\u00e9sbe. Olyan csal\u00e1di h\u00e1zat tervez\u00fcnk sz\u00e1mukra, melyek nemcsak r\u00f6vid id\u0151 alatt \u00e9p\u00fclnek fel, de jelent\u0151sen kevesebbe ker\u00fclnek. Csal\u00e1di h\u00e1zaink attrakt\u00edvak, biztons\u00e1gosak \u00e9s egy eg\u00e9sz \u00e9leten \u00e1t szolg\u00e1lj\u00e1k \u00d6nt.<\/p>\n<p>[\/vc_column_text]<div class=\"slz-shortcode sc_project_list  buildplus_project-102657611669d200767562b\" data-item=\"buildplus_project-102657611669d200767562b\">\n\t<div class=\"list-block column-1\">\t\t\n\t\t\n\t<div class=\"item project_3926 inline_block\">\n\t\t<div class=\"block-2\">\n\t\t\t<div class=\"block-image\"><img loading=\"lazy\" decoding=\"async\" width=\"943\" height=\"589\" src=\"https:\/\/fuladevelopment.eu\/wp-content\/uploads\/2017\/10\/rajkaa-2-1.jpg\" class=\"img-full\" alt=\"projekt vizualiz\u00e1ci\u00f3- kis bungal\u00f3 h\u00e1z\" srcset=\"https:\/\/fuladevelopment.eu\/wp-content\/uploads\/2017\/10\/rajkaa-2-1.jpg 943w, https:\/\/fuladevelopment.eu\/wp-content\/uploads\/2017\/10\/rajkaa-2-1-300x187.jpg 300w, https:\/\/fuladevelopment.eu\/wp-content\/uploads\/2017\/10\/rajkaa-2-1-768x480.jpg 768w\" sizes=\"auto, (max-width: 943px) 100vw, 943px\" \/><a href=\"https:\/\/fuladevelopment.eu\/hu\/minihaz-3\" class=\"link\"><\/a><\/div>\n\t\t\t<div class=\"block-content\">\n\t\t\t\t\n\t\t\t\t<a href=\"https:\/\/fuladevelopment.eu\/hu\/minihaz-3\" class=\"title\">Minih\u00e1z 3<\/a>\n\t\t\t\t<div class=\"description\"><div class=\"text\"><b>MEGNEVEZ\u00c9S:<\/b> MINIH\u00c1Z 3<br \/><br \/>\r\n<b>HASZNOS ALAPTER\u00dcLET: <\/b>80 m2<br \/><br \/>\r\n<b>BE\u00c9P\u00cdTETT TER\u00dcLET: <\/b>104 m2<br \/><br \/>\r\n<b>KULCSRAK\u00c9SZ \u00c1R: <\/b>72 000 \u20ac<br \/><br \/>\r\n<b>SZERKEZETK\u00c9SZ \u00c1R: <\/b>44 000 \u20ac<br \/><br \/>\r\n<b>SZOB\u00c1K SZ\u00c1MA:<\/b>4<\/div><\/div>\n\t\t\t\t<a href=\"https:\/\/fuladevelopment.eu\/hu\/minihaz-3\" class=\"readmore-icons\"><i class=\"icons fa fa-plus\"><\/i><\/a>\n\t\t\t<\/div>\n\t\t<\/div>\n\t<\/div>\n<div class=\"pagination-wrapper undefined margin-top-50\"><ul class=\"pagination\"><li><a href=\"https:\/\/fuladevelopment.eu\/hu\/wp-json\/wp\/v2\/pages\/3467\" class=\"link previous\">previous<\/a><\/li><li><a href=\"https:\/\/fuladevelopment.eu\/hu\/wp-json\/wp\/v2\/pages\/3467\/page\/2\" class=\"link next\">next<\/a><\/li><\/ul>\n<\/div>\t<\/div>\n<\/div>[\/vc_column][\/vc_row]<\/p>\n","protected":false},"excerpt":{"rendered":"<p>[vc_row][vc_column][vc_raw_html]JTNDaDIlMjBzdHlsZSUzRCUyMmNvbG9yJTNBJTIwJTIzM2E0ZDZhJTNCdGV4dC1hbGlnbiUzQSUyMGNlbnRlciUzQmZvbnQtZmFtaWx5JTNBTW9udHNlcnJhdCUzQmZvbnQtd2VpZ2h0JTNBNzAwJTNCZm9udC1zdHlsZSUzQW5vcm1hbCUyMiUyMGNsYXNzJTNEJTIydmNfY3VzdG9tX2hlYWRpbmclMjB2Y19jdXN0b21fMTUwNTcyMTM0MTQxMCUyMiUzRUtJUyUyMENTQUwlQzMlODFESSUyMEglQzMlODFaJTIwVEVSVkVLJTJDJTIwQU1FTFklMjBORU0lMjBLRVIlQzMlOUNMJTIwU09LQkElM0MlMkZoMiUzRQ==[\/vc_raw_html][vc_column_text] Kis csal\u00e1di h\u00e1zak olyan fiatal p\u00e1rok \u00e9s egy\u00e9nek sz\u00e1m\u00e1ra ide\u00e1lisak, akik b\u00e1r saj\u00e1t h\u00e1zra v\u00e1gynak, m\u00e9gsem sz\u00e1nd\u00e9koznak sok p\u00e9nzt \u00e1ldozni az \u00e9p\u00edtkez\u00e9sbe. Olyan csal\u00e1di h\u00e1zat tervez\u00fcnk sz\u00e1mukra, melyek nemcsak r\u00f6vid id\u0151 alatt \u00e9p\u00fclnek fel, de jelent\u0151sen kevesebbe ker\u00fclnek. Csal\u00e1di h\u00e1zaink attrakt\u00edvak, biztons\u00e1gosak \u00e9s egy eg\u00e9sz \u00e9leten \u00e1t szolg\u00e1lj\u00e1k \u00d6nt. [\/vc_column_text][\/vc_column][\/vc_row]<\/p>\n","protected":false},"author":1,"featured_media":0,"parent":3463,"menu_order":0,"comment_status":"closed","ping_status":"closed","template":"","meta":{"_monsterinsights_skip_tracking":false,"_monsterinsights_sitenote_active":false,"_monsterinsights_sitenote_note":"","_monsterinsights_sitenote_category":0,"footnotes":""},"class_list":["post-3467","page","type-page","status-publish","hentry"],"yoast_head":"<!-- This site is optimized with the Yoast SEO plugin v26.5 - https:\/\/yoast.com\/wordpress\/plugins\/seo\/ -->\n<title>Kis csal\u00e1di h\u00e1z tervek - Fula Development<\/title>\n<meta name=\"description\" content=\"Projekty mal\u00fdch rodinn\u00fdch domov s\u00fa ur\u010den\u00e9 pre mlad\u00e9 rodiny, ktor\u00e9 by radi postavili rodinn\u00fd dom, no nehodlaj\u00fa do neho investova\u0165 ve\u013ek\u00e9 finan\u010dn\u00e9 prostriedky.\" \/>\n<meta name=\"robots\" content=\"index, follow, max-snippet:-1, max-image-preview:large, max-video-preview:-1\" \/>\n<link rel=\"canonical\" href=\"https:\/\/fuladevelopment.eu\/hu\/kis-csaladi-haz-tervek\" \/>\n<meta property=\"og:locale\" content=\"hu_HU\" \/>\n<meta property=\"og:type\" content=\"article\" \/>\n<meta property=\"og:title\" content=\"Kis csal\u00e1di h\u00e1z tervek - Fula Development\" \/>\n<meta property=\"og:description\" content=\"Projekty mal\u00fdch rodinn\u00fdch domov s\u00fa ur\u010den\u00e9 pre mlad\u00e9 rodiny, ktor\u00e9 by radi postavili rodinn\u00fd dom, no nehodlaj\u00fa do neho investova\u0165 ve\u013ek\u00e9 finan\u010dn\u00e9 prostriedky.\" \/>\n<meta property=\"og:url\" content=\"https:\/\/fuladevelopment.eu\/hu\/kis-csaladi-haz-tervek\" \/>\n<meta property=\"og:site_name\" content=\"Fula Development\" \/>\n<meta property=\"article:modified_time\" content=\"2017-11-15T16:41:36+00:00\" \/>\n<meta name=\"twitter:card\" content=\"summary_large_image\" \/>\n<meta name=\"twitter:label1\" content=\"Becs\u00fclt olvas\u00e1si id\u0151\" \/>\n\t<meta name=\"twitter:data1\" content=\"1 perc\" \/>\n<script type=\"application\/ld+json\" class=\"yoast-schema-graph\">{\"@context\":\"https:\/\/schema.org\",\"@graph\":[{\"@type\":\"WebPage\",\"@id\":\"https:\/\/fuladevelopment.eu\/hu\/kis-csaladi-haz-tervek\",\"url\":\"https:\/\/fuladevelopment.eu\/hu\/kis-csaladi-haz-tervek\",\"name\":\"Kis csal\u00e1di h\u00e1z tervek - Fula Development\",\"isPartOf\":{\"@id\":\"https:\/\/fuladevelopment.eu\/#website\"},\"datePublished\":\"2017-09-14T13:42:28+00:00\",\"dateModified\":\"2017-11-15T16:41:36+00:00\",\"description\":\"Projekty mal\u00fdch rodinn\u00fdch domov s\u00fa ur\u010den\u00e9 pre mlad\u00e9 rodiny, ktor\u00e9 by radi postavili rodinn\u00fd dom, no nehodlaj\u00fa do neho investova\u0165 ve\u013ek\u00e9 finan\u010dn\u00e9 prostriedky.\",\"breadcrumb\":{\"@id\":\"https:\/\/fuladevelopment.eu\/hu\/kis-csaladi-haz-tervek#breadcrumb\"},\"inLanguage\":\"hu\",\"potentialAction\":[{\"@type\":\"ReadAction\",\"target\":[\"https:\/\/fuladevelopment.eu\/hu\/kis-csaladi-haz-tervek\"]}]},{\"@type\":\"BreadcrumbList\",\"@id\":\"https:\/\/fuladevelopment.eu\/hu\/kis-csaladi-haz-tervek#breadcrumb\",\"itemListElement\":[{\"@type\":\"ListItem\",\"position\":1,\"name\":\"Home\",\"item\":\"https:\/\/fuladevelopment.eu\/hu\"},{\"@type\":\"ListItem\",\"position\":2,\"name\":\"Csal\u00e1di h\u00e1z tervek\",\"item\":\"https:\/\/fuladevelopment.eu\/hu\/csaladi-haz-tervek\"},{\"@type\":\"ListItem\",\"position\":3,\"name\":\"Kis csal\u00e1di h\u00e1z tervek\"}]},{\"@type\":\"WebSite\",\"@id\":\"https:\/\/fuladevelopment.eu\/#website\",\"url\":\"https:\/\/fuladevelopment.eu\/\",\"name\":\"Fula Development\",\"description\":\"\",\"potentialAction\":[{\"@type\":\"SearchAction\",\"target\":{\"@type\":\"EntryPoint\",\"urlTemplate\":\"https:\/\/fuladevelopment.eu\/?s={search_term_string}\"},\"query-input\":{\"@type\":\"PropertyValueSpecification\",\"valueRequired\":true,\"valueName\":\"search_term_string\"}}],\"inLanguage\":\"hu\"}]}<\/script>\n<!-- \/ Yoast SEO plugin. -->","yoast_head_json":{"title":"Kis csal\u00e1di h\u00e1z tervek - Fula Development","description":"Projekty mal\u00fdch rodinn\u00fdch domov s\u00fa ur\u010den\u00e9 pre mlad\u00e9 rodiny, ktor\u00e9 by radi postavili rodinn\u00fd dom, no nehodlaj\u00fa do neho investova\u0165 ve\u013ek\u00e9 finan\u010dn\u00e9 prostriedky.","robots":{"index":"index","follow":"follow","max-snippet":"max-snippet:-1","max-image-preview":"max-image-preview:large","max-video-preview":"max-video-preview:-1"},"canonical":"https:\/\/fuladevelopment.eu\/hu\/kis-csaladi-haz-tervek","og_locale":"hu_HU","og_type":"article","og_title":"Kis csal\u00e1di h\u00e1z tervek - Fula Development","og_description":"Projekty mal\u00fdch rodinn\u00fdch domov s\u00fa ur\u010den\u00e9 pre mlad\u00e9 rodiny, ktor\u00e9 by radi postavili rodinn\u00fd dom, no nehodlaj\u00fa do neho investova\u0165 ve\u013ek\u00e9 finan\u010dn\u00e9 prostriedky.","og_url":"https:\/\/fuladevelopment.eu\/hu\/kis-csaladi-haz-tervek","og_site_name":"Fula Development","article_modified_time":"2017-11-15T16:41:36+00:00","twitter_card":"summary_large_image","twitter_misc":{"Becs\u00fclt olvas\u00e1si id\u0151":"1 perc"},"schema":{"@context":"https:\/\/schema.org","@graph":[{"@type":"WebPage","@id":"https:\/\/fuladevelopment.eu\/hu\/kis-csaladi-haz-tervek","url":"https:\/\/fuladevelopment.eu\/hu\/kis-csaladi-haz-tervek","name":"Kis csal\u00e1di h\u00e1z tervek - Fula Development","isPartOf":{"@id":"https:\/\/fuladevelopment.eu\/#website"},"datePublished":"2017-09-14T13:42:28+00:00","dateModified":"2017-11-15T16:41:36+00:00","description":"Projekty mal\u00fdch rodinn\u00fdch domov s\u00fa ur\u010den\u00e9 pre mlad\u00e9 rodiny, ktor\u00e9 by radi postavili rodinn\u00fd dom, no nehodlaj\u00fa do neho investova\u0165 ve\u013ek\u00e9 finan\u010dn\u00e9 prostriedky.","breadcrumb":{"@id":"https:\/\/fuladevelopment.eu\/hu\/kis-csaladi-haz-tervek#breadcrumb"},"inLanguage":"hu","potentialAction":[{"@type":"ReadAction","target":["https:\/\/fuladevelopment.eu\/hu\/kis-csaladi-haz-tervek"]}]},{"@type":"BreadcrumbList","@id":"https:\/\/fuladevelopment.eu\/hu\/kis-csaladi-haz-tervek#breadcrumb","itemListElement":[{"@type":"ListItem","position":1,"name":"Home","item":"https:\/\/fuladevelopment.eu\/hu"},{"@type":"ListItem","position":2,"name":"Csal\u00e1di h\u00e1z tervek","item":"https:\/\/fuladevelopment.eu\/hu\/csaladi-haz-tervek"},{"@type":"ListItem","position":3,"name":"Kis csal\u00e1di h\u00e1z tervek"}]},{"@type":"WebSite","@id":"https:\/\/fuladevelopment.eu\/#website","url":"https:\/\/fuladevelopment.eu\/","name":"Fula Development","description":"","potentialAction":[{"@type":"SearchAction","target":{"@type":"EntryPoint","urlTemplate":"https:\/\/fuladevelopment.eu\/?s={search_term_string}"},"query-input":{"@type":"PropertyValueSpecification","valueRequired":true,"valueName":"search_term_string"}}],"inLanguage":"hu"}]}},"_links":{"self":[{"href":"https:\/\/fuladevelopment.eu\/hu\/wp-json\/wp\/v2\/pages\/3467","targetHints":{"allow":["GET"]}}],"collection":[{"href":"https:\/\/fuladevelopment.eu\/hu\/wp-json\/wp\/v2\/pages"}],"about":[{"href":"https:\/\/fuladevelopment.eu\/hu\/wp-json\/wp\/v2\/types\/page"}],"author":[{"embeddable":true,"href":"https:\/\/fuladevelopment.eu\/hu\/wp-json\/wp\/v2\/users\/1"}],"replies":[{"embeddable":true,"href":"https:\/\/fuladevelopment.eu\/hu\/wp-json\/wp\/v2\/comments?post=3467"}],"version-history":[{"count":3,"href":"https:\/\/fuladevelopment.eu\/hu\/wp-json\/wp\/v2\/pages\/3467\/revisions"}],"predecessor-version":[{"id":3769,"href":"https:\/\/fuladevelopment.eu\/hu\/wp-json\/wp\/v2\/pages\/3467\/revisions\/3769"}],"up":[{"embeddable":true,"href":"https:\/\/fuladevelopment.eu\/hu\/wp-json\/wp\/v2\/pages\/3463"}],"wp:attachment":[{"href":"https:\/\/fuladevelopment.eu\/hu\/wp-json\/wp\/v2\/media?parent=3467"}],"curies":[{"name":"wp","href":"https:\/\/api.w.org\/{rel}","templated":true}]}}