{"id":3482,"date":"2016-09-06T10:18:18","date_gmt":"2016-09-06T10:18:18","guid":{"rendered":"http:\/\/fuladevelopment.eu\/sluzby"},"modified":"2017-11-20T11:55:13","modified_gmt":"2017-11-20T10:55:13","slug":"szolgaltatasok","status":"publish","type":"page","link":"https:\/\/fuladevelopment.eu\/hu\/szolgaltatasok","title":{"rendered":"Szolg\u00e1ltat\u00e1sok"},"content":{"rendered":"<p>[vc_row full_width=&#8221;stretch_row&#8221; css=&#8221;.vc_custom_1473416453329{padding-top: 65px !important;padding-bottom: 100px !important;background-image: url(http:\/\/fuladevelopment.eu\/wp-content\/uploads\/2016\/09\/city-1.jpg?id=780) !important;}&#8221; el_class=&#8221;bg-position-bottom&#8221;][vc_column]<div class=\"slz-shortcode sc_service_list  buildplus_service-96229305869d1197b365f8\" data-item=\"buildplus_service-96229305869d1197b365f8\">\n\t<div class=\"list-block-services\">\n\t\t<div class=\"list-block column-3\">\n\t\t\t\n\t<div class=\"item item-layout-1 service_3249 inline_block\">\n\t\t<div class=\"block-1\">\n\t\t\t<div class=\"block-image\"><img loading=\"lazy\" decoding=\"async\" width=\"800\" height=\"430\" src=\"https:\/\/fuladevelopment.eu\/wp-content\/uploads\/2016\/09\/131552215469813848-800x430.jpg\" class=\"img-full\" alt=\"\" \/><a href=\"https:\/\/fuladevelopment.eu\/hu\/projektmenedzsment\" class=\"link\"><\/a><\/div>\n\t\t\t<div class=\"block-content\">\n\t\t\t\t<a href=\"https:\/\/fuladevelopment.eu\/hu\/projektmenedzsment\" class=\"title\">Projektmenedzsment<\/a>\n\t\t\t\t<div class=\"description\">Gondos projektel\u0151k\u00e9sz\u00edt\u00e9ssel \u00e9s az \u00e9p\u00edtkez\u00e9s megfelel\u0151 koordin\u00e1l\u00e1s\u00e1val biztos\u00edtjuk az \u00e9p\u00edtm\u00e9nyek megadott min\u0151s\u00e9gben, id\u0151ben \u00e9s a meghat\u00e1rozott p\u00e9nz\u00fcgyi korl\u00e1tokon bel\u00fcl t\u00f6rt\u00e9n\u0151...<\/div>\n\t\t\t\t<a href=\"https:\/\/fuladevelopment.eu\/hu\/projektmenedzsment\" class=\"readmore\"><span class=\"text\">Olvass tov\u00e1bb<\/span><i class=\"icons fa fa-angle-double-right\"><\/i><\/a>\n\t\t\t<\/div>\n\t\t<\/div>\n\t<\/div>\n\n\t<div class=\"item item-layout-1 service_3505 inline_block\">\n\t\t<div class=\"block-1\">\n\t\t\t<div class=\"block-image\"><img loading=\"lazy\" decoding=\"async\" width=\"800\" height=\"430\" src=\"https:\/\/fuladevelopment.eu\/wp-content\/uploads\/2016\/09\/131552334694146785-800x430.jpg\" class=\"img-full\" alt=\"\" \/><a href=\"https:\/\/fuladevelopment.eu\/hu\/csaladi-hazak-epitese\" class=\"link\"><\/a><\/div>\n\t\t\t<div class=\"block-content\">\n\t\t\t\t<a href=\"https:\/\/fuladevelopment.eu\/hu\/csaladi-hazak-epitese\" class=\"title\">Csal\u00e1di h\u00e1zak \u00e9p\u00edt\u00e9se<\/a>\n\t\t\t\t<div class=\"description\">Csal\u00e1di h\u00e1zak, kereskedelmi \u00e9s ipari objektumok \u00e9p\u00edt\u00e9s\u00e9t v\u00e1llaljuk. Biztos\u00edtjuk az \u00e9p\u00edtkez\u00e9si folyamatokat a tervez\u00e9st\u0151l eg\u00e9szen az \u00e9p\u00fclet kivitelez\u00e9s\u00e9ig.<\/div>\n\t\t\t\t<a href=\"https:\/\/fuladevelopment.eu\/hu\/csaladi-hazak-epitese\" class=\"readmore\"><span class=\"text\">Olvass tov\u00e1bb<\/span><i class=\"icons fa fa-angle-double-right\"><\/i><\/a>\n\t\t\t<\/div>\n\t\t<\/div>\n\t<\/div>\n\n\t<div class=\"item item-layout-1 service_3557 inline_block\">\n\t\t<div class=\"block-1\">\n\t\t\t<div class=\"block-image\"><img loading=\"lazy\" decoding=\"async\" width=\"800\" height=\"430\" src=\"https:\/\/fuladevelopment.eu\/wp-content\/uploads\/2016\/09\/131552329549895766-800x430.jpg\" class=\"img-full\" alt=\"\" \/><a href=\"https:\/\/fuladevelopment.eu\/hu\/epitesi-munkak-felujitasok\" class=\"link\"><\/a><\/div>\n\t\t\t<div class=\"block-content\">\n\t\t\t\t<a href=\"https:\/\/fuladevelopment.eu\/hu\/epitesi-munkak-felujitasok\" class=\"title\">\u00c9p\u00edt\u00e9si munk\u00e1k, fel\u00faj\u00edt\u00e1sok<\/a>\n\t\t\t\t<div class=\"description\">Ell\u00e1tunk minden olyan \u00e9p\u00edt\u00e9si munk\u00e1t, ami a lak\u00f3ingatlanok, ipari vagy ereskedelmi \u00e9p\u00fcletek fel- vagy \u00e1t\u00e9p\u00edt\u00e9s\u00e9hez sz\u00fcks\u00e9ges. Szolg\u00e1ltat\u00e1saink sz\u00e9les spektruma a...<\/div>\n\t\t\t\t<a href=\"https:\/\/fuladevelopment.eu\/hu\/epitesi-munkak-felujitasok\" class=\"readmore\"><span class=\"text\">Olvass tov\u00e1bb<\/span><i class=\"icons fa fa-angle-double-right\"><\/i><\/a>\n\t\t\t<\/div>\n\t\t<\/div>\n\t<\/div>\n\t\t<\/div>\n\t<\/div>\n<\/div>[\/vc_column][\/vc_row][vc_row full_width=&#8221;stretch_row&#8221; el_class=&#8221;.pagetestimonial&#8221;][vc_column css=&#8221;.vc_custom_1473319614953{padding-top: 0px !important;}&#8221;]<div class=\"slz-shortcode sc-testimonial buildplus_testi-56474175669d1197b3ae60 \" data-item=\".buildplus_testi-56474175669d1197b3ae60\" data-list=\"1\" >\n\t<div class=\"testimonial-detail list-testimonial-1\">\n\t<div class=\"item post-3210 buildplus_testi\">\n\t\t\t\t\t\t\t<div class=\"testimonial-1\"><div class=\"testimonial-image\"><\/div>\n\t\t\t\t\t\t\t<div class=\"testimonial-content\">\n\t\t\t\t\t\t\t\t<a class=\"name\" href=\"https:\/\/fuladevelopment.eu\/hu\/testimonial\/ing-ludovit-fucsek\">Fucsek Lajos<\/a>\n\t\t\t\t\t\t\t\t<div class=\"position\">alap\u00edt\u00f3<\/div>\n\t\t\t\t\t\t\t\t<div class=\"testimonial\"><p>Tev\u00e9kenys\u00e9g\u00fcnk sor\u00e1n szem el\u0151tt tartjuk\u00a0azokat a trendeket, melyek az eg\u00e9szs\u00e9ges lak\u00f3k\u00f6rnyezet \u00e9s a min\u0151s\u00e9gi \u00e9lett\u00e9r elv\u00e9n alapulnak. Fontos sz\u00e1munkra az \u00e9p\u00fcletek fenntarthat\u00f3s\u00e1ga, k\u00fcl\u00f6n\u00f6s tekintettel az energiafelhaszn\u00e1l\u00e1sra. Tiszteletben tartjuk az \u00e9letk\u00f6rnyezetet, \u00e9s igyeksz\u00fcnk \u00fagy \u00e9p\u00edteni, hogy az harm\u00f3ni\u00e1ban legyen a k\u00f6rnyezettel. H\u00edvei vagyunk annak, hogy \u00e9p\u00edtm\u00e9nyeink ne csak a k\u00e9nyelmet szolg\u00e1lj\u00e1k, de eszt\u00e9tikusak \u00e9s energetikailag \u00f6nell\u00e1t\u00f3ak legyenek. Az \u00e9p\u00fcletek garant\u00e1lt biztons\u00e1ga \u00e9s az eg\u00e9szs\u00e9gre \u00e1rtalmatlan \u00e9p\u00edt\u00e9si anyagok haszn\u00e1lata egyar\u00e1nt fontos szempont sz\u00e1munkra.<\/p>\n<\/div>\n\t\t\t\t\t\t\t<\/div><\/div>\n\t\t\t\t\t\t<\/div>\t<\/div>\n<\/div>[\/vc_column][\/vc_row][vc_row full_width=&#8221;stretch_row&#8221; css=&#8221;.vc_custom_1473409899178{padding-top: 65px !important;padding-bottom: 100px !important;}&#8221;][vc_column][vc_raw_html]JTNDZGl2JTIwY2xhc3MlM0QlMjJzbHotc2hvcnRjb2RlJTIwc2MtYmxvY2stdGl0bGUlMjBibG9jay10aXRsZS05MDc3Njk1NDM1OWMzZWE3ZDM4ZmY5JTIwJTIyJTNFJTBBJTA5JTA5JTA5JTNDZGl2JTIwY2xhc3MlM0QlMjJtYWluLXRpdGxlJTIyJTNFJTIwJTNDaDUlMjBjbGFzcyUzRCUyMnN1YnRpdGxlJTIyJTNFRnVsYSUyMERldmVsb3BtZW50JTNDJTJGaDUlM0UlMjAlM0NoMiUyMGNsYXNzJTNEJTIydGl0bGUlMjIlM0VIT0dZQU4lMjBET0xHT1pVTkslM0MlMkZoMiUzRSUyMCUzQyUyRmRpdiUzRSUwOSUzQyUyRmRpdiUzRQ==[\/vc_raw_html]<div class=\"slz-shortcode sc-icon-box list-block column-4 list-block-icon-2 block-166099017769d1197b3dc84 \" data-item=\"block-166099017769d1197b3dc84\" data-col=\"4\">\n\t<div class=\"item\">\n\t\t\t\t\t\t<div class=\"block-icon-2\">\n\t\t\t\t\t\t\t<div class=\"icon-cell\">\n\t\t\t\t\t\t\t\t\t<div class=\"wrapper-icons\"><i class=\"icons fa fa-magic\"><\/i><\/div>\n\t\t\t\t\t\t\t\t<\/div>\n\t\t\t\t\t\t\t<div class=\"icon-cell\">\n\t\t\t\t\t\t\t\t\t<div class=\"wrapper-info\">\n\t\t\t\t\t\t\t\t\t\t<div class=\"title\">\u00c9p\u00edt\u00e9si folyamat A-t\u00f3l Z-ig<\/div><div class=\"text\">Gondoskodunk az \u00e9p\u00edtkez\u00e9s minden egyes l\u00e9p\u00e9s\u00e9r\u0151l: az els\u0151 tervezett\u0151l fogva, a hivatalokkal val\u00f3 t\u00e1rgyal\u00e1sokon \u00e1t, az \u00e9p\u00edt\u00e9si menedzsmenten kereszt\u00fcl eg\u00e9szen a haszn\u00e1latbav\u00e9teli enged\u00e9lyig.<\/div>\n\t\t\t\t\t\t\t\t\t<\/div>\n\t\t\t\t\t\t\t\t<\/div>\n\t\t\t\t\t\t<\/div>\n\t\t\t\t\t<\/div><div class=\"item\">\n\t\t\t\t\t\t<div class=\"block-icon-2\">\n\t\t\t\t\t\t\t<div class=\"icon-cell\">\n\t\t\t\t\t\t\t\t\t<div class=\"wrapper-icons\"><i class=\"icons fa fa-pencil\"><\/i><\/div>\n\t\t\t\t\t\t\t\t<\/div>\n\t\t\t\t\t\t\t<div class=\"icon-cell\">\n\t\t\t\t\t\t\t\t\t<div class=\"wrapper-info\">\n\t\t\t\t\t\t\t\t\t\t<div class=\"title\">Szak\u00e9rtelem<\/div><div class=\"text\">A legjobb \u00e9p\u00edt\u00e9szekkel, szakemberekkel \u00e9s mesteremberekkel dolgozunk. Az alaposs\u00e1g \u00e9s a biztons\u00e1g munk\u00e1nk legf\u0151bb attrib\u00fatumai.<\/div>\n\t\t\t\t\t\t\t\t\t<\/div>\n\t\t\t\t\t\t\t\t<\/div>\n\t\t\t\t\t\t<\/div>\n\t\t\t\t\t<\/div><div class=\"item\">\n\t\t\t\t\t\t<div class=\"block-icon-2\">\n\t\t\t\t\t\t\t<div class=\"icon-cell\">\n\t\t\t\t\t\t\t\t\t<div class=\"wrapper-icons\"><i class=\"icons fa fa-hand-o-up\"><\/i><\/div>\n\t\t\t\t\t\t\t\t<\/div>\n\t\t\t\t\t\t\t<div class=\"icon-cell\">\n\t\t\t\t\t\t\t\t\t<div class=\"wrapper-info\">\n\t\t\t\t\t\t\t\t\t\t<div class=\"title\">Hat\u00e9kony kommunik\u00e1ci\u00f3<\/div><div class=\"text\">Az \u00fcgyfeleinkkel folytatott \u00e1tl\u00e1that\u00f3 \u00e9s ny\u00edlt kommunik\u00e1ci\u00f3 minden sikeres projekt alapja.<\/div>\n\t\t\t\t\t\t\t\t\t<\/div>\n\t\t\t\t\t\t\t\t<\/div>\n\t\t\t\t\t\t<\/div>\n\t\t\t\t\t<\/div><div class=\"item\">\n\t\t\t\t\t\t<div class=\"block-icon-2\">\n\t\t\t\t\t\t\t<div class=\"icon-cell\">\n\t\t\t\t\t\t\t\t\t<div class=\"wrapper-icons\"><i class=\"icons fa fa-check\"><\/i><\/div>\n\t\t\t\t\t\t\t\t<\/div>\n\t\t\t\t\t\t\t<div class=\"icon-cell\">\n\t\t\t\t\t\t\t\t\t<div class=\"wrapper-info\">\n\t\t\t\t\t\t\t\t\t\t<div class=\"title\">Egyedi megk\u00f6zel\u00edt\u00e9s<\/div><div class=\"text\">Minden egyes projekthez \u00fagy k\u00f6zel\u00edt\u00fcnk, hogy k\u00f6zben maxim\u00e1lisan tiszteletben tartjuk a megb\u00edz\u00f3 ig\u00e9nyeit, \u00e9s mindig igyeksz\u00fcnk a legmegfelel\u0151bb megold\u00e1ssal szolg\u00e1lni.<\/div>\n\t\t\t\t\t\t\t\t\t<\/div>\n\t\t\t\t\t\t\t\t<\/div>\n\t\t\t\t\t\t<\/div>\n\t\t\t\t\t<\/div><\/div>\n[\/vc_column][\/vc_row][vc_row full_width=&#8221;stretch_row&#8221; css=&#8221;.vc_custom_1476676903379{padding-top: 35px !important;padding-bottom: 100px !important;background-image: url(http:\/\/fuladevelopment.eu\/wp-content\/uploads\/2016\/09\/download.jpg?id=233) !important;}&#8221; el_class=&#8221;slz_bg-parallax&#8221;][vc_column][vc_raw_html]JTNDaDIlMjBzdHlsZSUzRCUyMmZvbnQtc2l6ZSUzQSUyMDUzcHglM0Jjb2xvciUzQSUyMCUyM2ZmZmZmZiUzQnRleHQtYWxpZ24lM0ElMjBjZW50ZXIlM0Jmb250LWZhbWlseSUzQU1vbnRzZXJyYXQlM0Jmb250LXdlaWdodCUzQTcwMCUzQmZvbnQtc3R5bGUlM0Fub3JtYWwlMjIlMjBjbGFzcyUzRCUyMnNsel90aXRsZS1kb3dubG9hZCUyMiUzRUElMjBIJUMzJTgxWiVDMyU4OVAlQzMlOERUJUMzJTg5UyUyMEwlQzMlODlQJUMzJTg5U0VJJTNDJTJGaDIlM0U=[\/vc_raw_html][vc_raw_html]JTNDaDMlMjBzdHlsZSUzRCUyMmZvbnQtc2l6ZSUzQSUyMDIzcHglM0Jjb2xvciUzQSUyMCUyMzVmYTEzNyUzQnRleHQtYWxpZ24lM0ElMjBjZW50ZXIlM0Jmb250LWZhbWlseSUzQU1vbnRzZXJyYXQlM0Jmb250LXdlaWdodCUzQTQwMCUzQmZvbnQtc3R5bGUlM0Fub3JtYWwlMjIlMjBjbGFzcyUzRCUyMnZjX2N1c3RvbV9oZWFkaW5nJTIwdmNfY3VzdG9tXzE1MDUxMzgxMDA0OTklMjIlM0VNaW5kZW4lMjBlZ3llcyUyMCVDMyVBOXAlQzMlQUR0a2V6JUMzJUE5cyVDMyVCQ25rJTIwc3pha2VtYmVyZWslMjAlQzMlQTlzJTBBbSVDMyVBOXJuJUMzJUI2ayVDMyVCNmslMjBzemlnb3IlQzMlQkElMjBlbGxlbiVDNSU5MXJ6JUMzJUE5c2UlMjBtZWxsZXR0JTIwemFqbGlrLiUzQyUyRmgzJTNF[\/vc_raw_html][vc_row_inner][vc_column_inner]<div class=\"slz-shortcode sc-button button-103429403669d1197b3df0f \">\n\t\t<a href=\"http:\/\/fuladevelopment.eu\/hu\/a-hazepites-lepesei\" class=\"btn\"  >\u00cdGY \u00c9P\u00cdT\u00dcNK MI<\/a><\/div>\n[\/vc_column_inner][\/vc_row_inner][\/vc_column][\/vc_row]<\/p>\n","protected":false},"excerpt":{"rendered":"<p>[vc_row full_width=&#8221;stretch_row&#8221; css=&#8221;.vc_custom_1473416453329{padding-top: 65px !important;padding-bottom: 100px !important;background-image: url(http:\/\/fuladevelopment.eu\/wp-content\/uploads\/2016\/09\/city-1.jpg?id=780) !important;}&#8221; el_class=&#8221;bg-position-bottom&#8221;][vc_column][\/vc_column][\/vc_row][vc_row full_width=&#8221;stretch_row&#8221; el_class=&#8221;.pagetestimonial&#8221;][vc_column css=&#8221;.vc_custom_1473319614953{padding-top: 0px !important;}&#8221;][\/vc_column][\/vc_row][vc_row full_width=&#8221;stretch_row&#8221; css=&#8221;.vc_custom_1473409899178{padding-top: 65px !important;padding-bottom: 100px !important;}&#8221;][vc_column][vc_raw_html]JTNDZGl2JTIwY2xhc3MlM0QlMjJzbHotc2hvcnRjb2RlJTIwc2MtYmxvY2stdGl0bGUlMjBibG9jay10aXRsZS05MDc3Njk1NDM1OWMzZWE3ZDM4ZmY5JTIwJTIyJTNFJTBBJTA5JTA5JTA5JTNDZGl2JTIwY2xhc3MlM0QlMjJtYWluLXRpdGxlJTIyJTNFJTIwJTNDaDUlMjBjbGFzcyUzRCUyMnN1YnRpdGxlJTIyJTNFRnVsYSUyMERldmVsb3BtZW50JTNDJTJGaDUlM0UlMjAlM0NoMiUyMGNsYXNzJTNEJTIydGl0bGUlMjIlM0VIT0dZQU4lMjBET0xHT1pVTkslM0MlMkZoMiUzRSUyMCUzQyUyRmRpdiUzRSUwOSUzQyUyRmRpdiUzRQ==[\/vc_raw_html][\/vc_column][\/vc_row][vc_row full_width=&#8221;stretch_row&#8221; css=&#8221;.vc_custom_1476676903379{padding-top: 35px !important;padding-bottom: 100px !important;background-image: url(http:\/\/fuladevelopment.eu\/wp-content\/uploads\/2016\/09\/download.jpg?id=233) !important;}&#8221; el_class=&#8221;slz_bg-parallax&#8221;][vc_column][vc_raw_html]JTNDaDIlMjBzdHlsZSUzRCUyMmZvbnQtc2l6ZSUzQSUyMDUzcHglM0Jjb2xvciUzQSUyMCUyM2ZmZmZmZiUzQnRleHQtYWxpZ24lM0ElMjBjZW50ZXIlM0Jmb250LWZhbWlseSUzQU1vbnRzZXJyYXQlM0Jmb250LXdlaWdodCUzQTcwMCUzQmZvbnQtc3R5bGUlM0Fub3JtYWwlMjIlMjBjbGFzcyUzRCUyMnNsel90aXRsZS1kb3dubG9hZCUyMiUzRUElMjBIJUMzJTgxWiVDMyU4OVAlQzMlOERUJUMzJTg5UyUyMEwlQzMlODlQJUMzJTg5U0VJJTNDJTJGaDIlM0U=[\/vc_raw_html][vc_raw_html]JTNDaDMlMjBzdHlsZSUzRCUyMmZvbnQtc2l6ZSUzQSUyMDIzcHglM0Jjb2xvciUzQSUyMCUyMzVmYTEzNyUzQnRleHQtYWxpZ24lM0ElMjBjZW50ZXIlM0Jmb250LWZhbWlseSUzQU1vbnRzZXJyYXQlM0Jmb250LXdlaWdodCUzQTQwMCUzQmZvbnQtc3R5bGUlM0Fub3JtYWwlMjIlMjBjbGFzcyUzRCUyMnZjX2N1c3RvbV9oZWFkaW5nJTIwdmNfY3VzdG9tXzE1MDUxMzgxMDA0OTklMjIlM0VNaW5kZW4lMjBlZ3llcyUyMCVDMyVBOXAlQzMlQUR0a2V6JUMzJUE5cyVDMyVCQ25rJTIwc3pha2VtYmVyZWslMjAlQzMlQTlzJTBBbSVDMyVBOXJuJUMzJUI2ayVDMyVCNmslMjBzemlnb3IlQzMlQkElMjBlbGxlbiVDNSU5MXJ6JUMzJUE5c2UlMjBtZWxsZXR0JTIwemFqbGlrLiUzQyUyRmgzJTNF[\/vc_raw_html][vc_row_inner][vc_column_inner][\/vc_column_inner][\/vc_row_inner][\/vc_column][\/vc_row]<\/p>\n","protected":false},"author":1,"featured_media":0,"parent":0,"menu_order":0,"comment_status":"closed","ping_status":"closed","template":"","meta":{"_monsterinsights_skip_tracking":false,"_monsterinsights_sitenote_active":false,"_monsterinsights_sitenote_note":"","_monsterinsights_sitenote_category":0,"footnotes":""},"class_list":["post-3482","page","type-page","status-publish","hentry"],"yoast_head":"<!-- This site is optimized with the Yoast SEO plugin v26.5 - https:\/\/yoast.com\/wordpress\/plugins\/seo\/ -->\n<title>Csal\u00e1di h\u00e1z \u00e9p\u00edt\u00e9s \u00e9s projektmenedzsment<\/title>\n<meta name=\"description\" content=\"Megb\u00edz\u00e1saink t\u00f6bbs\u00e9g\u00e9t gener\u00e1l kivitelez\u0151k\u00e9nt teljes\u00edtj\u00fck, melyhez a tapasztalt szakemberekb\u0151l \u00e9s m\u00e9rn\u00f6k\u00f6kb\u0151l \u00e1ll\u00f3 csapat biztos\u00edtja a megb\u00edzhat\u00f3 h\u00e1tteret.\" \/>\n<meta name=\"robots\" content=\"index, follow, max-snippet:-1, max-image-preview:large, max-video-preview:-1\" \/>\n<link rel=\"canonical\" href=\"https:\/\/fuladevelopment.eu\/hu\/szolgaltatasok\" \/>\n<meta property=\"og:locale\" content=\"hu_HU\" \/>\n<meta property=\"og:type\" content=\"article\" \/>\n<meta property=\"og:title\" content=\"Csal\u00e1di h\u00e1z \u00e9p\u00edt\u00e9s \u00e9s projektmenedzsment\" \/>\n<meta property=\"og:description\" content=\"Megb\u00edz\u00e1saink t\u00f6bbs\u00e9g\u00e9t gener\u00e1l kivitelez\u0151k\u00e9nt teljes\u00edtj\u00fck, melyhez a tapasztalt szakemberekb\u0151l \u00e9s m\u00e9rn\u00f6k\u00f6kb\u0151l \u00e1ll\u00f3 csapat biztos\u00edtja a megb\u00edzhat\u00f3 h\u00e1tteret.\" \/>\n<meta property=\"og:url\" content=\"https:\/\/fuladevelopment.eu\/hu\/szolgaltatasok\" \/>\n<meta property=\"og:site_name\" content=\"Fula Development\" \/>\n<meta property=\"article:modified_time\" content=\"2017-11-20T10:55:13+00:00\" \/>\n<meta name=\"twitter:card\" content=\"summary_large_image\" \/>\n<meta name=\"twitter:label1\" content=\"Becs\u00fclt olvas\u00e1si id\u0151\" \/>\n\t<meta name=\"twitter:data1\" content=\"3 perc\" \/>\n<script type=\"application\/ld+json\" class=\"yoast-schema-graph\">{\"@context\":\"https:\/\/schema.org\",\"@graph\":[{\"@type\":\"WebPage\",\"@id\":\"https:\/\/fuladevelopment.eu\/hu\/szolgaltatasok\",\"url\":\"https:\/\/fuladevelopment.eu\/hu\/szolgaltatasok\",\"name\":\"Csal\u00e1di h\u00e1z \u00e9p\u00edt\u00e9s \u00e9s projektmenedzsment\",\"isPartOf\":{\"@id\":\"https:\/\/fuladevelopment.eu\/#website\"},\"datePublished\":\"2016-09-06T10:18:18+00:00\",\"dateModified\":\"2017-11-20T10:55:13+00:00\",\"description\":\"Megb\u00edz\u00e1saink t\u00f6bbs\u00e9g\u00e9t gener\u00e1l kivitelez\u0151k\u00e9nt teljes\u00edtj\u00fck, melyhez a tapasztalt szakemberekb\u0151l \u00e9s m\u00e9rn\u00f6k\u00f6kb\u0151l \u00e1ll\u00f3 csapat biztos\u00edtja a megb\u00edzhat\u00f3 h\u00e1tteret.\",\"breadcrumb\":{\"@id\":\"https:\/\/fuladevelopment.eu\/hu\/szolgaltatasok#breadcrumb\"},\"inLanguage\":\"hu\",\"potentialAction\":[{\"@type\":\"ReadAction\",\"target\":[\"https:\/\/fuladevelopment.eu\/hu\/szolgaltatasok\"]}]},{\"@type\":\"BreadcrumbList\",\"@id\":\"https:\/\/fuladevelopment.eu\/hu\/szolgaltatasok#breadcrumb\",\"itemListElement\":[{\"@type\":\"ListItem\",\"position\":1,\"name\":\"Home\",\"item\":\"https:\/\/fuladevelopment.eu\/hu\"},{\"@type\":\"ListItem\",\"position\":2,\"name\":\"Szolg\u00e1ltat\u00e1sok\"}]},{\"@type\":\"WebSite\",\"@id\":\"https:\/\/fuladevelopment.eu\/#website\",\"url\":\"https:\/\/fuladevelopment.eu\/\",\"name\":\"Fula Development\",\"description\":\"\",\"potentialAction\":[{\"@type\":\"SearchAction\",\"target\":{\"@type\":\"EntryPoint\",\"urlTemplate\":\"https:\/\/fuladevelopment.eu\/?s={search_term_string}\"},\"query-input\":{\"@type\":\"PropertyValueSpecification\",\"valueRequired\":true,\"valueName\":\"search_term_string\"}}],\"inLanguage\":\"hu\"}]}<\/script>\n<!-- \/ Yoast SEO plugin. -->","yoast_head_json":{"title":"Csal\u00e1di h\u00e1z \u00e9p\u00edt\u00e9s \u00e9s projektmenedzsment","description":"Megb\u00edz\u00e1saink t\u00f6bbs\u00e9g\u00e9t gener\u00e1l kivitelez\u0151k\u00e9nt teljes\u00edtj\u00fck, melyhez a tapasztalt szakemberekb\u0151l \u00e9s m\u00e9rn\u00f6k\u00f6kb\u0151l \u00e1ll\u00f3 csapat biztos\u00edtja a megb\u00edzhat\u00f3 h\u00e1tteret.","robots":{"index":"index","follow":"follow","max-snippet":"max-snippet:-1","max-image-preview":"max-image-preview:large","max-video-preview":"max-video-preview:-1"},"canonical":"https:\/\/fuladevelopment.eu\/hu\/szolgaltatasok","og_locale":"hu_HU","og_type":"article","og_title":"Csal\u00e1di h\u00e1z \u00e9p\u00edt\u00e9s \u00e9s projektmenedzsment","og_description":"Megb\u00edz\u00e1saink t\u00f6bbs\u00e9g\u00e9t gener\u00e1l kivitelez\u0151k\u00e9nt teljes\u00edtj\u00fck, melyhez a tapasztalt szakemberekb\u0151l \u00e9s m\u00e9rn\u00f6k\u00f6kb\u0151l \u00e1ll\u00f3 csapat biztos\u00edtja a megb\u00edzhat\u00f3 h\u00e1tteret.","og_url":"https:\/\/fuladevelopment.eu\/hu\/szolgaltatasok","og_site_name":"Fula Development","article_modified_time":"2017-11-20T10:55:13+00:00","twitter_card":"summary_large_image","twitter_misc":{"Becs\u00fclt olvas\u00e1si id\u0151":"3 perc"},"schema":{"@context":"https:\/\/schema.org","@graph":[{"@type":"WebPage","@id":"https:\/\/fuladevelopment.eu\/hu\/szolgaltatasok","url":"https:\/\/fuladevelopment.eu\/hu\/szolgaltatasok","name":"Csal\u00e1di h\u00e1z \u00e9p\u00edt\u00e9s \u00e9s projektmenedzsment","isPartOf":{"@id":"https:\/\/fuladevelopment.eu\/#website"},"datePublished":"2016-09-06T10:18:18+00:00","dateModified":"2017-11-20T10:55:13+00:00","description":"Megb\u00edz\u00e1saink t\u00f6bbs\u00e9g\u00e9t gener\u00e1l kivitelez\u0151k\u00e9nt teljes\u00edtj\u00fck, melyhez a tapasztalt szakemberekb\u0151l \u00e9s m\u00e9rn\u00f6k\u00f6kb\u0151l \u00e1ll\u00f3 csapat biztos\u00edtja a megb\u00edzhat\u00f3 h\u00e1tteret.","breadcrumb":{"@id":"https:\/\/fuladevelopment.eu\/hu\/szolgaltatasok#breadcrumb"},"inLanguage":"hu","potentialAction":[{"@type":"ReadAction","target":["https:\/\/fuladevelopment.eu\/hu\/szolgaltatasok"]}]},{"@type":"BreadcrumbList","@id":"https:\/\/fuladevelopment.eu\/hu\/szolgaltatasok#breadcrumb","itemListElement":[{"@type":"ListItem","position":1,"name":"Home","item":"https:\/\/fuladevelopment.eu\/hu"},{"@type":"ListItem","position":2,"name":"Szolg\u00e1ltat\u00e1sok"}]},{"@type":"WebSite","@id":"https:\/\/fuladevelopment.eu\/#website","url":"https:\/\/fuladevelopment.eu\/","name":"Fula Development","description":"","potentialAction":[{"@type":"SearchAction","target":{"@type":"EntryPoint","urlTemplate":"https:\/\/fuladevelopment.eu\/?s={search_term_string}"},"query-input":{"@type":"PropertyValueSpecification","valueRequired":true,"valueName":"search_term_string"}}],"inLanguage":"hu"}]}},"_links":{"self":[{"href":"https:\/\/fuladevelopment.eu\/hu\/wp-json\/wp\/v2\/pages\/3482","targetHints":{"allow":["GET"]}}],"collection":[{"href":"https:\/\/fuladevelopment.eu\/hu\/wp-json\/wp\/v2\/pages"}],"about":[{"href":"https:\/\/fuladevelopment.eu\/hu\/wp-json\/wp\/v2\/types\/page"}],"author":[{"embeddable":true,"href":"https:\/\/fuladevelopment.eu\/hu\/wp-json\/wp\/v2\/users\/1"}],"replies":[{"embeddable":true,"href":"https:\/\/fuladevelopment.eu\/hu\/wp-json\/wp\/v2\/comments?post=3482"}],"version-history":[{"count":3,"href":"https:\/\/fuladevelopment.eu\/hu\/wp-json\/wp\/v2\/pages\/3482\/revisions"}],"predecessor-version":[{"id":3759,"href":"https:\/\/fuladevelopment.eu\/hu\/wp-json\/wp\/v2\/pages\/3482\/revisions\/3759"}],"wp:attachment":[{"href":"https:\/\/fuladevelopment.eu\/hu\/wp-json\/wp\/v2\/media?parent=3482"}],"curies":[{"name":"wp","href":"https:\/\/api.w.org\/{rel}","templated":true}]}}