{"id":3485,"date":"2016-09-06T01:15:18","date_gmt":"2016-09-06T01:15:18","guid":{"rendered":"http:\/\/fuladevelopment.eu\/kontakt"},"modified":"2023-07-03T08:44:24","modified_gmt":"2023-07-03T06:44:24","slug":"kapcsolat","status":"publish","type":"page","link":"https:\/\/fuladevelopment.eu\/hu\/kapcsolat","title":{"rendered":"Kapcsolat"},"content":{"rendered":"<p>[vc_row full_width=&#8221;stretch_row_content&#8221; content_placement=&#8221;middle&#8221; css=&#8221;.vc_custom_1506501911232{padding-top: 85px !important;padding-bottom: 105px !important;background-image: url(http:\/\/fuladevelopment.eu\/wp-content\/uploads\/2016\/09\/brick-wall.jpg?id=346) !important;}&#8221; el_class=&#8221;slz_bg-center&#8221;][vc_column width=&#8221;1\/6&#8243;][\/vc_column][vc_column width=&#8221;4\/6&#8243;]<div class=\"slz-shortcode  sc-contact-style-2 contact-122046348569e715edda45b  list-contact-info sc-contact\">\n\t<h5 class=\"title\">L\u00e9pjen vel\u00fcnk kapcsolatba<\/h5>\t<div class=\"item-wrap\">\n\t\t<div class=\"item\">\n\t\t\t        <div class=\"contact-info-box\">\n\t\t\t            <div class=\"contact-info-cell\">\n\t\t\t                <div class=\"wrapper-icons\"><i class=\"icons fa fa fa-map-marker\"><\/i><\/div>\n\t\t\t            <\/div>\n\t\t\t            <div class=\"contact-info-cell\">\n\t\t\t                 <div class=\"wrapper-info\"><div class=\"text\"><b>Sz\u00e9khely<\/b><br \/>\nVirido Kft.<br \/>\nMosonmagyar\u00f3v\u00e1r<br \/>\n9200, K\u00e1lnoki \u00fat 49.<br \/>\n<br \/>\n<br \/>\n <\/div><\/div>\n\t\t\t            <\/div>\n\t\t\t        <\/div>\n\t\t\t\t <\/div><div class=\"item\">\n\t\t\t        <div class=\"contact-info-box\">\n\t\t\t            <div class=\"contact-info-cell\">\n\t\t\t                <div class=\"wrapper-icons\"><i class=\"icons fa fa fa-map-marker\"><\/i><\/div>\n\t\t\t            <\/div>\n\t\t\t            <div class=\"contact-info-cell\">\n\t\t\t                 <div class=\"wrapper-info\"><div class=\"text\"><b>Kirendelts\u00e9g<\/b><br \/>\nR\u00e9vov\u00e1 ulica 5 <br \/>\n81102, Pozsony<br \/>\n <\/div><\/div>\n\t\t\t            <\/div>\n\t\t\t        <\/div>\n\t\t\t\t <\/div><div class=\"item\">\n\t\t\t        <div class=\"contact-info-box\">\n\t\t\t            <div class=\"contact-info-cell\">\n\t\t\t                <div class=\"wrapper-icons\"><i class=\"icons fa fa fa-phone\"><\/i><\/div>\n\t\t\t            <\/div>\n\t\t\t            <div class=\"contact-info-cell\">\n\t\t\t                 <div class=\"wrapper-info\"><div class=\"text\"><b>Tel.:<\/b><br \/>\nFucsek Lajos<br \/>\n<a href=\"tel:+421 919800400\" class=\"text-bold\">+421 919800400<\/a><\/div><\/div>\n\t\t\t            <\/div>\n\t\t\t        <\/div>\n\t\t\t\t <\/div><div class=\"item\">\n\t\t\t        <div class=\"contact-info-box\">\n\t\t\t            <div class=\"contact-info-cell\">\n\t\t\t                <div class=\"wrapper-icons\"><i class=\"icons fa fa fa-envelope\"><\/i><\/div>\n\t\t\t            <\/div>\n\t\t\t            <div class=\"contact-info-cell\">\n\t\t\t                 <div class=\"wrapper-info\"><div class=\"text\"><b>Email:<\/b><br \/>\n<a href=\"mailto:info@buildplus.com\">info@fula.eu<\/a><\/div><\/div>\n\t\t\t            <\/div>\n\t\t\t        <\/div>\n\t\t\t\t <\/div>\t<\/div>\n<\/div>\n[\/vc_column][vc_column width=&#8221;1\/6&#8243;][\/vc_column][\/vc_row][vc_row full_width=&#8221;stretch_row_content_no_spaces&#8221;][vc_column css=&#8221;.vc_custom_1473128334520{padding-top: 0px !important;}&#8221;]<div class=\"slz-shortcode sc-contact-map contact-map contact-113590902569e715edda897 \">\n\t<div id=\"googleMap\" data-mapker=\"https:\/\/fuladevelopment.eu\/wp-content\/uploads\/2016\/09\/icon-map.png\" data-json='[\"R\\u00e9vov\\u00e1 ulica 5, Bratislava\"]' data-zoom=\"11\" data-color=\"\"><\/div>\n  \t<div class=\"container\">\n\t\t\t        <div class=\"row\">\n\t\t\t            <div class=\"col-md-6 pull-right\">\n\t\t\t                <div class=\"contact-form\">\n\t\t\t                   <div class=\"contact-title\">KAPCSOLATFELV\u00c9TELI \u0170RLAP<\/div>\n\t\t\t                   \n<div class=\"wpcf7 no-js\" id=\"wpcf7-f3791-o1\" lang=\"sk-SK\" dir=\"ltr\" data-wpcf7-id=\"3791\">\n<div class=\"screen-reader-response\"><p role=\"status\" aria-live=\"polite\" aria-atomic=\"true\"><\/p> <ul><\/ul><\/div>\n<form action=\"\/hu\/wp-json\/wp\/v2\/pages\/3485#wpcf7-f3791-o1\" method=\"post\" class=\"wpcf7-form init sc-contact-ctf main-form\" aria-label=\"Kontaktn\u00fd formul\u00e1r\" novalidate=\"novalidate\" data-status=\"init\">\n<fieldset class=\"hidden-fields-container\"><input type=\"hidden\" name=\"_wpcf7\" value=\"3791\" \/><input type=\"hidden\" name=\"_wpcf7_version\" value=\"6.1.4\" \/><input type=\"hidden\" name=\"_wpcf7_locale\" value=\"sk_SK\" \/><input type=\"hidden\" name=\"_wpcf7_unit_tag\" value=\"wpcf7-f3791-o1\" \/><input type=\"hidden\" name=\"_wpcf7_container_post\" value=\"0\" \/><input type=\"hidden\" name=\"_wpcf7_posted_data_hash\" value=\"\" \/>\n<\/fieldset>\n<p><input type=\"text\" name=\"your-name\" class=\"wpcf7-form-control wpcf7-text wpcf7-validates-as-required name form-control\" aria-required=\"true\" aria-invalid=\"false\" placeholder=\"N\u00e9v*\" \/><br \/>\n<input type=\"text\" name=\"your-email\" class=\"wpcf7-form-control wpcf7-text wpcf7-validates-as-required name form-control\" aria-required=\"true\" aria-invalid=\"false\" placeholder=\"Email*\" \/><br \/>\n<input type=\"text\" name=\"your-tel\" class=\"wpcf7-form-control wpcf7-text wpcf7-validates-as-required name form-control\" aria-required=\"true\" aria-invalid=\"false\" placeholder=\"Tel. sz\u00e1m*\" \/><br \/>\n<textarea name=\"your-message\" cols=\"40\" rows=\"2\" class=\"wpcf7-form-control wpcf7-textarea message form-control\" aria-invalid=\"false\" placeholder=\"\u00dczenet\"><\/textarea><br \/>\n<span id=\"wpcf7-69e715eddc3d4-wrapper\" class=\"wpcf7-form-control-wrap honeypot-454-wrap\" style=\"display:none !important; visibility:hidden !important;\"><label for=\"wpcf7-69e715eddc3d4-field\" class=\"hp-message\">Please leave this field empty.<\/label><input id=\"wpcf7-69e715eddc3d4-field\"  class=\"wpcf7-form-control wpcf7-text\" type=\"text\" name=\"honeypot-454\" value=\"\" size=\"40\" tabindex=\"-1\" autocomplete=\"new-password\" \/><\/span><br \/>\n<span class=\"wpcf7-form-control-wrap\" data-name=\"accept-this-1\"><span class=\"wpcf7-form-control wpcf7-acceptance\"><span class=\"wpcf7-list-item\"><label><input type=\"checkbox\" name=\"accept-this-1\" value=\"1\" aria-invalid=\"false\" \/><span class=\"wpcf7-list-item-label\">Hozz\u00e1j\u00e1rulok a szem\u00e9lyes adataim kezel\u00e9s\u00e9hez \u00e9s t\u00e1rol\u00e1s\u00e1hoz. <a href=\"https:\/\/fuladevelopment.eu\/hu\/adatvedelem-es-cookiek\" target=\"_blank\">Adatv\u00e9delem<\/a><\/span><\/label><\/span><\/span><\/span>\n<\/p>\n<p><input type=\"submit\" value=\"K\u00fcld\u00e9s\" class=\"wpcf7-form-control wpcf7-submit btn white-color\" \/><img decoding=\"async\" class=\"ajax-loader\" src=\"http:\/\/wp.swlabs.co\/buildplus\/wp-content\/plugins\/contact-form-7\/images\/ajax-loader.gif\" alt=\"K\u00fcld\u00e9s ...\" style=\"visibility: hidden;\" \/>\n<\/p><div class=\"wpcf7-response-output\" aria-hidden=\"true\"><\/div>\n<\/form>\n<\/div>\n\n\t\t\t                <\/div>\n\t\t\t            <\/div>\n\t\t\t        <\/div>\n\t\t\t\t<\/div><\/div>[\/vc_column][\/vc_row]<\/p>\n","protected":false},"excerpt":{"rendered":"<p>[vc_row full_width=&#8221;stretch_row_content&#8221; content_placement=&#8221;middle&#8221; css=&#8221;.vc_custom_1506501911232{padding-top: 85px !important;padding-bottom: 105px !important;background-image: url(http:\/\/fuladevelopment.eu\/wp-content\/uploads\/2016\/09\/brick-wall.jpg?id=346) !important;}&#8221; el_class=&#8221;slz_bg-center&#8221;][vc_column width=&#8221;1\/6&#8243;][\/vc_column][vc_column width=&#8221;4\/6&#8243;][\/vc_column][vc_column width=&#8221;1\/6&#8243;][\/vc_column][\/vc_row][vc_row full_width=&#8221;stretch_row_content_no_spaces&#8221;][vc_column css=&#8221;.vc_custom_1473128334520{padding-top: 0px !important;}&#8221;][\/vc_column][\/vc_row]<\/p>\n","protected":false},"author":1,"featured_media":0,"parent":0,"menu_order":0,"comment_status":"closed","ping_status":"closed","template":"","meta":{"_monsterinsights_skip_tracking":false,"_monsterinsights_sitenote_active":false,"_monsterinsights_sitenote_note":"","_monsterinsights_sitenote_category":0,"footnotes":""},"class_list":["post-3485","page","type-page","status-publish","hentry"],"yoast_head":"<!-- This site is optimized with the Yoast SEO plugin v26.5 - https:\/\/yoast.com\/wordpress\/plugins\/seo\/ -->\n<title>Kapcsolat - Fula Development<\/title>\n<meta name=\"description\" content=\"Ne habozzon keresni benn\u00fcnket! C\u00e9gvezet\u0151: Fucsek Lajos, \u00e9p\u00edt\u0151m\u00e9rn\u00f6k, E-mail: info@fula.eu, Telefon: 00421 919 800 400\" \/>\n<meta name=\"robots\" content=\"index, follow, max-snippet:-1, max-image-preview:large, max-video-preview:-1\" \/>\n<link rel=\"canonical\" href=\"https:\/\/fuladevelopment.eu\/hu\/kapcsolat\" \/>\n<meta property=\"og:locale\" content=\"hu_HU\" \/>\n<meta property=\"og:type\" content=\"article\" \/>\n<meta property=\"og:title\" content=\"Kapcsolat - Fula Development\" \/>\n<meta property=\"og:description\" content=\"Ne habozzon keresni benn\u00fcnket! C\u00e9gvezet\u0151: Fucsek Lajos, \u00e9p\u00edt\u0151m\u00e9rn\u00f6k, E-mail: info@fula.eu, Telefon: 00421 919 800 400\" \/>\n<meta property=\"og:url\" content=\"https:\/\/fuladevelopment.eu\/hu\/kapcsolat\" \/>\n<meta property=\"og:site_name\" content=\"Fula Development\" \/>\n<meta property=\"article:modified_time\" content=\"2023-07-03T06:44:24+00:00\" \/>\n<meta name=\"twitter:card\" content=\"summary_large_image\" \/>\n<meta name=\"twitter:label1\" content=\"Becs\u00fclt olvas\u00e1si id\u0151\" \/>\n\t<meta name=\"twitter:data1\" content=\"1 perc\" \/>\n<script type=\"application\/ld+json\" class=\"yoast-schema-graph\">{\"@context\":\"https:\/\/schema.org\",\"@graph\":[{\"@type\":\"WebPage\",\"@id\":\"https:\/\/fuladevelopment.eu\/hu\/kapcsolat\",\"url\":\"https:\/\/fuladevelopment.eu\/hu\/kapcsolat\",\"name\":\"Kapcsolat - Fula Development\",\"isPartOf\":{\"@id\":\"https:\/\/fuladevelopment.eu\/#website\"},\"datePublished\":\"2016-09-06T01:15:18+00:00\",\"dateModified\":\"2023-07-03T06:44:24+00:00\",\"description\":\"Ne habozzon keresni benn\u00fcnket! C\u00e9gvezet\u0151: Fucsek Lajos, \u00e9p\u00edt\u0151m\u00e9rn\u00f6k, E-mail: info@fula.eu, Telefon: 00421 919 800 400\",\"breadcrumb\":{\"@id\":\"https:\/\/fuladevelopment.eu\/hu\/kapcsolat#breadcrumb\"},\"inLanguage\":\"hu\",\"potentialAction\":[{\"@type\":\"ReadAction\",\"target\":[\"https:\/\/fuladevelopment.eu\/hu\/kapcsolat\"]}]},{\"@type\":\"BreadcrumbList\",\"@id\":\"https:\/\/fuladevelopment.eu\/hu\/kapcsolat#breadcrumb\",\"itemListElement\":[{\"@type\":\"ListItem\",\"position\":1,\"name\":\"Home\",\"item\":\"https:\/\/fuladevelopment.eu\/hu\"},{\"@type\":\"ListItem\",\"position\":2,\"name\":\"Kapcsolat\"}]},{\"@type\":\"WebSite\",\"@id\":\"https:\/\/fuladevelopment.eu\/#website\",\"url\":\"https:\/\/fuladevelopment.eu\/\",\"name\":\"Fula Development\",\"description\":\"\",\"potentialAction\":[{\"@type\":\"SearchAction\",\"target\":{\"@type\":\"EntryPoint\",\"urlTemplate\":\"https:\/\/fuladevelopment.eu\/?s={search_term_string}\"},\"query-input\":{\"@type\":\"PropertyValueSpecification\",\"valueRequired\":true,\"valueName\":\"search_term_string\"}}],\"inLanguage\":\"hu\"}]}<\/script>\n<!-- \/ Yoast SEO plugin. -->","yoast_head_json":{"title":"Kapcsolat - Fula Development","description":"Ne habozzon keresni benn\u00fcnket! C\u00e9gvezet\u0151: Fucsek Lajos, \u00e9p\u00edt\u0151m\u00e9rn\u00f6k, E-mail: info@fula.eu, Telefon: 00421 919 800 400","robots":{"index":"index","follow":"follow","max-snippet":"max-snippet:-1","max-image-preview":"max-image-preview:large","max-video-preview":"max-video-preview:-1"},"canonical":"https:\/\/fuladevelopment.eu\/hu\/kapcsolat","og_locale":"hu_HU","og_type":"article","og_title":"Kapcsolat - Fula Development","og_description":"Ne habozzon keresni benn\u00fcnket! C\u00e9gvezet\u0151: Fucsek Lajos, \u00e9p\u00edt\u0151m\u00e9rn\u00f6k, E-mail: info@fula.eu, Telefon: 00421 919 800 400","og_url":"https:\/\/fuladevelopment.eu\/hu\/kapcsolat","og_site_name":"Fula Development","article_modified_time":"2023-07-03T06:44:24+00:00","twitter_card":"summary_large_image","twitter_misc":{"Becs\u00fclt olvas\u00e1si id\u0151":"1 perc"},"schema":{"@context":"https:\/\/schema.org","@graph":[{"@type":"WebPage","@id":"https:\/\/fuladevelopment.eu\/hu\/kapcsolat","url":"https:\/\/fuladevelopment.eu\/hu\/kapcsolat","name":"Kapcsolat - Fula Development","isPartOf":{"@id":"https:\/\/fuladevelopment.eu\/#website"},"datePublished":"2016-09-06T01:15:18+00:00","dateModified":"2023-07-03T06:44:24+00:00","description":"Ne habozzon keresni benn\u00fcnket! C\u00e9gvezet\u0151: Fucsek Lajos, \u00e9p\u00edt\u0151m\u00e9rn\u00f6k, E-mail: info@fula.eu, Telefon: 00421 919 800 400","breadcrumb":{"@id":"https:\/\/fuladevelopment.eu\/hu\/kapcsolat#breadcrumb"},"inLanguage":"hu","potentialAction":[{"@type":"ReadAction","target":["https:\/\/fuladevelopment.eu\/hu\/kapcsolat"]}]},{"@type":"BreadcrumbList","@id":"https:\/\/fuladevelopment.eu\/hu\/kapcsolat#breadcrumb","itemListElement":[{"@type":"ListItem","position":1,"name":"Home","item":"https:\/\/fuladevelopment.eu\/hu"},{"@type":"ListItem","position":2,"name":"Kapcsolat"}]},{"@type":"WebSite","@id":"https:\/\/fuladevelopment.eu\/#website","url":"https:\/\/fuladevelopment.eu\/","name":"Fula Development","description":"","potentialAction":[{"@type":"SearchAction","target":{"@type":"EntryPoint","urlTemplate":"https:\/\/fuladevelopment.eu\/?s={search_term_string}"},"query-input":{"@type":"PropertyValueSpecification","valueRequired":true,"valueName":"search_term_string"}}],"inLanguage":"hu"}]}},"_links":{"self":[{"href":"https:\/\/fuladevelopment.eu\/hu\/wp-json\/wp\/v2\/pages\/3485","targetHints":{"allow":["GET"]}}],"collection":[{"href":"https:\/\/fuladevelopment.eu\/hu\/wp-json\/wp\/v2\/pages"}],"about":[{"href":"https:\/\/fuladevelopment.eu\/hu\/wp-json\/wp\/v2\/types\/page"}],"author":[{"embeddable":true,"href":"https:\/\/fuladevelopment.eu\/hu\/wp-json\/wp\/v2\/users\/1"}],"replies":[{"embeddable":true,"href":"https:\/\/fuladevelopment.eu\/hu\/wp-json\/wp\/v2\/comments?post=3485"}],"version-history":[{"count":12,"href":"https:\/\/fuladevelopment.eu\/hu\/wp-json\/wp\/v2\/pages\/3485\/revisions"}],"predecessor-version":[{"id":5258,"href":"https:\/\/fuladevelopment.eu\/hu\/wp-json\/wp\/v2\/pages\/3485\/revisions\/5258"}],"wp:attachment":[{"href":"https:\/\/fuladevelopment.eu\/hu\/wp-json\/wp\/v2\/media?parent=3485"}],"curies":[{"name":"wp","href":"https:\/\/api.w.org\/{rel}","templated":true}]}}