{"id":3487,"date":"2016-09-05T10:49:36","date_gmt":"2016-09-05T10:49:36","guid":{"rendered":"http:\/\/fuladevelopment.eu\/blog-2"},"modified":"2017-11-20T11:38:16","modified_gmt":"2017-11-20T10:38:16","slug":"cikkek","status":"publish","type":"page","link":"https:\/\/fuladevelopment.eu\/hu\/blog+","title":{"rendered":"Blog"},"content":{"rendered":"<p>[vc_row el_class=&#8221;slz_row-pre-footer&#8221;][vc_column]<div class=\"slz-shortcode blog-content \" >\n\t<div class=\"list-block block-48216268769db96689b6d8 column-1\" >\n\t\t\n\t\t<div class=\"item post-4687 post type-post status-publish format-standard has-post-thumbnail hentry category-dizajn-stilus-inspiracio category-legfrissebb-cikkek\">\n\t\t\t<div class=\"block-1 \">\n\t\t\t\t\n\t\t\t\t<div class=\"block-image\"><img loading=\"lazy\" decoding=\"async\" width=\"1200\" height=\"650\" src=\"https:\/\/fuladevelopment.eu\/wp-content\/uploads\/2018\/01\/Farebn\u00e9-trendy-4.png\" class=\"img-full\" alt=\"beton a lak\u00e1sban\" srcset=\"https:\/\/fuladevelopment.eu\/wp-content\/uploads\/2018\/01\/Farebn\u00e9-trendy-4.png 1200w, https:\/\/fuladevelopment.eu\/wp-content\/uploads\/2018\/01\/Farebn\u00e9-trendy-4-300x163.png 300w, https:\/\/fuladevelopment.eu\/wp-content\/uploads\/2018\/01\/Farebn\u00e9-trendy-4-768x416.png 768w, https:\/\/fuladevelopment.eu\/wp-content\/uploads\/2018\/01\/Farebn\u00e9-trendy-4-1024x555.png 1024w\" sizes=\"auto, (max-width: 1200px) 100vw, 1200px\" \/><a href=\"https:\/\/fuladevelopment.eu\/hu\/igy-epitsd-be-a-batont-a-lakasba\" class=\"link\"><\/a><\/div>\n\t\t\t\t<div class=\"block-info\"><i class=\"icons fa fa-bookmark\"><\/i><div class=\"block\"><a href=\"https:\/\/fuladevelopment.eu\/hu\/author\/maria-garai\" class=\"link\">M\u00e1ria<\/a><\/div><div class=\"block\"><span class=\"link\">date:<\/span><a href=\"https:\/\/fuladevelopment.eu\/hu\/igy-epitsd-be-a-batont-a-lakasba\" class=\"link date\">23. janu\u00e1r 2018<\/a><\/div><div class=\"block\"><span class=\"link\">709 Views<\/span><\/div><\/div>\n\t\t\t\t<div class=\"block-content\">\n\t\t\t\t\t<a href=\"https:\/\/fuladevelopment.eu\/hu\/igy-epitsd-be-a-batont-a-lakasba\" class=\"title\" >\u00cdgy \u00e9p\u00edtsd be a betont a lak\u00e1sba<\/a>\n\t\t\t\t\t<div class=\"description\">M\u00e1r r\u00e9g\u00f3ta nem \u00e9rv\u00e9nyes, hogy a beton egyhang\u00fa, rideg \u00e9s sz\u00fcrke. \u00c9ppen ellenkez\u0151leg. A lak\u00e1s b\u00e1rmely r\u00e9sz\u00e9ben megtal\u00e1lhatjuk, sokf\u00e9le form\u00e1ban \u00e9s ak\u00e1r sz\u00ednben is. <\/div>\n\t\t\t\t\t<a href=\"https:\/\/fuladevelopment.eu\/hu\/igy-epitsd-be-a-batont-a-lakasba\" class=\"readmore-icons\"><i class=\"icons flaticon-bleed\"><\/i><\/a>\n\t\t\t\t<\/div>\n\t\t\t<\/div>\n\t\t<\/div>\n\n\t\t<div class=\"item post-4632 post type-post status-publish format-standard has-post-thumbnail hentry category-dizajn-stilus-inspiracio category-legfrissebb-cikkek\">\n\t\t\t<div class=\"block-1 \">\n\t\t\t\t\n\t\t\t\t<div class=\"block-image\"><img loading=\"lazy\" decoding=\"async\" width=\"1200\" height=\"650\" src=\"https:\/\/fuladevelopment.eu\/wp-content\/uploads\/2018\/01\/Copy-of-Farebn\u00e9-trendy.png\" class=\"img-full\" alt=\"\" srcset=\"https:\/\/fuladevelopment.eu\/wp-content\/uploads\/2018\/01\/Copy-of-Farebn\u00e9-trendy.png 1200w, https:\/\/fuladevelopment.eu\/wp-content\/uploads\/2018\/01\/Copy-of-Farebn\u00e9-trendy-300x163.png 300w, https:\/\/fuladevelopment.eu\/wp-content\/uploads\/2018\/01\/Copy-of-Farebn\u00e9-trendy-768x416.png 768w, https:\/\/fuladevelopment.eu\/wp-content\/uploads\/2018\/01\/Copy-of-Farebn\u00e9-trendy-1024x555.png 1024w\" sizes=\"auto, (max-width: 1200px) 100vw, 1200px\" \/><a href=\"https:\/\/fuladevelopment.eu\/hu\/ezek-2018-szintrendjei-a-lakberendezesben\" class=\"link\"><\/a><\/div>\n\t\t\t\t<div class=\"block-info\"><i class=\"icons fa fa-bookmark\"><\/i><div class=\"block\"><a href=\"https:\/\/fuladevelopment.eu\/hu\/author\/maria-garai\" class=\"link\">M\u00e1ria<\/a><\/div><div class=\"block\"><span class=\"link\">date:<\/span><a href=\"https:\/\/fuladevelopment.eu\/hu\/ezek-2018-szintrendjei-a-lakberendezesben\" class=\"link date\">15. janu\u00e1r 2018<\/a><\/div><div class=\"block\"><span class=\"link\">587 Views<\/span><\/div><\/div>\n\t\t\t\t<div class=\"block-content\">\n\t\t\t\t\t<a href=\"https:\/\/fuladevelopment.eu\/hu\/ezek-2018-szintrendjei-a-lakberendezesben\" class=\"title\" >Ezek 2018 sz\u00edntrendjei a lakberendez\u00e9sben<\/a>\n\t\t\t\t\t<div class=\"description\">8 sz\u00ednpalett\u00e1b\u00f3l v\u00e1logathatnak azok, akik a 2018-as divat szerint szeretn\u00e9k lak\u00e1sukat sz\u00ednekbe \u00f6lt\u00f6ztetni. Eleg\u00e1ns, boh\u00f3k\u00e1s, natur\u00e1lis \u00e9s megh\u00f6kkent\u0151 kombin\u00e1ci\u00f3k is sz\u00fclettek.\r\n<\/div>\n\t\t\t\t\t<a href=\"https:\/\/fuladevelopment.eu\/hu\/ezek-2018-szintrendjei-a-lakberendezesben\" class=\"readmore-icons\"><i class=\"icons flaticon-bleed\"><\/i><\/a>\n\t\t\t\t<\/div>\n\t\t\t<\/div>\n\t\t<\/div>\n\n\t\t<div class=\"item post-4548 post type-post status-publish format-standard has-post-thumbnail hentry category-dizajn-stilus-inspiracio category-legfrissebb-cikkek tag-ekologicke-strechy-hu tag-zelene-strechy-hu\">\n\t\t\t<div class=\"block-1 \">\n\t\t\t\t\n\t\t\t\t<div class=\"block-image\"><img loading=\"lazy\" decoding=\"async\" width=\"1200\" height=\"628\" src=\"https:\/\/fuladevelopment.eu\/wp-content\/uploads\/2017\/12\/greeen-1200x628.jpg\" class=\"img-full\" alt=\"\" srcset=\"https:\/\/fuladevelopment.eu\/wp-content\/uploads\/2017\/12\/greeen.jpg 1200w, https:\/\/fuladevelopment.eu\/wp-content\/uploads\/2017\/12\/greeen-300x157.jpg 300w, https:\/\/fuladevelopment.eu\/wp-content\/uploads\/2017\/12\/greeen-768x402.jpg 768w, https:\/\/fuladevelopment.eu\/wp-content\/uploads\/2017\/12\/greeen-1024x536.jpg 1024w\" sizes=\"auto, (max-width: 1200px) 100vw, 1200px\" \/><a href=\"https:\/\/fuladevelopment.eu\/hu\/csaladi-hazak-zoldtetovel\" class=\"link\"><\/a><\/div>\n\t\t\t\t<div class=\"block-info\"><i class=\"icons fa fa-bookmark\"><\/i><div class=\"block\"><a href=\"https:\/\/fuladevelopment.eu\/hu\/author\/maria-garai\" class=\"link\">M\u00e1ria<\/a><\/div><div class=\"block\"><span class=\"link\">date:<\/span><a href=\"https:\/\/fuladevelopment.eu\/hu\/csaladi-hazak-zoldtetovel\" class=\"link date\">15. december 2017<\/a><\/div><div class=\"block\"><span class=\"link\">725 Views<\/span><\/div><\/div>\n\t\t\t\t<div class=\"block-content\">\n\t\t\t\t\t<a href=\"https:\/\/fuladevelopment.eu\/hu\/csaladi-hazak-zoldtetovel\" class=\"title\" >Csal\u00e1di h\u00e1zak z\u00f6ldtet\u0151vel<\/a>\n\t\t\t\t\t<div class=\"description\">Z\u00f6ldtet\u0151, \u00f6kol\u00f3giai tet\u0151, veget\u00e1ci\u00f3s tet\u0151, el\u0151 tet\u0151, kert a tet\u0151n- mindegy, hogy ki hogyan nevezi, egyet jelent- term\u00e9szet.<\/div>\n\t\t\t\t\t<a href=\"https:\/\/fuladevelopment.eu\/hu\/csaladi-hazak-zoldtetovel\" class=\"readmore-icons\"><i class=\"icons flaticon-bleed\"><\/i><\/a>\n\t\t\t\t<\/div>\n\t\t\t<\/div>\n\t\t<\/div>\n\n\t\t<div class=\"item post-4486 post type-post status-publish format-gallery has-post-thumbnail hentry category-dizajn-stilus-inspiracio category-legfrissebb-cikkek post_format-post-format-gallery\">\n\t\t\t<div class=\"block-1 \">\n\t\t\t\t\n\t\t\t\t<div class=\"block-image\"><img loading=\"lazy\" decoding=\"async\" width=\"1200\" height=\"650\" src=\"https:\/\/fuladevelopment.eu\/wp-content\/uploads\/2017\/12\/merry-christmas-2953721_1280-1200x650.jpg\" class=\"img-full\" alt=\"\" \/><a href=\"https:\/\/fuladevelopment.eu\/hu\/kreativ-ajandek-otletek-epiteszmernokoknek\" class=\"link\"><\/a><\/div>\n\t\t\t\t<div class=\"block-info\"><i class=\"icons fa fa-bookmark\"><\/i><div class=\"block\"><a href=\"https:\/\/fuladevelopment.eu\/hu\/author\/maria-garai\" class=\"link\">M\u00e1ria<\/a><\/div><div class=\"block\"><span class=\"link\">date:<\/span><a href=\"https:\/\/fuladevelopment.eu\/hu\/kreativ-ajandek-otletek-epiteszmernokoknek\" class=\"link date\">8. december 2017<\/a><\/div><div class=\"block\"><span class=\"link\">939 Views<\/span><\/div><\/div>\n\t\t\t\t<div class=\"block-content\">\n\t\t\t\t\t<a href=\"https:\/\/fuladevelopment.eu\/hu\/kreativ-ajandek-otletek-epiteszmernokoknek\" class=\"title\" >Kreat\u00edv aj\u00e1nd\u00e9k \u00f6tletek \u00e9p\u00edt\u00e9szm\u00e9rn\u00f6k\u00f6knek<\/a>\n\t\t\t\t\t<div class=\"description\">Ennek a bejegyz\u00e9snek csak szlov\u00e1k nyelv\u0171 v\u00e1ltozata van. <\/div>\n\t\t\t\t\t<a href=\"https:\/\/fuladevelopment.eu\/hu\/kreativ-ajandek-otletek-epiteszmernokoknek\" class=\"readmore-icons\"><i class=\"icons flaticon-bleed\"><\/i><\/a>\n\t\t\t\t<\/div>\n\t\t\t<\/div>\n\t\t<\/div>\n\t<\/div>\n<\/div>\n<div class=\"clearfix\"><\/div>\n<div class=\"pagination-wrapper undefined margin-top-50\"><ul class=\"pagination\"><li><a href=\"https:\/\/fuladevelopment.eu\/hu\/wp-json\/wp\/v2\/pages\/3487\" class=\"link previous\">previous<\/a><\/li><li><span class=\"link active\">1<\/span><\/li><li><a href=\"https:\/\/fuladevelopment.eu\/hu\/wp-json\/wp\/v2\/pages\/3487\/page\/2\" class=\"link\" >2<\/a><\/li><li><a href=\"https:\/\/fuladevelopment.eu\/hu\/wp-json\/wp\/v2\/pages\/3487\/page\/2\" class=\"link next\">next<\/a><\/li><\/ul>\n<\/div>[\/vc_column][\/vc_row]<\/p>\n","protected":false},"excerpt":{"rendered":"<p>[vc_row el_class=&#8221;slz_row-pre-footer&#8221;][vc_column][\/vc_column][\/vc_row]<\/p>\n","protected":false},"author":1,"featured_media":0,"parent":0,"menu_order":0,"comment_status":"closed","ping_status":"closed","template":"","meta":{"_monsterinsights_skip_tracking":false,"_monsterinsights_sitenote_active":false,"_monsterinsights_sitenote_note":"","_monsterinsights_sitenote_category":0,"footnotes":""},"class_list":["post-3487","page","type-page","status-publish","hentry"],"yoast_head":"<!-- This site is optimized with the Yoast SEO plugin v26.5 - https:\/\/yoast.com\/wordpress\/plugins\/seo\/ -->\n<title>Leg\u00fajabb bejegyz\u00e9sek \u00e9p\u00edtkez\u00e9s t\u00e9m\u00e1ban - Fula Development<\/title>\n<meta name=\"description\" content=\"Olvassa el blog bejegyz\u00e9seinket! Hasznos tan\u00e1csok, tudnival\u00f3k, friss h\u00edrek, \u00e9rdekess\u00e9gek \u00e9s b\u00e1rmi, ami az \u00e9p\u00edt\u00e9szettel \u00f6sszef\u00fcgg.\" \/>\n<meta name=\"robots\" content=\"index, follow, max-snippet:-1, max-image-preview:large, max-video-preview:-1\" \/>\n<link rel=\"canonical\" href=\"https:\/\/fuladevelopment.eu\/hu\/blog%20\" \/>\n<meta property=\"og:locale\" content=\"hu_HU\" \/>\n<meta property=\"og:type\" content=\"article\" \/>\n<meta property=\"og:title\" content=\"Leg\u00fajabb bejegyz\u00e9sek \u00e9p\u00edtkez\u00e9s t\u00e9m\u00e1ban - Fula Development\" \/>\n<meta property=\"og:description\" content=\"Olvassa el blog bejegyz\u00e9seinket! Hasznos tan\u00e1csok, tudnival\u00f3k, friss h\u00edrek, \u00e9rdekess\u00e9gek \u00e9s b\u00e1rmi, ami az \u00e9p\u00edt\u00e9szettel \u00f6sszef\u00fcgg.\" \/>\n<meta property=\"og:url\" content=\"https:\/\/fuladevelopment.eu\/hu\/blog \" \/>\n<meta property=\"og:site_name\" content=\"Fula Development\" \/>\n<meta property=\"article:modified_time\" content=\"2017-11-20T10:38:16+00:00\" \/>\n<meta name=\"twitter:card\" content=\"summary_large_image\" \/>\n<script type=\"application\/ld+json\" class=\"yoast-schema-graph\">{\"@context\":\"https:\/\/schema.org\",\"@graph\":[{\"@type\":\"WebPage\",\"@id\":\"https:\/\/fuladevelopment.eu\/hu\/blog+\",\"url\":\"https:\/\/fuladevelopment.eu\/hu\/blog+\",\"name\":\"Leg\u00fajabb bejegyz\u00e9sek \u00e9p\u00edtkez\u00e9s t\u00e9m\u00e1ban - Fula Development\",\"isPartOf\":{\"@id\":\"https:\/\/fuladevelopment.eu\/#website\"},\"datePublished\":\"2016-09-05T10:49:36+00:00\",\"dateModified\":\"2017-11-20T10:38:16+00:00\",\"description\":\"Olvassa el blog bejegyz\u00e9seinket! Hasznos tan\u00e1csok, tudnival\u00f3k, friss h\u00edrek, \u00e9rdekess\u00e9gek \u00e9s b\u00e1rmi, ami az \u00e9p\u00edt\u00e9szettel \u00f6sszef\u00fcgg.\",\"breadcrumb\":{\"@id\":\"https:\/\/fuladevelopment.eu\/hu\/blog+#breadcrumb\"},\"inLanguage\":\"hu\",\"potentialAction\":[{\"@type\":\"ReadAction\",\"target\":[\"https:\/\/fuladevelopment.eu\/hu\/blog+\"]}]},{\"@type\":\"BreadcrumbList\",\"@id\":\"https:\/\/fuladevelopment.eu\/hu\/blog+#breadcrumb\",\"itemListElement\":[{\"@type\":\"ListItem\",\"position\":1,\"name\":\"Home\",\"item\":\"https:\/\/fuladevelopment.eu\/hu\"},{\"@type\":\"ListItem\",\"position\":2,\"name\":\"Blog\"}]},{\"@type\":\"WebSite\",\"@id\":\"https:\/\/fuladevelopment.eu\/#website\",\"url\":\"https:\/\/fuladevelopment.eu\/\",\"name\":\"Fula Development\",\"description\":\"\",\"potentialAction\":[{\"@type\":\"SearchAction\",\"target\":{\"@type\":\"EntryPoint\",\"urlTemplate\":\"https:\/\/fuladevelopment.eu\/?s={search_term_string}\"},\"query-input\":{\"@type\":\"PropertyValueSpecification\",\"valueRequired\":true,\"valueName\":\"search_term_string\"}}],\"inLanguage\":\"hu\"}]}<\/script>\n<!-- \/ Yoast SEO plugin. -->","yoast_head_json":{"title":"Leg\u00fajabb bejegyz\u00e9sek \u00e9p\u00edtkez\u00e9s t\u00e9m\u00e1ban - Fula Development","description":"Olvassa el blog bejegyz\u00e9seinket! Hasznos tan\u00e1csok, tudnival\u00f3k, friss h\u00edrek, \u00e9rdekess\u00e9gek \u00e9s b\u00e1rmi, ami az \u00e9p\u00edt\u00e9szettel \u00f6sszef\u00fcgg.","robots":{"index":"index","follow":"follow","max-snippet":"max-snippet:-1","max-image-preview":"max-image-preview:large","max-video-preview":"max-video-preview:-1"},"canonical":"https:\/\/fuladevelopment.eu\/hu\/blog ","og_locale":"hu_HU","og_type":"article","og_title":"Leg\u00fajabb bejegyz\u00e9sek \u00e9p\u00edtkez\u00e9s t\u00e9m\u00e1ban - Fula Development","og_description":"Olvassa el blog bejegyz\u00e9seinket! Hasznos tan\u00e1csok, tudnival\u00f3k, friss h\u00edrek, \u00e9rdekess\u00e9gek \u00e9s b\u00e1rmi, ami az \u00e9p\u00edt\u00e9szettel \u00f6sszef\u00fcgg.","og_url":"https:\/\/fuladevelopment.eu\/hu\/blog ","og_site_name":"Fula Development","article_modified_time":"2017-11-20T10:38:16+00:00","twitter_card":"summary_large_image","schema":{"@context":"https:\/\/schema.org","@graph":[{"@type":"WebPage","@id":"https:\/\/fuladevelopment.eu\/hu\/blog+","url":"https:\/\/fuladevelopment.eu\/hu\/blog+","name":"Leg\u00fajabb bejegyz\u00e9sek \u00e9p\u00edtkez\u00e9s t\u00e9m\u00e1ban - Fula Development","isPartOf":{"@id":"https:\/\/fuladevelopment.eu\/#website"},"datePublished":"2016-09-05T10:49:36+00:00","dateModified":"2017-11-20T10:38:16+00:00","description":"Olvassa el blog bejegyz\u00e9seinket! Hasznos tan\u00e1csok, tudnival\u00f3k, friss h\u00edrek, \u00e9rdekess\u00e9gek \u00e9s b\u00e1rmi, ami az \u00e9p\u00edt\u00e9szettel \u00f6sszef\u00fcgg.","breadcrumb":{"@id":"https:\/\/fuladevelopment.eu\/hu\/blog+#breadcrumb"},"inLanguage":"hu","potentialAction":[{"@type":"ReadAction","target":["https:\/\/fuladevelopment.eu\/hu\/blog+"]}]},{"@type":"BreadcrumbList","@id":"https:\/\/fuladevelopment.eu\/hu\/blog+#breadcrumb","itemListElement":[{"@type":"ListItem","position":1,"name":"Home","item":"https:\/\/fuladevelopment.eu\/hu"},{"@type":"ListItem","position":2,"name":"Blog"}]},{"@type":"WebSite","@id":"https:\/\/fuladevelopment.eu\/#website","url":"https:\/\/fuladevelopment.eu\/","name":"Fula Development","description":"","potentialAction":[{"@type":"SearchAction","target":{"@type":"EntryPoint","urlTemplate":"https:\/\/fuladevelopment.eu\/?s={search_term_string}"},"query-input":{"@type":"PropertyValueSpecification","valueRequired":true,"valueName":"search_term_string"}}],"inLanguage":"hu"}]}},"_links":{"self":[{"href":"https:\/\/fuladevelopment.eu\/hu\/wp-json\/wp\/v2\/pages\/3487","targetHints":{"allow":["GET"]}}],"collection":[{"href":"https:\/\/fuladevelopment.eu\/hu\/wp-json\/wp\/v2\/pages"}],"about":[{"href":"https:\/\/fuladevelopment.eu\/hu\/wp-json\/wp\/v2\/types\/page"}],"author":[{"embeddable":true,"href":"https:\/\/fuladevelopment.eu\/hu\/wp-json\/wp\/v2\/users\/1"}],"replies":[{"embeddable":true,"href":"https:\/\/fuladevelopment.eu\/hu\/wp-json\/wp\/v2\/comments?post=3487"}],"version-history":[{"count":1,"href":"https:\/\/fuladevelopment.eu\/hu\/wp-json\/wp\/v2\/pages\/3487\/revisions"}],"predecessor-version":[{"id":3631,"href":"https:\/\/fuladevelopment.eu\/hu\/wp-json\/wp\/v2\/pages\/3487\/revisions\/3631"}],"wp:attachment":[{"href":"https:\/\/fuladevelopment.eu\/hu\/wp-json\/wp\/v2\/media?parent=3487"}],"curies":[{"name":"wp","href":"https:\/\/api.w.org\/{rel}","templated":true}]}}