{"id":5073,"date":"2018-05-25T15:16:33","date_gmt":"2018-05-25T13:16:33","guid":{"rendered":"https:\/\/fuladevelopment.eu\/ochrana-osobnych-udajov"},"modified":"2018-05-31T17:05:51","modified_gmt":"2018-05-31T15:05:51","slug":"adatvedelem-es-cookiek","status":"publish","type":"page","link":"https:\/\/fuladevelopment.eu\/hu\/adatvedelem-es-cookiek","title":{"rendered":"Adatv\u00e9delem \u00e9s cookie-k"},"content":{"rendered":"<h4><strong>Adatv\u00e9delem \u00e9s cookie-k <\/strong><\/h4>\n<p>Minden szem\u00e9lyes adatot, melyet a weboldalunkon\u00a0<strong><a href=\"http:\/\/www.fuladevelopment.eu\"><span style=\"color: #008000;\">www.fuladevelopment.eu<\/span><\/a><\/strong> val\u00f3 l\u00e1togat\u00e1sa sor\u00e1n \u00d6nr\u0151l szerz\u00fcnk, az E\u00da 2016\/679 (GDPR) int\u00e9zked\u00e9seivel \u00e9s a szem\u00e9lyes adatok v\u00e9delm\u00e9r\u0151l sz\u00f3l\u00f3 18\/2018 Z.z. t\u00f6rv\u00e9nnyel \u00f6sszhangban t\u00e1rolunk \u00e9s dolgozunk fel.<\/p>\n<p>&nbsp;<\/p>\n<h4><strong>Kapcsolatfelv\u00e9teli \u0171rlap<\/strong><\/h4>\n<p>C\u00e9g\u00fcnkkel a <a href=\"https:\/\/fuladevelopment.eu\/kontakt\"><span style=\"color: #008000;\">Kapcsolatfelv\u00e9teli \u0171rlap<\/span><\/a> seg\u00edts\u00e9g\u00e9vel is kapcsolatba tud l\u00e9pni.<\/p>\n<p>A kapcsolatfelv\u00e9teli \u0171rlap v\u00e9g\u00e9n\u00a0tal\u00e1lhat\u00f3 jel\u00f6l\u0151n\u00e9gyzet megjel\u00f6l\u00e9s\u00e9vel \u00d6n hozz\u00e1j\u00e1rul ahhoz, hogy a szem\u00e9lyes adatait a Fula Engineering s.r.o. t\u00e1rsas\u00e1g, sz\u00e9khely Z\u00e1hradn\u00e1 ulica 140\/16, 930 21 Pozsonyeperjes, Szlov\u00e1k K\u00f6zt\u00e1sas\u00e1g,\u00a0 I\u010cO\u00a0(szervezet azonos\u00edt\u00f3 sz\u00e1m): 46467122,\u00a0\u00a0DI\u010c (ad\u00f3azonos\u00edt\u00f3 sz\u00e1m): 2023397926, bejegyezve a Nagyszombat (Trnava) Ker\u00fcleti B\u00edr\u00f3s\u00e1g c\u00e9gjegyz\u00e9k\u00e9ben, szakasz Sro, bet\u00e9t 28556\/T kezelje, feldolgozza, t\u00e1rolja.<\/p>\n<p>A kapcsolatfelv\u00e9teli \u0171rlapon kereszt\u00fcl a k\u00f6vetkez\u0151 szem\u00e9lyes adatokat szolg\u00e1ltatja r\u00e9sz\u00fcnkre: n\u00e9v, e-mail c\u00edm \u00e9s telefonsz\u00e1m.<\/p>\n<p>Az \u00d6n szem\u00e9lyes adatait a kapcsolat \u00fajb\u00f3li l\u00e9trehoz\u00e1s\u00e1nak c\u00e9lj\u00e1b\u00f3l haszn\u00e1ljuk \u00e9s t\u00e1roljuk.\u00a0Am\u00edg nem kapunk \u00d6nt\u0151l \u00edr\u00e1sban nyilatkozatot arr\u00f3l, hogy elutas\u00edtja a szem\u00e9lyes adatai kezel\u00e9s\u00e9t \u00e9s feldolgoz\u00e1s\u00e1t, ig\u00e9nyeinknek megfelel\u0151en haszn\u00e1ljuk \u0151ket. \u00cdr\u00e1sban az info@fula.eu e-mail c\u00edmre elk\u00fcldve k\u00e9rheti a szem\u00e9lyes adatai t\u00f6rl\u00e9s\u00e9t az adatb\u00e1zisunkb\u00f3l.<\/p>\n<p>&nbsp;<\/p>\n<h4><strong>Szem\u00e9lyes adatok harmadik f\u00e9lnek val\u00f3 \u00e1tad\u00e1sa<\/strong><\/h4>\n<p>Szem\u00e9lyes adatait nem hozzuk nyilv\u00e1noss\u00e1gra, nem tessz\u00fck k\u00f6zz\u00e9 \u00e9s m\u00e1s m\u00f3don nem szolg\u00e1ltatjuk ki harmadik f\u00e9lnek, szervezetnek \u00e9s m\u00e1s jogalanynak (kiv\u00e9ve a t\u00f6rv\u00e9ny \u00e1ltal el\u0151\u00edrt eseteket).<\/p>\n<p>&nbsp;<\/p>\n<h4><strong>Szem\u00e9lyes adatok v\u00e9delme \u00e9s SSL titkos\u00edt\u00e1s<\/strong><\/h4>\n<p>A<a href=\"ttps:\/\/fuladevelopment.eu\"><span style=\"color: #008000;\"><strong> www.fuladevelopment.eu<\/strong><\/span><\/a>\u00a0weboldal SSL titkos\u00edt\u00e1st haszn\u00e1l, ennek megfelel\u0151en a weboldalunkon val\u00f3 b\u00f6ng\u00e9sz\u00e9se sor\u00e1n biztos\u00edtva van a biztons\u00e1gos kommunik\u00e1ci\u00f3 az \u00d6n b\u00f6ng\u00e9sz\u0151je \u00e9s a mi szerver\u00fcnk k\u00f6z\u00f6tt, harmadik f\u00e9l nem f\u00e9rhet hozz\u00e1.<\/p>\n<p>&nbsp;<\/p>\n<h4><strong>S\u00fctik ( cookie-k) , k\u00e9ppontok ( pixelek) \u00e9s haszn\u00e1latuk<\/strong><\/h4>\n<p>A s\u00fctik a b\u00f6ng\u00e9sz\u0151 \u00e1ltal a felhaszn\u00e1l\u00f3 eszk\u00f6z\u00e9re helyezett, kism\u00e9ret\u0171 sz\u00f6veges azonos\u00edt\u00e1st \u00e9s inform\u00e1ci\u00f3gy\u0171jt\u00e9st v\u00e9gz\u0151 \u00e1llom\u00e1nyok.\u00a0A s\u00fctik nem okoznak k\u00e1rt a sz\u00e1m\u00edt\u00f3g\u00e9pen, nem tartalmaznak v\u00edrusokat. A k\u00e9ppontok kism\u00e9ret\u0171 k\u00e9pek vagy k\u00f6vet\u0151k\u00f3dok, melyek a weboldalon vagy az e-mailben tal\u00e1lhat\u00f3ak,\u00a0\u00e9s inform\u00e1ci\u00f3kat gy\u0171jtenek a b\u00f6ng\u00e9sz\u0151j\u00e9r\u0151l vagy a mobileszk\u00f6z\u00e9r\u0151l, n\u00e9h\u00e1nyan k\u00f6z\u00fcl\u00fck cookie-kat is t\u00e1rolhatnak.<\/p>\n<p>A legt\u00f6bb b\u00f6ng\u00e9sz\u0151 automatikusan elfogadja a s\u00fctiket.\u00a0Az \u00d6n b\u00f6ng\u00e9sz\u0151j\u00e9t \u00e9rint\u0151 s\u00fctik be\u00e1ll\u00edt\u00e1s\u00e1t szab\u00e1lyozhatja vagy ak\u00e1r t\u00f6r\u00f6lheti is. A le\u00edr\u00e1st, hogyan kell a s\u00fctiket t\u00f6r\u00f6lni, megtal\u00e1lja b\u00f6ng\u00e9sz\u0151je \u201eS\u00fag\u00f3\u201d men\u00fcpontj\u00e1ban.<\/p>\n<p>Weboldalunkon a szolg\u00e1ltat\u00e1sainak fenntart\u00e1sa, fejleszt\u00e9se, valamint a felhaszn\u00e1l\u00f3i \u00e9lm\u00e9ny fokoz\u00e1sa \u00e9rdek\u00e9ben\u00a0s\u00fctiket (cookie-kat) \u00e9s pixeleket ( k\u00e9ppontok) alkalmazunk. Nem haszn\u00e1ljuk \u0151ket szem\u00e9lyes adatok ment\u00e9s\u00e9re, nem adjuk ki \u0151ket harmadik f\u00e9l sz\u00e1m\u00e1ra.\u00a0Ezek a cookie-k kiz\u00e1r\u00f3lag statisztikai c\u00e9lokra gy\u0171jtenek adatokat, nem gy\u0171jtenek szem\u00e9lyazonos\u00edt\u00e1sra alkalmas adatokat, \u00e9s az \u00f6sszegy\u0171jt\u00f6tt adatok n\u00e9vtelenek.<\/p>\n<p>A<a href=\"https:\/\/fuladevelopment.eu\" target=\"_blank\" rel=\"noopener\"><strong> <span style=\"color: #008000;\">www.fuladevelopment.eu<\/span><\/strong><\/a>\u00a0weboldal Google Analytics, Google Adwords \u00e9s Facebook Pixel s\u00fctiket \u00e9s k\u00e9ppontokat haszn\u00e1l statisztikai adatok n\u00e9vtelen gy\u0171jt\u00e9s\u00e9re \u00e9s marketing c\u00e9lokra.<\/p>\n<p><strong>Google Analytics:<\/strong>\u00a0<a href=\"https:\/\/support.google.com\/analytics\/topic\/2919631?hl=hu&amp;ref_topic=1008008\" target=\"_blank\" rel=\"noopener\"><span style=\"color: #008000;\">Adatv\u00e9delem \u00e9s biztons\u00e1g<\/span><\/a><\/p>\n<p><b>Google AdWords:\u00a0<\/b><a href=\"https:\/\/policies.google.com\/technologies\/ads?hl=hu\" target=\"_blank\" rel=\"noopener\"><span style=\"color: #008000;\">Hogyan haszn\u00e1lja a Google a cookie-kat a hirdet\u00e9sekhez<\/span><\/a><\/p>\n<p><strong>Facebook Pixel:<\/strong>\u00a0<a href=\"https:\/\/www.facebook.com\/ads\/preferences\/?entry_product=ad_settings_screen\" target=\"_blank\" rel=\"noopener\"><span style=\"color: #008000;\">Szem\u00e9lyes hirdet\u00e9si be\u00e1ll\u00edt\u00e1sok, <\/span><\/a><a href=\"https:\/\/www.facebook.com\/about\/privacy\/\"><span style=\"color: #008000;\">Adatkezel\u00e9si szab\u00e1lyzat<\/span><\/a><\/p>\n<p>&nbsp;<\/p>\n<p>&nbsp;<\/p>\n<h4><strong>Kapcsolat<\/strong><\/h4>\n<p>A <span style=\"color: #008000;\"><strong>www.fuladevelopment.eu<\/strong><\/span> weboldal \u00fczemeltet\u0151je a FuLa Engineering s. r. o t\u00e1rsas\u00e1g, sz\u00e9khely Z\u00e1hradn\u00e1 ulica 140\/16, 930 21 Pozsonyeperjes, Szlov\u00e1k K\u00f6zt\u00e1sas\u00e1g,\u00a0 I\u010cO\u00a0(szervezet azonos\u00edt\u00f3 sz\u00e1m): 46467122,\u00a0\u00a0DI\u010c (ad\u00f3azonos\u00edt\u00f3 sz\u00e1m): 2023397926, bejegyezve a Nagyszombat (Trnava) Ker\u00fcleti B\u00edr\u00f3s\u00e1g c\u00e9gjegyz\u00e9k\u00e9ben, szakasz Sro, bet\u00e9t 28556\/T.<\/p>\n<p>Ha b\u00e1rmilyen k\u00e9rd\u00e9se van a szem\u00e9lyes adatok felhaszn\u00e1l\u00e1s\u00e1val \u00e9s v\u00e9delm\u00e9vel kapcsolatban, illetve az Adatv\u00e9delem \u00e9s cookie-k nyilatkozattal kapcsolatban, k\u00e9rj\u00fck, vegye fel vel\u00fcnk a kapcsolatot az info@fula.eu e-mail c\u00edmen kereszt\u00fcl.<\/p>\n<p>&nbsp;<\/p>\n<h4><strong>Friss\u00edt\u00e9sek \u00e9s v\u00e1ltoztat\u00e1sok<\/strong><\/h4>\n<p>A Fula Engineering s.r.o. t\u00e1rsas\u00e1g fenntartja a jogot, hogy az Adatv\u00e9delem \u00e9s cookie-k nyilatkozatot b\u00e1rmikor el\u0151zetes \u00e9rtes\u00edt\u00e9s n\u00e9lk\u00fcl friss\u00edtse.<\/p>\n<h4 style=\"text-align: right;\"><strong>Utols\u00f3 friss\u00edt\u00e9s: 2018. 5. 25.<\/strong><\/h4>\n","protected":false},"excerpt":{"rendered":"<p>Adatv\u00e9delem \u00e9s cookie-k Minden szem\u00e9lyes adatot, melyet a weboldalunkon\u00a0www.fuladevelopment.eu val\u00f3 l\u00e1togat\u00e1sa sor\u00e1n \u00d6nr\u0151l szerz\u00fcnk, az E\u00da 2016\/679 (GDPR) int\u00e9zked\u00e9seivel \u00e9s a szem\u00e9lyes adatok v\u00e9delm\u00e9r\u0151l sz\u00f3l\u00f3 18\/2018 Z.z. t\u00f6rv\u00e9nnyel \u00f6sszhangban t\u00e1rolunk \u00e9s dolgozunk fel. &nbsp; Kapcsolatfelv\u00e9teli \u0171rlap C\u00e9g\u00fcnkkel a Kapcsolatfelv\u00e9teli \u0171rlap seg\u00edts\u00e9g\u00e9vel is kapcsolatba tud l\u00e9pni. A kapcsolatfelv\u00e9teli \u0171rlap v\u00e9g\u00e9n\u00a0tal\u00e1lhat\u00f3 jel\u00f6l\u0151n\u00e9gyzet megjel\u00f6l\u00e9s\u00e9vel \u00d6n hozz\u00e1j\u00e1rul ahhoz, hogy [&hellip;]<\/p>\n","protected":false},"author":4,"featured_media":0,"parent":0,"menu_order":0,"comment_status":"closed","ping_status":"closed","template":"","meta":{"_monsterinsights_skip_tracking":false,"_monsterinsights_sitenote_active":false,"_monsterinsights_sitenote_note":"","_monsterinsights_sitenote_category":0,"footnotes":""},"class_list":["post-5073","page","type-page","status-publish","hentry"],"yoast_head":"<!-- This site is optimized with the Yoast SEO plugin v26.5 - https:\/\/yoast.com\/wordpress\/plugins\/seo\/ -->\n<title>Adatv\u00e9delem \u00e9s cookie-k - Fula Development<\/title>\n<meta name=\"description\" content=\"Minden szem\u00e9lyes adatot, melyet a weboldalunkon\u00a0www.fuladevelopment.eu val\u00f3 l\u00e1togat\u00e1sa sor\u00e1n \u00d6nr\u0151l szerz\u00fcnk, az E\u00da 2016\/679 (GDPR) int\u00e9zked\u00e9seivel \u00e9s a szem\u00e9lyes adatok v\u00e9delm\u00e9r\u0151l sz\u00f3l\u00f3 18\/2018 Z.z. t\u00f6rv\u00e9nnyel \u00f6sszhangban t\u00e1rolunk \u00e9s dolgozunk fel.\" \/>\n<meta name=\"robots\" content=\"index, follow, max-snippet:-1, max-image-preview:large, max-video-preview:-1\" \/>\n<link rel=\"canonical\" href=\"https:\/\/fuladevelopment.eu\/hu\/adatvedelem-es-cookiek\" \/>\n<meta property=\"og:locale\" content=\"hu_HU\" \/>\n<meta property=\"og:type\" content=\"article\" \/>\n<meta property=\"og:title\" content=\"Adatv\u00e9delem \u00e9s cookie-k - Fula Development\" \/>\n<meta property=\"og:description\" content=\"Minden szem\u00e9lyes adatot, melyet a weboldalunkon\u00a0www.fuladevelopment.eu val\u00f3 l\u00e1togat\u00e1sa sor\u00e1n \u00d6nr\u0151l szerz\u00fcnk, az E\u00da 2016\/679 (GDPR) int\u00e9zked\u00e9seivel \u00e9s a szem\u00e9lyes adatok v\u00e9delm\u00e9r\u0151l sz\u00f3l\u00f3 18\/2018 Z.z. t\u00f6rv\u00e9nnyel \u00f6sszhangban t\u00e1rolunk \u00e9s dolgozunk fel.\" \/>\n<meta property=\"og:url\" content=\"https:\/\/fuladevelopment.eu\/hu\/adatvedelem-es-cookiek\" \/>\n<meta property=\"og:site_name\" content=\"Fula Development\" \/>\n<meta property=\"article:modified_time\" content=\"2018-05-31T15:05:51+00:00\" \/>\n<meta name=\"twitter:card\" content=\"summary_large_image\" \/>\n<meta name=\"twitter:label1\" content=\"Becs\u00fclt olvas\u00e1si id\u0151\" \/>\n\t<meta name=\"twitter:data1\" content=\"4 perc\" \/>\n<script type=\"application\/ld+json\" class=\"yoast-schema-graph\">{\"@context\":\"https:\/\/schema.org\",\"@graph\":[{\"@type\":\"WebPage\",\"@id\":\"https:\/\/fuladevelopment.eu\/hu\/adatvedelem-es-cookiek\",\"url\":\"https:\/\/fuladevelopment.eu\/hu\/adatvedelem-es-cookiek\",\"name\":\"Adatv\u00e9delem \u00e9s cookie-k - Fula Development\",\"isPartOf\":{\"@id\":\"https:\/\/fuladevelopment.eu\/#website\"},\"datePublished\":\"2018-05-25T13:16:33+00:00\",\"dateModified\":\"2018-05-31T15:05:51+00:00\",\"description\":\"Minden szem\u00e9lyes adatot, melyet a weboldalunkon\u00a0www.fuladevelopment.eu val\u00f3 l\u00e1togat\u00e1sa sor\u00e1n \u00d6nr\u0151l szerz\u00fcnk, az E\u00da 2016\/679 (GDPR) int\u00e9zked\u00e9seivel \u00e9s a szem\u00e9lyes adatok v\u00e9delm\u00e9r\u0151l sz\u00f3l\u00f3 18\/2018 Z.z. t\u00f6rv\u00e9nnyel \u00f6sszhangban t\u00e1rolunk \u00e9s dolgozunk fel.\",\"breadcrumb\":{\"@id\":\"https:\/\/fuladevelopment.eu\/hu\/adatvedelem-es-cookiek#breadcrumb\"},\"inLanguage\":\"hu\",\"potentialAction\":[{\"@type\":\"ReadAction\",\"target\":[\"https:\/\/fuladevelopment.eu\/hu\/adatvedelem-es-cookiek\"]}]},{\"@type\":\"BreadcrumbList\",\"@id\":\"https:\/\/fuladevelopment.eu\/hu\/adatvedelem-es-cookiek#breadcrumb\",\"itemListElement\":[{\"@type\":\"ListItem\",\"position\":1,\"name\":\"Home\",\"item\":\"https:\/\/fuladevelopment.eu\/hu\"},{\"@type\":\"ListItem\",\"position\":2,\"name\":\"Adatv\u00e9delem \u00e9s cookie-k\"}]},{\"@type\":\"WebSite\",\"@id\":\"https:\/\/fuladevelopment.eu\/#website\",\"url\":\"https:\/\/fuladevelopment.eu\/\",\"name\":\"Fula Development\",\"description\":\"\",\"potentialAction\":[{\"@type\":\"SearchAction\",\"target\":{\"@type\":\"EntryPoint\",\"urlTemplate\":\"https:\/\/fuladevelopment.eu\/?s={search_term_string}\"},\"query-input\":{\"@type\":\"PropertyValueSpecification\",\"valueRequired\":true,\"valueName\":\"search_term_string\"}}],\"inLanguage\":\"hu\"}]}<\/script>\n<!-- \/ Yoast SEO plugin. -->","yoast_head_json":{"title":"Adatv\u00e9delem \u00e9s cookie-k - Fula Development","description":"Minden szem\u00e9lyes adatot, melyet a weboldalunkon\u00a0www.fuladevelopment.eu val\u00f3 l\u00e1togat\u00e1sa sor\u00e1n \u00d6nr\u0151l szerz\u00fcnk, az E\u00da 2016\/679 (GDPR) int\u00e9zked\u00e9seivel \u00e9s a szem\u00e9lyes adatok v\u00e9delm\u00e9r\u0151l sz\u00f3l\u00f3 18\/2018 Z.z. t\u00f6rv\u00e9nnyel \u00f6sszhangban t\u00e1rolunk \u00e9s dolgozunk fel.","robots":{"index":"index","follow":"follow","max-snippet":"max-snippet:-1","max-image-preview":"max-image-preview:large","max-video-preview":"max-video-preview:-1"},"canonical":"https:\/\/fuladevelopment.eu\/hu\/adatvedelem-es-cookiek","og_locale":"hu_HU","og_type":"article","og_title":"Adatv\u00e9delem \u00e9s cookie-k - Fula Development","og_description":"Minden szem\u00e9lyes adatot, melyet a weboldalunkon\u00a0www.fuladevelopment.eu val\u00f3 l\u00e1togat\u00e1sa sor\u00e1n \u00d6nr\u0151l szerz\u00fcnk, az E\u00da 2016\/679 (GDPR) int\u00e9zked\u00e9seivel \u00e9s a szem\u00e9lyes adatok v\u00e9delm\u00e9r\u0151l sz\u00f3l\u00f3 18\/2018 Z.z. t\u00f6rv\u00e9nnyel \u00f6sszhangban t\u00e1rolunk \u00e9s dolgozunk fel.","og_url":"https:\/\/fuladevelopment.eu\/hu\/adatvedelem-es-cookiek","og_site_name":"Fula Development","article_modified_time":"2018-05-31T15:05:51+00:00","twitter_card":"summary_large_image","twitter_misc":{"Becs\u00fclt olvas\u00e1si id\u0151":"4 perc"},"schema":{"@context":"https:\/\/schema.org","@graph":[{"@type":"WebPage","@id":"https:\/\/fuladevelopment.eu\/hu\/adatvedelem-es-cookiek","url":"https:\/\/fuladevelopment.eu\/hu\/adatvedelem-es-cookiek","name":"Adatv\u00e9delem \u00e9s cookie-k - Fula Development","isPartOf":{"@id":"https:\/\/fuladevelopment.eu\/#website"},"datePublished":"2018-05-25T13:16:33+00:00","dateModified":"2018-05-31T15:05:51+00:00","description":"Minden szem\u00e9lyes adatot, melyet a weboldalunkon\u00a0www.fuladevelopment.eu val\u00f3 l\u00e1togat\u00e1sa sor\u00e1n \u00d6nr\u0151l szerz\u00fcnk, az E\u00da 2016\/679 (GDPR) int\u00e9zked\u00e9seivel \u00e9s a szem\u00e9lyes adatok v\u00e9delm\u00e9r\u0151l sz\u00f3l\u00f3 18\/2018 Z.z. t\u00f6rv\u00e9nnyel \u00f6sszhangban t\u00e1rolunk \u00e9s dolgozunk fel.","breadcrumb":{"@id":"https:\/\/fuladevelopment.eu\/hu\/adatvedelem-es-cookiek#breadcrumb"},"inLanguage":"hu","potentialAction":[{"@type":"ReadAction","target":["https:\/\/fuladevelopment.eu\/hu\/adatvedelem-es-cookiek"]}]},{"@type":"BreadcrumbList","@id":"https:\/\/fuladevelopment.eu\/hu\/adatvedelem-es-cookiek#breadcrumb","itemListElement":[{"@type":"ListItem","position":1,"name":"Home","item":"https:\/\/fuladevelopment.eu\/hu"},{"@type":"ListItem","position":2,"name":"Adatv\u00e9delem \u00e9s cookie-k"}]},{"@type":"WebSite","@id":"https:\/\/fuladevelopment.eu\/#website","url":"https:\/\/fuladevelopment.eu\/","name":"Fula Development","description":"","potentialAction":[{"@type":"SearchAction","target":{"@type":"EntryPoint","urlTemplate":"https:\/\/fuladevelopment.eu\/?s={search_term_string}"},"query-input":{"@type":"PropertyValueSpecification","valueRequired":true,"valueName":"search_term_string"}}],"inLanguage":"hu"}]}},"_links":{"self":[{"href":"https:\/\/fuladevelopment.eu\/hu\/wp-json\/wp\/v2\/pages\/5073","targetHints":{"allow":["GET"]}}],"collection":[{"href":"https:\/\/fuladevelopment.eu\/hu\/wp-json\/wp\/v2\/pages"}],"about":[{"href":"https:\/\/fuladevelopment.eu\/hu\/wp-json\/wp\/v2\/types\/page"}],"author":[{"embeddable":true,"href":"https:\/\/fuladevelopment.eu\/hu\/wp-json\/wp\/v2\/users\/4"}],"replies":[{"embeddable":true,"href":"https:\/\/fuladevelopment.eu\/hu\/wp-json\/wp\/v2\/comments?post=5073"}],"version-history":[{"count":10,"href":"https:\/\/fuladevelopment.eu\/hu\/wp-json\/wp\/v2\/pages\/5073\/revisions"}],"predecessor-version":[{"id":5096,"href":"https:\/\/fuladevelopment.eu\/hu\/wp-json\/wp\/v2\/pages\/5073\/revisions\/5096"}],"wp:attachment":[{"href":"https:\/\/fuladevelopment.eu\/hu\/wp-json\/wp\/v2\/media?parent=5073"}],"curies":[{"name":"wp","href":"https:\/\/api.w.org\/{rel}","templated":true}]}}